{"id":121853,"date":"2024-05-30T13:36:14","date_gmt":"2024-05-30T11:36:14","guid":{"rendered":"https:\/\/phrase.com\/locworld51\/"},"modified":"2025-10-06T10:41:16","modified_gmt":"2025-10-06T08:41:16","slug":"locworld51-dublin","status":"publish","type":"page","link":"https:\/\/phrase.com\/fr\/events\/locworld51-dublin\/","title":{"rendered":"LocWorld51"},"content":{"rendered":"\n<div class=\"wp-block-group alignwide is-style-header-hero has-lightblue-to-transparent-gradient-background has-background is-layout-flow wp-block-group-is-layout-flow\" style=\"padding-top:var(--wp--preset--spacing--70);padding-bottom:var(--wp--preset--spacing--70)\"><div class=\"yoast-breadcrumbs\"><span><span><a href=\"https:\/\/phrase.com\/fr\/\">Home<\/a><\/span> | <span class=\"breadcrumb_last\" aria-current=\"page\">LocWorld51<\/span><\/span><\/div>\n\n\n<div class=\"wp-block-columns alignwide media-text-columns media-text-columns--media-right is-layout-flex wp-container-core-columns-is-layout-28f84493 wp-block-columns-is-layout-flex\">\n<div class=\"wp-block-column is-vertically-aligned-center is-layout-flow wp-container-core-column-is-layout-eb7cd7b9 wp-block-column-is-layout-flow\" style=\"padding-top:var(--wp--preset--spacing--16);padding-right:0;padding-bottom:var(--wp--preset--spacing--16);padding-left:0;flex-basis:80%\">\n<h1 class=\"wp-block-heading has-green-80-color has-text-color has-link-color wp-elements-9d0f0ea37c52b44dcf12de558c745703\" id=\"h-meet-us-at-locworld51-in-dublin\" style=\"padding-right:0;padding-left:0\">Rencontrez-nous \u00e0 LocWorld51 <br>\u00e0 Dublin !<\/h1>\n\n\n\n<p>Connectez-vous, apprenez, d\u00e9veloppez-vous et d\u00e9couvrez les derni\u00e8res nouveaut\u00e9s de l&rsquo;industrie de la localisation <br>outils et innovations \u00e0 <a href=\"https:\/\/locworld.com\/events\/locworld51-dublin-2024\/\" target=\"_blank\" rel=\"noreferrer noopener\">LocWorld51<\/a> ! Se d\u00e9roulant \u00e0 Dublin, en Irlande, du 5 au 7 juin 2024, LocWorld est la principale conf\u00e9rence pour les affaires internationales, la traduction, la localisation et la gestion de sites Web mondiaux. Le th\u00e8me de cette ann\u00e9e est \u00ab\u00a0IA et au-del\u00e0.\u00a0\u00bb<\/p>\n<\/div>\n\n\n\n<div class=\"wp-block-column is-vertically-aligned-center is-layout-flow wp-block-column-is-layout-flow\" style=\"flex-basis:57.2131147541%\">\n<figure class=\"wp-block-image size-full is-resized has-custom-border\"><img loading=\"lazy\" decoding=\"async\" width=\"1260\" height=\"1260\" src=\"https:\/\/phrase.com\/wp-content\/uploads\/2024\/03\/LocWorld-Dublin-conference-logo.jpg\" alt=\"\" class=\"wp-image-79750\" style=\"border-radius:25px;width:296px;height:auto\" srcset=\"https:\/\/phrase.com\/wp-content\/uploads\/2024\/03\/LocWorld-Dublin-conference-logo.jpg 1260w, https:\/\/phrase.com\/wp-content\/uploads\/2024\/03\/LocWorld-Dublin-conference-logo-300x300.jpg 300w, https:\/\/phrase.com\/wp-content\/uploads\/2024\/03\/LocWorld-Dublin-conference-logo-1024x1024.jpg 1024w, https:\/\/phrase.com\/wp-content\/uploads\/2024\/03\/LocWorld-Dublin-conference-logo-150x150.jpg 150w, https:\/\/phrase.com\/wp-content\/uploads\/2024\/03\/LocWorld-Dublin-conference-logo-768x768.jpg 768w\" sizes=\"auto, (max-width: 1260px) 100vw, 1260px\" \/><\/figure>\n<\/div>\n<\/div>\n<\/div>\n\n\n\n<div style=\"height:39px\" aria-hidden=\"true\" class=\"wp-block-spacer\"><\/div>\n\n\n\n<div class=\"wp-block-group is-layout-flow wp-block-group-is-layout-flow\">\n<h2 class=\"wp-block-heading has-text-align-center\" id=\"h-meet-us-at-the-exhibitor-area\"><strong><strong><strong><strong><strong><strong>Rencontrez-nous dans la zone des exposants<\/strong><\/strong><\/strong><\/strong><\/strong><\/strong><\/h2>\n\n\n\n<p class=\"has-text-align-center\">Nous sommes fiers d\u2019\u00eatre <strong>Gold Sponsor<\/strong> de l\u2019\u00e9v\u00e9nement et nous serons au <strong>stand n\u00b0\u00a0201<\/strong> dans la Solution Square, lieu propice \u00e0 l&rsquo;innovation. Rejoignez-nous pour d\u00e9couvrir nos nouvelles versions et voir comment nos derni\u00e8res innovations peuvent rationaliser vos processus de localisation, inaugurant une nouvelle \u00e8re d&rsquo;hyperautomatisation. Passez \u00e0 notre stand, rencontrez l&rsquo;\u00e9quipe Phrase et profitez de d\u00e9monstrations en direct de nos nouvelles versions. Voyez comment notre automatisation avanc\u00e9e et notre IA peuvent am\u00e9liorer la pr\u00e9cision et l&rsquo;efficacit\u00e9 de vos traductions.<\/p>\n<\/div>\n\n\n\n<div class=\"wp-block-group alignwide has-global-padding is-layout-constrained wp-block-group-is-layout-constrained\">\n<div style=\"height:28px\" aria-hidden=\"true\" class=\"wp-block-spacer\"><\/div>\n\n\n\n<div class=\"wp-block-group alignwide has-green-10-background-color has-background has-global-padding is-layout-constrained wp-container-core-group-is-layout-6c1f4a5c wp-block-group-is-layout-constrained\" style=\"margin-top:var(--wp--preset--spacing--10);padding-top:var(--wp--preset--spacing--70);padding-right:var(--wp--preset--spacing--70);padding-bottom:var(--wp--preset--spacing--70);padding-left:var(--wp--preset--spacing--70)\">\n<div class=\"wp-block-group alignwide is-layout-flow wp-block-group-is-layout-flow\">\n<div class=\"wp-block-group is-horizontal is-content-justification-left is-layout-flex wp-container-core-group-is-layout-70a107c5 wp-block-group-is-layout-flex\">\n<figure class=\"wp-block-image size-full is-resized has-custom-border\"><img loading=\"lazy\" decoding=\"async\" width=\"500\" height=\"500\" src=\"https:\/\/phrase.com\/wp-content\/uploads\/2022\/08\/Georg_Ell.png\" alt=\"Photo de Georg Ell | Phrase\" class=\"wp-image-2349\" style=\"border-radius:25px;width:120px;height:auto\" srcset=\"https:\/\/phrase.com\/wp-content\/uploads\/2022\/08\/Georg_Ell.png 500w, https:\/\/phrase.com\/wp-content\/uploads\/2022\/08\/Georg_Ell-300x300.png 300w, https:\/\/phrase.com\/wp-content\/uploads\/2022\/08\/Georg_Ell-150x150.png 150w\" sizes=\"auto, (max-width: 500px) 100vw, 500px\" \/><\/figure>\n\n\n\n<figure class=\"wp-block-image size-full is-resized has-custom-border\"><img loading=\"lazy\" decoding=\"async\" width=\"800\" height=\"800\" src=\"https:\/\/phrase.com\/wp-content\/uploads\/2024\/05\/maria-diaz.jpeg\" alt=\"\" class=\"wp-image-84964\" style=\"border-radius:25px;width:120px;height:auto\" srcset=\"https:\/\/phrase.com\/wp-content\/uploads\/2024\/05\/maria-diaz.jpeg 800w, https:\/\/phrase.com\/wp-content\/uploads\/2024\/05\/maria-diaz-300x300.jpeg 300w, https:\/\/phrase.com\/wp-content\/uploads\/2024\/05\/maria-diaz-150x150.jpeg 150w, https:\/\/phrase.com\/wp-content\/uploads\/2024\/05\/maria-diaz-768x768.jpeg 768w\" sizes=\"auto, (max-width: 800px) 100vw, 800px\" \/><\/figure>\n\n\n\n<figure class=\"wp-block-image size-full is-resized has-custom-border\"><img loading=\"lazy\" decoding=\"async\" width=\"450\" height=\"450\" src=\"https:\/\/phrase.com\/wp-content\/uploads\/2024\/05\/esther-curiel.jpeg\" alt=\"\" class=\"wp-image-84958\" style=\"border-radius:25px;width:120px;height:auto\" srcset=\"https:\/\/phrase.com\/wp-content\/uploads\/2024\/05\/esther-curiel.jpeg 450w, https:\/\/phrase.com\/wp-content\/uploads\/2024\/05\/esther-curiel-300x300.jpeg 300w, https:\/\/phrase.com\/wp-content\/uploads\/2024\/05\/esther-curiel-150x150.jpeg 150w\" sizes=\"auto, (max-width: 450px) 100vw, 450px\" \/><\/figure>\n\n\n\n<figure class=\"wp-block-image size-large is-resized has-custom-border\"><img loading=\"lazy\" decoding=\"async\" width=\"1402\" height=\"1402\" src=\"https:\/\/phrase.com\/wp-content\/uploads\/2024\/05\/Charlie_Keating_0054-Edit-1_WEB_ONLY_DO_NOT_PRINT-2-1-edited.jpg\" alt=\"\" class=\"wp-image-84982\" style=\"border-radius:25px;width:120px;height:auto\" srcset=\"https:\/\/phrase.com\/wp-content\/uploads\/2024\/05\/Charlie_Keating_0054-Edit-1_WEB_ONLY_DO_NOT_PRINT-2-1-edited.jpg 1402w, https:\/\/phrase.com\/wp-content\/uploads\/2024\/05\/Charlie_Keating_0054-Edit-1_WEB_ONLY_DO_NOT_PRINT-2-1-edited-300x300.jpg 300w, https:\/\/phrase.com\/wp-content\/uploads\/2024\/05\/Charlie_Keating_0054-Edit-1_WEB_ONLY_DO_NOT_PRINT-2-1-edited-1024x1024.jpg 1024w, https:\/\/phrase.com\/wp-content\/uploads\/2024\/05\/Charlie_Keating_0054-Edit-1_WEB_ONLY_DO_NOT_PRINT-2-1-edited-150x150.jpg 150w, https:\/\/phrase.com\/wp-content\/uploads\/2024\/05\/Charlie_Keating_0054-Edit-1_WEB_ONLY_DO_NOT_PRINT-2-1-edited-768x768.jpg 768w\" sizes=\"auto, (max-width: 1402px) 100vw, 1402px\" \/><\/figure>\n\n\n\n<figure class=\"wp-block-image size-large is-resized has-custom-border\"><img loading=\"lazy\" decoding=\"async\" width=\"1024\" height=\"1024\" src=\"https:\/\/phrase.com\/wp-content\/uploads\/2024\/05\/Phil-NOBG-1-1024x1024.png\" alt=\"\" class=\"wp-image-84976\" style=\"border-radius:25px;width:120px;height:auto\" srcset=\"https:\/\/phrase.com\/wp-content\/uploads\/2024\/05\/Phil-NOBG-1-1024x1024.png 1024w, https:\/\/phrase.com\/wp-content\/uploads\/2024\/05\/Phil-NOBG-1-300x300.png 300w, https:\/\/phrase.com\/wp-content\/uploads\/2024\/05\/Phil-NOBG-1-150x150.png 150w, https:\/\/phrase.com\/wp-content\/uploads\/2024\/05\/Phil-NOBG-1-768x767.png 768w, https:\/\/phrase.com\/wp-content\/uploads\/2024\/05\/Phil-NOBG-1-1536x1534.png 1536w, https:\/\/phrase.com\/wp-content\/uploads\/2024\/05\/Phil-NOBG-1-2048x2045.png 2048w\" sizes=\"auto, (max-width: 1024px) 100vw, 1024px\" \/><\/figure>\n\n\n\n<figure class=\"wp-block-image size-full is-resized has-custom-border\"><img loading=\"lazy\" decoding=\"async\" width=\"800\" height=\"800\" src=\"https:\/\/phrase.com\/wp-content\/uploads\/2024\/05\/mazier-1.jpeg\" alt=\"\" class=\"wp-image-84970\" style=\"border-radius:25px;width:120px;height:auto\" srcset=\"https:\/\/phrase.com\/wp-content\/uploads\/2024\/05\/mazier-1.jpeg 800w, https:\/\/phrase.com\/wp-content\/uploads\/2024\/05\/mazier-1-300x300.jpeg 300w, https:\/\/phrase.com\/wp-content\/uploads\/2024\/05\/mazier-1-150x150.jpeg 150w, https:\/\/phrase.com\/wp-content\/uploads\/2024\/05\/mazier-1-768x768.jpeg 768w\" sizes=\"auto, (max-width: 800px) 100vw, 800px\" \/><\/figure>\n<\/div>\n\n\n\n<h2 class=\"wp-block-heading has-large-font-size\" id=\"h-spotlight-session-don-t-miss-out\"><strong><strong>Session en vedette\u00a0: Ne manquez pas\u00a0!<\/strong><\/strong><\/h2>\n\n\n\n<p>Marquez vos calendriers pour la session <strong>\u201cBienvenue dans l&rsquo;\u00e8re de la localisation hyperautomatis\u00e9e,\u201d<\/strong> o\u00f9 le PDG de Phrase, Georg Ell, animera une conversation avec des experts de grandes entreprises mondiales.\u00a0Le panel explorera comment des solutions personnalisables et \u00e9volutives permettent \u00e0 leur organisation d&rsquo;adapter ses processus de localisation. Participez \u00e0 la session pour d\u00e9couvrir l&rsquo;impact transformateur de l&rsquo;hyperautomatisation sur l&rsquo;\u00e9volutivit\u00e9, l&rsquo;efficacit\u00e9 et la valeur globale dans les strat\u00e9gies de localisation.<\/p>\n\n\n\n<p>Quand : <strong>Vendredi 7 juin 2024 de 13h30 \u00e0 14h10<\/strong><br>O\u00f9\u00a0: <strong>Salle Pembroke<\/strong><\/p>\n\n\n\n<p><strong>Mod\u00e9rateur :<\/strong><\/p>\n\n\n\n<p><a href=\"https:\/\/phrase.com\/blog\/posts\/author\/georg\/\" target=\"_blank\" rel=\"noreferrer noopener\">Georg Ell<\/a>, PDG chez Phrase<\/p>\n\n\n\n<p><br><strong>Pan\u00e9listes\u00a0:<\/strong><\/p>\n\n\n\n<p>\u00b7 <a href=\"https:\/\/www.linkedin.com\/in\/mariajesusdearribadiaz\" target=\"_blank\" rel=\"noreferrer noopener\">Mar\u00eda de Arriba D\u00edaz<\/a>, Responsable senior, Services linguistiques mondiaux chez Workday<br>\u00b7 <a href=\"https:\/\/www.linkedin.com\/in\/esther-curiel?lipi=urn%3Ali%3Apage%3Ad_flagship3_profile_view_base_contact_details%3B%2FAAlD0ttT4Wh8cZhcWZJmQ%3D%3D\" target=\"_blank\" rel=\"noreferrer noopener\">Esther Curiel<\/a>, Responsable de la mondialisation chez Zoetis <br>\u00b7 <a href=\"https:\/\/locworld.com\/speakers\/charlie-keating\/\" target=\"_blank\" rel=\"noreferrer noopener\">Charlie Keating<\/a>, Directeur mondial de la localisation chez Pega<br>\u00b7 <a href=\"https:\/\/locworld.com\/speakers\/phil-ritchie\/\" target=\"_blank\" rel=\"noreferrer noopener\">Phil Ritchie<\/a>, Directeur technique chez Vistatec<br>\u00b7 <a href=\"https:\/\/locworld.com\/speakers\/maziar-nodehi\/\" target=\"_blank\" rel=\"noreferrer noopener\">Maziar Nodehi<\/a>, PDG chez Venizum<br> <\/p>\n\n\n\n<p><br><strong>Cette session vous fournira des informations cl\u00e9s, y compris :<\/strong><\/p>\n\n\n\n<ul class=\"wp-block-list\">\n<li>Comment le march\u00e9 se tourne de plus en plus vers l&rsquo;hyperautomatisation pour relever les d\u00e9fis d&rsquo;\u00e9volutivit\u00e9 dans la localisation.<\/li>\n\n\n\n<li>Hyperautomatisation &#8211; le potentiel \u00e9norme et les avantages tangibles pour les organisations.<\/li>\n\n\n\n<li>Le changement d\u00e9cisif dans les mod\u00e8les de d\u00e9penses, passant de la majorit\u00e9 des processus aliment\u00e9s par des humains \u00e0 des solutions automatis\u00e9es.<\/li>\n\n\n\n<li>Le r\u00f4le critique des mod\u00e8les d&rsquo;IA avanc\u00e9s dans l&rsquo;am\u00e9lioration significative de la qualit\u00e9 et de la pr\u00e9cision des traductions.<\/li>\n<\/ul>\n<\/div>\n<\/div>\n<\/div>\n\n\n\n<div class=\"wp-block-group alignwide has-transparent-background-color has-background has-global-padding is-layout-constrained wp-block-group-is-layout-constrained\">\n<div class=\"wp-block-group has-global-padding is-layout-constrained wp-block-group-is-layout-constrained\">\n<h2 class=\"wp-block-heading has-text-align-center\" id=\"h-global-toolbox\"><strong><strong><strong>Bo\u00eete \u00e0 outils mondiale<\/strong><\/strong><\/strong><\/h2>\n\n\n\n<p class=\"has-text-align-center\">En tant qu&rsquo;offre suppl\u00e9mentaire \u00e0 la conf\u00e9rence LocWorld,<br> <a href=\"https:\/\/locworld.com\/locworld51-dublin-global-toolbox-sessions\/\" target=\"_blank\" rel=\"noreferrer noopener\">Les sessions Global Toolbox<\/a> se composent d&rsquo;ateliers le <strong>mercredi 5 juin.<\/strong><br><br><strong>L&rsquo;\u00e9quipe de Phrase participera aux discussions en table ronde suivantes<\/strong> :<\/p>\n\n\n\n<div style=\"height:6px\" aria-hidden=\"true\" class=\"wp-block-spacer\"><\/div>\n<\/div>\n\n\n\n<div class=\"wp-block-group alignwide is-style-default is-layout-grid wp-container-core-group-is-layout-e0ce3018 wp-block-group-is-layout-grid\" style=\"padding-right:0;padding-left:0\">\n<div class=\"wp-block-group has-light-neutral-background-color has-background is-vertical is-layout-flex wp-container-core-group-is-layout-e7059ca3 wp-block-group-is-layout-flex\" style=\"padding-top:var(--wp--preset--spacing--45);padding-right:var(--wp--preset--spacing--45);padding-bottom:var(--wp--preset--spacing--45);padding-left:var(--wp--preset--spacing--45)\">\n<figure class=\"wp-block-image size-large is-resized has-custom-border\"><img decoding=\"async\" src=\"https:\/\/phrase.com\/wp-content\/uploads\/2024\/04\/P1011329-662x1024.jpg\" alt=\"\" class=\"wp-image-81346\" style=\"border-radius:25px;width:120px;height:auto\" \/><\/figure>\n\n\n\n<h3 class=\"wp-block-heading has-large-font-size\" id=\"h-bigger-better-faster-revisiting-traditional-challenges-in-localization-how-to-make-new-technologies-work-for-you\"><strong><strong>Plus grand, meilleur, plus rapide : Revisiter les d\u00e9fis traditionnels en localisation \u2013 Comment faire fonctionner les nouvelles technologies pour vous<\/strong><\/strong><\/h3>\n\n\n\n<p>5 juin 2024 de 9h00 \u00e0 17h00<\/p>\n\n\n\n<p>La Directrice de la localisation de Phrase, <a href=\"https:\/\/phrase.com\/blog\/posts\/author\/francesca\/\">Francesca Sorrentino<\/a>, participera \u00e0 une table ronde aux c\u00f4t\u00e9s de conf\u00e9renciers de Google, Miro, BureauWorks et SurveyMonkey sur l&rsquo;application des nouvelles technologies \u00e9mergentes aux d\u00e9fis traditionnels de la localisation. Cet atelier guidera les participants dans l&rsquo;adoption du bon \u00e9tat d&rsquo;esprit et de la bonne approche, plut\u00f4t que de se concentrer uniquement sur les derniers outils ou processus. Les participants recevront des conseils pratiques pour r\u00e9pondre efficacement aux besoins r\u00e9els et trouver des solutions appropri\u00e9es.<br><br><a href=\"https:\/\/www.localizationinstitute.com\/localization-institute-global-toolbox-dublin-2024\/#BBF\" target=\"_blank\" rel=\"noreferrer noopener\">En savoir plus et s\u2019inscrire pour la session d&rsquo;une journ\u00e9e compl\u00e8te<\/a><\/p>\n<\/div>\n\n\n\n<div class=\"wp-block-group has-light-neutral-background-color has-background is-vertical is-layout-flex wp-container-core-group-is-layout-c00b4a73 wp-block-group-is-layout-flex\" style=\"padding-top:var(--wp--preset--spacing--45);padding-right:var(--wp--preset--spacing--45);padding-bottom:var(--wp--preset--spacing--45);padding-left:var(--wp--preset--spacing--45)\">\n<figure class=\"wp-block-image size-large is-resized has-custom-border\"><img loading=\"lazy\" decoding=\"async\" width=\"400\" height=\"267\" src=\"https:\/\/phrase.com\/wp-content\/uploads\/2024\/05\/Dr._Alon_Lavie_4V0A0202-e1716305226580-edited-4.jpg\" alt=\"Dr. Alon Lavie, VP de la recherche en IA chez Phrase\" class=\"wp-image-84890\" style=\"border-radius:25px;aspect-ratio:1;object-fit:cover;width:120px;height:auto\" srcset=\"https:\/\/phrase.com\/wp-content\/uploads\/2024\/05\/Dr._Alon_Lavie_4V0A0202-e1716305226580-edited-4.jpg 400w, https:\/\/phrase.com\/wp-content\/uploads\/2024\/05\/Dr._Alon_Lavie_4V0A0202-e1716305226580-edited-4-300x200.jpg 300w\" sizes=\"auto, (max-width: 400px) 100vw, 400px\" \/><\/figure>\n\n\n\n<h3 class=\"wp-block-heading has-large-font-size\" id=\"h-multilingual-ai-round-table-interfacing-with-machine-intelligence\"><strong><strong>Table ronde sur l\u2019IA multilingue \u2013 Interfa\u00e7age avec l\u2019intelligence machine<\/strong><\/strong><\/h3>\n\n\n\n<p>5 juin 2024 de 9h00 \u00e0 17h00<\/p>\n\n\n\n<p>Notre VP de la recherche en IA, <a href=\"https:\/\/phrase.com\/blog\/posts\/author\/alonlavie\/\">Dr. Alon Lavie<\/a>, si\u00e9gera au conseil consultatif d&rsquo;une table ronde sur l&rsquo;IA multilingue, visant \u00e0 rassembler tous les acteurs pour co-concevoir des solutions d&rsquo;IA pour la communication multilingue. En rejoignant la table ronde, vous comprendrez les techniques de base pour tirer parti \u00e0 la fois de l&rsquo;intelligence humaine et de l&rsquo;intelligence machine, et deviendrez un penseur avant-gardiste dans le d\u00e9veloppement avanc\u00e9 de l&rsquo;IA.<\/p>\n\n\n\n<p><a href=\"https:\/\/www.localizationinstitute.com\/localization-institute-global-toolbox-dublin-2024\/#MULTILINGUALAI\" target=\"_blank\" rel=\"noreferrer noopener\">En savoir plus et s\u2019inscrire pour la session d&rsquo;une journ\u00e9e compl\u00e8te<\/a><\/p>\n<\/div>\n<\/div>\n<\/div>\n\n\n\n<div style=\"height:17px\" aria-hidden=\"true\" class=\"wp-block-spacer\"><\/div>\n\n\n\n<div class=\"wp-block-group alignwide has-yellow-background-color has-background has-global-padding is-layout-constrained wp-block-group-is-layout-constrained\" style=\"margin-top:var(--wp--preset--spacing--70)\">\n<h2 class=\"wp-block-heading has-text-align-center\" id=\"h-want-to-find-out-more\">Souhaitez-vous en savoir plus ?<\/h2>\n\n\n\n<div class=\"wp-block-buttons is-content-justification-center is-layout-flex wp-container-core-buttons-is-layout-a89b3969 wp-block-buttons-is-layout-flex\">\n<div class=\"wp-block-button\"><a class=\"wp-block-button__link wp-element-button\" href=\"https:\/\/phrase.com\/fr\/contact\/\">Nous contacter<\/a><\/div>\n\n\n\n<div class=\"wp-block-button is-style-black-outline\"><a class=\"wp-block-button__link wp-element-button\" href=\"https:\/\/phrase.com\/fr\/demo\/\">Demander une d\u00e9mo<\/a><\/div>\n<\/div>\n<\/div>\n\n","protected":false},"excerpt":{"rendered":"<p>Rencontrez-nous \u00e0 LocWorld51 \u00e0 Dublin ! Connectez-vous, apprenez, d\u00e9veloppez-vous et d\u00e9couvrez les derni\u00e8res nouveaut\u00e9s de l&rsquo;industrie de la localisation outils et innovations \u00e0 LocWorld51 ! Se d\u00e9roulant \u00e0 Dublin, en Irlande, du 5 au 7 juin 2024, LocWorld est la principale conf\u00e9rence pour les affaires internationales, la traduction, la localisation et la gestion de sites [&hellip;]<\/p>\n","protected":false},"author":63,"featured_media":7474,"parent":61904,"menu_order":0,"comment_status":"closed","ping_status":"closed","template":"page-refresh","meta":{"_acf_changed":false,"_stopmodifiedupdate":false,"_modified_date":"","_searchwp_excluded":"","episode_type":"","audio_file":"","podmotor_file_id":"","podmotor_episode_id":"","cover_image":"","cover_image_id":"","duration":"","filesize":"","filesize_raw":"","date_recorded":"","explicit":"","block":"","itunes_episode_number":"","itunes_title":"","itunes_season_number":"","itunes_episode_type":"","footnotes":""},"class_list":["post-121853","page","type-page","status-publish","has-post-thumbnail","hentry"],"acf":[],"_links":{"self":[{"href":"https:\/\/phrase.com\/fr\/wp-json\/wp\/v2\/pages\/121853","targetHints":{"allow":["GET"]}}],"collection":[{"href":"https:\/\/phrase.com\/fr\/wp-json\/wp\/v2\/pages"}],"about":[{"href":"https:\/\/phrase.com\/fr\/wp-json\/wp\/v2\/types\/page"}],"author":[{"embeddable":true,"href":"https:\/\/phrase.com\/fr\/wp-json\/wp\/v2\/users\/63"}],"replies":[{"embeddable":true,"href":"https:\/\/phrase.com\/fr\/wp-json\/wp\/v2\/comments?post=121853"}],"version-history":[{"count":1,"href":"https:\/\/phrase.com\/fr\/wp-json\/wp\/v2\/pages\/121853\/revisions"}],"predecessor-version":[{"id":121854,"href":"https:\/\/phrase.com\/fr\/wp-json\/wp\/v2\/pages\/121853\/revisions\/121854"}],"up":[{"embeddable":true,"href":"https:\/\/phrase.com\/fr\/wp-json\/wp\/v2\/pages\/61904"}],"wp:featuredmedia":[{"embeddable":true,"href":"https:\/\/phrase.com\/fr\/wp-json\/wp\/v2\/media\/7474"}],"wp:attachment":[{"href":"https:\/\/phrase.com\/fr\/wp-json\/wp\/v2\/media?parent=121853"}],"curies":[{"name":"wp","href":"https:\/\/api.w.org\/{rel}","templated":true}]}}