{"id":121919,"date":"2024-06-13T15:15:52","date_gmt":"2024-06-13T13:15:52","guid":{"rendered":"https:\/\/phrase.com\/annonces-systeme-de-gestion-de-traduction\/"},"modified":"2025-10-06T10:42:46","modified_gmt":"2025-10-06T08:42:46","slug":"translation-management-system","status":"publish","type":"page","link":"https:\/\/phrase.com\/fr\/campaign\/translation-management-system\/","title":{"rendered":"Annonces &#8211; Syst\u00e8me de gestion de traduction"},"content":{"rendered":"\n<div class=\"wp-block-group alignwide is-style-header-hero has-white-color has-blue-10-background-color has-text-color has-background has-link-color has-background-images wp-elements-ab12e6f6fc817531aec37c49bef67d3b is-layout-flow wp-block-group-is-layout-flow\" style=\"padding-top:var(--wp--preset--spacing--70);padding-bottom:var(--wp--preset--spacing--70);background-image:url(https:\/\/phrase.com\/wp-content\/uploads\/2024\/03\/Subhero-Header-Image-Green-Phrase-TMS.png.webp);background-position:0% 0%;background-attachment:scroll;background-repeat:no-repeat;background-size:cover\"><div class=\"yoast-breadcrumbs\"><span><span><a href=\"https:\/\/phrase.com\/fr\/\">Home<\/a><\/span> | <span class=\"breadcrumb_last\" aria-current=\"page\">Syst\u00e8me de gestion de traduction<\/span><\/span><\/div>\n\n\n<h1 class=\"wp-block-heading has-phrase-green-color has-text-color has-link-color wp-elements-a1e2e7ac9c4480e465a00427e3782f8b\" id=\"h-the-better-translation-management-system\" style=\"padding-top:0;padding-right:0;padding-bottom:0;padding-left:0\">La meilleure traduction <br>Syst\u00e8me de gestion<a href=\"https:\/\/phrase.com\/lp\/software-translation\/clkg\/https\/phrase.com\/demo\/\" target=\"_blank\" rel=\"noreferrer noopener\"><\/a><\/h1>\n\n\n\n<ul class=\"wp-block-list wp-block-list is-style-checkmark has-large-font-size\">\n<li class=\"has-medium-font-size\">Flux de travaux am\u00e9lior\u00e9 avec les chefs de produit et les traducteurs<\/li>\n\n\n\n<li class=\"has-medium-font-size\">Organisez et communiquez les t\u00e2ches avec nos t\u00e2ches assignables<\/li>\n\n\n\n<li class=\"has-medium-font-size\">Suivez la progression des traducteurs en temps r\u00e9el<\/li>\n<\/ul>\n\n\n\n<div class=\"wp-block-buttons is-layout-flex wp-block-buttons-is-layout-flex\">\n<div class=\"wp-block-button is-style-phrase-green-filled\"><a class=\"wp-block-button__link wp-element-button\" href=\"https:\/\/phrase.com\/fr\/demo\/\">Demandez une d\u00e9mo<\/a><\/div>\n<\/div>\n\n\n\n<div class=\"wp-block-group alignwide is-nowrap is-layout-flex wp-container-core-group-is-layout-929df6c8 wp-block-group-is-layout-flex\" style=\"padding-top:var(--wp--preset--spacing--16)\">\n<div class=\"wp-block-group alignwide is-nowrap is-layout-flex wp-container-core-group-is-layout-929df6c8 wp-block-group-is-layout-flex\" style=\"padding-top:var(--wp--preset--spacing--16)\">\n<figure class=\"wp-block-image size-full is-resized\"><img loading=\"lazy\" decoding=\"async\" width=\"293\" height=\"301\" src=\"https:\/\/phrase.com\/wp-content\/uploads\/2024\/04\/white-logo-f09d19275689a5627bda9e8d22aca24bdd580381643dd1d64e03e961595e62b2.png\" alt=\"\" class=\"wp-image-82212\" style=\"width:59px;height:auto\" \/><\/figure>\n\n\n\n<p class=\"has-text-align-left has-large-font-size\">\u2605\u2605\u2605\u2605\u2605<br>4.6<\/p>\n<\/div>\n<\/div>\n<\/div>\n\n\n\n<div class=\"wp-block-group alignwide is-content-justification-center is-layout-flex wp-container-core-group-is-layout-9f188630 wp-block-group-is-layout-flex\" style=\"padding-top:var(--wp--preset--spacing--16);padding-bottom:var(--wp--preset--spacing--16)\">\n<figure class=\"wp-block-image size-full is-resized\"><img loading=\"lazy\" decoding=\"async\" width=\"300\" height=\"43\" src=\"https:\/\/phrase.com\/wp-content\/uploads\/2024\/02\/Lionbridge_Logo-300x43-1.png\" alt=\"\" class=\"wp-image-75740\" style=\"width:auto;height:19px\"\/><\/figure>\n\n\n\n<figure class=\"wp-block-image size-full is-resized\"><img loading=\"lazy\" decoding=\"async\" width=\"128\" height=\"45\" src=\"https:\/\/phrase.com\/wp-content\/uploads\/2024\/02\/Uber_Logo.png\" alt=\"\" class=\"wp-image-75746\" style=\"width:auto;height:20px\"\/><\/figure>\n\n\n\n<figure class=\"wp-block-image size-full is-resized\"><img loading=\"lazy\" decoding=\"async\" width=\"332\" height=\"90\" src=\"https:\/\/phrase.com\/wp-content\/uploads\/2023\/10\/deliveroo_logo.png\" alt=\"Deliveroo logo | Phrase\" class=\"wp-image-66535\" style=\"width:114px;height:auto\" srcset=\"https:\/\/phrase.com\/wp-content\/uploads\/2023\/10\/deliveroo_logo.png 332w, https:\/\/phrase.com\/wp-content\/uploads\/2023\/10\/deliveroo_logo-300x81.png 300w\" sizes=\"auto, (max-width: 332px) 100vw, 332px\" \/><\/figure>\n\n\n\n<figure class=\"wp-block-image size-full is-resized\"><img loading=\"lazy\" decoding=\"async\" width=\"20933\" height=\"4584\" src=\"https:\/\/phrase.com\/wp-content\/uploads\/2024\/05\/Tripadvisor_Logo_horizontal-lockup_registered_RGB-01.png\" alt=\"\" class=\"wp-image-83505\" style=\"width:169px;height:auto\"\/><\/figure>\n\n\n\n<figure class=\"wp-block-image size-full is-resized\"><img loading=\"lazy\" decoding=\"async\" width=\"227\" height=\"113\" src=\"https:\/\/phrase.com\/wp-content\/uploads\/2024\/02\/Puma_logo.svg\" alt=\"Puma logo | Phrase\" class=\"wp-image-75541\" style=\"width:auto;height:30px\"\/><\/figure>\n\n\n\n<figure class=\"wp-block-image size-full is-resized\"><img loading=\"lazy\" decoding=\"async\" width=\"220\" height=\"46\" src=\"https:\/\/phrase.com\/wp-content\/uploads\/2023\/04\/zendesk_logo-1.png\" alt=\"Zendesk logo colored for logo banner | Phrase\" class=\"wp-image-45659\" style=\"width:120px;height:auto\"\/><\/figure>\n\n\n\n<figure class=\"wp-block-image size-full is-resized\"><img loading=\"lazy\" decoding=\"async\" width=\"314\" height=\"79\" src=\"https:\/\/phrase.com\/wp-content\/uploads\/2023\/10\/Decathlon_logo.png\" alt=\"Decathlon logo | Phrase\" class=\"wp-image-66541\" style=\"width:auto;height:30px\" srcset=\"https:\/\/phrase.com\/wp-content\/uploads\/2023\/10\/Decathlon_logo.png 314w, https:\/\/phrase.com\/wp-content\/uploads\/2023\/10\/Decathlon_logo-300x75.png 300w\" sizes=\"auto, (max-width: 314px) 100vw, 314px\" \/><\/figure>\n<\/div>\n\n\n\n<div style=\"height:40px\" aria-hidden=\"true\" class=\"wp-block-spacer\"><\/div>\n\n\n\n<div class=\"wp-block-group alignwide has-global-padding is-layout-constrained wp-block-group-is-layout-constrained\">\n<div style=\"height:15px\" aria-hidden=\"true\" class=\"wp-block-spacer\"><\/div>\n\n\n\n<div class=\"wp-block-columns alignwide are-vertically-aligned-center media-text-columns media-text-columns--media-right is-layout-flex wp-container-core-columns-is-layout-28f84493 wp-block-columns-is-layout-flex\">\n<div class=\"wp-block-column is-vertically-aligned-center is-layout-flow wp-block-column-is-layout-flow\" style=\"flex-basis:41.9672131148%\">\n<h3 class=\"wp-block-heading has-large-font-size\" id=\"h-beyond-a-translation-management-system\">Bien plus qu\u2019un syst\u00e8me de gestion de traduction<\/h3>\n\n\n\n<p>Phrase TMS est un syst\u00e8me de gestion de traduction complet dot\u00e9 d\u2019un outil de TAO int\u00e9gr\u00e9, permettant aux individus et aux \u00e9quipes d\u2019obtenir les meilleures traductions possibles sur n\u2019importe quelle plateforme.<\/p>\n<\/div>\n\n\n\n<div class=\"wp-block-column is-vertically-aligned-center is-layout-flow wp-block-column-is-layout-flow\" style=\"flex-basis:57.2131147541%\">\n<figure class=\"wp-block-image size-full\"><img loading=\"lazy\" decoding=\"async\" width=\"1260\" height=\"1159\" src=\"https:\/\/phrase.com\/wp-content\/uploads\/2022\/09\/TMS_Hero-e1678895852531.png\" alt=\"Phrase TMS | Phrase\" class=\"wp-image-7479\" srcset=\"https:\/\/phrase.com\/wp-content\/uploads\/2022\/09\/TMS_Hero-e1678895852531.png 1260w, https:\/\/phrase.com\/wp-content\/uploads\/2022\/09\/TMS_Hero-e1678895852531-300x276.png 300w, https:\/\/phrase.com\/wp-content\/uploads\/2022\/09\/TMS_Hero-e1678895852531-1024x942.png 1024w, https:\/\/phrase.com\/wp-content\/uploads\/2022\/09\/TMS_Hero-e1678895852531-768x706.png 768w\" sizes=\"auto, (max-width: 1260px) 100vw, 1260px\" \/><\/figure>\n<\/div>\n<\/div>\n\n\n\n<div class=\"wp-block-columns alignwide are-vertically-aligned-center media-text-columns media-text-columns--media-left is-layout-flex wp-container-core-columns-is-layout-28f84493 wp-block-columns-is-layout-flex\">\n<div class=\"wp-block-column is-vertically-aligned-center is-layout-flow wp-block-column-is-layout-flow\" style=\"flex-basis:57.2131147541%\">\n<figure class=\"wp-block-image size-full\"><img loading=\"lazy\" decoding=\"async\" width=\"1891\" height=\"1407\" src=\"https:\/\/phrase.com\/wp-content\/uploads\/2022\/08\/MT_Engines-1.png\" alt=\"Choix des diff\u00e9rents moteurs de TA (visuel) | Phrase\" class=\"wp-image-1289\" srcset=\"https:\/\/phrase.com\/wp-content\/uploads\/2022\/08\/MT_Engines-1.png 1891w, https:\/\/phrase.com\/wp-content\/uploads\/2022\/08\/MT_Engines-1-300x223.png 300w, https:\/\/phrase.com\/wp-content\/uploads\/2022\/08\/MT_Engines-1-1024x762.png 1024w, https:\/\/phrase.com\/wp-content\/uploads\/2022\/08\/MT_Engines-1-768x571.png 768w, https:\/\/phrase.com\/wp-content\/uploads\/2022\/08\/MT_Engines-1-1536x1143.png 1536w\" sizes=\"auto, (max-width: 1891px) 100vw, 1891px\" \/><\/figure>\n<\/div>\n\n\n\n<div class=\"wp-block-column is-vertically-aligned-center is-layout-flow wp-block-column-is-layout-flow\" style=\"flex-basis:41.9672131148%\">\n<h3 class=\"wp-block-heading has-large-font-size\" id=\"h-extensive-machine-translation-engine-support\">Prise en charge \u00e9tendue des moteurs de traduction automatique<\/h3>\n\n\n\n<p>Commencez \u00e0 traduire imm\u00e9diatement en utilisant notre liste en constante \u00e9volution de moteurs enti\u00e8rement g\u00e9r\u00e9s. Aucun temps de d\u00e9veloppement n\u00e9cessaire\u00a0! Vous pr\u00e9f\u00e9rez utiliser un autre moteur\u00a0? Ajoutez manuellement l&rsquo;un des plus de 30 moteurs g\u00e9n\u00e9riques ou personnalis\u00e9s pris en charge.<\/p>\n<\/div>\n<\/div>\n\n\n\n<div class=\"wp-block-columns alignwide are-vertically-aligned-center media-text-columns media-text-columns--media-right is-layout-flex wp-container-core-columns-is-layout-28f84493 wp-block-columns-is-layout-flex\">\n<div class=\"wp-block-column is-vertically-aligned-center is-layout-flow wp-block-column-is-layout-flow\" style=\"flex-basis:41.9672131148%\">\n<h3 class=\"wp-block-heading has-large-font-size\" id=\"h-elevate-your-workflow\">Optimisez votre flux de travaux<\/h3>\n\n\n\n<p>Acc\u00e9dez \u00e0 notre biblioth\u00e8que de plus de 50 int\u00e9grations puissantes, allant des syst\u00e8mes de gestion de contenu et des plateformes d&rsquo;automatisation marketing aux r\u00e9f\u00e9rentiels et aux syst\u00e8mes tiers. Vous ne trouvez pas l\u2019int\u00e9gration que vous cherchez\u00a0? Ne vous inqui\u00e9tez pas\u00a0: notre puissante API vous permet de cr\u00e9er une solution personnalis\u00e9e qui r\u00e9pond \u00e0 vos besoins.<\/p>\n<\/div>\n\n\n\n<div class=\"wp-block-column is-vertically-aligned-center is-layout-flow wp-block-column-is-layout-flow\" style=\"flex-basis:57.2131147541%\">\n<figure class=\"wp-block-image size-full\"><img loading=\"lazy\" decoding=\"async\" width=\"2094\" height=\"1266\" src=\"https:\/\/phrase.com\/wp-content\/uploads\/2024\/03\/API-to-reduce-integration-times-Phrase-Strings.png\" alt=\"\" class=\"wp-image-77581\" srcset=\"https:\/\/phrase.com\/wp-content\/uploads\/2024\/03\/API-to-reduce-integration-times-Phrase-Strings.png 2094w, https:\/\/phrase.com\/wp-content\/uploads\/2024\/03\/API-to-reduce-integration-times-Phrase-Strings-300x181.png 300w, https:\/\/phrase.com\/wp-content\/uploads\/2024\/03\/API-to-reduce-integration-times-Phrase-Strings-1024x619.png 1024w, https:\/\/phrase.com\/wp-content\/uploads\/2024\/03\/API-to-reduce-integration-times-Phrase-Strings-768x464.png 768w, https:\/\/phrase.com\/wp-content\/uploads\/2024\/03\/API-to-reduce-integration-times-Phrase-Strings-1536x929.png 1536w, https:\/\/phrase.com\/wp-content\/uploads\/2024\/03\/API-to-reduce-integration-times-Phrase-Strings-2048x1238.png 2048w\" sizes=\"auto, (max-width: 2094px) 100vw, 2094px\" \/><\/figure>\n<\/div>\n<\/div>\n\n\n\n<div class=\"wp-block-columns alignwide are-vertically-aligned-center media-text-columns media-text-columns--media-left is-layout-flex wp-container-core-columns-is-layout-28f84493 wp-block-columns-is-layout-flex\">\n<div class=\"wp-block-column is-vertically-aligned-center is-layout-flow wp-block-column-is-layout-flow\" style=\"flex-basis:57.2131147541%\">\n<figure class=\"wp-block-image size-full\"><img loading=\"lazy\" decoding=\"async\" width=\"1260\" height=\"1070\" src=\"https:\/\/phrase.com\/wp-content\/uploads\/2024\/03\/Workflow_Automation_UI.png\" alt=\"Automatisation du flux de travaux UI\" class=\"wp-image-76385\" srcset=\"https:\/\/phrase.com\/wp-content\/uploads\/2024\/03\/Workflow_Automation_UI.png 1260w, https:\/\/phrase.com\/wp-content\/uploads\/2024\/03\/Workflow_Automation_UI-300x255.png 300w, https:\/\/phrase.com\/wp-content\/uploads\/2024\/03\/Workflow_Automation_UI-1024x870.png 1024w, https:\/\/phrase.com\/wp-content\/uploads\/2024\/03\/Workflow_Automation_UI-768x652.png 768w\" sizes=\"auto, (max-width: 1260px) 100vw, 1260px\" \/><\/figure>\n<\/div>\n\n\n\n<div class=\"wp-block-column is-vertically-aligned-center is-layout-flow wp-block-column-is-layout-flow\" style=\"flex-basis:41.9672131148%\">\n<h3 class=\"wp-block-heading has-large-font-size\" id=\"h-adapts-to-your-needs\">S\u2019adapte \u00e0 vos besoins<\/h3>\n\n\n\n<p>Travaillez comme vous le souhaitez gr\u00e2ce \u00e0 des outils flexibles qui peuvent s\u2019adapter \u00e0 un large \u00e9ventail de cas d\u2019usage, qu\u2019il s\u2019agisse d\u2019\u00e9quipes de localisation internes, de partenaires externes ou de tout autre sc\u00e9nario interm\u00e9diaire.\u00a0<\/p>\n\n\n\n<p>G\u00e9rez les \u00e9quipes en attribuant des r\u00f4les, gagnez du temps en cr\u00e9ant des mod\u00e8les de projet et ex\u00e9cutez des analyses pour estimer les co\u00fbts et la charge de travail.<\/p>\n<\/div>\n<\/div>\n<\/div>\n\n\n\n<div class=\"wp-block-group alignwide has-global-padding is-layout-constrained wp-block-group-is-layout-constrained\">\n<h2 class=\"wp-block-heading has-text-align-center\" id=\"h-phrase-by-the-numbers\">Phrase en chiffres<\/h2>\n\n\n\n<div class=\"wp-block-columns alignwide is-style-connected is-layout-flex wp-container-core-columns-is-layout-2626a488 wp-block-columns-is-layout-flex\" style=\"margin-top:var(--wp--preset--spacing--45);margin-bottom:var(--wp--preset--spacing--70)\">\n<div class=\"wp-block-column is-layout-flow wp-block-column-is-layout-flow\">\n<div class=\"wp-block-group is-vertical is-content-justification-center is-layout-flex wp-container-core-group-is-layout-ce155fab wp-block-group-is-layout-flex\">\n<p class=\"is-style-large-gradient-text has-purple-color has-text-color has-link-color has-gigantic-font-size wp-elements-ac878d46c754d6b3883a9cc9205b295e\">30\u00a0%<\/p>\n\n\n\n<p class=\"has-text-align-center\">cycles de localisation plus rapides<\/p>\n<\/div>\n<\/div>\n\n\n\n<div class=\"wp-block-column is-vertically-aligned-top is-layout-flow wp-block-column-is-layout-flow\">\n<div class=\"wp-block-group is-vertical is-content-justification-center is-layout-flex wp-container-core-group-is-layout-ce155fab wp-block-group-is-layout-flex\">\n<p class=\"is-style-large-gradient-text has-color-scheme has-purple-color-scheme has-purple-color has-text-color has-link-color has-gigantic-font-size wp-elements-76847ab0f9bdc5538e54c26b2af5dce2\">2\u00a0500<\/p>\n\n\n\n<p class=\"has-text-align-center\">entreprises font confiance \u00e0 Phrase\u00a0TMS<\/p>\n<\/div>\n<\/div>\n\n\n\n<div class=\"wp-block-column is-layout-flow wp-block-column-is-layout-flow\">\n<div class=\"wp-block-group is-vertical is-content-justification-center is-layout-flex wp-container-core-group-is-layout-ce155fab wp-block-group-is-layout-flex\">\n<p class=\"is-style-large-gradient-text has-color-scheme has-purple-color-scheme has-purple-color has-text-color has-link-color has-gigantic-font-size wp-elements-8f492a3a0c8c49a3cc8f8fbc535c24c2\">24\u00a0h\/24, 7\u00a0j\/7<\/p>\n\n\n\n<p class=\"has-text-align-center\">assistance technique<\/p>\n<\/div>\n<\/div>\n<\/div>\n<\/div>\n\n\n\n<div class=\"wp-block-group alignwide has-phrase-green-background-color has-background has-background-images has-global-padding is-content-justification-left is-layout-constrained wp-container-core-group-is-layout-12dd3699 wp-block-group-is-layout-constrained\" style=\"background-image:url(https:\/\/phrase.com\/wp-content\/uploads\/2024\/02\/b73d2cc70754ac3f815cbb0c99a61057-1.jpeg.webp);background-position:0% 0%;background-attachment:scroll;background-repeat:no-repeat;background-size:cover\"><div class=\"glide wp-block-phrase-com-testimonials\"><div class=\"glide__track\" data-glide-el=\"track\"><div class=\"glide__slides\">\t<div class=\"wp-block-phrase-com-testimonial glide__slide\">\n\t\t<div class=\"wp-block-phrase-com-testimonial__text \">\n\t\t\t<p>Commencer \u00e0 utiliser Phrase TMS, c\u2019\u00e9tait comme passer de conduire un v\u00e9lo \u00e0 conduire une voiture.<br \/>\nNous avons pu r\u00e9duire les d\u00e9lais d\u2019ex\u00e9cution pour les traductions de 80\u00a0%.<\/p>\n\t\t<\/div>\n\t\t<div class=\"wp-block-phrase-com-testimonial__author\">\n\t\t\t\n\t\t\t<div class=\"wp-block-phrase-com-testimonial__author-info\">\n\t\t\t\t<img loading=\"lazy\" decoding=\"async\" width=\"300\" height=\"121\" src=\"https:\/\/phrase.com\/wp-content\/uploads\/2022\/08\/Huawei_Testimonial_Logo.png\" class=\"wp-block-phrase-com-testimonial__author-company-logo\" alt=\"Logo of Huawei pour Phrase TMS\" srcset=\"https:\/\/phrase.com\/wp-content\/uploads\/2022\/08\/Huawei_Testimonial_Logo.png 314w, https:\/\/phrase.com\/wp-content\/uploads\/2022\/08\/Huawei_Testimonial_Logo-300x121.png 300w\" sizes=\"auto, (max-width: 300px) 100vw, 300px\" \/>\n\t\t\t\t<p class=\"wp-block-phrase-com-testimonial__author-name\">\n\t\t\t\t\tSergio Llorens Gonz\u00e1lez\t\t\t\t<\/p>\n\n\t\t\t\t<p class=\"wp-block-phrase-com-testimonial__author-title\">\n\t\t\t\t\tResponsable de la localisation\t\t\t\t<\/p>\n\t\t\t<\/div>\n\t\t<\/div>\n\t<\/div>\n\t<\/div><\/div><\/div><\/div>\n\n\n\n<div class=\"wp-block-group alignwide has-yellow-background-color has-background has-global-padding is-layout-constrained wp-block-group-is-layout-constrained\">\n<h2 class=\"wp-block-heading has-text-align-center\" id=\"h-free-trial-easy-to-set-up\">Essai gratuit. Facile \u00e0 configurer.<\/h2>\n\n\n\n<p class=\"has-text-align-center\">Achetez ou annulez \u00e0 tout moment.<a href=\"https:\/\/phrase.com\/lp\/mobile-app-localization\/clkg\/https\/phrase.com\/demo\/\" target=\"_blank\" rel=\"noreferrer noopener\"><\/a><\/p>\n\n\n\n<div class=\"wp-block-buttons is-content-justification-center is-layout-flex wp-container-core-buttons-is-layout-a89b3969 wp-block-buttons-is-layout-flex\">\n<div class=\"wp-block-button\"><a class=\"wp-block-button__link wp-element-button\" href=\"https:\/\/phrase.com\/fr\/demo\/\">Demandez une d\u00e9mo<\/a><\/div>\n<\/div>\n<\/div>\n\n\n\n<div style=\"height:100px\" aria-hidden=\"true\" class=\"wp-block-spacer\"><\/div>\n\n","protected":false},"excerpt":{"rendered":"<p>La meilleure traduction Syst\u00e8me de gestion \u2605\u2605\u2605\u2605\u26054.6 Bien plus qu\u2019un syst\u00e8me de gestion de traduction Phrase TMS est un syst\u00e8me de gestion de traduction complet dot\u00e9 d\u2019un outil de TAO int\u00e9gr\u00e9, permettant aux individus et aux \u00e9quipes d\u2019obtenir les meilleures traductions possibles sur n\u2019importe quelle plateforme. Prise en charge \u00e9tendue des moteurs de traduction automatique [&hellip;]<\/p>\n","protected":false},"author":63,"featured_media":7474,"parent":121397,"menu_order":0,"comment_status":"closed","ping_status":"closed","template":"page-refresh","meta":{"_acf_changed":false,"_stopmodifiedupdate":false,"_modified_date":"","_searchwp_excluded":"","episode_type":"","audio_file":"","podmotor_file_id":"","podmotor_episode_id":"","cover_image":"","cover_image_id":"","duration":"","filesize":"","filesize_raw":"","date_recorded":"","explicit":"","block":"","itunes_episode_number":"","itunes_title":"","itunes_season_number":"","itunes_episode_type":"","footnotes":""},"class_list":["post-121919","page","type-page","status-publish","has-post-thumbnail","hentry"],"acf":[],"_links":{"self":[{"href":"https:\/\/phrase.com\/fr\/wp-json\/wp\/v2\/pages\/121919","targetHints":{"allow":["GET"]}}],"collection":[{"href":"https:\/\/phrase.com\/fr\/wp-json\/wp\/v2\/pages"}],"about":[{"href":"https:\/\/phrase.com\/fr\/wp-json\/wp\/v2\/types\/page"}],"author":[{"embeddable":true,"href":"https:\/\/phrase.com\/fr\/wp-json\/wp\/v2\/users\/63"}],"replies":[{"embeddable":true,"href":"https:\/\/phrase.com\/fr\/wp-json\/wp\/v2\/comments?post=121919"}],"version-history":[{"count":1,"href":"https:\/\/phrase.com\/fr\/wp-json\/wp\/v2\/pages\/121919\/revisions"}],"predecessor-version":[{"id":121920,"href":"https:\/\/phrase.com\/fr\/wp-json\/wp\/v2\/pages\/121919\/revisions\/121920"}],"up":[{"embeddable":true,"href":"https:\/\/phrase.com\/fr\/wp-json\/wp\/v2\/pages\/121397"}],"wp:featuredmedia":[{"embeddable":true,"href":"https:\/\/phrase.com\/fr\/wp-json\/wp\/v2\/media\/7474"}],"wp:attachment":[{"href":"https:\/\/phrase.com\/fr\/wp-json\/wp\/v2\/media?parent=121919"}],"curies":[{"name":"wp","href":"https:\/\/api.w.org\/{rel}","templated":true}]}}