{"id":122192,"date":"2025-09-18T00:19:27","date_gmt":"2025-09-17T22:19:27","guid":{"rendered":"https:\/\/phrase.com\/locworld54-monterey\/"},"modified":"2025-10-29T15:34:17","modified_gmt":"2025-10-29T14:34:17","slug":"locworld54-monterey-2025","status":"publish","type":"page","link":"https:\/\/phrase.com\/fr\/events\/locworld54-monterey-2025\/","title":{"rendered":"LocWorld54, Monterey"},"content":{"rendered":"\n<div class=\"wp-block-group alignwide is-style-header-hero has-lightblue-to-transparent-gradient-background has-background is-layout-flow wp-block-group-is-layout-flow\" style=\"padding-top:var(--wp--preset--spacing--70);padding-bottom:var(--wp--preset--spacing--70)\">\n<div class=\"wp-block-columns alignwide media-text-columns media-text-columns--media-right is-layout-flex wp-container-core-columns-is-layout-28f84493 wp-block-columns-is-layout-flex\">\n<div class=\"wp-block-column is-vertically-aligned-center is-layout-flow wp-container-core-column-is-layout-eb7cd7b9 wp-block-column-is-layout-flow\" style=\"padding-top:var(--wp--preset--spacing--16);padding-right:0;padding-bottom:var(--wp--preset--spacing--16);padding-left:0;flex-basis:80%\">\n<h2 class=\"wp-block-heading has-blue-color has-text-color has-link-color wp-elements-bdf3d0153d3bcb5fecac39d07ccc0219\" id=\"h-rejoignez-nous-a-locworld54-du-14-au-16-nbsp-octobre\" style=\"padding-right:0;padding-left:0\"><br>Rejoignez-nous \u00e0 LocWorld54, <br>du 14 au 16&nbsp;octobre<\/h2>\n\n\n\n<p style=\"padding-top:0;padding-right:var(--wp--preset--spacing--10);padding-bottom:0;padding-left:var(--wp--preset--spacing--10)\"><br>Nous serons pr\u00e9sents \u00e0 <strong>LocWorld54<\/strong>,<em> <\/em>la conf\u00e9rence n\u00b01 pour les professionnels de la localisation, le r\u00e9seautage et l&rsquo;innovation industrielle qui se tiendra \u00e0 Monterey, en Californie, du 14 au 16&nbsp;octobre 2025&nbsp;!<br><br>Pendant trois jours, l&rsquo;\u00e9v\u00e9nement r\u00e9unit des professionnels du secteur, des fournisseurs de technologie et des dirigeants d&rsquo;entreprise pour aborder les v\u00e9ritables d\u00e9fis li\u00e9s au d\u00e9ploiement de contenu \u00e0 l&rsquo;international&nbsp;: de l&rsquo;IA \u00e0 l&rsquo;automatisation, en passant par l&rsquo;exp\u00e9rience client et la strat\u00e9gie.<\/p>\n<\/div>\n\n\n\n<div class=\"wp-block-column is-vertically-aligned-center is-layout-flow wp-block-column-is-layout-flow\" style=\"flex-basis:57.2131147541%\">\n<figure class=\"wp-block-image size-full\"><img loading=\"lazy\" decoding=\"async\" width=\"1004\" height=\"564\" src=\"https:\/\/phrase.com\/wp-content\/uploads\/2024\/11\/Screenshot-2024-11-01-at-13.12.52-e1731057220606.jpg\" alt=\"The exterior of the Monterey Conference Center with signage for LocWorld Monterey 2024, a conference focused on localization, AI, and global communication strategies, showing people entering the building under a clear blue sky.\" class=\"wp-image-94167\" srcset=\"https:\/\/phrase.com\/wp-content\/uploads\/2024\/11\/Screenshot-2024-11-01-at-13.12.52-e1731057220606.jpg 1004w, https:\/\/phrase.com\/wp-content\/uploads\/2024\/11\/Screenshot-2024-11-01-at-13.12.52-e1731057220606-300x169.jpg 300w, https:\/\/phrase.com\/wp-content\/uploads\/2024\/11\/Screenshot-2024-11-01-at-13.12.52-e1731057220606-768x431.jpg 768w\" sizes=\"auto, (max-width: 1004px) 100vw, 1004px\" \/><\/figure>\n<\/div>\n<\/div>\n<\/div>\n\n\n\n<div class=\"wp-block-group alignwide has-global-padding is-layout-constrained wp-block-group-is-layout-constrained\">\n<div class=\"wp-block-group alignwide has-blue-10-background-color has-background has-background-images has-global-padding is-layout-constrained wp-container-core-group-is-layout-6c1f4a5c wp-block-group-is-layout-constrained\" style=\"margin-top:var(--wp--preset--spacing--10);padding-top:var(--wp--preset--spacing--70);padding-right:var(--wp--preset--spacing--70);padding-bottom:var(--wp--preset--spacing--70);padding-left:var(--wp--preset--spacing--70);background-image:url(https:\/\/phrase.com\/wp-content\/uploads\/2024\/06\/background-blue-fade-1.svg);background-position:0% 0%;background-attachment:scroll;background-repeat:no-repeat;background-size:cover\">\n<div class=\"wp-block-group alignwide is-layout-flow wp-block-group-is-layout-flow\">\n<h2 class=\"wp-block-heading has-text-align-left\" id=\"h-ne-manquez-pas-cette-opportunite\"><strong><strong><strong><strong><strong><strong>Ne manquez pas cette opportunit\u00e9<\/strong><\/strong><\/strong><\/strong><\/strong><\/strong><\/h2>\n\n\n\n<h3 class=\"wp-block-heading has-text-align-left\" id=\"h-du-multilingue-au-multidimensionnel-nbsp-la-course-a-la-localisation-du-contenu-ne-s-arrete-jamais\"><strong><strong><strong><strong><strong>Du multilingue au multidimensionnel&nbsp;: la course \u00e0 la localisation du contenu ne s&rsquo;arr\u00eate jamais<\/strong><\/strong><\/strong><\/strong><\/strong><\/h3>\n\n\n\n<p>Chaque jour, 402,74&nbsp;quintillions d&rsquo;octets de donn\u00e9es sont cr\u00e9\u00e9s dans le monde entier. Les messages sont d\u00e9sormais diffus\u00e9s, personnalis\u00e9s et consomm\u00e9s en temps r\u00e9el. Pour les entreprises mondiales, le d\u00e9fi n&rsquo;est plus de produire une version finale, mais de fa\u00e7onner des exp\u00e9riences qui s&rsquo;adaptent instantan\u00e9ment.<\/p>\n\n\n\n<p>La localisation passe du multilingue au multidimensionnel, o\u00f9 les mots ne sont qu&rsquo;une partie de l&rsquo;\u00e9quation. La culture, le contexte, le format et la pertinence d\u00e9terminent d\u00e9sormais si un message est impactant. L&rsquo;IA joue un r\u00f4le essentiel en permettant cette mutation, en offrant la rapidit\u00e9 et l&rsquo;\u00e9chelle n\u00e9cessaires pour adapter le contenu en temps r\u00e9el. La v\u00e9ritable question n&rsquo;est pas de savoir \u00e0 quelle vitesse nous pouvons traduire, mais \u00e0 quel point nous pouvons rendre le contenu pertinent au moment o\u00f9 il est consomm\u00e9.<\/p>\n\n\n\n<p>Rejoignez Georg Ell et Eddie Arrieta pour une discussion informelle autour des questions de la cr\u00e9ation du sens lorsque le contenu \u00e9volue sans cesse et de l&rsquo;avenir de la communication mondiale qui sera mesur\u00e9 \u00e0 l&rsquo;aune de son impact instantan\u00e9.<\/p>\n\n\n\n<p><strong>Date&nbsp;: <\/strong>16&nbsp;octobre&nbsp;2025<\/p>\n\n\n\n<p><strong>Heure&nbsp;: <\/strong>de 14h45 \u00e0 15h15<\/p>\n\n\n\n<h4 class=\"wp-block-heading\" id=\"h-intervenants-nbsp\"><strong>Intervenants<\/strong>&nbsp;:<\/h4>\n\n\n\n<div class=\"wp-block-columns is-layout-flex wp-container-core-columns-is-layout-28f84493 wp-block-columns-is-layout-flex\">\n<div class=\"wp-block-column is-layout-flow wp-block-column-is-layout-flow\">\n<figure class=\"wp-block-image size-full is-resized is-style-rounded\"><img loading=\"lazy\" decoding=\"async\" width=\"1200\" height=\"800\" src=\"https:\/\/phrase.com\/wp-content\/uploads\/2024\/07\/Georg_Ell_Phrase_CEO2.jpg\" alt=\"\" class=\"wp-image-88376\" style=\"object-fit:cover;width:200px;height:200px\" srcset=\"https:\/\/phrase.com\/wp-content\/uploads\/2024\/07\/Georg_Ell_Phrase_CEO2.jpg 1200w, https:\/\/phrase.com\/wp-content\/uploads\/2024\/07\/Georg_Ell_Phrase_CEO2-300x200.jpg 300w, https:\/\/phrase.com\/wp-content\/uploads\/2024\/07\/Georg_Ell_Phrase_CEO2-1024x683.jpg 1024w, https:\/\/phrase.com\/wp-content\/uploads\/2024\/07\/Georg_Ell_Phrase_CEO2-768x512.jpg 768w\" sizes=\"auto, (max-width: 1200px) 100vw, 1200px\" \/><\/figure>\n\n\n\n<p style=\"padding-right:110px\"><a href=\"https:\/\/www.linkedin.com\/in\/georgell\/\"><strong><strong>Georg Ell<\/strong><\/strong><br><\/a><strong>PDG, Phrase<\/strong><\/p>\n<\/div>\n\n\n\n<div class=\"wp-block-column is-layout-flow wp-block-column-is-layout-flow\">\n<figure class=\"wp-block-image size-full is-resized\"><img loading=\"lazy\" decoding=\"async\" width=\"400\" height=\"400\" src=\"https:\/\/phrase.com\/wp-content\/uploads\/2025\/09\/Eddie-Arrieta.jpeg\" alt=\"\" class=\"wp-image-117527\" style=\"object-fit:cover;width:200px;height:200px\" srcset=\"https:\/\/phrase.com\/wp-content\/uploads\/2025\/09\/Eddie-Arrieta.jpeg 400w, https:\/\/phrase.com\/wp-content\/uploads\/2025\/09\/Eddie-Arrieta-300x300.jpeg 300w, https:\/\/phrase.com\/wp-content\/uploads\/2025\/09\/Eddie-Arrieta-150x150.jpeg 150w\" sizes=\"auto, (max-width: 400px) 100vw, 400px\" \/><\/figure>\n\n\n\n<p style=\"padding-right:110px\"><a href=\"https:\/\/www.linkedin.com\/in\/eddiearrieta\/\"><strong><strong>Eddie Arrieta<\/strong><\/strong><br><\/a><strong>PDG, MultiLingual<\/strong><\/p>\n<\/div>\n\n\n\n<div class=\"wp-block-column is-layout-flow wp-block-column-is-layout-flow\"><\/div>\n\n\n\n<div class=\"wp-block-column is-layout-flow wp-block-column-is-layout-flow\"><\/div>\n<\/div>\n\n\n\n<div style=\"height:10px\" aria-hidden=\"true\" class=\"wp-block-spacer\"><\/div>\n\n\n\n<p><strong>Th\u00e9matiques cl\u00e9s<\/strong>&nbsp;:<\/p>\n\n\n\n<ul class=\"wp-block-list\">\n<li><strong>Collaboration entre humains et technologies<\/strong>&nbsp;: La vitesse et l&rsquo;\u00e9chelle doivent \u00eatre associ\u00e9es \u00e0 la compr\u00e9hension culturelle et \u00e0 la confiance.<\/li>\n<\/ul>\n\n\n\n<ul class=\"wp-block-list\">\n<li><strong>Explosion des contenus<\/strong>&nbsp;: Le contenu quotidien sur Internet, de plus en plus g\u00e9n\u00e9r\u00e9 par des humains et par l&rsquo;IA, se mesure en quintillions d&rsquo;octets, faisant na\u00eetre \u00e0 la fois des risques et des opportunit\u00e9s.<\/li>\n<\/ul>\n\n\n\n<ul class=\"wp-block-list\">\n<li><strong>Localisation multidimensionnelle<\/strong>&nbsp;: Le sens d\u00e9pend d\u00e9sormais de la culture, du contexte, du format, de la pertinence et du timing, et plus uniquement de la pr\u00e9cision de la traduction.<\/li>\n<\/ul>\n\n\n\n<ul class=\"wp-block-list\">\n<li><strong>Focus strat\u00e9gique<\/strong>&nbsp;: Compte tenu de la quantit\u00e9 de contenu, le retentissement compte plus que le volume.&nbsp;<\/li>\n<\/ul>\n\n\n\n<ul class=\"wp-block-list\">\n<li><strong>Flux de travaux en temps r\u00e9el<\/strong>&nbsp;: Les processus existants doivent \u00e9voluer et l\u2019adaptation en temps r\u00e9el devient la norme.<\/li>\n<\/ul>\n\n\n\n<div style=\"height:30px\" aria-hidden=\"true\" class=\"wp-block-spacer\"><\/div>\n\n\n\n<div class=\"wp-block-buttons is-content-justification-center is-layout-flex wp-container-core-buttons-is-layout-5b5683f2 wp-block-buttons-is-layout-flex\">\n<div class=\"wp-block-button\"><a class=\"wp-block-button__link wp-element-button\" href=\"https:\/\/locworld.com\/events\/locworld54-monterey-2025\/\" target=\"_blank\" rel=\"noreferrer noopener\">Consulter le programme complet et s&rsquo;inscrire<\/a><\/div>\n<\/div>\n<\/div>\n<\/div>\n<\/div>\n\n\n\n<div class=\"wp-block-group alignwide is-style-default is-layout-grid wp-container-core-group-is-layout-e0ce3018 wp-block-group-is-layout-grid\" style=\"padding-right:0;padding-left:0\">\n<div class=\"wp-block-group has-light-neutral-background-color has-background is-vertical is-layout-flex wp-container-core-group-is-layout-e7059ca3 wp-block-group-is-layout-flex\" style=\"padding-top:var(--wp--preset--spacing--45);padding-right:var(--wp--preset--spacing--45);padding-bottom:var(--wp--preset--spacing--45);padding-left:var(--wp--preset--spacing--45)\">\n<div class=\"wp-block-columns is-layout-flex wp-container-core-columns-is-layout-28f84493 wp-block-columns-is-layout-flex\">\n<div class=\"wp-block-column is-layout-flow wp-block-column-is-layout-flow\">\n<figure class=\"wp-block-image size-full\"><img loading=\"lazy\" decoding=\"async\" width=\"200\" height=\"200\" src=\"https:\/\/phrase.com\/wp-content\/uploads\/2025\/09\/Event-Headshots-20.png\" alt=\"\" class=\"wp-image-117466\" srcset=\"https:\/\/phrase.com\/wp-content\/uploads\/2025\/09\/Event-Headshots-20.png 200w, https:\/\/phrase.com\/wp-content\/uploads\/2025\/09\/Event-Headshots-20-150x150.png 150w\" sizes=\"auto, (max-width: 200px) 100vw, 200px\" \/><\/figure>\n<\/div>\n\n\n\n<div class=\"wp-block-column is-layout-flow wp-block-column-is-layout-flow\">\n<figure class=\"wp-block-image size-full\"><img loading=\"lazy\" decoding=\"async\" width=\"200\" height=\"200\" src=\"https:\/\/phrase.com\/wp-content\/uploads\/2025\/09\/Event-Headshots-23.png\" alt=\"\" class=\"wp-image-117484\" srcset=\"https:\/\/phrase.com\/wp-content\/uploads\/2025\/09\/Event-Headshots-23.png 200w, https:\/\/phrase.com\/wp-content\/uploads\/2025\/09\/Event-Headshots-23-150x150.png 150w\" sizes=\"auto, (max-width: 200px) 100vw, 200px\" \/><\/figure>\n<\/div>\n\n\n\n<div class=\"wp-block-column is-layout-flow wp-block-column-is-layout-flow\">\n<figure class=\"wp-block-image size-full\"><img loading=\"lazy\" decoding=\"async\" width=\"200\" height=\"200\" src=\"https:\/\/phrase.com\/wp-content\/uploads\/2025\/09\/Event-Headshots-22.png\" alt=\"\" class=\"wp-image-117478\" srcset=\"https:\/\/phrase.com\/wp-content\/uploads\/2025\/09\/Event-Headshots-22.png 200w, https:\/\/phrase.com\/wp-content\/uploads\/2025\/09\/Event-Headshots-22-150x150.png 150w\" sizes=\"auto, (max-width: 200px) 100vw, 200px\" \/><\/figure>\n<\/div>\n\n\n\n<div class=\"wp-block-column is-layout-flow wp-block-column-is-layout-flow\">\n<figure class=\"wp-block-image size-full\"><img loading=\"lazy\" decoding=\"async\" width=\"200\" height=\"200\" src=\"https:\/\/phrase.com\/wp-content\/uploads\/2025\/09\/Event-Headshots-21.png\" alt=\"\" class=\"wp-image-117472\" srcset=\"https:\/\/phrase.com\/wp-content\/uploads\/2025\/09\/Event-Headshots-21.png 200w, https:\/\/phrase.com\/wp-content\/uploads\/2025\/09\/Event-Headshots-21-150x150.png 150w\" sizes=\"auto, (max-width: 200px) 100vw, 200px\" \/><\/figure>\n<\/div>\n<\/div>\n\n\n\n<h3 class=\"wp-block-heading has-large-font-size\" id=\"h-table-ronde\"><strong>Table ronde<\/strong><\/h3>\n\n\n\n<p><strong>Construire une carri\u00e8re de localisation florissante \u00e0 l&rsquo;\u00e8re de l&rsquo;IA<\/strong><\/p>\n\n\n\n<p>Mercredi&nbsp;15&nbsp;octobre&nbsp;2025, <br>de 16h30 \u00e0 17h15<br>Lieu&nbsp;: Steinbeck 3<\/p>\n\n\n\n<p>Participez \u00e0 cette table ronde pour entendre des leaders de l&rsquo;industrie reconnus s&rsquo;exprimer sur la mani\u00e8re dont l&rsquo;IA peut \u00e9largir les horizons de carri\u00e8re en localisation et d\u00e9multiplier les opportunit\u00e9s. <\/p>\n\n\n\n<p>Les intervenants discuteront de la mani\u00e8re dont l&rsquo;IA red\u00e9finit le r\u00f4le de la localisation dans leur organisation et des strat\u00e9gies qu&rsquo;ils ont utilis\u00e9es pour r\u00e9ussir. D\u00e9couvrez des exemples concrets de la mani\u00e8re dont vous pouvez vous d\u00e9marquer et b\u00e2tir votre carri\u00e8re. Explorez comment rester \u00e0 la page des derni\u00e8res \u00e9volutions de l&rsquo;IA tout en comblant le foss\u00e9 entre avanc\u00e9es techniques et impact sur l&rsquo;activit\u00e9. <\/p>\n\n\n\n<p><strong>Intervenants<\/strong>&nbsp;:<\/p>\n\n\n\n<p><a href=\"https:\/\/www.linkedin.com\/in\/francescasorrentinofsloc\/\" target=\"_blank\" rel=\"noreferrer noopener\">Francesca Sorrentino<\/a> &#8211; Directrice de la localisation, Phrase<\/p>\n\n\n\n<p><a href=\"https:\/\/www.linkedin.com\/in\/oleksandrpysaryuk\" target=\"_blank\" rel=\"noreferrer noopener\">Oleksandr Pysaryuk<\/a> &#8211; Directrice, Technologie de mondialisation, Github<\/p>\n\n\n\n<p><a href=\"https:\/\/www.linkedin.com\/in\/melissa-sterner\/\" target=\"_blank\" rel=\"noreferrer noopener\">Melissa Sterner<\/a> &#8211; Responsable du programme de localisation, Last Pass<\/p>\n\n\n\n<p><strong>Mod\u00e9rateur&nbsp;: <a href=\"https:\/\/www.linkedin.com\/in\/kevinodirl\/\" target=\"_blank\" rel=\"noreferrer noopener\">Kevin O&rsquo;Donnell<\/a><\/strong> &#8211; Fondateur Global 10x<\/p>\n\n\n\n<p><\/p>\n<\/div>\n\n\n\n<div class=\"wp-block-group has-light-neutral-background-color has-background is-vertical is-layout-flex wp-container-core-group-is-layout-c00b4a73 wp-block-group-is-layout-flex\" style=\"padding-top:var(--wp--preset--spacing--45);padding-right:var(--wp--preset--spacing--45);padding-bottom:var(--wp--preset--spacing--45);padding-left:var(--wp--preset--spacing--45)\">\n<figure class=\"wp-block-image size-full is-resized has-custom-border\"><img loading=\"lazy\" decoding=\"async\" width=\"200\" height=\"200\" src=\"https:\/\/phrase.com\/wp-content\/uploads\/2025\/04\/Event-Headshots-8.png\" alt=\"\" class=\"wp-image-104012\" style=\"border-radius:25px;aspect-ratio:1;object-fit:cover;width:220px\" srcset=\"https:\/\/phrase.com\/wp-content\/uploads\/2025\/04\/Event-Headshots-8.png 200w, https:\/\/phrase.com\/wp-content\/uploads\/2025\/04\/Event-Headshots-8-150x150.png 150w\" sizes=\"auto, (max-width: 200px) 100vw, 200px\" \/><\/figure>\n\n\n\n<h3 class=\"wp-block-heading has-large-font-size\" id=\"h-rencontrez-nous-dans-l-espace-exposant\"><strong><strong><strong><strong><strong><strong><strong>Rencontrez-nous dans l&rsquo;espace exposant<\/strong><\/strong><\/strong><\/strong><\/strong><\/strong><\/strong><\/h3>\n\n\n\n<p>Venez nous voir <strong>aux stands 206 et 117<\/strong> o\u00f9 notre \u00e9quipe sera pr\u00e9sente pour expliquer comment les organisations utilisent <strong>les flux de travaux agentiques<\/strong>, <strong>l&rsquo;automatisation intelligente<\/strong> et <strong>les strat\u00e9gies de contenu adaptatives<\/strong> pour r\u00e9duire la complexit\u00e9 et obtenir de meilleurs r\u00e9sultats commerciaux.<br><br>D\u00e9couvrez comment Phrase aide les entreprises mondiales \u00e0 rationaliser les op\u00e9rations de contenu, \u00e0 am\u00e9liorer la qualit\u00e9 \u00e0 grande \u00e9chelle et \u00e0 acc\u00e9l\u00e9rer la cr\u00e9ation et la livraison de contenu gr\u00e2ce \u00e0 l&rsquo;IA.<\/p>\n\n\n\n<div class=\"wp-block-columns is-layout-flex wp-container-core-columns-is-layout-28f84493 wp-block-columns-is-layout-flex\">\n<div class=\"wp-block-column is-layout-flow wp-block-column-is-layout-flow\">\n<p><\/p>\n<\/div>\n<\/div>\n<\/div>\n<\/div>\n\n\n\n<h2 class=\"wp-block-heading has-text-align-center\" id=\"h-plus-sur-les-dernieres-innovations-en-matiere-d-ia\" style=\"border-style:none;border-width:0px;padding-right:0;padding-left:0\"><strong><strong><strong>Plus sur les derni\u00e8res innovations en mati\u00e8re d&rsquo;IA<\/strong><\/strong><\/strong><\/h2>\n\n\n<div class=\"alignwide wp-block-phrase-com-suggested-reading--hide-types alignwide wp-block-phrase-com-suggested-reading\"><div class=\"glide wp-block-phrase-com-suggested-reading__slider\"><div class=\"wp-block-phrase-com-suggested-reading__header\"><div class=\"wp-block-phrase-com-suggested-reading__controls\" data-glide-el=\"controls\"><button type=\"button\" class=\"glide__arrow wp-block-phrase-com-suggested-reading__prev-slide\" data-glide-dir=\"<\"><svg aria-hidden=\"true\" xmlns=\"http:\/\/www.w3.org\/2000\/svg\" width=\"22\" height=\"22\" fill=\"none\" viewBox=\"0 0 22 22\"><path fill=\"currentColor\" d=\"m10.191 11 3.01 3.036-.917.924L8.36 11l3.925-3.96.915.924L10.192 11Z\"\/><\/svg><span class=\"screen-reader-text\">Previous<\/span><\/button><button type=\"button\" class=\"glide__arrow wp-block-phrase-com-suggested-reading__next-slide\" data-glide-dir=\"&gt;\"><svg xmlns=\"http:\/\/www.w3.org\/2000\/svg\" width=\"22\" height=\"22\" fill=\"none\" viewBox=\"0 0 22 22\"><path fill=\"currentColor\" d=\"m11.809 11-3.01-3.036.916-.924L13.64 11l-3.925 3.96-.915-.924L11.808 11Z\"\/><\/svg><span class=\"screen-reader-text\">Next<\/span><\/button><\/div><\/div><div class=\"glide__track\" data-glide-el=\"track\"><div class=\"glide__slides\">\n\n\n<div class=\"wp-block-phrase-com-suggested-reading-item glide__slide wp-block-phrase-com-suggested-reading-custom\"><div class=\"wp-block-phrase-com-suggested-reading-item__inner\"><div class=\"wp-block-phrase-com-suggested-reading-item__header\"><figure class=\"wp-block-phrase-com-suggested-reading-item__image\"><\/figure><\/div><div class=\"wp-block-phrase-com-suggested-reading-item__content\"><h3><\/h3><p><\/p><\/div><\/div><\/div>\n\n<div class=\"wp-block-phrase-com-suggested-reading-item glide__slide wp-block-phrase-com-suggested-reading-dynamic\"><div class=\"wp-block-phrase-com-suggested-reading-item__inner\"><div class=\"wp-block-phrase-com-suggested-reading-item__header\"><figure class=\"wp-block-phrase-com-suggested-reading-item__image\"><img loading=\"lazy\" decoding=\"async\" width=\"1024\" height=\"576\" src=\"https:\/\/phrase.com\/wp-content\/uploads\/2025\/09\/The-AI-breakthroughs-powering-global-connection-1024x576.jpg\" class=\"attachment-large size-large\" alt=\"Business professionals discussing AI-powered translation solutions, with a digital data background symbolizing global connectivity and technology.\" srcset=\"https:\/\/phrase.com\/wp-content\/uploads\/2025\/09\/The-AI-breakthroughs-powering-global-connection-1024x576.jpg 1024w, https:\/\/phrase.com\/wp-content\/uploads\/2025\/09\/The-AI-breakthroughs-powering-global-connection-300x169.jpg 300w, https:\/\/phrase.com\/wp-content\/uploads\/2025\/09\/The-AI-breakthroughs-powering-global-connection-768x432.jpg 768w, https:\/\/phrase.com\/wp-content\/uploads\/2025\/09\/The-AI-breakthroughs-powering-global-connection-1536x864.jpg 1536w, https:\/\/phrase.com\/wp-content\/uploads\/2025\/09\/The-AI-breakthroughs-powering-global-connection.jpg 1920w\" sizes=\"auto, (max-width: 1024px) 100vw, 1024px\" \/><\/figure><p class=\"wp-block-phrase-com-suggested-reading-item__type is-post\">Blog post<\/p><\/div><div class=\"wp-block-phrase-com-suggested-reading-item__content\"><h3>Au-del\u00e0 des mots\u00a0: comment les avanc\u00e9es de l&rsquo;IA favorisent la connectivit\u00e9 mondiale<\/h3><p>L&rsquo;IA rationalise et perturbe un certain nombre d&rsquo;activit\u00e9s. Mais pour les marques qui souhaitent \u00eatre comp\u00e9titives \u00e0 l&rsquo;\u00e9chelle mondiale, son impact sur la communication est tout simplement r\u00e9volutionnaire.<\/p><div class=\"wp-block-button is-style-plain wp-block-phrase-com-suggested-reading-item__link\"><a href=\"https:\/\/phrase.com\/fr\/blog\/posts\/ai-translation-global-growth\/\" class=\"wp-block-button__link wp-element-button\">En savoir plus<\/a><\/div><\/div><\/div><\/div>\n<\/div><\/div><\/div><\/div>\n\n\n<div class=\"wp-block-group alignwide has-blue-10-background-color has-background has-global-padding is-layout-constrained wp-block-group-is-layout-constrained\" style=\"margin-top:var(--wp--preset--spacing--70)\">\n<h2 class=\"wp-block-heading has-text-align-center\" id=\"h-vous-voulez-en-savoir-plus-nbsp\">Vous voulez en savoir plus&nbsp;?<\/h2>\n\n\n\n<div class=\"wp-block-buttons is-content-justification-center is-layout-flex wp-container-core-buttons-is-layout-a89b3969 wp-block-buttons-is-layout-flex\">\n<div class=\"wp-block-button\"><a class=\"wp-block-button__link wp-element-button\" href=\"https:\/\/phrase.com\/fr\/contact\/\">Nous contacter<\/a><\/div>\n\n\n\n<div class=\"wp-block-button is-style-black-outline\"><a class=\"wp-block-button__link wp-element-button\" href=\"https:\/\/phrase.com\/fr\/demo\/\">R\u00e9server une d\u00e9mo<\/a><\/div>\n<\/div>\n<\/div>\n\n\n\n<p><\/p>\n","protected":false},"excerpt":{"rendered":"<p>Rejoignez-nous \u00e0 LocWorld54, du 14 au 16&nbsp;octobre Nous serons pr\u00e9sents \u00e0 LocWorld54, la conf\u00e9rence n\u00b01 pour les professionnels de la localisation, le r\u00e9seautage et l&rsquo;innovation industrielle qui se tiendra \u00e0 Monterey, en Californie, du 14 au 16&nbsp;octobre 2025&nbsp;! Pendant trois jours, l&rsquo;\u00e9v\u00e9nement r\u00e9unit des professionnels du secteur, des fournisseurs de technologie et des dirigeants d&rsquo;entreprise [&hellip;]<\/p>\n","protected":false},"author":78,"featured_media":0,"parent":61904,"menu_order":0,"comment_status":"closed","ping_status":"closed","template":"page-refresh","meta":{"_acf_changed":false,"_stopmodifiedupdate":false,"_modified_date":"","_searchwp_excluded":"","episode_type":"","audio_file":"","podmotor_file_id":"","podmotor_episode_id":"","cover_image":"","cover_image_id":"","duration":"","filesize":"","filesize_raw":"","date_recorded":"","explicit":"","block":"","itunes_episode_number":"","itunes_title":"","itunes_season_number":"","itunes_episode_type":"","footnotes":""},"class_list":["post-122192","page","type-page","status-publish","hentry"],"acf":[],"_links":{"self":[{"href":"https:\/\/phrase.com\/fr\/wp-json\/wp\/v2\/pages\/122192","targetHints":{"allow":["GET"]}}],"collection":[{"href":"https:\/\/phrase.com\/fr\/wp-json\/wp\/v2\/pages"}],"about":[{"href":"https:\/\/phrase.com\/fr\/wp-json\/wp\/v2\/types\/page"}],"author":[{"embeddable":true,"href":"https:\/\/phrase.com\/fr\/wp-json\/wp\/v2\/users\/78"}],"replies":[{"embeddable":true,"href":"https:\/\/phrase.com\/fr\/wp-json\/wp\/v2\/comments?post=122192"}],"version-history":[{"count":7,"href":"https:\/\/phrase.com\/fr\/wp-json\/wp\/v2\/pages\/122192\/revisions"}],"predecessor-version":[{"id":125781,"href":"https:\/\/phrase.com\/fr\/wp-json\/wp\/v2\/pages\/122192\/revisions\/125781"}],"up":[{"embeddable":true,"href":"https:\/\/phrase.com\/fr\/wp-json\/wp\/v2\/pages\/61904"}],"wp:attachment":[{"href":"https:\/\/phrase.com\/fr\/wp-json\/wp\/v2\/media?parent=122192"}],"curies":[{"name":"wp","href":"https:\/\/api.w.org\/{rel}","templated":true}]}}