{"id":122553,"date":"2025-07-24T16:40:14","date_gmt":"2025-07-24T14:40:14","guid":{"rendered":"https:\/\/phrase.com\/rapports\/"},"modified":"2025-10-15T14:54:36","modified_gmt":"2025-10-15T12:54:36","slug":"reports","status":"publish","type":"page","link":"https:\/\/phrase.com\/fr\/resources\/reports\/","title":{"rendered":"Rapports"},"content":{"rendered":"\n<div class=\"wp-block-group alignfull is-style-header-hero has-background-images has-global-padding is-layout-constrained wp-block-group-is-layout-constrained\" style=\"background-image:url(https:\/\/phrase.com\/wp-content\/uploads\/2025\/07\/hero_reports_2025.png.webp);background-position:100% 0%;background-attachment:scroll;background-repeat:no-repeat;background-size:auto 100%\">\n<div class=\"wp-block-group alignwide is-layout-flow wp-block-group-is-layout-flow\">\n<h1 class=\"wp-block-heading\" id=\"h-reports\" style=\"margin-bottom:var(--wp--preset--spacing--16)\">Reports<\/h1>\n\n\n\n<p>Research, analysis and advice to help you plan, execute, and measure successful global localization and content strategies.<\/p>\n<\/div>\n<\/div>\n\n\n\n<div data-wp-context=\"{}\" data-wp-interactive=\"core\/query\" data-wp-key=\"1\" data-wp-router-region=\"query-1\" class=\"wp-block-query alignwide is-layout-flow wp-block-query-is-layout-flow\"><div class=\"wp-block-phrase-com-query-search\">\n\t<form data-wp-interactive=\"phrase\/query-search\" id=\"searchform-1\" data-wp-context='{\"value\":\"\"}' data-wp-on--submit=\"actions.search\">\n\t\t<button type=\"submit\" class=\"wp-block-phrase-com-query-search__submit\">\n\t\t\t<span class=\"screen-reader-text\">Search<\/span>\n\t\t\t<svg xmlns=\"http:\/\/www.w3.org\/2000\/svg\" width=\"15\" height=\"15\" fill=\"none\" viewBox=\"0 0 15 15\"><path fill=\"currentColor\" d=\"m13.833 15-5.25-5.25a5.08 5.08 0 0 1-3.167 1.083c-1.513 0-2.794-.524-3.843-1.573C.524 8.212 0 6.93 0 5.417c0-1.514.524-2.795 1.573-3.844S3.903 0 5.417 0C6.93 0 8.212.524 9.26 1.573c1.049 1.049 1.573 2.33 1.573 3.844A5.08 5.08 0 0 1 9.75 8.583l5.25 5.25L13.833 15ZM5.417 9.167c1.041 0 1.927-.365 2.656-1.094.73-.73 1.094-1.615 1.094-2.656 0-1.042-.365-1.927-1.094-2.657-.73-.729-1.615-1.093-2.656-1.093-1.042 0-1.927.364-2.657 1.093-.729.73-1.093 1.615-1.093 2.657 0 1.041.364 1.927 1.093 2.656.73.73 1.615 1.094 2.657 1.094Z\"\/><\/svg>\n\t\t<\/button>\n\t\t<label for=\"searchform-1-input\" class=\"screen-reader-text\">\n\t\t\tSearch:\t\t<\/label>\n\t\t<input value=\"\"\n\t\t\ttype=\"search\"\n\t\t\tinputmode=\"search\"\n\t\t\tname=\"query-1-s\"\n\t\t\tid=\"searchform-1-input\"\n\t\t\tplaceholder=\"Type to search\u2026\"\n\t\t\tclass=\"wp-block-phrase-com-query-search__input\"\n\t\t\tdata-wp-bind--value=\"context.value\"\n\t\t\tdata-wp-on--input=\"actions.updateValue\"\n\t\t\tdata-wp-on--keyup=\"actions.autoSearch\"\n\t\t\/>\n\t\t<button hidden type=\"button\" class=\"wp-block-phrase-com-query-search__reset\" data-wp-on--click=\"actions.reset\" data-wp-bind--hidden=\"!context.value\">\n\t\t\t<span class=\"screen-reader-text\">Reset<\/span>\n\t\t\t<svg aria-hidden=\"true\" xmlns=\"http:\/\/www.w3.org\/2000\/svg\" width=\"24\" height=\"24\" fill=\"none\" viewBox=\"0 0 24 24\"><path stroke=\"currentColor\" stroke-linecap=\"round\" stroke-linejoin=\"round\" stroke-width=\"2\" d=\"M18 6 6 18M6 6l12 12\"\/><\/svg>\n\t\t<\/button>\n\t<\/form>\n<\/div>\n\n\n\n\n<ul class=\"columns-3 wp-block-post-template is-layout-grid wp-container-core-post-template-is-layout-6d3fbd8f wp-block-post-template-is-layout-grid\"><li data-wp-key=\"post-template-item-118431\" class=\"wp-block-post post-118431 resource type-resource status-publish has-post-thumbnail hentry\">\n<figure class=\"wp-block-post-featured-image\"><a href=\"https:\/\/phrase.com\/fr\/resources\/forrester-wave-translation-management-systems-q3-2025\/\" target=\"_blank\"  ><img loading=\"lazy\" decoding=\"async\" width=\"2364\" height=\"1236\" src=\"https:\/\/phrase.com\/wp-content\/uploads\/2025\/09\/Forrester-Wave-LP.jpg\" class=\"attachment-post-thumbnail size-post-thumbnail wp-post-image\" alt=\"Phrase &#8211; un leader dans chaque langue\" style=\"object-fit:cover;\" srcset=\"https:\/\/phrase.com\/wp-content\/uploads\/2025\/09\/Forrester-Wave-LP.jpg 2364w, https:\/\/phrase.com\/wp-content\/uploads\/2025\/09\/Forrester-Wave-LP-300x157.jpg 300w, https:\/\/phrase.com\/wp-content\/uploads\/2025\/09\/Forrester-Wave-LP-1024x535.jpg 1024w, https:\/\/phrase.com\/wp-content\/uploads\/2025\/09\/Forrester-Wave-LP-768x402.jpg 768w, https:\/\/phrase.com\/wp-content\/uploads\/2025\/09\/Forrester-Wave-LP-1536x803.jpg 1536w, https:\/\/phrase.com\/wp-content\/uploads\/2025\/09\/Forrester-Wave-LP-2048x1071.jpg 2048w\" sizes=\"auto, (max-width: 2364px) 100vw, 2364px\" \/><\/a><\/figure>\n\n\n<div class=\"wp-block-group wp-block-post__content is-layout-flow wp-block-group-is-layout-flow\"><h3 class=\"wp-block-post-title\">Phrase &#8211; un leader dans chaque langue<\/h3>\n\n<div class=\"wp-block-post-excerpt\"><p class=\"wp-block-post-excerpt__excerpt\">Forrester, cabinet d&rsquo;analyse de r\u00e9f\u00e9rence dans le secteur des technologies, a class\u00e9 Phrase leader dans son premier rapport Wave\u2122: Translation Management Systems, Q3 2025. Nous avons obtenu les scores les\u2026<\/p><p class=\"wp-block-post-excerpt__more-text\"><a class=\"wp-block-post-excerpt__more-link\" href=\"https:\/\/phrase.com\/fr\/resources\/forrester-wave-translation-management-systems-q3-2025\/\">Read more<\/a><\/p><\/div><\/div>\n\n<\/li><\/ul>\n\n\n\n<\/div>\n","protected":false},"excerpt":{"rendered":"<p>Reports Research, analysis and advice to help you plan, execute, and measure successful global localization and content strategies.<\/p>\n","protected":false},"author":27,"featured_media":0,"parent":28654,"menu_order":0,"comment_status":"closed","ping_status":"closed","template":"page-refresh","meta":{"_acf_changed":false,"_stopmodifiedupdate":false,"_modified_date":"","_searchwp_excluded":"","episode_type":"","audio_file":"","podmotor_file_id":"","podmotor_episode_id":"","cover_image":"","cover_image_id":"","duration":"","filesize":"","filesize_raw":"","date_recorded":"","explicit":"","block":"","itunes_episode_number":"","itunes_title":"","itunes_season_number":"","itunes_episode_type":"","footnotes":""},"class_list":["post-122553","page","type-page","status-publish","hentry"],"acf":[],"_links":{"self":[{"href":"https:\/\/phrase.com\/fr\/wp-json\/wp\/v2\/pages\/122553","targetHints":{"allow":["GET"]}}],"collection":[{"href":"https:\/\/phrase.com\/fr\/wp-json\/wp\/v2\/pages"}],"about":[{"href":"https:\/\/phrase.com\/fr\/wp-json\/wp\/v2\/types\/page"}],"author":[{"embeddable":true,"href":"https:\/\/phrase.com\/fr\/wp-json\/wp\/v2\/users\/27"}],"replies":[{"embeddable":true,"href":"https:\/\/phrase.com\/fr\/wp-json\/wp\/v2\/comments?post=122553"}],"version-history":[{"count":3,"href":"https:\/\/phrase.com\/fr\/wp-json\/wp\/v2\/pages\/122553\/revisions"}],"predecessor-version":[{"id":124789,"href":"https:\/\/phrase.com\/fr\/wp-json\/wp\/v2\/pages\/122553\/revisions\/124789"}],"up":[{"embeddable":true,"href":"https:\/\/phrase.com\/fr\/wp-json\/wp\/v2\/pages\/28654"}],"wp:attachment":[{"href":"https:\/\/phrase.com\/fr\/wp-json\/wp\/v2\/media?parent=122553"}],"curies":[{"name":"wp","href":"https:\/\/api.w.org\/{rel}","templated":true}]}}