{"id":122707,"date":"2025-06-04T11:29:51","date_gmt":"2025-06-04T09:29:51","guid":{"rendered":"https:\/\/phrase.com\/annonces-localisation-dapplications-mobiles\/"},"modified":"2025-10-06T11:01:23","modified_gmt":"2025-10-06T09:01:23","slug":"ads-mobile-app-localization","status":"publish","type":"page","link":"https:\/\/phrase.com\/fr\/campaign\/ads-mobile-app-localization\/","title":{"rendered":"Annonces &#8211; Localisation d&rsquo;applications mobiles"},"content":{"rendered":"\n<div class=\"wp-block-group alignwide is-style-header-hero has-white-color has-blue-10-background-color has-text-color has-background has-link-color has-background-images wp-elements-62015c880686404862b6fcc8b797f2f7 is-layout-flow wp-block-group-is-layout-flow\" style=\"padding-top:var(--wp--preset--spacing--70);padding-bottom:var(--wp--preset--spacing--70);background-image:url(https:\/\/phrase.com\/wp-content\/uploads\/2024\/03\/Subhero-Header-BlockColour.png.webp);background-position:0% 0%;background-attachment:scroll;background-repeat:no-repeat;background-size:cover\"><div class=\"yoast-breadcrumbs\"><span><span><a href=\"https:\/\/phrase.com\/fr\/\">Home<\/a><\/span> | <span class=\"breadcrumb_last\" aria-current=\"page\">Annonces &#8211; Localisation d&#8217;applications mobiles<\/span><\/span><\/div>\n\n\n<h1 class=\"wp-block-heading has-black-color has-text-color has-link-color wp-elements-eeb30ba840ab0e7374f4bef218cca6bd\" id=\"h-translate-your-mobile-applications-into-any-language\" style=\"padding-top:0;padding-right:0;padding-bottom:0;padding-left:0\">Traduisez votre mobile <br>Applications dans n&rsquo;importe quelle plateforme <br>Langue<a href=\"https:\/\/phrase.com\/lp\/software-translation\/clkg\/https\/phrase.com\/demo\/\" target=\"_blank\" rel=\"noreferrer noopener\"><\/a><\/h1>\n\n\n\n<p class=\"has-white-color has-text-color has-link-color wp-elements-13d6209820539ce7ae0fcc3b39d0b10f\" style=\"margin-top:var(--wp--preset--spacing--16)\">Faites gagner du temps aux d\u00e9veloppeurs, r\u00e9duisez les erreurs manuelles et augmentez <br>la qualit\u00e9 de la traduction en int\u00e9grant des fonctionnalit\u00e9s puissantes de Phrase.<\/p>\n\n\n\n<div class=\"wp-block-buttons is-layout-flex wp-block-buttons-is-layout-flex\">\n<div class=\"wp-block-button is-style-dark-blue-filled\"><a class=\"wp-block-button__link wp-element-button\" href=\"https:\/\/phrase.com\/fr\/campaign\/mobile-app-localization\/#demo\">Demander une d\u00e9mo<\/a><\/div>\n<\/div>\n\n\n\n<div class=\"wp-block-group alignwide is-nowrap is-layout-flex wp-container-core-group-is-layout-929df6c8 wp-block-group-is-layout-flex\" style=\"padding-top:var(--wp--preset--spacing--16)\">\n<div class=\"wp-block-group alignwide is-nowrap is-layout-flex wp-container-core-group-is-layout-929df6c8 wp-block-group-is-layout-flex\" style=\"padding-top:var(--wp--preset--spacing--16)\">\n<figure class=\"wp-block-image size-full is-resized\"><img loading=\"lazy\" decoding=\"async\" width=\"293\" height=\"301\" src=\"https:\/\/phrase.com\/wp-content\/uploads\/2024\/04\/white-logo-f09d19275689a5627bda9e8d22aca24bdd580381643dd1d64e03e961595e62b2.png\" alt=\"\" class=\"wp-image-82212\" style=\"width:59px;height:auto\" \/><\/figure>\n\n\n\n<p class=\"has-text-align-left has-large-font-size\">\u2605\u2605\u2605\u2605\u2605<br>4,5<\/p>\n<\/div>\n<\/div>\n<\/div>\n\n\n<div class=\"alignwide wp-block-phrase-com-image-carousel\"><div class=\"wp-block-phrase-com-image-carousel__slider embla\"><div class=\"wp-block-phrase-com-image-carousel__slides embla__viewport\"><div class=\"embla__container\">\n\n<figure class=\"wp-block-image size-full is-resized embla__slide\"><img decoding=\"async\" width=\"246\" height=\"80\" loading=\"eager\" src=\"https:\/\/phrase.com\/wp-content\/uploads\/2025\/01\/uber-logo.png\" alt=\"\" class=\"wp-image-98759\" style=\"object-fit:cover;width:94px;height:auto\" \/><\/figure>\n\n\n\n<figure class=\"wp-block-image size-full embla__slide\"><img decoding=\"async\" width=\"246\" height=\"80\" loading=\"eager\" src=\"https:\/\/phrase.com\/wp-content\/uploads\/2025\/01\/lionbridge-logo.png\" alt=\"lionbridge logo\" class=\"wp-image-98772\" style=\"object-fit:cover\" \/><\/figure>\n\n\n\n<figure class=\"wp-block-image size-medium embla__slide\"><img decoding=\"async\" width=\"300\" height=\"66\" loading=\"eager\" src=\"https:\/\/phrase.com\/wp-content\/uploads\/2024\/12\/tripadvisor-logo-phrase-300x66.png\" alt=\"\" class=\"wp-image-96344\" style=\"object-fit:cover\" srcset=\"https:\/\/phrase.com\/wp-content\/uploads\/2024\/12\/tripadvisor-logo-phrase-300x66.png 300w, https:\/\/phrase.com\/wp-content\/uploads\/2024\/12\/tripadvisor-logo-phrase-1024x225.png 1024w, https:\/\/phrase.com\/wp-content\/uploads\/2024\/12\/tripadvisor-logo-phrase-768x168.png 768w, https:\/\/phrase.com\/wp-content\/uploads\/2024\/12\/tripadvisor-logo-phrase-1536x337.png 1536w, https:\/\/phrase.com\/wp-content\/uploads\/2024\/12\/tripadvisor-logo-phrase.png 2048w\" sizes=\"(max-width: 300px) 100vw, 300px\" \/><\/figure>\n\n\n\n<figure class=\"wp-block-image size-full is-style-linked embla__slide\"><a href=\"https:\/\/phrase.com\/fr\/customers\/zendesk\/\" target=\"_blank\" rel=\" noreferrer noopener\"><img decoding=\"async\" width=\"246\" height=\"80\" loading=\"eager\" src=\"https:\/\/phrase.com\/wp-content\/uploads\/2025\/01\/zendesk-logo-phrase.png\" alt=\"Zendesk logo\" class=\"wp-image-98787\" style=\"object-fit:cover\" \/><\/a><figcaption class=\"wp-element-caption\"><a href=\"https:\/\/phrase.com\/fr\/customers\/zendesk\/\" target=\"_blank\" rel=\" noreferrer noopener\">Case Study<\/a><\/figcaption><\/figure>\n\n\n\n<figure class=\"wp-block-image size-full embla__slide\"><img decoding=\"async\" width=\"246\" height=\"80\" loading=\"eager\" src=\"https:\/\/phrase.com\/wp-content\/uploads\/2025\/01\/aws-logo.png\" alt=\"aws logo\" class=\"wp-image-98752\" style=\"object-fit:cover\" \/><\/figure>\n\n\n\n<figure class=\"wp-block-image size-full embla__slide\"><img decoding=\"async\" width=\"246\" height=\"80\" loading=\"eager\" src=\"https:\/\/phrase.com\/wp-content\/uploads\/2025\/01\/snowflake-logo-1.png\" alt=\"snowflake logo\" class=\"wp-image-98871\" style=\"object-fit:cover\" \/><\/figure>\n\n\n\n<figure class=\"wp-block-image size-full is-resized embla__slide\"><img decoding=\"async\" width=\"246\" height=\"80\" loading=\"eager\" src=\"https:\/\/phrase.com\/wp-content\/uploads\/2025\/05\/Footlocker-Logo.png\" alt=\"\" class=\"wp-image-106774\" style=\"object-fit:cover;width:123px;height:auto\" \/><\/figure>\n\n\n\n<figure class=\"wp-block-image size-full is-resized is-style-linked embla__slide\"><a href=\"https:\/\/phrase.com\/fr\/customers\/deliveroo\/\" target=\"_blank\" rel=\" noreferrer noopener\"><img decoding=\"async\" width=\"246\" height=\"80\" loading=\"eager\" src=\"https:\/\/phrase.com\/wp-content\/uploads\/2025\/01\/deliveroo-logo.png\" alt=\"deliveroo logo\" class=\"wp-image-98853\" style=\"object-fit:cover;width:123px;height:auto\" \/><\/a><figcaption class=\"wp-element-caption\"><a href=\"https:\/\/phrase.com\/fr\/customers\/deliveroo\/\" target=\"_blank\" rel=\" noreferrer noopener\">Case Study<\/a><\/figcaption><\/figure>\n\n\n\n<figure class=\"wp-block-image size-full is-resized embla__slide\"><img decoding=\"async\" width=\"246\" height=\"80\" loading=\"eager\" src=\"https:\/\/phrase.com\/wp-content\/uploads\/2025\/01\/Decathlon-logo.png\" alt=\"decathlon logo\" class=\"wp-image-98825\" style=\"object-fit:cover;width:123px;height:auto\" \/><\/figure>\n\n\n\n<figure class=\"wp-block-image size-large is-resized is-style-linked embla__slide\"><a href=\"https:\/\/phrase.com\/fr\/customers\/braze\/\" target=\"_blank\" rel=\" noreferrer noopener\"><img fetchpriority=\"high\" decoding=\"async\" width=\"1024\" height=\"516\" loading=\"eager\" src=\"https:\/\/phrase.com\/wp-content\/uploads\/2024\/12\/Braze_Primary_logo_PURPLE_CROPPED-1024x516.png\" alt=\"\" class=\"wp-image-96328\" style=\"width:79px;height:auto\" \/><\/a><figcaption class=\"wp-element-caption\"><a href=\"https:\/\/phrase.com\/fr\/customers\/braze\/\" target=\"_blank\" rel=\" noreferrer noopener\">Case Study<\/a><\/figcaption><\/figure>\n\n\n\n<figure class=\"wp-block-image size-full is-resized embla__slide\"><img decoding=\"async\" width=\"246\" height=\"80\" loading=\"eager\" src=\"https:\/\/phrase.com\/wp-content\/uploads\/2025\/01\/electrolux-logo.png\" alt=\"electrolux logo\" class=\"wp-image-98840\" style=\"object-fit:cover;width:123px;height:auto\" \/><\/figure>\n\n\n\n<figure class=\"wp-block-image size-full is-resized embla__slide\"><img decoding=\"async\" width=\"1200\" height=\"453\" loading=\"eager\" src=\"https:\/\/phrase.com\/wp-content\/uploads\/2025\/08\/Zoetis_logo.svg.png\" alt=\"Zoetis_logo\" class=\"wp-image-113374\" style=\"object-fit:cover;width:123px;height:auto\" srcset=\"https:\/\/phrase.com\/wp-content\/uploads\/2025\/08\/Zoetis_logo.svg.png 1200w, https:\/\/phrase.com\/wp-content\/uploads\/2025\/08\/Zoetis_logo.svg-300x113.png 300w, https:\/\/phrase.com\/wp-content\/uploads\/2025\/08\/Zoetis_logo.svg-1024x387.png 1024w, https:\/\/phrase.com\/wp-content\/uploads\/2025\/08\/Zoetis_logo.svg-768x290.png 768w\" sizes=\"(max-width: 1200px) 100vw, 1200px\" \/><\/figure>\n\n\n\n<figure class=\"wp-block-image size-full is-resized is-style-linked embla__slide\"><a href=\"https:\/\/phrase.com\/fr\/customers\/what3words\/\" target=\"_blank\" rel=\" noreferrer noopener\"><img decoding=\"async\" width=\"246\" height=\"80\" loading=\"eager\" src=\"https:\/\/phrase.com\/wp-content\/uploads\/2025\/01\/What3Words-logo.png\" alt=\"What3Words logo\" class=\"wp-image-98883\" style=\"object-fit:cover;width:123px;height:auto\" \/><\/a><figcaption class=\"wp-element-caption\"><a href=\"https:\/\/phrase.com\/fr\/customers\/what3words\/\" target=\"_blank\" rel=\" noreferrer noopener\">Case Study<\/a><\/figcaption><\/figure>\n\n\n\n<figure class=\"wp-block-image size-full is-resized embla__slide\"><img decoding=\"async\" width=\"246\" height=\"80\" loading=\"eager\" src=\"https:\/\/phrase.com\/wp-content\/uploads\/2025\/01\/puma-logo.png\" alt=\"puma logo\" class=\"wp-image-98766\" style=\"object-fit:cover;width:123px;height:auto\" \/><\/figure>\n\n\n\n<figure class=\"wp-block-image size-full is-resized embla__slide\"><img decoding=\"async\" width=\"246\" height=\"80\" loading=\"eager\" src=\"https:\/\/phrase.com\/wp-content\/uploads\/2025\/01\/vestiaire-collective-logo-1.png\" alt=\"vestiaire collective logo\" class=\"wp-image-98911\" style=\"object-fit:cover;width:123px;height:auto\" \/><\/figure>\n\n\n\n<figure class=\"wp-block-image size-full is-resized is-style-linked embla__slide\"><a href=\"https:\/\/phrase.com\/fr\/customers\/yamazaki-mazak-corporation\/\" target=\"_blank\" rel=\" noreferrer noopener\"><img decoding=\"async\" width=\"246\" height=\"80\" loading=\"eager\" src=\"https:\/\/phrase.com\/wp-content\/uploads\/2025\/04\/Website-Dynamic-Bar-Logos-1.png\" alt=\"\" class=\"wp-image-105020\" style=\"object-fit:cover;width:123px;height:auto\" \/><\/a><figcaption class=\"wp-element-caption\"><a href=\"https:\/\/phrase.com\/fr\/customers\/yamazaki-mazak-corporation\/\" target=\"_blank\" rel=\" noreferrer noopener\">Case Study<\/a><\/figcaption><\/figure>\n\n\n\n<figure class=\"wp-block-image size-full is-resized embla__slide\"><img decoding=\"async\" width=\"868\" height=\"599\" loading=\"eager\" src=\"https:\/\/phrase.com\/wp-content\/uploads\/2025\/10\/PP_Logo_Global_All-Black_2023Dec.png\" alt=\"\" class=\"wp-image-125252\" style=\"object-fit:cover;width:67px;height:auto\" srcset=\"https:\/\/phrase.com\/wp-content\/uploads\/2025\/10\/PP_Logo_Global_All-Black_2023Dec.png 868w, https:\/\/phrase.com\/wp-content\/uploads\/2025\/10\/PP_Logo_Global_All-Black_2023Dec-300x207.png 300w, https:\/\/phrase.com\/wp-content\/uploads\/2025\/10\/PP_Logo_Global_All-Black_2023Dec-768x530.png 768w\" sizes=\"(max-width: 868px) 100vw, 868px\" \/><\/figure>\n\n\n\n<figure class=\"wp-block-image size-full is-style-linked embla__slide\"><a href=\"https:\/\/phrase.com\/fr\/customers\/pega\/\" target=\"_blank\" rel=\" noreferrer noopener\"><img decoding=\"async\" width=\"246\" height=\"80\" loading=\"eager\" src=\"https:\/\/phrase.com\/wp-content\/uploads\/2025\/01\/Website-Dynamic-Bar-Logos-4.png\" alt=\"\" class=\"wp-image-128394\" \/><\/a><figcaption class=\"wp-element-caption\"><a href=\"https:\/\/phrase.com\/fr\/customers\/pega\/\" target=\"_blank\" rel=\" noreferrer noopener\">Case Study<\/a><\/figcaption><\/figure>\n\n\n\n<figure class=\"wp-block-image size-full is-resized embla__slide\"><img decoding=\"async\" width=\"246\" height=\"80\" loading=\"eager\" src=\"https:\/\/phrase.com\/wp-content\/uploads\/2025\/01\/skoda-logo-phrase.png\" alt=\"\" class=\"wp-image-98919\" style=\"object-fit:cover;width:123px;height:auto\" \/><\/figure>\n\n\n\n<figure class=\"wp-block-image size-large is-resized is-style-linked embla__slide\"><a href=\"https:\/\/phrase.com\/fr\/customers\/kucoin\/\" target=\"_blank\" rel=\" noreferrer noopener\"><img decoding=\"async\" width=\"1024\" height=\"235\" loading=\"eager\" src=\"https:\/\/phrase.com\/wp-content\/uploads\/2025\/08\/KuCoin-logo-1024x235.png\" alt=\"\" class=\"wp-image-114895\" style=\"width:123px\" srcset=\"https:\/\/phrase.com\/wp-content\/uploads\/2025\/08\/KuCoin-logo-1024x235.png 1024w, https:\/\/phrase.com\/wp-content\/uploads\/2025\/08\/KuCoin-logo-300x69.png 300w, https:\/\/phrase.com\/wp-content\/uploads\/2025\/08\/KuCoin-logo-768x176.png 768w, https:\/\/phrase.com\/wp-content\/uploads\/2025\/08\/KuCoin-logo.png 1280w\" sizes=\"(max-width: 1024px) 100vw, 1024px\" \/><\/a><figcaption class=\"wp-element-caption\"><a href=\"https:\/\/phrase.com\/fr\/customers\/kucoin\/\" target=\"_blank\" rel=\" noreferrer noopener\">Case Study<\/a><\/figcaption><\/figure>\n\n<\/div><\/div><div class=\"embla__controls\"><button type=\"button\" class=\"embla__prev\" data-glide-dir=\"<\"><svg aria-hidden=\"true\" xmlns=\"http:\/\/www.w3.org\/2000\/svg\" width=\"22\" height=\"22\" fill=\"none\" viewBox=\"0 0 22 22\"><path fill=\"currentColor\" d=\"m10.191 11 3.01 3.036-.917.924L8.36 11l3.925-3.96.915.924L10.192 11Z\"\/><\/svg><span class=\"screen-reader-text\">Previous<\/span><\/button><button type=\"button\" class=\"embla__next\" data-glide-dir=\"&gt;\"><svg xmlns=\"http:\/\/www.w3.org\/2000\/svg\" width=\"22\" height=\"22\" fill=\"none\" viewBox=\"0 0 22 22\"><path fill=\"currentColor\" d=\"m11.809 11-3.01-3.036.916-.924L13.64 11l-3.925 3.96-.915-.924L11.808 11Z\"\/><\/svg><span class=\"screen-reader-text\">Next<\/span><\/button><\/div><\/div><\/div>\n\n\n<div class=\"wp-block-group alignwide has-global-padding is-layout-constrained wp-block-group-is-layout-constrained\">\n<div class=\"wp-block-group alignwide has-light-grey-background-color has-background has-global-padding is-content-justification-left is-layout-constrained wp-container-core-group-is-layout-1093aea3 wp-block-group-is-layout-constrained\" style=\"margin-top:0\">\n<div class=\"wp-block-group alignwide is-style-feature-grid is-layout-grid wp-container-core-group-is-layout-f024dd3b wp-block-group-is-layout-grid\" style=\"padding-right:var(--wp--preset--spacing--16);padding-left:var(--wp--preset--spacing--16)\">\n<div class=\"wp-block-group is-vertical is-layout-flex wp-container-core-group-is-layout-fe9cc265 wp-block-group-is-layout-flex\">\n<figure class=\"wp-block-image size-large is-resized\"><img loading=\"lazy\" decoding=\"async\" width=\"84\" height=\"84\" src=\"https:\/\/phrase.com\/wp-content\/uploads\/2024\/03\/icon-continuous.svg\" alt=\"\" class=\"wp-image-77862\" style=\"width:95px;height:auto\" \/><\/figure>\n\n\n\n<h3 class=\"wp-block-heading has-large-font-size\" id=\"h-save-time-and-reduce-translations-costs\">Gagnez du temps et r\u00e9duisez les co\u00fbts de traduction.<\/h3>\n\n\n\n<p>La m\u00e9moire de traduction sugg\u00e8re des correspondances issues de projets pr\u00e9c\u00e9dents lors de la traduction de nouveau contenu. Cela permet de minimiser le travail redondant et de rester dans le budget.\u00a0<\/p>\n<\/div>\n\n\n\n<div class=\"wp-block-group is-vertical is-layout-flex wp-container-core-group-is-layout-fe9cc265 wp-block-group-is-layout-flex\">\n<figure class=\"wp-block-image size-large is-resized\"><img loading=\"lazy\" decoding=\"async\" width=\"84\" height=\"84\" src=\"https:\/\/phrase.com\/wp-content\/uploads\/2024\/03\/icon-collab.svg\" alt=\"\" class=\"wp-image-77886\" style=\"width:84px;height:auto\" \/><\/figure>\n\n\n\n<h3 class=\"wp-block-heading has-large-font-size\" id=\"h-stop-waiting-start-publishing\">N&rsquo;attendez plus, commencez \u00e0 publier<\/h3>\n\n\n\n<p>Publiez vos traductions plus rapidement et plus facilement que jamais auparavant. N&rsquo;attendez plus le prochain d\u00e9ploiement et commencez \u00e0 publier toutes vos traductions en temps r\u00e9el directement dans Phrase gr\u00e2ce \u00e0 notre fonctionnalit\u00e9 over-the-air.<\/p>\n<\/div>\n\n\n\n<div class=\"wp-block-group is-vertical is-layout-flex wp-container-core-group-is-layout-fe9cc265 wp-block-group-is-layout-flex\">\n<figure class=\"wp-block-image size-large is-resized\"><img loading=\"lazy\" decoding=\"async\" width=\"84\" height=\"84\" src=\"https:\/\/phrase.com\/wp-content\/uploads\/2024\/03\/icon-arrows.svg\" alt=\"\" class=\"wp-image-77796\" style=\"width:84px;height:auto\" \/><\/figure>\n\n\n\n<h3 class=\"wp-block-heading has-large-font-size\" id=\"h-push-and-pull-locales-without-your-files-or-keys\">Poussez et tirez des param\u00e8tres r\u00e9gionaux sans vos fichiers ou cl\u00e9s<\/h3>\n\n\n\n<p>Simplifiez votre processus avec notre API puissante. L&rsquo;API vous permet d&rsquo;importer des fichiers de param\u00e8tres r\u00e9gionaux, de t\u00e9l\u00e9charger des fichiers de param\u00e8tres r\u00e9gionaux, de baliser des cl\u00e9s ou d&rsquo;interagir de d&rsquo;autres mani\u00e8res avec les donn\u00e9es de localisation stock\u00e9es dans Phrase pour votre compte.<\/p>\n<\/div>\n<\/div>\n<\/div>\n<\/div>\n\n\n\n<div class=\"wp-block-group alignwide has-global-padding is-layout-constrained wp-block-group-is-layout-constrained\">\n<p class=\"has-text-align-center has-blue-color has-text-color has-link-color wp-elements-b51088383b67306b35365dcab0181acb\">NOTRE IMPACT<\/p>\n\n\n\n<h2 class=\"wp-block-heading has-text-align-center\" id=\"h-we-ve-got-the-proof\">Nous avons la preuve<\/h2>\n\n\n\n<p class=\"has-text-align-center\">Phrase offre des r\u00e9sultats solides et mesurables pour nos clients dans le monde entier.<\/p>\n\n\n\n<div class=\"wp-block-columns alignwide is-style-connected is-layout-flex wp-container-core-columns-is-layout-2626a488 wp-block-columns-is-layout-flex\" style=\"margin-top:var(--wp--preset--spacing--45);margin-bottom:var(--wp--preset--spacing--70)\">\n<div class=\"wp-block-column is-layout-flow wp-block-column-is-layout-flow\">\n<div class=\"wp-block-group is-vertical is-layout-flex wp-container-core-group-is-layout-ea0cb840 wp-block-group-is-layout-flex\">\n<p class=\"is-style-large-gradient-text has-purple-color has-text-color has-link-color wp-elements-225fc7f1221338a76da551007417ef41\">50<sub>%<\/sub><\/p>\n\n\n\n<p class=\"has-purple-color has-text-color has-link-color wp-elements-7d2b1697bb5030fc9e81b5776e9b898d\" style=\"font-style:normal;font-weight:700\">r\u00e9duction du temps de d\u00e9ploiement<\/p>\n<\/div>\n<\/div>\n\n\n\n<div class=\"wp-block-column is-vertically-aligned-top is-layout-flow wp-block-column-is-layout-flow\">\n<div class=\"wp-block-group is-vertical is-content-justification-center is-layout-flex wp-container-core-group-is-layout-6329a8f3 wp-block-group-is-layout-flex\">\n<p class=\"is-style-large-gradient-text has-purple-color has-text-color has-link-color wp-elements-8ce75da6d38c88f1de0292a47cc90f00\">95<sub>%<\/sub><\/p>\n\n\n\n<p class=\"has-text-align-center has-purple-color has-text-color has-link-color wp-elements-191d561298f3f0e52400b813505a99f5\" style=\"font-style:normal;font-weight:700\">un d\u00e9lai d&rsquo;ex\u00e9cution plus rapide<\/p>\n<\/div>\n<\/div>\n\n\n\n<div class=\"wp-block-column is-layout-flow wp-block-column-is-layout-flow\">\n<div class=\"wp-block-group is-vertical is-content-justification-right is-layout-flex wp-container-core-group-is-layout-1ab1a5d2 wp-block-group-is-layout-flex\">\n<p class=\"is-style-large-gradient-text has-purple-color has-text-color has-link-color wp-elements-4d2f0d42ffb20cc46d0162926823a474\">48\u00a0heures<\/p>\n\n\n\n<p class=\"has-text-align-right has-purple-color has-text-color has-link-color wp-elements-cba3ef0ea6620afea55dd19bb35b7962\" style=\"font-style:normal;font-weight:700\">gagn\u00e9 en moyenne par publication<\/p>\n<\/div>\n<\/div>\n<\/div>\n<\/div>\n\n\n\n<div class=\"wp-block-group alignwide has-phrase-green-background-color has-background has-background-images has-global-padding is-content-justification-left is-layout-constrained wp-container-core-group-is-layout-12dd3699 wp-block-group-is-layout-constrained\" style=\"background-image:url(https:\/\/phrase.com\/wp-content\/uploads\/2024\/02\/b73d2cc70754ac3f815cbb0c99a61057-1.jpeg.webp);background-position:0% 0%;background-attachment:scroll;background-repeat:no-repeat;background-size:cover\"><div class=\"glide wp-block-phrase-com-testimonials\"><div class=\"glide__track\" data-glide-el=\"track\"><div class=\"glide__slides\">\t<div class=\"wp-block-phrase-com-testimonial glide__slide\">\n\t\t<div class=\"wp-block-phrase-com-testimonial__text \">\n\t\t\t<p>Phrase nous offre une solution \u00e9volutive capable de s\u2019adapter \u00e0 nos diff\u00e9rents besoins comme \u00e0 nos flux de travaux, tout en nous donnant les moyens d\u2019offrir une localisation fluide \u00e0 nos 20\u00a0millions d\u2019utilisateurs.<\/p>\n\t\t<\/div>\n\t\t<div class=\"wp-block-phrase-com-testimonial__author\">\n\t\t\t\n\t\t\t<div class=\"wp-block-phrase-com-testimonial__author-info\">\n\t\t\t\t<img loading=\"lazy\" decoding=\"async\" width=\"300\" height=\"81\" src=\"https:\/\/phrase.com\/wp-content\/uploads\/2016\/05\/ios_flow_1.png\" class=\"wp-block-phrase-com-testimonial__author-company-logo\" alt=\"Logo of Xing\" srcset=\"https:\/\/phrase.com\/wp-content\/uploads\/2016\/05\/ios_flow_1.png 838w, https:\/\/phrase.com\/wp-content\/uploads\/2016\/05\/ios_flow_1-300x81.png 300w, https:\/\/phrase.com\/wp-content\/uploads\/2016\/05\/ios_flow_1-768x206.png 768w\" sizes=\"auto, (max-width: 300px) 100vw, 300px\" \/>\n\t\t\t\t<p class=\"wp-block-phrase-com-testimonial__author-name\">\n\t\t\t\t\tTilman B\u00fcttner\t\t\t\t<\/p>\n\n\t\t\t\t<p class=\"wp-block-phrase-com-testimonial__author-title\">\n\t\t\t\t\tR\u00e9dacteur UX principal\t\t\t\t<\/p>\n\t\t\t<\/div>\n\t\t<\/div>\n\t<\/div>\n\t<\/div><\/div><\/div><\/div>\n\n\n\n<div style=\"height:30px\" aria-hidden=\"true\" class=\"wp-block-spacer\"><\/div>\n\n\n\n<div class=\"wp-block-columns alignwide has-lightblue-to-transparent-gradient-background has-background is-layout-flex wp-container-core-columns-is-layout-28f84493 wp-block-columns-is-layout-flex\" id=\"demo\">\n<div class=\"wp-block-column is-layout-flow wp-block-column-is-layout-flow\">\n<div class=\"wp-block-group alignwide has-transparent-background-color has-background is-layout-flow wp-block-group-is-layout-flow\" id=\"demo-request\" style=\"padding-top:var(--wp--preset--spacing--70);padding-right:var(--wp--preset--spacing--45);padding-bottom:var(--wp--preset--spacing--70);padding-left:var(--wp--preset--spacing--45)\">\n<h6 class=\"wp-block-heading has-text-align-left has-blue-color has-text-color has-link-color has-huge-font-size wp-elements-5198cce9ff21ba181cd1981c7988882e\" id=\"h-request-a-personalized-demo\" style=\"font-style:normal;font-weight:400\">Demander une d\u00e9mo personnalis\u00e9e<\/h6>\n\n\n\n<div class=\"wp-block-group has-global-padding is-layout-constrained wp-block-group-is-layout-constrained\">\n<p class=\"has-text-align-left\"><br>Demandez une d\u00e9mo et testez notre plateforme de localisation prim\u00e9e. Remplissez simplement le formulaire et nous vous recontacterons rapidement !<\/p>\n<\/div>\n<\/div>\n<\/div>\n\n\n\n<div class=\"wp-block-column is-layout-flow wp-block-column-is-layout-flow\" style=\"padding-top:var(--wp--preset--spacing--70);padding-right:0;padding-bottom:var(--wp--preset--spacing--16);padding-left:var(--wp--preset--spacing--70)\">\n\n\n hbspt.forms.create({\n region: \u00ab\u00a0na1\u00a0\u00bb,\n portalId: \u00ab\u00a0584311\u00a0\u00bb,\n formId: \u00ab\u00a0beafebc5-6573-4213-b2bf-1e0b4f9b973a\u00a0\u00bb\n });\n\n\n\n\n\n\nvar cpTenantDomain = \u00ab\u00a0phrase\u00a0\u00bb; \/\/ replace with your subdomain\n\nvar cpRouterName = \u00ab\u00a0phrase_new\u00a0\u00bb; \/\/ replace with the router&rsquo;s name\n\nvar lead = {};\n\nwindow.addEventListener(\u00ab\u00a0message\u00a0\u00bb, function (event) {\n\n if (event.data.type === \u00ab\u00a0hsFormCallback\u00a0\u00bb) {\n\n if (event.data.eventName === \u00ab\u00a0onFormSubmit\u00a0\u00bb) {\n\n for (var key in event.data.data) {\n\n if (Array.isArray(event.data.data[key].value)) {event.data.data[key].value = event.data.data[key].value.toString().replaceAll(\u00ab\u00a0,\u00a0\u00bb,\u00a0\u00bb;\u00a0\u00bb);}\n\n lead[event.data.data[key].name] = event.data.data[key].value;\n\n }\n\n if(Object.keys(lead).length &lt;= 1){lead = event.data.data;}\n\n } else if (event.data.eventName === &quot;onFormSubmitted&quot;) {\n\n ChiliPiper.submit(cpTenantDomain, cpRouterName, {map:true,lead:lead});\n\n }\n\n }\n\n});\n\n\n<\/div>\n<\/div>\n\n\n\n<div style=\"height:30px\" aria-hidden=\"true\" class=\"wp-block-spacer\"><\/div>\n\n","protected":false},"excerpt":{"rendered":"<p>Traduisez votre mobile Applications dans n&rsquo;importe quelle plateforme Langue Faites gagner du temps aux d\u00e9veloppeurs, r\u00e9duisez les erreurs manuelles et augmentez la qualit\u00e9 de la traduction en int\u00e9grant des fonctionnalit\u00e9s puissantes de Phrase. \u2605\u2605\u2605\u2605\u26054,5 Gagnez du temps et r\u00e9duisez les co\u00fbts de traduction. La m\u00e9moire de traduction sugg\u00e8re des correspondances issues de projets pr\u00e9c\u00e9dents lors [&hellip;]<\/p>\n","protected":false},"author":81,"featured_media":0,"parent":121397,"menu_order":0,"comment_status":"closed","ping_status":"closed","template":"page-refresh","meta":{"_acf_changed":false,"_stopmodifiedupdate":false,"_modified_date":"","_searchwp_excluded":"","episode_type":"","audio_file":"","podmotor_file_id":"","podmotor_episode_id":"","cover_image":"","cover_image_id":"","duration":"","filesize":"","filesize_raw":"","date_recorded":"","explicit":"","block":"","itunes_episode_number":"","itunes_title":"","itunes_season_number":"","itunes_episode_type":"","footnotes":""},"class_list":["post-122707","page","type-page","status-publish","hentry"],"acf":[],"_links":{"self":[{"href":"https:\/\/phrase.com\/fr\/wp-json\/wp\/v2\/pages\/122707","targetHints":{"allow":["GET"]}}],"collection":[{"href":"https:\/\/phrase.com\/fr\/wp-json\/wp\/v2\/pages"}],"about":[{"href":"https:\/\/phrase.com\/fr\/wp-json\/wp\/v2\/types\/page"}],"author":[{"embeddable":true,"href":"https:\/\/phrase.com\/fr\/wp-json\/wp\/v2\/users\/81"}],"replies":[{"embeddable":true,"href":"https:\/\/phrase.com\/fr\/wp-json\/wp\/v2\/comments?post=122707"}],"version-history":[{"count":1,"href":"https:\/\/phrase.com\/fr\/wp-json\/wp\/v2\/pages\/122707\/revisions"}],"predecessor-version":[{"id":122708,"href":"https:\/\/phrase.com\/fr\/wp-json\/wp\/v2\/pages\/122707\/revisions\/122708"}],"up":[{"embeddable":true,"href":"https:\/\/phrase.com\/fr\/wp-json\/wp\/v2\/pages\/121397"}],"wp:attachment":[{"href":"https:\/\/phrase.com\/fr\/wp-json\/wp\/v2\/media?parent=122707"}],"curies":[{"name":"wp","href":"https:\/\/api.w.org\/{rel}","templated":true}]}}