{"id":123624,"date":"2024-10-04T14:24:17","date_gmt":"2024-10-04T12:24:17","guid":{"rendered":"https:\/\/phrase.com\/phrase%e3%83%91%e3%83%bc%e3%83%88%e3%83%8a%e3%83%bc%e3%83%97%e3%83%ad%e3%82%b0%e3%83%a9%e3%83%a0\/"},"modified":"2025-10-07T09:07:46","modified_gmt":"2025-10-07T07:07:46","slug":"phrase%e3%83%91%e3%83%bc%e3%83%88%e3%83%8a%e3%83%bc%e3%83%97%e3%83%ad%e3%82%b0%e3%83%a9%e3%83%a0","status":"publish","type":"page","link":"https:\/\/phrase.com\/fr\/partners\/phrase%e3%83%91%e3%83%bc%e3%83%88%e3%83%8a%e3%83%bc%e3%83%97%e3%83%ad%e3%82%b0%e3%83%a9%e3%83%a0\/","title":{"rendered":"Programme Partenaire Phrase"},"content":{"rendered":"\n<div id=\"acf\/text-block_9649d9a96118f27ac6c4299ecbab7aad\" class=\"pxblock pxblock--text spacing--default bg--white\">\n\n\t\n\t<div class=\"container\">\n\t\t<div class=\"wysiwyg animate-in block-center\">\n\t\t\t<p class=\"subhead\" style=\"text-align: center\">Programme Partenaire Phrase<\/p>\n<h1 style=\"text-align: center\">\u30c1\u30e3\u30f3\u30b9\u3092\u5207\u308a\u958b\u304f<\/h1>\n<section class=\"css-1mxwy7u e1oj315g4\">\n<div class=\"css-1v1iaeg ew1hg250\">\n<div class=\"css-1gxmjfo e1oj315g3\">\n<div class=\"css-1et0sb e1oj315g2\">\n<p style=\"text-align: center\">\u79c1\u305f\u3061\u306f\u3001\u304a\u5ba2\u69d8\u306e\u30c1\u30fc\u30e0\u304c Phrase \u304b\u3089\u65e5\u3005\u6700\u5927\u9650\u306e\u4fa1\u5024\u3092\u5f97\u3089\u308c\u308b\u3088\u3046\u306b\u3001\u6700\u5148\u7aef\u306e\u30c6\u30af\u30ce\u30ed\u30b8\u30fc\u4f01\u696d\u3001\u30c1\u30e3\u30cd\u30eb\u3001\u304a\u3088\u3073\u30b7\u30b9\u30c6\u30e0\u30a4\u30f3\u30c6\u30b0\u30ec\u30fc\u30bf\u30fc\u3068\u63d0\u643a\u3057\u3066\u3044\u307e\u3059\u3002<\/p>\n<p style=\"text-align: center\"><a class=\"btn btn--primary\" href=\"https:\/\/phrase.com\/partners-inquiries\/\">\u30d1\u30fc\u30c8\u30ca\u30fc\u306b\u306a\u308b<\/a>\u00a0 <a class=\"btn btn--outline\" href=\"https:\/\/phrase.com\/brand\/\"> Phrase\u30d6\u30e9\u30f3\u30c9\u30ac\u30a4\u30c9<\/a><\/p>\n<\/div>\n<p>\u00a0<\/p>\n<p class=\"small utility\" style=\"text-align: center\">\u65e2\u306bPhrase\u30d1\u30fc\u30c8\u30ca\u30fc\u306e\u304a\u5ba2\u69d8\u306f\u3001<a href=\"https:\/\/phrase.com\/partner-referrals\/\">\u3053\u3061\u3089\u304b\u3089\u7d39\u4ecb\u3092\u9001\u4fe1\u3057\u3066\u304f\u3060\u3055\u3044\u3002<\/a><\/p>\n<\/div>\n<\/div>\n<\/section>\n\t\t<\/div>\n\t<\/div>\n<\/div>\n\n\n\n<div id=\"acf\/columns-block_7f4af8732fe888d60ef645ad19f83656\" class=\"pxblock pxblock--columns bg--grey\">\n\t\t<div class=\"container\">\n\n\t\t<div class=\"columns animate-in animate-children columns--text-text \">\n\t\t\t<div class=\"wysiwyg columns--text\"><div class=\"text-container\"><p><img loading=\"lazy\" decoding=\"async\" class=\"alignnone size-full wp-image-38708\" src=\"https:\/\/phrase.com\/wp-content\/uploads\/2023\/01\/Channel_feature_visual-1.jpg\" alt=\"\" width=\"1710\" height=\"960\" srcset=\"https:\/\/phrase.com\/wp-content\/uploads\/2023\/01\/Channel_feature_visual-1.jpg 1710w, https:\/\/phrase.com\/wp-content\/uploads\/2023\/01\/Channel_feature_visual-1-300x168.jpg 300w, https:\/\/phrase.com\/wp-content\/uploads\/2023\/01\/Channel_feature_visual-1-1024x575.jpg 1024w, https:\/\/phrase.com\/wp-content\/uploads\/2023\/01\/Channel_feature_visual-1-768x431.jpg 768w, https:\/\/phrase.com\/wp-content\/uploads\/2023\/01\/Channel_feature_visual-1-1536x862.jpg 1536w\" sizes=\"auto, (max-width: 1710px) 100vw, 1710px\" \/><\/p>\n<h2>\u30c1\u30e3\u30cd\u30eb\u30fb\u30d1\u30fc\u30c8\u30ca\u30fc<\/h2>\n<p>Phrase\u3068\u63d0\u643a\u3057\u3001\u9867\u5ba2\u304c\u4e16\u754c\u898f\u6a21\u3067\u6210\u9577\u3067\u304d\u308b\u30b5\u30dd\u30fc\u30c8\u3092\u63d0\u4f9b\u3057\u307e\u3057\u3087\u3046\u3002\u30d1\u30a4\u30d7\u30e9\u30a4\u30f3\u3092\u5f37\u5316\u3057\u3001\u7d4c\u9a13\u8c4a\u5bcc\u306a\u30c1\u30fc\u30e0\u304b\u3089\u55b6\u696d\u3001\u6280\u8853\u3001\u304a\u3088\u3073\u30de\u30fc\u30b1\u30c6\u30a3\u30f3\u30b0\u30ea\u30bd\u30fc\u30b9\u3068\u306e\u65b0\u305f\u306a\u6a5f\u4f1a\u3092\u5275\u51fa\u3059\u308b\u3053\u3068\u304c\u3067\u304d\u307e\u3059\u3002<\/p>\n<p><a href=\"https:\/\/phrase.com\/partners\/channel\/\">\u30c1\u30e3\u30cd\u30eb\u30d1\u30fc\u30c8\u30ca\u30fc\u30d7\u30ed\u30b0\u30e9\u30e0\u306b\u3064\u3044\u3066\u8a73\u3057\u304f\u77e5\u308b &gt;<\/a><\/p>\n<\/div><\/div>\n\n\t\t\t\t\t\t<div class=\"wysiwyg columns--text\"><div class=\"text-container\"><p><img loading=\"lazy\" decoding=\"async\" class=\"alignnone size-full wp-image-38703\" src=\"https:\/\/phrase.com\/wp-content\/uploads\/2023\/01\/Technology_partner_feature_visual.jpg\" alt=\"\" width=\"1710\" height=\"960\" srcset=\"https:\/\/phrase.com\/wp-content\/uploads\/2023\/01\/Technology_partner_feature_visual.jpg 1710w, https:\/\/phrase.com\/wp-content\/uploads\/2023\/01\/Technology_partner_feature_visual-300x168.jpg 300w, https:\/\/phrase.com\/wp-content\/uploads\/2023\/01\/Technology_partner_feature_visual-1024x575.jpg 1024w, https:\/\/phrase.com\/wp-content\/uploads\/2023\/01\/Technology_partner_feature_visual-768x431.jpg 768w, https:\/\/phrase.com\/wp-content\/uploads\/2023\/01\/Technology_partner_feature_visual-1536x862.jpg 1536w\" sizes=\"auto, (max-width: 1710px) 100vw, 1710px\" \/><\/p>\n<div class=\"css-qrxy7c el3qyxb0\">\n<div class=\"css-c3565y et138355\">\n<div class=\"css-ccyhe5-p-heading-2-heading-3-heading-4-heading-5-heading-6 e10vhuws1\">\n<h2>\u6280\u8853\u30d1\u30fc\u30c8\u30ca\u30fc<\/h2>\n<p>\u4e16\u754c\u898f\u6a21\u3067\u52b9\u7387\u7684\u306b\u62e1\u5f35\u53ef\u80fd\u306a\u30bd\u30d5\u30c8\u30a6\u30a7\u30a2\u3092\u69cb\u7bc9\u3001\u7d71\u5408\u3001\u304a\u3088\u3073\u5f37\u5316\u3057\u307e\u3057\u3087\u3046\u3002\u5f0a\u793e\u306e\u30aa\u30fc\u30d7\u30f3API\u3001\u8a73\u7d30\u306a\u6280\u8853\u6587\u66f8\u3001\u304a\u3088\u3073\u30a8\u30ad\u30b9\u30d1\u30fc\u30c8\u306b\u3088\u308b\u30b5\u30dd\u30fc\u30c8\u3092\u6d3b\u7528\u3067\u304d\u307e\u3059\u3002Phrase\u3068\u63d0\u643a\u3057\u3066\u30e6\u30fc\u30b6\u30fc\u306e\u6210\u9577\u3092\u4fc3\u9032\u3057\u307e\u3057\u3087\u3046\u3002<\/p>\n<p><a href=\"https:\/\/phrase.com\/partners\/technology\/\">\u6280\u8853\u30d1\u30fc\u30c8\u30ca\u30fc\u30d7\u30ed\u30b0\u30e9\u30e0\u306b\u3064\u3044\u3066\u8a73\u3057\u304f\u77e5\u308b &gt;<\/a><\/p>\n<\/div>\n<\/div>\n<\/div>\n<\/div><\/div>\n\t\t\t\t\t<\/div>\n\t<\/div>\n<\/div>\n\n\n\n<div id=\"acf\/text-block_b510cd16ea151243a969aaf38da28f19\" class=\"pxblock pxblock--text spacing--default bg--white\">\n\n\t\n\t<div class=\"container\">\n\t\t<div class=\"wysiwyg animate-in block-center\">\n\t\t\t<p class=\"subhead\" style=\"text-align: center\">\u30a4\u30f3\u30c6\u30b0\u30ec\u30fc\u30b7\u30e7\u30f3<\/p>\n<h2 style=\"text-align: center\">Rejoignez l&rsquo;\u00e9cosyst\u00e8me Phrase<\/h2>\n<p style=\"text-align: center\">\u30c1\u30fc\u30e0\u3001\u6280\u8853\u3001\u30c4\u30fc\u30eb\u3092 1 \u3064\u306b\u307e\u3068\u3081\u3001\u30c7\u30fc\u30bf\u306e\u6d3b\u7528\u3001\u30ef\u30fc\u30af\u30d5\u30ed\u30fc\u306e\u5408\u7406\u5316\u3001\u3088\u308a\u7d30\u304b\u3044\u5236\u5fa1\u306e\u7372\u5f97\u3092\u4fc3\u9032\u3057\u307e\u3057\u3087\u3046\u3002<\/p>\n\t\t<\/div>\n\t<\/div>\n<\/div>\n\n\n\n<div id=\"acf\/simple-card-block_74e005b1ed624ad1b76e76b7f26c0f53\" class=\"pxblock pxblock--simple-card bg--\">\n\t\t<div class=\"container\">\n\t\t<div class=\"cards animate-in animate-children\">\n\t\t\t\t\t<\/div>\n\t\t\t<\/div>\n<\/div>\n\n\n\n<div id=\"acf\/testimonials-block_edb8259c0770f830eb513ca65d3f4bb5\" class=\"pxblock pxblock--testimonials bg--green\">\n\t\n\t<div class=\"container\">\n\n\t\t<div class=\"testimonials animate-in\"><div class=\"testimonial\"><span class=\"testimonial__icon\"><\/span><p class=\"testimonial__quote length_class-small\"><p>Phrase est l\u2019un des TMS destin\u00e9s aux linguistes et aux \u00e9quipes de localisation les mieux class\u00e9s au monde, et nous sommes ravis de consolider notre partenariat. Nous sommes fiers des liens professionnels forts que nous avons nou\u00e9s, ainsi que de notre vision commune pour le march\u00e9 de la localisation. Nous avons h\u00e2te d\u2019entamer un nouveau chapitre avec Phrase.<\/p>\n<\/p><div class=\"testimonial__logo\"><img loading=\"lazy\" decoding=\"async\" width=\"290\" height=\"139\" src=\"https:\/\/phrase.com\/wp-content\/uploads\/2022\/08\/CaptionHub_Testimonial_Logo.png\" class=\"attachment-original size-original\" alt=\"CaptionHub logo for testimonial | Phrase\" \/><\/div><div class=\"testimonial__attribution\"><p class=\"testimonial__author\">Tom Bridges<\/p><p class=\"testimonial__author-title\">PDG<\/p><\/div><a class=\"btn btn--primary\" href=\"https:\/\/phrase.com\/ja\/customers\/\">See all case studies<\/a><\/div><\/div>\t<\/div>\n\n<\/div>\n\n\n\n<div id=\"acf\/feature-block_13df3c4a59bcbf4b2a7324a907d269d4\" class=\"pxblock pxblock--feature bg--\">\n\t\t<div class=\"container animate-in\">\n\t\t<div class=\"feature--header\"><h2 class=\"h1\"><\/h2><\/div>\n\t\t<div class=\"feature--content\">\n\t\t\t<h3><\/h3>\n\t\t\t\t\t<\/div>\n\n\t\t\t<\/div>\n<\/div>\n\n","protected":false},"excerpt":{"rendered":"","protected":false},"author":4,"featured_media":0,"parent":58156,"menu_order":0,"comment_status":"closed","ping_status":"closed","template":"","meta":{"_acf_changed":false,"_stopmodifiedupdate":false,"_modified_date":"","_searchwp_excluded":"","episode_type":"","audio_file":"","podmotor_file_id":"","podmotor_episode_id":"","cover_image":"","cover_image_id":"","duration":"","filesize":"","filesize_raw":"","date_recorded":"","explicit":"","block":"","itunes_episode_number":"","itunes_title":"","itunes_season_number":"","itunes_episode_type":"","footnotes":""},"class_list":["post-123624","page","type-page","status-publish","hentry"],"acf":[],"_links":{"self":[{"href":"https:\/\/phrase.com\/fr\/wp-json\/wp\/v2\/pages\/123624","targetHints":{"allow":["GET"]}}],"collection":[{"href":"https:\/\/phrase.com\/fr\/wp-json\/wp\/v2\/pages"}],"about":[{"href":"https:\/\/phrase.com\/fr\/wp-json\/wp\/v2\/types\/page"}],"author":[{"embeddable":true,"href":"https:\/\/phrase.com\/fr\/wp-json\/wp\/v2\/users\/4"}],"replies":[{"embeddable":true,"href":"https:\/\/phrase.com\/fr\/wp-json\/wp\/v2\/comments?post=123624"}],"version-history":[{"count":2,"href":"https:\/\/phrase.com\/fr\/wp-json\/wp\/v2\/pages\/123624\/revisions"}],"predecessor-version":[{"id":124181,"href":"https:\/\/phrase.com\/fr\/wp-json\/wp\/v2\/pages\/123624\/revisions\/124181"}],"up":[{"embeddable":true,"href":"https:\/\/phrase.com\/fr\/wp-json\/wp\/v2\/pages\/58156"}],"wp:attachment":[{"href":"https:\/\/phrase.com\/fr\/wp-json\/wp\/v2\/media?parent=123624"}],"curies":[{"name":"wp","href":"https:\/\/api.w.org\/{rel}","templated":true}]}}