{"id":123642,"date":"2024-10-04T14:24:17","date_gmt":"2024-10-04T12:24:17","guid":{"rendered":"https:\/\/phrase.com\/programme-de-partenaires-de-phrase\/"},"modified":"2025-10-07T09:10:16","modified_gmt":"2025-10-07T07:10:16","slug":"programa-de-phrase-para-socios","status":"publish","type":"page","link":"https:\/\/phrase.com\/fr\/partners\/programa-de-phrase-para-socios\/","title":{"rendered":"Programme de Phrase pour partenaires"},"content":{"rendered":"\n<div id=\"acf\/text-block_e92b8c25997d5223ec71921332d39b27\" class=\"pxblock pxblock--text spacing--default bg--white\">\n\n\t\n\t<div class=\"container\">\n\t\t<div class=\"wysiwyg animate-in block-center\">\n\t\t\t<p class=\"subhead\" style=\"text-align: center\">Programme de Phrase pour partenaires<\/p>\n<h1 style=\"text-align: center\">D\u00e9bloquez des opportunit\u00e9s<\/h1>\n<section class=\"css-1mxwy7u e1oj315g4\">\n<div class=\"css-1v1iaeg ew1hg250\">\n<div class=\"css-1gxmjfo e1oj315g3\">\n<div class=\"css-1et0sb e1oj315g2\">\n<p style=\"text-align: center\">Nous nous associons avec des entreprises leaders en technologie, des canaux et des int\u00e9grateurs de syst\u00e8mes pour nous assurer que votre \u00e9quipe tire davantage de valeur de Phrase chaque jour.<\/p>\n<p style=\"text-align: center\"><a class=\"btn btn--primary\" href=\"https:\/\/phrase.com\/partners-inquiries\/\">Devenez partenaire<\/a> <a class=\"btn btn--outline\" href=\"https:\/\/phrase.com\/brand\/\">Guide des marques de Phrase<\/a><\/p>\n<\/div>\n<p class=\"small utility\" style=\"text-align: center\">\u00cates-vous d\u00e9j\u00e0 un partenaire de Phrase ? <a href=\"https:\/\/phrase.com\/partner-referrals\/\">Envoyez vos r\u00e9f\u00e9rences ici.<\/a><\/p>\n<\/div>\n<\/div>\n<\/section>\n\t\t<\/div>\n\t<\/div>\n<\/div>\n\n\n\n<div id=\"acf\/columns-block_94295ac0142d5c25fe3ae5787efe7929\" class=\"pxblock pxblock--columns bg--grey\">\n\t\t<div class=\"container\">\n\n\t\t<div class=\"columns animate-in animate-children columns--text-text \">\n\t\t\t<div class=\"wysiwyg columns--text\"><div class=\"text-container\"><p><img loading=\"lazy\" decoding=\"async\" class=\"alignnone size-full wp-image-38708\" src=\"https:\/\/phrase.com\/wp-content\/uploads\/2023\/01\/Channel_feature_visual-1.jpg\" alt=\"\" width=\"1710\" height=\"960\" srcset=\"https:\/\/phrase.com\/wp-content\/uploads\/2023\/01\/Channel_feature_visual-1.jpg 1710w, https:\/\/phrase.com\/wp-content\/uploads\/2023\/01\/Channel_feature_visual-1-300x168.jpg 300w, https:\/\/phrase.com\/wp-content\/uploads\/2023\/01\/Channel_feature_visual-1-1024x575.jpg 1024w, https:\/\/phrase.com\/wp-content\/uploads\/2023\/01\/Channel_feature_visual-1-768x431.jpg 768w, https:\/\/phrase.com\/wp-content\/uploads\/2023\/01\/Channel_feature_visual-1-1536x862.jpg 1536w\" sizes=\"auto, (max-width: 1710px) 100vw, 1710px\" \/><\/p>\n<h2>Canaux associ\u00e9s<\/h2>\n<p>Associez-vous \u00e0 Phrase pour mieux servir vos clients gr\u00e2ce \u00e0 un support de croissance mondiale. Augmentez vos contrats et d\u00e9bloquez des opportunit\u00e9s avec des ressources de vente, techniques et marketing de nos \u00e9quipes exp\u00e9riment\u00e9es.<\/p>\n<p><a href=\"https:\/\/phrase.com\/partners\/channel\/\">Explorez le programme pour canaux associ\u00e9s &gt;<\/a><\/p>\n<\/div><\/div>\n\n\t\t\t\t\t\t<div class=\"wysiwyg columns--text\"><div class=\"text-container\"><p><img loading=\"lazy\" decoding=\"async\" class=\"alignnone size-full wp-image-38703\" src=\"https:\/\/phrase.com\/wp-content\/uploads\/2023\/01\/Technology_partner_feature_visual.jpg\" alt=\"\" width=\"1710\" height=\"960\" srcset=\"https:\/\/phrase.com\/wp-content\/uploads\/2023\/01\/Technology_partner_feature_visual.jpg 1710w, https:\/\/phrase.com\/wp-content\/uploads\/2023\/01\/Technology_partner_feature_visual-300x168.jpg 300w, https:\/\/phrase.com\/wp-content\/uploads\/2023\/01\/Technology_partner_feature_visual-1024x575.jpg 1024w, https:\/\/phrase.com\/wp-content\/uploads\/2023\/01\/Technology_partner_feature_visual-768x431.jpg 768w, https:\/\/phrase.com\/wp-content\/uploads\/2023\/01\/Technology_partner_feature_visual-1536x862.jpg 1536w\" sizes=\"auto, (max-width: 1710px) 100vw, 1710px\" \/><\/p>\n<div class=\"css-qrxy7c el3qyxb0\">\n<div class=\"css-c3565y et138355\">\n<div class=\"css-ccyhe5-p-heading-2-heading-3-heading-4-heading-5-heading-6 e10vhuws1\">\n<h2>Technologies associ\u00e9es<\/h2>\n<p>Cr\u00e9ez, int\u00e9grez et d\u00e9veloppez le logiciel pr\u00eat \u00e0 cro\u00eetre de mani\u00e8re globale et efficace. Profitez de notre API ouverte, de la documentation technique d\u00e9taill\u00e9e et d&rsquo;un support expert. Associez-vous \u00e0 Phrase pour aider \u00e0 faire cro\u00eetre vos utilisateurs.<\/p>\n<p><a href=\"https:\/\/phrase.com\/partners\/technology\/\">Explorez le programme technologique pour partenaires &gt;<\/a><\/p>\n<\/div>\n<\/div>\n<\/div>\n<\/div><\/div>\n\t\t\t\t\t<\/div>\n\t<\/div>\n<\/div>\n\n\n\n<div id=\"acf\/text-block_05f8f636c1a8e8b71496230d3dc5c000\" class=\"pxblock pxblock--text spacing--default bg--white\">\n\n\t\n\t<div class=\"container\">\n\t\t<div class=\"wysiwyg animate-in block-center\">\n\t\t\t<p class=\"subhead\" style=\"text-align: center\">Int\u00e9grations<\/p>\n<h2 style=\"text-align: center\">Rejoignez l&rsquo;\u00e9cosyst\u00e8me de Phrase<\/h2>\n<p style=\"text-align: center\">Rassemblez vos \u00e9quipes, vos technologies et vos outils pour mieux exploiter les donn\u00e9es, optimiser les flux de travail et obtenir un meilleur contr\u00f4le.<\/p>\n\t\t<\/div>\n\t<\/div>\n<\/div>\n\n\n\n<div id=\"acf\/simple-card-block_29092f002873220a42613b8c661aaf20\" class=\"pxblock pxblock--simple-card columns--4 bg--white\">\n\t\t<div class=\"container\">\n\t\t<div class=\"cards animate-in animate-children\">\n\t\t\t\t\t\t\t\t\t\t<a href=\"https:\/\/phrase.com\/es\/integrations\/aem\/\" aria-label=\"Explorez l&#039;int\u00e9gration AEM \">\t\t\t\t\t\t\t<div class=\"column card outline\">\n\t\t\t\t\t\t\t\t\t\t\t\t\t\t\t\t\t<div class=\"card--img\"><img loading=\"lazy\" decoding=\"async\" width=\"88\" height=\"79\" src=\"https:\/\/phrase.com\/wp-content\/uploads\/2022\/08\/adobe_integration.svg\" class=\"attachment-original size-original\" alt=\"Adobe logo | Phrase\" \/><\/div>\n\t\t\t\t\t\t\t\t\t\t\t\t\t\t\t\t\t\t\t\t\t\t\t\t\t<div class=\"card--title\">AEM<\/div>\n\t\t\t\t\t\t\t\t\t<div class=\"card--copy\"><\/div>\n\t\t\t\t\t\t\t\t\t\t\t\t\t\t\t\t\t\t\t\t\t\t\t<\/div>\n\t\t\t\t\t\t\t<\/a>\t\t\t\t\t\t\t\t\t\t\t\t\t\t\t\t\t\t\t<a href=\"https:\/\/phrase.com\/es\/integrations\/zendesk\/\" aria-label=\"Explorez l&#039;int\u00e9gration Zendesk\">\t\t\t\t\t\t\t<div class=\"column card outline\">\n\t\t\t\t\t\t\t\t\t\t\t\t\t\t\t\t\t<div class=\"card--img\"><img loading=\"lazy\" decoding=\"async\" width=\"49\" height=\"37\" src=\"https:\/\/phrase.com\/wp-content\/uploads\/2022\/08\/Zendesk_integration.svg\" class=\"attachment-original size-original\" alt=\"Zendesk icon | Phrase\" \/><\/div>\n\t\t\t\t\t\t\t\t\t\t\t\t\t\t\t\t\t\t\t\t\t\t\t\t\t<div class=\"card--title\">Zendesk<\/div>\n\t\t\t\t\t\t\t\t\t<div class=\"card--copy\"><\/div>\n\t\t\t\t\t\t\t\t\t\t\t\t\t\t\t\t\t\t\t\t\t\t\t<\/div>\n\t\t\t\t\t\t\t<\/a>\t\t\t\t\t\t\t\t\t\t\t\t\t\t\t\t\t\t\t<a href=\"https:\/\/phrase.com\/es\/integrations\/wordpress-translation-plugin\/\" aria-label=\"Explorez l&#039;int\u00e9gration WordPress\">\t\t\t\t\t\t\t<div class=\"column card outline\">\n\t\t\t\t\t\t\t\t\t\t\t\t\t\t\t\t\t<div class=\"card--img\"><img loading=\"lazy\" decoding=\"async\" width=\"64\" height=\"64\" src=\"https:\/\/phrase.com\/wp-content\/uploads\/2022\/08\/wordpress_integration.svg\" class=\"attachment-original size-original\" alt=\"WordPress icon | Phrase\" \/><\/div>\n\t\t\t\t\t\t\t\t\t\t\t\t\t\t\t\t\t\t\t\t\t\t\t\t\t<div class=\"card--title\">WordPress<\/div>\n\t\t\t\t\t\t\t\t\t<div class=\"card--copy\"><\/div>\n\t\t\t\t\t\t\t\t\t\t\t\t\t\t\t\t\t\t\t\t\t\t\t<\/div>\n\t\t\t\t\t\t\t<\/a>\t\t\t\t\t\t\t\t\t\t\t\t\t\t\t\t\t\t\t<a href=\"https:\/\/phrase.com\/es\/integrations\/marketo\/\" aria-label=\"Explorez l&#039;int\u00e9gration Marketo\">\t\t\t\t\t\t\t<div class=\"column card outline\">\n\t\t\t\t\t\t\t\t\t\t\t\t\t\t\t\t\t<div class=\"card--img\"><img loading=\"lazy\" decoding=\"async\" width=\"60\" height=\"60\" src=\"https:\/\/phrase.com\/wp-content\/uploads\/2022\/08\/marketo_logo.svg\" class=\"attachment-original size-original\" alt=\"Marketo logo | Phrase\" \/><\/div>\n\t\t\t\t\t\t\t\t\t\t\t\t\t\t\t\t\t\t\t\t\t\t\t\t\t<div class=\"card--title\">Marketo<\/div>\n\t\t\t\t\t\t\t\t\t<div class=\"card--copy\"><\/div>\n\t\t\t\t\t\t\t\t\t\t\t\t\t\t\t\t\t\t\t\t\t\t\t<\/div>\n\t\t\t\t\t\t\t<\/a>\t\t\t\t\t\t\t\t\t\t\t\t\t\t\t\t\t\t\t<a href=\"https:\/\/phrase.com\/es\/integrations\/kontent-ai\/\" aria-label=\"Explorez l&#039;int\u00e9gration Kontent.ai\">\t\t\t\t\t\t\t<div class=\"column card outline\">\n\t\t\t\t\t\t\t\t\t\t\t\t\t\t\t\t\t<div class=\"card--img\"><img loading=\"lazy\" decoding=\"async\" width=\"60\" height=\"60\" src=\"https:\/\/phrase.com\/wp-content\/uploads\/2022\/09\/Kontent_ai_logo.svg\" class=\"attachment-original size-original\" alt=\"Kontent.ai | Phrase\" \/><\/div>\n\t\t\t\t\t\t\t\t\t\t\t\t\t\t\t\t\t\t\t\t\t\t\t\t\t<div class=\"card--title\">Kontent.ai<\/div>\n\t\t\t\t\t\t\t\t\t<div class=\"card--copy\"><\/div>\n\t\t\t\t\t\t\t\t\t\t\t\t\t\t\t\t\t\t\t\t\t\t\t<\/div>\n\t\t\t\t\t\t\t<\/a>\t\t\t\t\t\t\t\t\t\t\t\t\t\t\t\t\t\t\t<a href=\"https:\/\/phrase.com\/es\/integrations\/hubspot\/\" aria-label=\"Int\u00e9gration de HubSpot\">\t\t\t\t\t\t\t<div class=\"column card outline\">\n\t\t\t\t\t\t\t\t\t\t\t\t\t\t\t\t\t<div class=\"card--img\"><img loading=\"lazy\" decoding=\"async\" width=\"60\" height=\"60\" src=\"https:\/\/phrase.com\/wp-content\/uploads\/2022\/08\/hubspot_logo.svg\" class=\"attachment-original size-original\" alt=\"HubSpot logo | Phrase\" \/><\/div>\n\t\t\t\t\t\t\t\t\t\t\t\t\t\t\t\t\t\t\t\t\t\t\t\t\t<div class=\"card--title\">HubSpot<\/div>\n\t\t\t\t\t\t\t\t\t<div class=\"card--copy\"><\/div>\n\t\t\t\t\t\t\t\t\t\t\t\t\t\t\t\t\t\t\t\t\t\t\t<\/div>\n\t\t\t\t\t\t\t<\/a>\t\t\t\t\t\t\t\t\t\t\t\t\t\t\t\t\t\t\t<a href=\"https:\/\/phrase.com\/es\/integrations\/github\/\" aria-label=\"Int\u00e9gration de GitHub\">\t\t\t\t\t\t\t<div class=\"column card outline\">\n\t\t\t\t\t\t\t\t\t\t\t\t\t\t\t\t\t<div class=\"card--img\"><img loading=\"lazy\" decoding=\"async\" width=\"50\" height=\"49\" src=\"https:\/\/phrase.com\/wp-content\/uploads\/2022\/08\/Github_integration.svg\" class=\"attachment-original size-original\" alt=\"GitHub icon | Phrase\" \/><\/div>\n\t\t\t\t\t\t\t\t\t\t\t\t\t\t\t\t\t\t\t\t\t\t\t\t\t<div class=\"card--title\">GitHub<\/div>\n\t\t\t\t\t\t\t\t\t<div class=\"card--copy\"><\/div>\n\t\t\t\t\t\t\t\t\t\t\t\t\t\t\t\t\t\t\t\t\t\t\t<\/div>\n\t\t\t\t\t\t\t<\/a>\t\t\t\t\t\t\t\t\t\t\t\t\t\t\t\t\t\t\t<a href=\"https:\/\/phrase.com\/es\/integrations\/figma\/\" aria-label=\"Int\u00e9gration de Figma\">\t\t\t\t\t\t\t<div class=\"column card outline\">\n\t\t\t\t\t\t\t\t\t\t\t\t\t\t\t\t\t<div class=\"card--img\"><img loading=\"lazy\" decoding=\"async\" width=\"36\" height=\"55\" src=\"https:\/\/phrase.com\/wp-content\/uploads\/2022\/08\/Figma_integration.svg\" class=\"attachment-original size-original\" alt=\"Figma icon | Phrase\" \/><\/div>\n\t\t\t\t\t\t\t\t\t\t\t\t\t\t\t\t\t\t\t\t\t\t\t\t\t<div class=\"card--title\">Figma<\/div>\n\t\t\t\t\t\t\t\t\t<div class=\"card--copy\"><\/div>\n\t\t\t\t\t\t\t\t\t\t\t\t\t\t\t\t\t\t\t\t\t\t\t<\/div>\n\t\t\t\t\t\t\t<\/a>\t\t\t\t\t\t\t\t\t\t\t\t\t\t\t\t\t\t\t<a href=\"https:\/\/phrase.com\/es\/integrations\/contentful\/\" aria-label=\"Int\u00e9gration de Contentful\">\t\t\t\t\t\t\t<div class=\"column card outline\">\n\t\t\t\t\t\t\t\t\t\t\t\t\t\t\t\t\t<div class=\"card--img\"><img loading=\"lazy\" decoding=\"async\" width=\"52\" height=\"59\" src=\"https:\/\/phrase.com\/wp-content\/uploads\/2022\/08\/contentful_integration.svg\" class=\"attachment-original size-original\" alt=\"Contentful icon | Phrase\" \/><\/div>\n\t\t\t\t\t\t\t\t\t\t\t\t\t\t\t\t\t\t\t\t\t\t\t\t\t<div class=\"card--title\">Contentful <\/div>\n\t\t\t\t\t\t\t\t\t<div class=\"card--copy\"><\/div>\n\t\t\t\t\t\t\t\t\t\t\t\t\t\t\t\t\t\t\t\t\t\t\t<\/div>\n\t\t\t\t\t\t\t<\/a>\t\t\t\t\t\t\t\t\t\t\t\t\t\t\t\t\t\t\t<a href=\"https:\/\/phrase.com\/es\/integrations\/adobe\/\" aria-label=\"adobe comm\">\t\t\t\t\t\t\t<div class=\"column card outline\">\n\t\t\t\t\t\t\t\t\t\t\t\t\t\t\t\t\t<div class=\"card--img\"><img loading=\"lazy\" decoding=\"async\" width=\"88\" height=\"79\" src=\"https:\/\/phrase.com\/wp-content\/uploads\/2022\/08\/adobe_integration-1.svg\" class=\"attachment-original size-original\" alt=\"Adobe Commerce logo | Phrase\" \/><\/div>\n\t\t\t\t\t\t\t\t\t\t\t\t\t\t\t\t\t\t\t\t\t\t\t\t\t<div class=\"card--title\">Adobe\u00a0Commerce<\/div>\n\t\t\t\t\t\t\t\t\t<div class=\"card--copy\"><\/div>\n\t\t\t\t\t\t\t\t\t\t\t\t\t\t\t\t\t\t\t\t\t\t\t<\/div>\n\t\t\t\t\t\t\t<\/a>\t\t\t\t\t\t\t\t\t\t\t\t\t\t\t\t\t\t\t<a href=\"https:\/\/phrase.com\/es\/integrations\/sketch\/\" aria-label=\"Int\u00e9gration de Sketch\">\t\t\t\t\t\t\t<div class=\"column card outline\">\n\t\t\t\t\t\t\t\t\t\t\t\t\t\t\t\t\t<div class=\"card--img\"><img loading=\"lazy\" decoding=\"async\" width=\"394\" height=\"356\" src=\"https:\/\/phrase.com\/wp-content\/uploads\/2022\/08\/Sketch_integration-1.svg\" class=\"attachment-original size-original\" alt=\"Sketch icon | Phrase\" \/><\/div>\n\t\t\t\t\t\t\t\t\t\t\t\t\t\t\t\t\t\t\t\t\t\t\t\t\t<div class=\"card--title\">Sketch<\/div>\n\t\t\t\t\t\t\t\t\t<div class=\"card--copy\"><\/div>\n\t\t\t\t\t\t\t\t\t\t\t\t\t\t\t\t\t\t\t\t\t\t\t<\/div>\n\t\t\t\t\t\t\t<\/a>\t\t\t\t\t\t\t\t\t\t\t\t\t\t\t\t\t\t\t<a href=\"https:\/\/phrase.com\/integrations\/captionhub\/\" aria-label=\"Int\u00e9gration de CaptionHub\">\t\t\t\t\t\t\t<div class=\"column card outline\">\n\t\t\t\t\t\t\t\t\t\t\t\t\t\t\t\t\t<div class=\"card--img\"><img loading=\"lazy\" decoding=\"async\" width=\"400\" height=\"181\" src=\"https:\/\/phrase.com\/wp-content\/uploads\/2022\/09\/CaptionHub_Logo.png\" class=\"attachment-original size-original\" alt=\"Caption hub logo | Phrase\" srcset=\"https:\/\/phrase.com\/wp-content\/uploads\/2022\/09\/CaptionHub_Logo.png 400w, https:\/\/phrase.com\/wp-content\/uploads\/2022\/09\/CaptionHub_Logo-300x136.png 300w\" sizes=\"auto, (max-width: 400px) 100vw, 400px\" \/><\/div>\n\t\t\t\t\t\t\t\t\t\t\t\t\t\t\t\t\t\t\t\t\t\t\t\t\t<div class=\"card--title\">CaptionHub<\/div>\n\t\t\t\t\t\t\t\t\t<div class=\"card--copy\"><\/div>\n\t\t\t\t\t\t\t\t\t\t\t\t\t\t\t\t\t\t\t\t\t\t\t<\/div>\n\t\t\t\t\t\t\t<\/a>\t\t\t\t\t\t\t\t\t\t\t\t\t\t\t\t\t\t\t\t\t\t\t\t\t\t<div class=\"column card outline\">\n\t\t\t\t\t\t\t\t\t\t\t\t\t\t\t\t\t<div class=\"card--img\"><img loading=\"lazy\" decoding=\"async\" width=\"635\" height=\"678\" src=\"https:\/\/phrase.com\/wp-content\/uploads\/2023\/03\/CL-logo-04-2.png\" class=\"attachment-original size-original\" alt=\"Clearly Local | Phrase\" srcset=\"https:\/\/phrase.com\/wp-content\/uploads\/2023\/03\/CL-logo-04-2.png 635w, https:\/\/phrase.com\/wp-content\/uploads\/2023\/03\/CL-logo-04-2-281x300.png 281w\" sizes=\"auto, (max-width: 635px) 100vw, 635px\" \/><\/div>\n\t\t\t\t\t\t\t\t\t\t\t\t\t\t\t\t\t\t\t\t\t\t\t\t\t<div class=\"card--title\">Clearly Local<\/div>\n\t\t\t\t\t\t\t\t\t<div class=\"card--copy\"><\/div>\n\t\t\t\t\t\t\t\t\t\t\t\t\t\t\t\t\t\t\t\t\t\t\t<\/div>\n\t\t\t\t\t\t\t\t\t\t\t\t\t\t\t\t\t\t\t\t\t\t\t\t\t\t<a href=\"https:\/\/phrase.com\/integrations\/paligo\/\" aria-label=\"Int\u00e9gration de Paligo\">\t\t\t\t\t\t\t<div class=\"column card outline\">\n\t\t\t\t\t\t\t\t\t\t\t\t\t\t\t\t\t<div class=\"card--img\"><img loading=\"lazy\" decoding=\"async\" width=\"120\" height=\"120\" src=\"https:\/\/phrase.com\/wp-content\/uploads\/2022\/09\/Paligo_logo.png\" class=\"attachment-original size-original\" alt=\"\" \/><\/div>\n\t\t\t\t\t\t\t\t\t\t\t\t\t\t\t\t\t\t\t\t\t\t\t\t\t<div class=\"card--title\">Paligo<\/div>\n\t\t\t\t\t\t\t\t\t<div class=\"card--copy\"><\/div>\n\t\t\t\t\t\t\t\t\t\t\t\t\t\t\t\t\t\t\t\t\t\t\t<\/div>\n\t\t\t\t\t\t\t<\/a>\t\t\t\t\t\t\t\t\t\t\t\t\t\t<\/div>\n\t\t\t\t\t<div class=\"cards--button\">\n\t\t\t\t<a href=\"https:\/\/phrase.com\/es\/integrations\/\" aria-label=\"Explorez toutes les int\u00e9grations\" class=\"btn btn--outline animate-in\">Explorez toutes les int\u00e9grations<\/a>\n\t\t\t<\/div>\n\n\t\t\t<\/div>\n<\/div>\n\n\n\n<div id=\"acf\/testimonials-block_7013497c1862ff2637867217b3eb8a8e\" class=\"pxblock pxblock--testimonials bg--green\">\n\t\n\t<div class=\"container\">\n\n\t\t<div class=\"testimonials animate-in\"><div class=\"testimonial\"><span class=\"testimonial__icon\"><\/span><p class=\"testimonial__quote length_class-small\"><p>Phrase est l\u2019un des TMS destin\u00e9s aux linguistes et aux \u00e9quipes de localisation les mieux class\u00e9s au monde, et nous sommes ravis de consolider notre partenariat. Nous sommes fiers des liens professionnels forts que nous avons nou\u00e9s, ainsi que de notre vision commune pour le march\u00e9 de la localisation. Nous avons h\u00e2te d\u2019entamer un nouveau chapitre avec Phrase.<\/p>\n<\/p><div class=\"testimonial__logo\"><img loading=\"lazy\" decoding=\"async\" width=\"290\" height=\"139\" src=\"https:\/\/phrase.com\/wp-content\/uploads\/2022\/08\/CaptionHub_Testimonial_Logo.png\" class=\"attachment-original size-original\" alt=\"CaptionHub logo for testimonial | Phrase\" \/><\/div><div class=\"testimonial__attribution\"><p class=\"testimonial__author\">Tom Bridges<\/p><p class=\"testimonial__author-title\">PDG<\/p><\/div><a class=\"btn btn--primary\" href=\"https:\/\/phrase.com\/es\/customers\/\">See all case studies<\/a><\/div><\/div>\t<\/div>\n\n<\/div>\n\n\n\n<div id=\"acf\/feature-block_ecf857d2fa2d1287d26655bca6a09b4c\" class=\"pxblock pxblock--feature bg--yellow\">\n\t\t<div class=\"container animate-in\">\n\t\t<div class=\"feature--header\"><h2 class=\"h1\">\u00cates-vous pr\u00eat \u00e0 devenir partenaire ?<\/h2><\/div>\n\t\t<div class=\"feature--content\">\n\t\t\t<h3>Rejoignez un \u00e9cosyst\u00e8me qui favorise la r\u00e9ussite mondiale<\/h3>\n\t\t\t\t\t<\/div>\n\n\t\t\t\t\t<div class=\"feature--btns btn-group btn-group--center\">\n\t\t\t\t\t\t\t\t\t<a href=\"https:\/\/phrase.com\/partners-inquiries\/\" class=\"btn btn--primary\">\n\t\t\t\t\t\tDevenez partenaire\t\t\t\t\t<\/a>\n\t\t\t\t\t\t\t\t\t\t<a href=\"https:\/\/phrase.com\/brand\/\" class=\"btn btn--outline\">\n\t\t\t\t\t\tKit multim\u00e9dia de Phrase\t\t\t\t\t<\/a>\n\t\t\t\t\t\t\t\t<\/div>\n\t\t\t<\/div>\n<\/div>\n\n","protected":false},"excerpt":{"rendered":"","protected":false},"author":4,"featured_media":0,"parent":58156,"menu_order":0,"comment_status":"closed","ping_status":"closed","template":"","meta":{"_acf_changed":false,"_stopmodifiedupdate":false,"_modified_date":"","_searchwp_excluded":"","episode_type":"","audio_file":"","podmotor_file_id":"","podmotor_episode_id":"","cover_image":"","cover_image_id":"","duration":"","filesize":"","filesize_raw":"","date_recorded":"","explicit":"","block":"","itunes_episode_number":"","itunes_title":"","itunes_season_number":"","itunes_episode_type":"","footnotes":""},"class_list":["post-123642","page","type-page","status-publish","hentry"],"acf":[],"_links":{"self":[{"href":"https:\/\/phrase.com\/fr\/wp-json\/wp\/v2\/pages\/123642","targetHints":{"allow":["GET"]}}],"collection":[{"href":"https:\/\/phrase.com\/fr\/wp-json\/wp\/v2\/pages"}],"about":[{"href":"https:\/\/phrase.com\/fr\/wp-json\/wp\/v2\/types\/page"}],"author":[{"embeddable":true,"href":"https:\/\/phrase.com\/fr\/wp-json\/wp\/v2\/users\/4"}],"replies":[{"embeddable":true,"href":"https:\/\/phrase.com\/fr\/wp-json\/wp\/v2\/comments?post=123642"}],"version-history":[{"count":2,"href":"https:\/\/phrase.com\/fr\/wp-json\/wp\/v2\/pages\/123642\/revisions"}],"predecessor-version":[{"id":124230,"href":"https:\/\/phrase.com\/fr\/wp-json\/wp\/v2\/pages\/123642\/revisions\/124230"}],"up":[{"embeddable":true,"href":"https:\/\/phrase.com\/fr\/wp-json\/wp\/v2\/pages\/58156"}],"wp:attachment":[{"href":"https:\/\/phrase.com\/fr\/wp-json\/wp\/v2\/media?parent=123642"}],"curies":[{"name":"wp","href":"https:\/\/api.w.org\/{rel}","templated":true}]}}