{"id":124078,"date":"2024-09-25T10:15:49","date_gmt":"2024-09-25T08:15:49","guid":{"rendered":"https:\/\/phrase.com\/vers-la-qualite-a-grande-echelle-avec-phrase-qps\/"},"modified":"2025-10-06T11:41:22","modified_gmt":"2025-10-06T09:41:22","slug":"vers-la-qualite-a-grande-echelle-avec-phrase-qps","status":"publish","type":"page","link":"https:\/\/phrase.com\/fr\/quality-evaluation\/vers-la-qualite-a-grande-echelle-avec-phrase-qps\/","title":{"rendered":"\u00a0Vers la qualit\u00e9 \u00e0 grande \u00e9chelle avec Phrase\u00a0QPS"},"content":{"rendered":"\n<div class=\"wp-block-group alignwide is-style-header-hero has-blue-color has-blue-10-background-color has-text-color has-background has-link-color has-background-images wp-elements-324a23dd98ff0258a627d6ce7020bee2 is-layout-flow wp-block-group-is-layout-flow\" style=\"background-image:url(https:\/\/phrase.com\/wp-content\/uploads\/2024\/03\/Subhero-Header-BlockColour-Language-AI.png.webp);background-position:0% 0%;background-attachment:scroll;background-repeat:no-repeat;background-size:cover\"><div class=\"yoast-breadcrumbs\"><span><span><a href=\"https:\/\/phrase.com\/fr\/\">Home<\/a><\/span> | <span class=\"breadcrumb_last\" aria-current=\"page\">\u00a0Vers la qualit\u00e9 \u00e0 grande \u00e9chelle avec Phrase\u00a0QPS<\/span><\/span><\/div>\n\n\n<h1 class=\"wp-block-heading has-blue-80-color has-text-color has-link-color wp-elements-259bf238c9ccc6d28ad4cd9b38885986\" id=\"h-unlock-quality-at-scale-with-phrase-qps\" style=\"margin-bottom:var(--wp--preset--spacing--16)\">D\u00e9verrouillez la qualit\u00e9 avec Phrase QPS <br \/>\u00e0 grande \u00e9chelle<\/h1>\n\n\n\n<div class=\"wp-block-buttons is-layout-flex wp-block-buttons-is-layout-flex\">\n<div class=\"wp-block-button is-style-dark-blue-filled\"><a class=\"wp-block-button__link wp-element-button\" href=\"https:\/\/phrase.com\/fr\/phrase-quality-technologies\/quality-performance-score\/#hubspot_demo_form\">Voir Phrase QPS en action<\/a><\/div>\n<\/div>\n<\/div>\n\n<div class=\"wp-block-group alignwide has-blue-10-background-color has-background has-background-images has-global-padding is-layout-constrained wp-block-group-is-layout-constrained\" style=\"margin-top:var(--wp--preset--spacing--10);background-image:url(https:\/\/phrase.com\/wp-content\/uploads\/2024\/03\/svgexport-1-5.svg);background-position:0% 0%;background-attachment:scroll;background-repeat:no-repeat;background-size:auto\">\n<div class=\"wp-block-group alignwide is-layout-flow wp-block-group-is-layout-flow\">\n<p><strong>Phrase QPS (Quality Performance Score, ou score de performance qualit\u00e9)<\/strong> est un outil puissant qui \u00e9value la qualit\u00e9 du contenu en combinant le syst\u00e8me de post-\u00e9dition et d\u2019\u00e9valuation par l\u2019IA de Phrase \u00e0 MQM 2.0, standard de mesure de la qualit\u00e9. Avec son syst\u00e8me de notation rapide et pr\u00e9cis allant de 0 \u00e0 100, Phrase QPS procure un moyen efficace de jauger la qualit\u00e9 de votre contenu.<\/p>\n<\/div>\n<\/div>\n\n<div class=\"wp-block-columns alignwide are-vertically-aligned-center media-text-columns media-text-columns--media-left is-layout-flex wp-container-core-columns-is-layout-28f84493 wp-block-columns-is-layout-flex\">\n<div class=\"wp-block-column is-vertically-aligned-center is-layout-flow wp-block-column-is-layout-flow\" style=\"flex-basis:57.2131147541%\">\n<figure class=\"wp-block-image size-full\"><img loading=\"lazy\" decoding=\"async\" width=\"1710\" height=\"1200\" src=\"https:\/\/phrase.com\/wp-content\/uploads\/2024\/03\/Phrase_QPS_in_Suite.jpg\" alt=\"Avec Phrase QPS, les linguistes acqui\u00e8rent la capacit\u00e9 d\u2019identifier et de r\u00e9soudre les probl\u00e8mes de mani\u00e8re pertinente pendant qu\u2019ils travaillent sur les \u00e9diteurs de Strings ou de TMS, et gagnent ainsi en efficacit\u00e9 au moment de la r\u00e9vision.\" class=\"wp-image-77003\" srcset=\"https:\/\/phrase.com\/wp-content\/uploads\/2024\/03\/Phrase_QPS_in_Suite.jpg 1710w, https:\/\/phrase.com\/wp-content\/uploads\/2024\/03\/Phrase_QPS_in_Suite-300x211.jpg 300w, https:\/\/phrase.com\/wp-content\/uploads\/2024\/03\/Phrase_QPS_in_Suite-1024x719.jpg 1024w, https:\/\/phrase.com\/wp-content\/uploads\/2024\/03\/Phrase_QPS_in_Suite-768x539.jpg 768w, https:\/\/phrase.com\/wp-content\/uploads\/2024\/03\/Phrase_QPS_in_Suite-1536x1078.jpg 1536w\" sizes=\"auto, (max-width: 1710px) 100vw, 1710px\" \/><\/figure>\n<\/div>\n\n\n\n<div class=\"wp-block-column is-vertically-aligned-center is-layout-flow wp-block-column-is-layout-flow\" style=\"flex-basis:41.9672131148%\">\n<h2 class=\"wp-block-heading has-large-font-size\" id=\"h-boost-localization-efficiency-and-productivity\">Augmentez l\u2019efficacit\u00e9 et la productivit\u00e9 de votre processus de localisation<\/h2>\n\n\n\n<p>Avec Phrase QPS, les linguistes acqui\u00e8rent la capacit\u00e9 d\u2019identifier et de r\u00e9soudre les probl\u00e8mes de mani\u00e8re pertinente pendant qu\u2019ils travaillent sur les \u00e9diteurs de Strings ou de TMS, et gagnent ainsi en efficacit\u00e9 au moment de la r\u00e9vision. Quant aux chefs de projet, Phrase QPS leur offre une visibilit\u00e9 incomparable sur la performance des traductions pendant le processus de localisation. Ils peuvent alors prendre des d\u00e9cisions \u00e9clair\u00e9es concernant la r\u00e9vision et les possibilit\u00e9s de recourir \u00e0 l\u2019automatisation pour acc\u00e9l\u00e9rer certaines \u00e9tapes.<\/p>\n<\/div>\n<\/div>\n\n<div class=\"wp-block-columns alignwide are-vertically-aligned-center media-text-columns media-text-columns--media-right is-layout-flex wp-container-core-columns-is-layout-28f84493 wp-block-columns-is-layout-flex\">\n<div class=\"wp-block-column is-vertically-aligned-center is-layout-flow wp-block-column-is-layout-flow\" style=\"flex-basis:41.9672131148%\">\n<h2 class=\"wp-block-heading has-large-font-size\" id=\"h-automate-quality-evaluation-in-phrase-orchestrator\">Automatisez l\u2019\u00e9valuation de la qualit\u00e9 dans Phrase Orchestrator<\/h2>\n\n\n\n<p>Phrase Orchestrator rationalise vos op\u00e9rations en automatisant les t\u00e2ches exigeantes gr\u00e2ce \u00e0 ses capacit\u00e9s avanc\u00e9es d\u2019automatisation des flux de travaux. Avec l\u2019int\u00e9gration de Phrase QPS, les fonctionnalit\u00e9s d\u2019Orchestrator s\u2019\u00e9tendent et incluent maintenant les \u00e9valuations de la qualit\u00e9 automatis\u00e9es. Cr\u00e9ez facilement des flux de travaux qui trient le contenu traduit en fonction de son niveau de qualit\u00e9. Le contenu non conforme \u00e0 vos standards est automatiquement dirig\u00e9 vers la post-\u00e9dition, tandis que le contenu remplissant vos crit\u00e8res progresse de mani\u00e8re fluide jusqu\u2019\u00e0 la fin du processus. Non seulement cette am\u00e9lioration simplifie le processus de traduction, mais elle accro\u00eet \u00e9galement l\u2019efficacit\u00e9 et la coh\u00e9rence. La livraison de contenus de haute qualit\u00e9 est alors garantie, et l\u2019int\u00e9grit\u00e9 de votre marque pr\u00e9serv\u00e9e.<\/p>\n\n\n\n<div class=\"wp-block-buttons is-layout-flex wp-block-buttons-is-layout-flex\">\n<div class=\"wp-block-button is-style-plain\"><a class=\"wp-block-button__link wp-element-button\" href=\"https:\/\/phrase.com\/fr\/phrase-quality-technologies\/quality-performance-score\/#hubspot_demo_form\">R\u00e9server une d\u00e9mo<\/a><\/div>\n<\/div>\n<\/div>\n\n\n\n<div class=\"wp-block-column is-vertically-aligned-center is-layout-flow wp-block-column-is-layout-flow\" style=\"flex-basis:57.2131147541%\">\n<figure class=\"wp-block-image size-full\"><img loading=\"lazy\" decoding=\"async\" width=\"1710\" height=\"1200\" src=\"https:\/\/phrase.com\/wp-content\/uploads\/2024\/03\/Phrase_Orchestrator_QPS-3.jpg\" alt=\"Avec Phrase Orchestrator et QPS, cr\u00e9ez facilement des flux de travaux qui trient le contenu traduit en fonction de son niveau de qualit\u00e9.\" class=\"wp-image-76997\" srcset=\"https:\/\/phrase.com\/wp-content\/uploads\/2024\/03\/Phrase_Orchestrator_QPS-3.jpg 1710w, https:\/\/phrase.com\/wp-content\/uploads\/2024\/03\/Phrase_Orchestrator_QPS-3-300x211.jpg 300w, https:\/\/phrase.com\/wp-content\/uploads\/2024\/03\/Phrase_Orchestrator_QPS-3-1024x719.jpg 1024w, https:\/\/phrase.com\/wp-content\/uploads\/2024\/03\/Phrase_Orchestrator_QPS-3-768x539.jpg 768w, https:\/\/phrase.com\/wp-content\/uploads\/2024\/03\/Phrase_Orchestrator_QPS-3-1536x1078.jpg 1536w\" sizes=\"auto, (max-width: 1710px) 100vw, 1710px\" \/><\/figure>\n<\/div>\n<\/div>\n\n<div class=\"wp-block-columns alignwide are-vertically-aligned-center media-text-columns media-text-columns--media-left is-layout-flex wp-container-core-columns-is-layout-28f84493 wp-block-columns-is-layout-flex\">\n<div class=\"wp-block-column is-vertically-aligned-center is-layout-flow wp-block-column-is-layout-flow\" style=\"flex-basis:57.2131147541%\">\n<figure class=\"wp-block-image size-full\"><img loading=\"lazy\" decoding=\"async\" width=\"1710\" height=\"1200\" src=\"https:\/\/phrase.com\/wp-content\/uploads\/2024\/03\/Train_MT.jpg\" alt=\"Avec Phrase QPS et Phrase Custom AI, les donn\u00e9es pour l\u2019entra\u00eenement augmentent constamment en qualit\u00e9, ce qui r\u00e9duit ensuite les besoins en correction.\" class=\"wp-image-77015\" srcset=\"https:\/\/phrase.com\/wp-content\/uploads\/2024\/03\/Train_MT.jpg 1710w, https:\/\/phrase.com\/wp-content\/uploads\/2024\/03\/Train_MT-300x211.jpg 300w, https:\/\/phrase.com\/wp-content\/uploads\/2024\/03\/Train_MT-1024x719.jpg 1024w, https:\/\/phrase.com\/wp-content\/uploads\/2024\/03\/Train_MT-768x539.jpg 768w, https:\/\/phrase.com\/wp-content\/uploads\/2024\/03\/Train_MT-1536x1078.jpg 1536w\" sizes=\"auto, (max-width: 1710px) 100vw, 1710px\" \/><\/figure>\n<\/div>\n\n\n\n<div class=\"wp-block-column is-vertically-aligned-center is-layout-flow wp-block-column-is-layout-flow\" style=\"flex-basis:41.9672131148%\">\n<h2 class=\"wp-block-heading has-large-font-size\" id=\"h-train-mt-models-with-qps-powered-data-curation-through-phrase-custom-ai\">Entra\u00eenez les mod\u00e8les de TA avec la curation des donn\u00e9es bas\u00e9e sur QPS via Phrase Custom AI<\/h2>\n\n\n\n<p>Phrase QPS joue un r\u00f4le important dans l\u2019entra\u00eenement des mod\u00e8les de traduction automatique (TA). En utilisant Phrase QPS associ\u00e9 \u00e0 Phrase Custom AI, seuls les segments issus de la MT atteignant un certain niveau de QPS sont utilis\u00e9s pour entra\u00eener le mod\u00e8le de TA. Cette m\u00e9thode est simple et efficace\u00a0: elle fournit des donn\u00e9es de meilleure qualit\u00e9 pour l\u2019entra\u00eenement, ce qui r\u00e9duit ensuite les besoins en correction.<\/p>\n<\/div>\n<\/div>\n\n<div style=\"height:10px\" aria-hidden=\"true\" class=\"wp-block-spacer\"><\/div>\n\n<div class=\"wp-block-group alignwide has-light-grey-color has-blue-background-color has-text-color has-background has-link-color wp-elements-c764377993e2c1ac5e23900d4a592e1f has-global-padding is-layout-constrained wp-block-group-is-layout-constrained\">\n<h2 class=\"wp-block-heading has-text-align-center\" id=\"h-a-leader-in-localization\">Un leader de la localisation<\/h2>\n\n\n\n<div class=\"wp-block-columns alignwide is-not-stacked-on-mobile is-style-image-grid is-layout-flex wp-container-core-columns-is-layout-87527e6a wp-block-columns-is-layout-flex\" style=\"padding-right:var(--wp--preset--spacing--70);padding-left:var(--wp--preset--spacing--70)\">\n<div class=\"wp-block-column is-vertically-aligned-bottom is-layout-flow wp-block-column-is-layout-flow\">\n<figure class=\"wp-block-image aligncenter size-large is-resized\"><img loading=\"lazy\" decoding=\"async\" width=\"94\" height=\"122\" src=\"https:\/\/phrase.com\/wp-content\/uploads\/2023\/12\/TranslationManagement_Leader_Enterprise_Leader.svg\" alt=\"\" class=\"wp-image-72620\" style=\"width:66px;height:auto\" \/><figcaption class=\"wp-element-caption\">G2 Satisfaction Scoring<\/figcaption><\/figure>\n<\/div>\n\n\n\n<div class=\"wp-block-column is-vertically-aligned-bottom is-layout-flow wp-block-column-is-layout-flow\">\n<figure class=\"wp-block-image aligncenter size-large is-resized\"><img loading=\"lazy\" decoding=\"async\" width=\"94\" height=\"122\" src=\"https:\/\/phrase.com\/wp-content\/uploads\/2023\/09\/Computer-AssistedTranslation_Leader_Leader.svg\" alt=\"R\u00e9compenses G2 | Hiver 2023 | Phrase\" class=\"wp-image-63738\" style=\"width:66px;height:auto\" \/><figcaption class=\"wp-element-caption\">G2 Satisfaction Scoring<\/figcaption><\/figure>\n<\/div>\n\n\n\n<div class=\"wp-block-column is-vertically-aligned-bottom is-layout-flow wp-block-column-is-layout-flow\">\n<figure class=\"wp-block-image aligncenter size-full\"><img loading=\"lazy\" decoding=\"async\" width=\"87\" height=\"86\" src=\"https:\/\/phrase.com\/wp-content\/uploads\/2024\/02\/Circle-Logo-Nimdzi-1.png\" alt=\"\" class=\"wp-image-75722\" \/><figcaption class=\"wp-element-caption\">Nimdzi New Visionary <\/figcaption><\/figure>\n<\/div>\n\n\n\n<div class=\"wp-block-column is-vertically-aligned-bottom is-layout-flow wp-block-column-is-layout-flow\">\n<figure class=\"wp-block-image aligncenter size-large\"><img loading=\"lazy\" decoding=\"async\" width=\"156\" height=\"78\" src=\"https:\/\/phrase.com\/wp-content\/uploads\/2024\/02\/Group-39909.svg\" alt=\"\" class=\"wp-image-75728\" \/><figcaption class=\"wp-element-caption\">Note des utilisateurs\u00a0: 9,1\/10<\/figcaption><\/figure>\n<\/div>\n\n\n\n<div class=\"wp-block-column is-vertically-aligned-bottom is-layout-flow wp-block-column-is-layout-flow\">\n<figure class=\"wp-block-image aligncenter size-large\"><img loading=\"lazy\" decoding=\"async\" width=\"120\" height=\"78\" src=\"https:\/\/phrase.com\/wp-content\/uploads\/2024\/02\/Group-39910.svg\" alt=\"\" class=\"wp-image-75734\" \/><figcaption class=\"wp-element-caption\">Note des utilisateurs\u00a0: 4,6\/5<\/figcaption><\/figure>\n<\/div>\n<\/div>\n\n\n\n<div class=\"wp-block-buttons is-content-justification-center is-layout-flex wp-container-core-buttons-is-layout-a89b3969 wp-block-buttons-is-layout-flex\">\n<div class=\"wp-block-button is-style-grey-filled\"><a class=\"wp-block-button__link wp-element-button\" href=\"https:\/\/phrase.com\/fr\/awards-reviews\/\">Phrase\u00a0: une expertise reconnue<\/a><\/div>\n\n\n\n<div class=\"wp-block-button is-style-white-outline\"><a class=\"wp-block-button__link wp-element-button\" href=\"https:\/\/phrase.com\/fr\/pricing\/\">Tarifs<\/a><\/div>\n<\/div>\n<\/div>\n\n<div class=\"wp-block-group alignfull is-content-justification-center is-layout-flex wp-container-core-group-is-layout-9f188630 wp-block-group-is-layout-flex\" style=\"padding-top:var(--wp--preset--spacing--16);padding-bottom:var(--wp--preset--spacing--16)\">\n<figure class=\"wp-block-image size-full is-resized\"><img loading=\"lazy\" decoding=\"async\" width=\"300\" height=\"43\" src=\"https:\/\/phrase.com\/wp-content\/uploads\/2024\/02\/Lionbridge_Logo-300x43-1.png\" alt=\"\" class=\"wp-image-75740\" style=\"width:auto;height:19px\" \/><\/figure>\n\n\n\n<figure class=\"wp-block-image size-full is-resized\"><img loading=\"lazy\" decoding=\"async\" width=\"128\" height=\"45\" src=\"https:\/\/phrase.com\/wp-content\/uploads\/2024\/02\/Uber_Logo.png\" alt=\"\" class=\"wp-image-75746\" style=\"width:auto;height:20px\" \/><\/figure>\n\n\n\n<figure class=\"wp-block-image size-full is-resized\"><img loading=\"lazy\" decoding=\"async\" width=\"225\" height=\"50\" src=\"https:\/\/phrase.com\/wp-content\/uploads\/2024\/02\/Huawei_Logo.png\" alt=\"\" class=\"wp-image-75758\" style=\"width:117px;height:auto\" \/><\/figure>\n\n\n\n<figure class=\"wp-block-image size-full is-resized\"><img loading=\"lazy\" decoding=\"async\" width=\"227\" height=\"113\" src=\"https:\/\/phrase.com\/wp-content\/uploads\/2024\/02\/Puma_logo.svg\" alt=\"Logo Puma | Phrase\" class=\"wp-image-75541\" style=\"width:auto;height:30px\" \/><\/figure>\n\n\n\n<figure class=\"wp-block-image size-full is-resized\"><img loading=\"lazy\" decoding=\"async\" width=\"220\" height=\"46\" src=\"https:\/\/phrase.com\/wp-content\/uploads\/2023\/04\/zendesk_logo-1.png\" alt=\"Logo Zendesk color\u00e9 pour la banni\u00e8re de logos | Phrase\" class=\"wp-image-45659\" style=\"width:129px;height:auto\" \/><\/figure>\n\n\n\n<figure class=\"wp-block-image size-full is-resized\"><img loading=\"lazy\" decoding=\"async\" width=\"208\" height=\"62\" src=\"https:\/\/phrase.com\/wp-content\/uploads\/2023\/04\/Shopify_Logo.png\" alt=\"Logo Shopify color\u00e9 pour la banni\u00e8re de logos | Phrase\" class=\"wp-image-45669\" style=\"width:auto;height:30px\" \/><\/figure>\n\n\n\n<figure class=\"wp-block-image size-full is-resized\"><img loading=\"lazy\" decoding=\"async\" width=\"372\" height=\"85\" src=\"https:\/\/phrase.com\/wp-content\/uploads\/2023\/11\/snowflake_logo.png\" alt=\"Logo Snowflake | Phrase\" class=\"wp-image-71118\" style=\"width:auto;height:30px\" srcset=\"https:\/\/phrase.com\/wp-content\/uploads\/2023\/11\/snowflake_logo.png 372w, https:\/\/phrase.com\/wp-content\/uploads\/2023\/11\/snowflake_logo-300x69.png 300w\" sizes=\"auto, (max-width: 372px) 100vw, 372px\" \/><\/figure>\n<\/div>\n\n<div class=\"wp-block-columns alignwide is-layout-flex wp-container-core-columns-is-layout-057d20c6 wp-block-columns-is-layout-flex\" style=\"padding-right:var(--wp--preset--spacing--70);padding-left:var(--wp--preset--spacing--70)\">\n<div class=\"wp-block-column is-layout-flow wp-block-column-is-layout-flow\">\n<div style=\"height:50px\" aria-hidden=\"true\" class=\"wp-block-spacer\"><\/div>\n\n\n\n<h2 class=\"wp-block-heading\" id=\"h-request-a-demo\"><strong>R\u00e9server une d\u00e9mo<\/strong><\/h2>\n\n\n\n<p class=\"has-large-font-size\">Nous serions ravis de vous montrer comment fonctionne Phrase Localization Platform et de r\u00e9pondre \u00e0 toutes vos questions. Pour voir le produit en action, veuillez remplir le formulaire et nous vous recontacterons tr\u00e8s prochainement.<\/p>\n<\/div>\n\n\n\n<div class=\"wp-block-column is-layout-flow wp-block-column-is-layout-flow\" id=\"hubspot_demo_form\">\n<div style=\"height:50px\" aria-hidden=\"true\" class=\"wp-block-spacer\"><\/div>\n\n\n\n\n\n  hbspt.forms.create({\n    region: \u00ab\u00a0na1\u00a0\u00bb,\n    portalId: \u00ab\u00a0584311\u00a0\u00bb,\n    formId: \u00ab\u00a0beafebc5-6573-4213-b2bf-1e0b4f9b973a\u00a0\u00bb\n  });\n\n\n\n\nvar cpTenantDomain = \u00ab\u00a0phrase\u00a0\u00bb; \/\/ replace with your subdomain\nvar cpRouterName = \u00ab\u00a0phrase_new\u00a0\u00bb; \/\/ replace with the router&rsquo;s name\nvar lead = {};\nwindow.addEventListener(\u00ab\u00a0message\u00a0\u00bb, function (event) {\n   if (event.data.type === \u00ab\u00a0hsFormCallback\u00a0\u00bb) {\n       if (event.data.eventName === \u00ab\u00a0onFormSubmit\u00a0\u00bb) {\n           for (var key in event.data.data) {\n               if (Array.isArray(event.data.data[key].value)) {event.data.data[key].value = event.data.data[key].value.toString().replaceAll(\u00ab\u00a0,\u00a0\u00bb,\u00a0\u00bb;\u00a0\u00bb);}\n               lead[event.data.data[key].name] = event.data.data[key].value;\n           }\n           if(Object.keys(lead).length &lt;= 1){lead = event.data.data;}\n       } else if (event.data.eventName === &quot;onFormSubmitted&quot;) {\n           ChiliPiper.submit(cpTenantDomain, cpRouterName, {map:true,lead:lead});\n       }\n   }\n});\n\n\n\n\n<div class=\"wp-block-group is-style-info-box has-lightblue-to-transparent-gradient-background has-background has-global-padding is-content-justification-left is-layout-constrained wp-container-core-group-is-layout-b293a2dc wp-block-group-is-layout-constrained block-visibility-hide-large-screen\" style=\"margin-top:var(--wp--preset--spacing--70);padding-top:var(--wp--preset--spacing--16);padding-right:var(--wp--preset--spacing--16);padding-bottom:var(--wp--preset--spacing--16);padding-left:var(--wp--preset--spacing--16)\">\n<div class=\"wp-block-group is-nowrap is-layout-flex wp-container-core-group-is-layout-6c531013 wp-block-group-is-layout-flex\">\n<figure class=\"wp-block-image size-large\"><img decoding=\"async\" src=\"https:\/\/phrase.com\/wp-content\/uploads\/2024\/03\/svgexport-1-20.svg\" alt=\"\" class=\"wp-image-71953\" \/><\/figure>\n\n\n\n<p><strong>Vous pr\u00e9f\u00e9rez nous parler\u00a0?<\/strong><\/p>\n<\/div>\n\n\n\n<div class=\"wp-block-buttons is-layout-flex wp-block-buttons-is-layout-flex\">\n<div class=\"wp-block-button is-style-blue-filled\"><a class=\"wp-block-button__link wp-element-button\">Contactez-nous<\/a><\/div>\n<\/div>\n<\/div>\n<\/div>\n<\/div>\n\n","protected":false},"excerpt":{"rendered":"<p>D\u00e9verrouillez la qualit\u00e9 avec Phrase QPS \u00e0 grande \u00e9chelle Phrase QPS (Quality Performance Score, ou score de performance qualit\u00e9) est un outil puissant qui \u00e9value la qualit\u00e9 du contenu en combinant le syst\u00e8me de post-\u00e9dition et d\u2019\u00e9valuation par l\u2019IA de Phrase \u00e0 MQM 2.0, standard de mesure de la qualit\u00e9. Avec son syst\u00e8me de notation [&hellip;]<\/p>\n","protected":false},"author":75,"featured_media":7474,"parent":134677,"menu_order":0,"comment_status":"closed","ping_status":"closed","template":"page-refresh","meta":{"_acf_changed":false,"_stopmodifiedupdate":false,"_modified_date":"","_searchwp_excluded":"","episode_type":"","audio_file":"","podmotor_file_id":"","podmotor_episode_id":"","cover_image":"","cover_image_id":"","duration":"","filesize":"","filesize_raw":"","date_recorded":"","explicit":"","block":"","itunes_episode_number":"","itunes_title":"","itunes_season_number":"","itunes_episode_type":"","footnotes":""},"class_list":["post-124078","page","type-page","status-publish","has-post-thumbnail","hentry"],"acf":[],"_links":{"self":[{"href":"https:\/\/phrase.com\/fr\/wp-json\/wp\/v2\/pages\/124078","targetHints":{"allow":["GET"]}}],"collection":[{"href":"https:\/\/phrase.com\/fr\/wp-json\/wp\/v2\/pages"}],"about":[{"href":"https:\/\/phrase.com\/fr\/wp-json\/wp\/v2\/types\/page"}],"author":[{"embeddable":true,"href":"https:\/\/phrase.com\/fr\/wp-json\/wp\/v2\/users\/75"}],"replies":[{"embeddable":true,"href":"https:\/\/phrase.com\/fr\/wp-json\/wp\/v2\/comments?post=124078"}],"version-history":[{"count":1,"href":"https:\/\/phrase.com\/fr\/wp-json\/wp\/v2\/pages\/124078\/revisions"}],"predecessor-version":[{"id":124079,"href":"https:\/\/phrase.com\/fr\/wp-json\/wp\/v2\/pages\/124078\/revisions\/124079"}],"up":[{"embeddable":true,"href":"https:\/\/phrase.com\/fr\/wp-json\/wp\/v2\/pages\/134677"}],"wp:featuredmedia":[{"embeddable":true,"href":"https:\/\/phrase.com\/fr\/wp-json\/wp\/v2\/media\/7474"}],"wp:attachment":[{"href":"https:\/\/phrase.com\/fr\/wp-json\/wp\/v2\/media?parent=124078"}],"curies":[{"name":"wp","href":"https:\/\/api.w.org\/{rel}","templated":true}]}}