{"id":124273,"date":"2025-10-06T11:07:07","date_gmt":"2025-10-06T09:07:07","guid":{"rendered":"https:\/\/phrase.com\/publicite-marque\/"},"modified":"2026-04-13T16:21:35","modified_gmt":"2026-04-13T14:21:35","slug":"ads-brand-3","status":"publish","type":"page","link":"https:\/\/phrase.com\/fr\/ads-brand-3\/","title":{"rendered":"Publicit\u00e9 &#8211; Marque"},"content":{"rendered":"\n<div class=\"wp-block-group alignwide is-style-header-hero has-white-color has-green-80-background-color has-text-color has-background has-link-color has-background-images wp-elements-759fd120d975450460d50601f1ccc07c is-layout-flow wp-block-group-is-layout-flow\" style=\"padding-top:var(--wp--preset--spacing--70);padding-bottom:var(--wp--preset--spacing--70);background-image:url(https:\/\/phrase.com\/wp-content\/uploads\/2024\/03\/Subhero-Header-Image-Green-Phrase-TMS.png.webp);background-position:0% 0%;background-attachment:scroll;background-repeat:no-repeat;background-size:cover\"><div class=\"yoast-breadcrumbs\"><span><span><a href=\"https:\/\/phrase.com\/fr\/\">Home<\/a><\/span> | <span class=\"breadcrumb_last\" aria-current=\"page\">Pourquoi Phrase est-il choisi ?<\/span><\/span><\/div>\n\n\n<h1 class=\"wp-block-heading\" id=\"h-unlock-language-unlock-opportunity\">D\u00e9bloquez les langues.<br>D\u00e9bloquez des opportunit\u00e9s.<a href=\"https:\/\/phrase.com\/lp\/brand\/clkg\/https\/phrase.com\/demo\/\" target=\"_blank\" rel=\"noreferrer noopener\"><\/a><a href=\"https:\/\/phrase.com\/lp\/software-translation\/clkg\/https\/phrase.com\/demo\/\" target=\"_blank\" rel=\"noreferrer noopener\"><\/a><\/h1>\n\n\n\n<p class=\"has-phrase-green-color has-text-color has-link-color wp-elements-251a8cdba341c503bb57d6b54b74ec42\">Ouvrez la porte aux affaires mondiales et stimulez la croissance. <br>Le plus puissant et disposant d&rsquo;une connectivit\u00e9 exceptionnelle,<br>Une plateforme de localisation personnalisable.\u00a0<\/p>\n\n\n\n<div class=\"wp-block-buttons is-layout-flex wp-block-buttons-is-layout-flex\">\n<div class=\"wp-block-button is-style-phrase-green-filled\"><a class=\"wp-block-button__link wp-element-button\" href=\"https:\/\/phrase.com\/fr\/demo\/\">\u30c7\u30e2\u3092\u4f9d\u983c\u3059\u308b<\/a><\/div>\n<\/div>\n<\/div>\n\n\n\n<div class=\"wp-block-group alignwide has-light-grey-background-color has-background has-background-images is-vertical is-layout-flex wp-container-core-group-is-layout-629585ae wp-block-group-is-layout-flex\" style=\"margin-top:var(--wp--preset--spacing--10);background-image:url(https:\/\/phrase.com\/wp-content\/uploads\/2024\/03\/svgexport-1-8.svg),url(https:\/\/phrase.com\/wp-content\/uploads\/2024\/03\/svgexport-1-9.svg);background-position:100% 100%,-4% 600%;background-attachment:scroll,scroll;background-repeat:no-repeat,no-repeat;background-size:auto,auto\">\n<ul class=\"wp-block-list is-style-checkmark has-large-font-size\">\n<li class=\"has-medium-font-size\">Automatisez vos flux de travail de traduction et g\u00e9rez facilement vos projets de localisation.<\/li>\n\n\n\n<li class=\"has-medium-font-size\">Centralisez toutes les informations textuelles de vos produits en un seul endroit et r\u00e9duisez de moiti\u00e9 le temps n\u00e9cessaire.<\/li>\n\n\n\n<li class=\"has-medium-font-size\">Vous pouvez cr\u00e9er et g\u00e9rer des traductions de haute qualit\u00e9 plus rapidement, \u00e0 moindre co\u00fbt et en toute simplicit\u00e9.<\/li>\n<\/ul>\n<\/div>\n\n\n\n<div class=\"wp-block-group alignfull is-content-justification-center is-layout-flex wp-container-core-group-is-layout-9f188630 wp-block-group-is-layout-flex\" style=\"padding-top:var(--wp--preset--spacing--16);padding-bottom:var(--wp--preset--spacing--16)\">\n<figure class=\"wp-block-image size-full is-resized\"><img loading=\"lazy\" decoding=\"async\" width=\"300\" height=\"43\" src=\"https:\/\/phrase.com\/wp-content\/uploads\/2024\/02\/Lionbridge_Logo-300x43-1.png\" alt=\"\" class=\"wp-image-75740\" style=\"width:auto;height:19px\" \/><\/figure>\n\n\n\n<figure class=\"wp-block-image size-full is-resized\"><img loading=\"lazy\" decoding=\"async\" width=\"128\" height=\"45\" src=\"https:\/\/phrase.com\/wp-content\/uploads\/2024\/02\/Uber_Logo.png\" alt=\"\" class=\"wp-image-75746\" style=\"width:auto;height:20px\" \/><\/figure>\n\n\n\n<figure class=\"wp-block-image size-full is-resized\"><img loading=\"lazy\" decoding=\"async\" width=\"332\" height=\"90\" src=\"https:\/\/phrase.com\/wp-content\/uploads\/2023\/10\/deliveroo_logo.png\" alt=\"Logo Deliveroo | Phrase\" class=\"wp-image-66535\" style=\"width:114px;height:auto\" srcset=\"https:\/\/phrase.com\/wp-content\/uploads\/2023\/10\/deliveroo_logo.png 332w, https:\/\/phrase.com\/wp-content\/uploads\/2023\/10\/deliveroo_logo-300x81.png 300w\" sizes=\"auto, (max-width: 332px) 100vw, 332px\" \/><\/figure>\n\n\n\n<figure class=\"wp-block-image size-full is-resized\"><img loading=\"lazy\" decoding=\"async\" width=\"225\" height=\"50\" src=\"https:\/\/phrase.com\/wp-content\/uploads\/2024\/02\/Huawei_Logo.png\" alt=\"\" class=\"wp-image-75758\" style=\"width:auto;height:30px\" \/><\/figure>\n\n\n\n<figure class=\"wp-block-image size-full is-resized\"><img loading=\"lazy\" decoding=\"async\" width=\"227\" height=\"113\" src=\"https:\/\/phrase.com\/wp-content\/uploads\/2024\/02\/Puma_logo.svg\" alt=\"Logo Puma | Phrase\" class=\"wp-image-75541\" style=\"width:auto;height:30px\" \/><\/figure>\n\n\n\n<figure class=\"wp-block-image size-full is-resized\"><img loading=\"lazy\" decoding=\"async\" width=\"200\" height=\"34\" src=\"https:\/\/phrase.com\/wp-content\/uploads\/2023\/04\/Fujifilm_Logo.png\" alt=\"Logo Fujifilm color\u00e9 pour la banni\u00e8re de logos | Phrase\" class=\"wp-image-45664\" style=\"width:auto;height:20px\" \/><\/figure>\n\n\n\n<figure class=\"wp-block-image size-full is-resized\"><img loading=\"lazy\" decoding=\"async\" width=\"314\" height=\"79\" src=\"https:\/\/phrase.com\/wp-content\/uploads\/2023\/10\/Decathlon_logo.png\" alt=\"Decathlon logo | Phrase\" class=\"wp-image-66541\" style=\"width:auto;height:30px\" srcset=\"https:\/\/phrase.com\/wp-content\/uploads\/2023\/10\/Decathlon_logo.png 314w, https:\/\/phrase.com\/wp-content\/uploads\/2023\/10\/Decathlon_logo-300x75.png 300w\" sizes=\"auto, (max-width: 314px) 100vw, 314px\" \/><\/figure>\n<\/div>\n\n\n\n<div class=\"wp-block-group alignwide has-light-grey-color has-blue-background-color has-text-color has-background has-link-color wp-elements-a73b75831ba4436b4905ca40387b47aa has-global-padding is-layout-constrained wp-block-group-is-layout-constrained\">\n<h2 class=\"wp-block-heading alignwide has-text-align-center has-extra-large-font-size\" id=\"h-the-go-to-end-to-end-localization-solution-that-offers-at-scale-unprecedented-levels-of-customization-automation-and-reporting-to-help-you-truly-connect-with-new-audiences-and-drive-global-growth\">Une solution de localisation de bout en bout fiable qui offre un niveau de personnalisation, d&rsquo;automatisation et de reporting sans pr\u00e9c\u00e9dent, permettant de se connecter v\u00e9ritablement \u00e0 de nouveaux segments de clients et de stimuler la croissance mondiale.<\/h2>\n\n\n\n<p class=\"has-text-align-center has-yellow-color has-text-color has-link-color has-large-font-size wp-elements-9c2316793fb6c1b2b6f81a4d31bbf60d\">\u00c9tude d&rsquo;impact \u00e9conomique (TEI) de Phrase par Forrester Consulting<\/p>\n\n\n\n<div class=\"wp-block-columns alignwide is-not-stacked-on-mobile is-style-image-grid is-layout-flex wp-container-core-columns-is-layout-87527e6a wp-block-columns-is-layout-flex\" style=\"padding-right:var(--wp--preset--spacing--70);padding-left:var(--wp--preset--spacing--70)\">\n<div class=\"wp-block-column is-vertically-aligned-bottom is-layout-flow wp-block-column-is-layout-flow\">\n<figure class=\"wp-block-image aligncenter size-large is-resized\"><img loading=\"lazy\" decoding=\"async\" width=\"94\" height=\"122\" src=\"https:\/\/phrase.com\/wp-content\/uploads\/2024\/04\/SoftwareLocalizationTools_Leader_Leader.svg\" alt=\"\" class=\"wp-image-81244\" style=\"width:66px;height:auto\" \/><figcaption class=\"wp-element-caption\">Score de satisfaction G2<\/figcaption><\/figure>\n<\/div>\n\n\n\n<div class=\"wp-block-column is-vertically-aligned-bottom is-layout-flow wp-block-column-is-layout-flow\">\n<figure class=\"wp-block-image aligncenter size-large is-resized\"><img loading=\"lazy\" decoding=\"async\" width=\"94\" height=\"122\" src=\"https:\/\/phrase.com\/wp-content\/uploads\/2024\/04\/TranslationManagement_Leader_Enterprise_Leader.svg\" alt=\"\" class=\"wp-image-81165\" style=\"width:66px;height:auto\" \/><figcaption class=\"wp-element-caption\">Score de satisfaction G2<\/figcaption><\/figure>\n<\/div>\n\n\n\n<div class=\"wp-block-column is-vertically-aligned-bottom is-layout-flow wp-block-column-is-layout-flow\">\n<figure class=\"wp-block-image aligncenter size-full is-resized\"><img loading=\"lazy\" decoding=\"async\" width=\"488\" height=\"488\" src=\"https:\/\/phrase.com\/wp-content\/uploads\/2024\/04\/Nimdzi-logo.svg\" alt=\"\" class=\"wp-image-81354\" style=\"width:85px;height:auto\" \/><figcaption class=\"wp-element-caption\">Nimdzi New Visionary <\/figcaption><\/figure>\n<\/div>\n\n\n\n<div class=\"wp-block-column is-vertically-aligned-bottom is-layout-flow wp-block-column-is-layout-flow\">\n<figure class=\"wp-block-image aligncenter size-large\"><img loading=\"lazy\" decoding=\"async\" width=\"156\" height=\"78\" src=\"https:\/\/phrase.com\/wp-content\/uploads\/2024\/02\/Group-39909.svg\" alt=\"\" class=\"wp-image-75728\" \/><figcaption class=\"wp-element-caption\">9.1\/10 \n\u30e6\u30fc\u30b6\u30fc\u8a55\u4fa1<\/figcaption><\/figure>\n<\/div>\n\n\n\n<div class=\"wp-block-column is-vertically-aligned-bottom is-layout-flow wp-block-column-is-layout-flow\">\n<figure class=\"wp-block-image aligncenter size-large\"><img loading=\"lazy\" decoding=\"async\" width=\"120\" height=\"78\" src=\"https:\/\/phrase.com\/wp-content\/uploads\/2024\/02\/Group-39910.svg\" alt=\"\" class=\"wp-image-75734\" \/><figcaption class=\"wp-element-caption\">4.6\/5 \n\u30e6\u30fc\u30b6\u30fc\u8a55\u4fa1<\/figcaption><\/figure>\n<\/div>\n<\/div>\n<\/div>\n\n\n\n<div class=\"wp-block-group alignwide has-yellow-background-color has-background has-global-padding is-layout-constrained wp-block-group-is-layout-constrained\">\n<h2 class=\"wp-block-heading has-text-align-center\" id=\"h-want-to-find-out-more\">Souhaitez-vous en savoir plus ?<\/h2>\n\n\n\n<div class=\"wp-block-buttons is-content-justification-center is-layout-flex wp-container-core-buttons-is-layout-a89b3969 wp-block-buttons-is-layout-flex\">\n<div class=\"wp-block-button\"><a class=\"wp-block-button__link wp-element-button\" href=\"https:\/\/phrase.com\/fr\/demo\/\">\u304a\u554f\u3044\u5408\u308f\u305b<\/a><\/div>\n<\/div>\n<\/div>\n\n\n","protected":false},"excerpt":{"rendered":"<p>D\u00e9bloquez les langues.D\u00e9bloquez des opportunit\u00e9s. Ouvrez la porte aux affaires mondiales et stimulez la croissance. Le plus puissant et disposant d&rsquo;une connectivit\u00e9 exceptionnelle,Une plateforme de localisation personnalisable.\u00a0 Une solution de localisation de bout en bout fiable qui offre un niveau de personnalisation, d&rsquo;automatisation et de reporting sans pr\u00e9c\u00e9dent, permettant de se connecter v\u00e9ritablement \u00e0 de [&hellip;]<\/p>\n","protected":false},"author":63,"featured_media":7474,"parent":0,"menu_order":0,"comment_status":"closed","ping_status":"closed","template":"page-refresh","meta":{"_acf_changed":false,"_stopmodifiedupdate":false,"_modified_date":"","_searchwp_excluded":"1","episode_type":"","audio_file":"","podmotor_file_id":"","podmotor_episode_id":"","cover_image":"","cover_image_id":"","duration":"","filesize":"","filesize_raw":"","date_recorded":"","explicit":"","block":"","itunes_episode_number":"","itunes_title":"","itunes_season_number":"","itunes_episode_type":"","footnotes":""},"class_list":["post-124273","page","type-page","status-publish","has-post-thumbnail","hentry"],"acf":[],"_links":{"self":[{"href":"https:\/\/phrase.com\/fr\/wp-json\/wp\/v2\/pages\/124273","targetHints":{"allow":["GET"]}}],"collection":[{"href":"https:\/\/phrase.com\/fr\/wp-json\/wp\/v2\/pages"}],"about":[{"href":"https:\/\/phrase.com\/fr\/wp-json\/wp\/v2\/types\/page"}],"author":[{"embeddable":true,"href":"https:\/\/phrase.com\/fr\/wp-json\/wp\/v2\/users\/63"}],"replies":[{"embeddable":true,"href":"https:\/\/phrase.com\/fr\/wp-json\/wp\/v2\/comments?post=124273"}],"version-history":[{"count":2,"href":"https:\/\/phrase.com\/fr\/wp-json\/wp\/v2\/pages\/124273\/revisions"}],"predecessor-version":[{"id":140163,"href":"https:\/\/phrase.com\/fr\/wp-json\/wp\/v2\/pages\/124273\/revisions\/140163"}],"wp:featuredmedia":[{"embeddable":true,"href":"https:\/\/phrase.com\/fr\/wp-json\/wp\/v2\/media\/7474"}],"wp:attachment":[{"href":"https:\/\/phrase.com\/fr\/wp-json\/wp\/v2\/media?parent=124273"}],"curies":[{"name":"wp","href":"https:\/\/api.w.org\/{rel}","templated":true}]}}