{"id":124946,"date":"2023-04-06T14:32:21","date_gmt":"2023-04-06T12:32:21","guid":{"rendered":"https:\/\/phrase.com\/actum-digital\/"},"modified":"2025-11-14T16:13:50","modified_gmt":"2025-11-14T15:13:50","slug":"actum-digital","status":"publish","type":"page","link":"https:\/\/phrase.com\/fr\/partners\/actum-digital\/","title":{"rendered":"ACTUM\u00a0Digital"},"content":{"rendered":"\n<div class=\"wp-block-group alignfull is-style-copy has-transparent-background-color has-background has-global-padding is-content-justification-center is-layout-constrained wp-block-group-is-layout-constrained\" style=\"padding-top:var(--wp--preset--spacing--45);padding-bottom:var(--wp--preset--spacing--45)\">\n<div class=\"wp-block-group alignwide has-global-padding is-content-justification-center is-layout-constrained wp-container-core-group-is-layout-cefc1864 wp-block-group-is-layout-constrained\" style=\"padding-left:var(--wp--preset--spacing--56)\">\n<p class=\"has-text-align-center has-blue-color has-text-color has-link-color wp-elements-eb4885cd7e3bb80c3e3f818b78424659\">PARTENAIRE DE PHRASE<\/p>\n\n\n\n<figure class=\"wp-block-image aligncenter size-full is-resized is-style-not-rounded\"><img loading=\"lazy\" decoding=\"async\" width=\"486\" height=\"75\" src=\"https:\/\/phrase.com\/wp-content\/uploads\/2022\/08\/Actum_Digital_logo.png\" alt=\"Logo Actum Digital | Phrase\" class=\"wp-image-4125\" style=\"width:280px;height:auto\" srcset=\"https:\/\/phrase.com\/wp-content\/uploads\/2022\/08\/Actum_Digital_logo.png 486w, https:\/\/phrase.com\/wp-content\/uploads\/2022\/08\/Actum_Digital_logo-300x46.png 300w\" sizes=\"auto, (max-width: 486px) 100vw, 486px\" \/><\/figure>\n\n\n\n<div style=\"height:20px\" aria-hidden=\"true\" class=\"wp-block-spacer\"><\/div>\n\n\n\n<h3 class=\"wp-block-heading has-text-align-center has-medium-font-size\" id=\"h-full-digital-control-guided-by-an-expert-hand\" style=\"margin-bottom:var(--wp--preset--spacing--8);font-style:normal;font-weight:400\"><strong>Contr\u00f4le num\u00e9rique complet guid\u00e9 par une main experte<\/strong><\/h3>\n\n\n\n<p class=\"has-text-align-center\"><a href=\"https:\/\/www.acclaro.com\/?utm_campaign=Partner%20Marketing&amp;utm_source=Phrase%20partner%20listing&amp;utm_medium=Main%20link&amp;utm_term=Acclaro\" target=\"_blank\" rel=\"noreferrer noopener\"><\/a><a href=\"https:\/\/www.actumdigital.com\/\" target=\"_blank\" rel=\"noreferrer noopener\">www.actumdigital.com<\/a><\/p>\n\n\n\n<div style=\"height:60px\" aria-hidden=\"true\" class=\"wp-block-spacer\"><\/div>\n\n\n\n<p class=\"has-text-align-center\" style=\"margin-top:0;margin-bottom:var(--wp--preset--spacing--40)\"><strong><br><\/strong>ACTUM Digital est une agence num\u00e9rique de premier plan, dont le si\u00e8ge est en R\u00e9publique tch\u00e8que, avec des bureaux aux Pays-Bas et en Allemagne. Notre mission est d&rsquo;aider les entreprises \u00e0 obtenir un avantage concurrentiel en fournissant des services de bout en bout pour la gestion des exp\u00e9riences, du commerce, des processus commerciaux, du contenu et des donn\u00e9es \u00e0 grande \u00e9chelle. Avec 26 ans d&rsquo;exp\u00e9rience dans l&rsquo;industrie et une \u00e9quipe de 300 experts qualifi\u00e9s, nous avons un bilan \u00e9prouv\u00e9 de la fourniture de solutions de haute qualit\u00e9 pour des leaders du march\u00e9 mondial en Europe de l&rsquo;Ouest, au Royaume-Uni et aux \u00c9tats-Unis.<br><br>Nos clients incluent des entreprises telles que Christie\u2019s, Conrad Electronic, Schott, Uponor, Allianz Global Investors et Soci\u00e9t\u00e9 G\u00e9n\u00e9rale. En plus de notre partenariat avec Phrase, nous travaillons \u00e9galement avec des fournisseurs de technologie de premier plan tels que Microsoft, SAP, Salesforce, Sitecore, Kentico, Kontent.ai, BigCommerce, Inriver et Bloomreach pour apporter les meilleures solutions \u00e0 nos clients. Chez ACTUM Digital, nous mettons un fort accent sur la qualit\u00e9 et la s\u00e9curit\u00e9. Nous sommes certifi\u00e9s ISO 9001, ISO 20000 et ISO 27001, garantissant que nos services r\u00e9pondent aux normes les plus \u00e9lev\u00e9es. Nous sommes \u00e9galement certifi\u00e9s TISAX, ce qui nous permet de g\u00e9rer des informations sensibles pour nos clients dans l&rsquo;industrie automobile.<\/p>\n\n\n\n<p class=\"has-text-align-center\"><strong>Localisation<\/strong><\/p>\n\n\n\n<p class=\"has-text-align-center\">Pays-Bas, Allemagne et R\u00e9publique tch\u00e8que.<\/p>\n\n\n\n<div style=\"height:19px\" aria-hidden=\"true\" class=\"wp-block-spacer\"><\/div>\n\n\n\n<div class=\"wp-block-buttons is-content-justification-center is-layout-flex wp-container-core-buttons-is-layout-a89b3969 wp-block-buttons-is-layout-flex\">\n<div class=\"wp-block-button\"><a class=\"wp-block-button__link wp-element-button\" href=\"https:\/\/phrase.com\/fr\/demo\/\" target=\"_blank\" rel=\"noreferrer noopener\">Nous contacter<\/a><\/div>\n\n\n\n<div class=\"wp-block-button is-style-black-outline\"><a class=\"wp-block-button__link has-text-align-center wp-element-button\" href=\"https:\/\/www.actumdigital.com\/\" target=\"_blank\" rel=\"noreferrer noopener\">Visiter le site web<\/a><\/div>\n<\/div>\n<\/div>\n<\/div>\n\n\n\n<div class=\"wp-block-columns alignwide are-vertically-aligned-center is-style-default is-layout-flex wp-container-core-columns-is-layout-28f84493 wp-block-columns-is-layout-flex\">\n<div class=\"wp-block-column is-vertically-aligned-center is-layout-flow wp-container-core-column-is-layout-6220b9e6 wp-block-column-is-layout-flow\" style=\"flex-basis:100%\">\n<h2 class=\"wp-block-heading has-text-align-center has-extra-large-font-size\" id=\"h-services-offered\"><strong>Services propos\u00e9s<\/strong><\/h2>\n\n\n\n<div style=\"height:10px\" aria-hidden=\"true\" class=\"wp-block-spacer\"><\/div>\n\n\n\n<div class=\"wp-block-group is-content-justification-center is-nowrap is-layout-flex wp-container-core-group-is-layout-f52be266 wp-block-group-is-layout-flex\">\n<div class=\"wp-block-group is-vertical is-layout-flex wp-container-core-group-is-layout-9f8eab21 wp-block-group-is-layout-flex\">\n<ul class=\"wp-block-list\">\n<li>Solutions de site web marketing et de commerce \u00e9lectronique de bout en bout<br><\/li>\n\n\n\n<li>Op\u00e9rations de contenu<\/li>\n<\/ul>\n<\/div>\n\n\n\n<div class=\"wp-block-group is-vertical is-layout-flex wp-container-core-group-is-layout-9f8eab21 wp-block-group-is-layout-flex\">\n<ul class=\"wp-block-list\">\n<li>Automatisation des processus commerciaux<br><\/li>\n\n\n\n<li>CRM, ERP, PIM<\/li>\n<\/ul>\n<\/div>\n\n\n\n<div class=\"wp-block-group is-vertical is-layout-flex wp-container-core-group-is-layout-7a7a8c96 wp-block-group-is-layout-flex\">\n<ul class=\"wp-block-list\">\n<li>Int\u00e9gration de syst\u00e8mes<br><\/li>\n\n\n\n<li>Gestion de la cha\u00eene d&rsquo;approvisionnement<\/li>\n<\/ul>\n<\/div>\n<\/div>\n<\/div>\n<\/div>\n\n\n\n<div class=\"wp-block-columns alignwide are-vertically-aligned-center is-style-default is-layout-flex wp-container-core-columns-is-layout-28f84493 wp-block-columns-is-layout-flex\">\n<div class=\"wp-block-column is-vertically-aligned-center is-layout-flow wp-container-core-column-is-layout-6220b9e6 wp-block-column-is-layout-flow\" style=\"flex-basis:100%\">\n<h2 class=\"wp-block-heading has-text-align-center has-extra-large-font-size\" id=\"h-credentials\"><strong>\u00c0 propos de nous<\/strong><\/h2>\n\n\n\n<div style=\"height:10px\" aria-hidden=\"true\" class=\"wp-block-spacer\"><\/div>\n\n\n\n<div class=\"wp-block-group is-content-justification-center is-nowrap is-layout-flex wp-container-core-group-is-layout-f52be266 wp-block-group-is-layout-flex\">\n<div class=\"wp-block-group is-vertical is-layout-flex wp-container-core-group-is-layout-9f8eab21 wp-block-group-is-layout-flex\">\n<ul class=\"wp-block-list\">\n<li>Kentico<br><\/li>\n\n\n\n<li>Kontent.ai<\/li>\n<\/ul>\n<\/div>\n\n\n\n<div class=\"wp-block-group is-vertical is-layout-flex wp-container-core-group-is-layout-9f8eab21 wp-block-group-is-layout-flex\">\n<ul class=\"wp-block-list\">\n<li>Sitecore<br><\/li>\n\n\n\n<li>Microsoft<\/li>\n<\/ul>\n<\/div>\n\n\n\n<div class=\"wp-block-group is-vertical is-layout-flex wp-container-core-group-is-layout-7a7a8c96 wp-block-group-is-layout-flex\">\n<ul class=\"wp-block-list\">\n<li>Google<br><\/li>\n\n\n\n<li>AWS<br><\/li>\n<\/ul>\n<\/div>\n\n\n\n<div class=\"wp-block-group is-vertical is-layout-flex wp-container-core-group-is-layout-7a7a8c96 wp-block-group-is-layout-flex\">\n<ul class=\"wp-block-list\">\n<li>Salesforce<\/li>\n<\/ul>\n<\/div>\n<\/div>\n<\/div>\n<\/div>\n\n\n\n<div class=\"wp-block-group alignwide has-yellow-background-color has-background has-global-padding is-layout-constrained wp-block-group-is-layout-constrained\" style=\"margin-top:var(--wp--preset--spacing--56)\">\n<div class=\"wp-block-group is-vertical is-content-justification-center is-layout-flex wp-container-core-group-is-layout-ce155fab wp-block-group-is-layout-flex\">\n<h2 class=\"wp-block-heading has-text-align-center\" id=\"h-discover-more-partners\">D\u00e9couvrez nos autres partenaires<\/h2>\n\n\n\n<p class=\"has-text-align-center\">Nous nous associons \u00e0 des entreprises technologiques de premier plan afin que votre \u00e9quipe retire<br>un maximum de valeur de Phrase au quotidien.<\/p>\n<\/div>\n\n\n\n<div class=\"wp-block-buttons is-content-justification-center is-layout-flex wp-container-core-buttons-is-layout-a89b3969 wp-block-buttons-is-layout-flex\">\n<div class=\"wp-block-button\"><a class=\"wp-block-button__link wp-element-button\" href=\"https:\/\/phrase.com\/fr\/partners\/\" target=\"_blank\" rel=\"noreferrer noopener\">Programme de partenariat Phrase<\/a><\/div>\n\n\n\n<div class=\"wp-block-button is-style-black-outline\"><a class=\"wp-block-button__link wp-element-button\" href=\"https:\/\/phrase.com\/fr\/partners-inquiries\/\" target=\"_blank\" rel=\"noreferrer noopener\">Recommander un partenaire<\/a><\/div>\n<\/div>\n<\/div>\n\n","protected":false},"excerpt":{"rendered":"<p>PARTENAIRE DE PHRASE Contr\u00f4le num\u00e9rique complet guid\u00e9 par une main experte www.actumdigital.com ACTUM Digital est une agence num\u00e9rique de premier plan, dont le si\u00e8ge est en R\u00e9publique tch\u00e8que, avec des bureaux aux Pays-Bas et en Allemagne. Notre mission est d&rsquo;aider les entreprises \u00e0 obtenir un avantage concurrentiel en fournissant des services de bout en bout [&hellip;]<\/p>\n","protected":false},"author":4,"featured_media":0,"parent":58156,"menu_order":1,"comment_status":"closed","ping_status":"closed","template":"page-refresh","meta":{"_acf_changed":false,"_stopmodifiedupdate":false,"_modified_date":"","_searchwp_excluded":"","episode_type":"","audio_file":"","podmotor_file_id":"","podmotor_episode_id":"","cover_image":"","cover_image_id":"","duration":"","filesize":"","filesize_raw":"","date_recorded":"","explicit":"","block":"","itunes_episode_number":"","itunes_title":"","itunes_season_number":"","itunes_episode_type":"","footnotes":""},"class_list":["post-124946","page","type-page","status-publish","hentry"],"acf":[],"_links":{"self":[{"href":"https:\/\/phrase.com\/fr\/wp-json\/wp\/v2\/pages\/124946","targetHints":{"allow":["GET"]}}],"collection":[{"href":"https:\/\/phrase.com\/fr\/wp-json\/wp\/v2\/pages"}],"about":[{"href":"https:\/\/phrase.com\/fr\/wp-json\/wp\/v2\/types\/page"}],"author":[{"embeddable":true,"href":"https:\/\/phrase.com\/fr\/wp-json\/wp\/v2\/users\/4"}],"replies":[{"embeddable":true,"href":"https:\/\/phrase.com\/fr\/wp-json\/wp\/v2\/comments?post=124946"}],"version-history":[{"count":3,"href":"https:\/\/phrase.com\/fr\/wp-json\/wp\/v2\/pages\/124946\/revisions"}],"predecessor-version":[{"id":127824,"href":"https:\/\/phrase.com\/fr\/wp-json\/wp\/v2\/pages\/124946\/revisions\/127824"}],"up":[{"embeddable":true,"href":"https:\/\/phrase.com\/fr\/wp-json\/wp\/v2\/pages\/58156"}],"wp:attachment":[{"href":"https:\/\/phrase.com\/fr\/wp-json\/wp\/v2\/media?parent=124946"}],"curies":[{"name":"wp","href":"https:\/\/api.w.org\/{rel}","templated":true}]}}