{"id":130285,"date":"2025-12-03T10:01:44","date_gmt":"2025-12-03T09:01:44","guid":{"rendered":"https:\/\/phrase.com\/inscription-a-phrase-orchestrator\/"},"modified":"2025-12-11T18:55:43","modified_gmt":"2025-12-11T17:55:43","slug":"phrase-orchestrator-workflow-sign-up","status":"publish","type":"page","link":"https:\/\/phrase.com\/fr\/phrase-orchestrator-workflow-sign-up\/","title":{"rendered":"Inscription \u00e0 Phrase Orchestrator"},"content":{"rendered":"\n<div class=\"wp-block-columns alignwide has-light-neutral-background-color has-background is-layout-flex wp-container-core-columns-is-layout-28f84493 wp-block-columns-is-layout-flex\" id=\"sign-up\">\n<div class=\"wp-block-column is-layout-flow wp-block-column-is-layout-flow\">\n<div class=\"wp-block-group alignwide has-light-neutral-background-color has-background is-layout-flow wp-block-group-is-layout-flow\" id=\"demo-request\" style=\"padding-top:var(--wp--preset--spacing--110);padding-bottom:var(--wp--preset--spacing--110)\">\n<h2 class=\"wp-block-heading has-text-align-left has-blue-80-color has-text-color has-link-color has-huge-font-size wp-elements-dcde05861d9b952c186bee5b9dae6faa\" id=\"h-des-flux-de-travaux-a-grand-volume-executes-en-quelques-secondes\" style=\"font-style:normal;font-weight:400\"><strong>Des flux de travaux \u00e0 grand volume<\/strong><br><strong>ex\u00e9cut\u00e9s en quelques secondes<\/strong><\/h2>\n\n\n\n<p class=\"has-text-align-left\">D\u00e9couvrez la prochaine g\u00e9n\u00e9ration du moteur de flux de travaux Phrase Orchestrator, con\u00e7u pour alimenter l\u2019automatisation d\u2019entreprise \u00e0 grande \u00e9chelle.<\/p>\n\n\n\n<p>Des flux de travaux complexes qui pouvaient auparavant prendre des heures peuvent d\u00e9sormais \u00eatre ex\u00e9cut\u00e9s en quelques secondes, offrant un d\u00e9bit jusqu&rsquo;\u00e0 50&nbsp;fois plus rapide, avec une stabilit\u00e9 in\u00e9gal\u00e9e.<br><br>Phrase Orchestrator fournit d\u00e9sormais une ex\u00e9cution en temps r\u00e9el, une grande fiabilit\u00e9 et une mise \u00e0 l\u2019\u00e9chelle sans effort, afin que vous puissiez acc\u00e9l\u00e9rer l\u2019ensemble de vos op\u00e9rations de localisation, quel que soit le volume.<\/p>\n\n\n\n<p class=\"has-text-align-left\">Inscrivez-vous d\u00e8s maintenant pour obtenir un acc\u00e8s.<br><\/p>\n<\/div>\n<\/div>\n\n\n\n<div class=\"wp-block-column is-layout-flow wp-block-column-is-layout-flow\" style=\"padding-top:var(--wp--preset--spacing--110);padding-right:0;padding-left:var(--wp--preset--spacing--70)\">\n<script charset=\"utf-8\" type=\"text\/javascript\" src=\"\/\/js.hsforms.net\/forms\/embed\/v2.js\"><\/script>\n<script>\n  hbspt.forms.create({\n    portalId: \"584311\",\n    formId: \"11f47c4f-ce15-469f-8c34-9bca3acc02f4\",\n    region: \"na1\"\n  });\n<\/script>\n<\/div>\n<\/div>\n\n\n\n<div style=\"height:20px\" aria-hidden=\"true\" class=\"wp-block-spacer\"><\/div>\n","protected":false},"excerpt":{"rendered":"<p>Des flux de travaux \u00e0 grand volumeex\u00e9cut\u00e9s en quelques secondes D\u00e9couvrez la prochaine g\u00e9n\u00e9ration du moteur de flux de travaux Phrase Orchestrator, con\u00e7u pour alimenter l\u2019automatisation d\u2019entreprise \u00e0 grande \u00e9chelle. Des flux de travaux complexes qui pouvaient auparavant prendre des heures peuvent d\u00e9sormais \u00eatre ex\u00e9cut\u00e9s en quelques secondes, offrant un d\u00e9bit jusqu&rsquo;\u00e0 50&nbsp;fois plus rapide, [&hellip;]<\/p>\n","protected":false},"author":77,"featured_media":7474,"parent":0,"menu_order":0,"comment_status":"closed","ping_status":"closed","template":"page-refresh","meta":{"_acf_changed":false,"_stopmodifiedupdate":false,"_modified_date":"","_searchwp_excluded":"","episode_type":"","audio_file":"","podmotor_file_id":"","podmotor_episode_id":"","cover_image":"","cover_image_id":"","duration":"","filesize":"","filesize_raw":"","date_recorded":"","explicit":"","block":"","itunes_episode_number":"","itunes_title":"","itunes_season_number":"","itunes_episode_type":"","footnotes":""},"class_list":["post-130285","page","type-page","status-publish","has-post-thumbnail","hentry"],"acf":[],"_links":{"self":[{"href":"https:\/\/phrase.com\/fr\/wp-json\/wp\/v2\/pages\/130285","targetHints":{"allow":["GET"]}}],"collection":[{"href":"https:\/\/phrase.com\/fr\/wp-json\/wp\/v2\/pages"}],"about":[{"href":"https:\/\/phrase.com\/fr\/wp-json\/wp\/v2\/types\/page"}],"author":[{"embeddable":true,"href":"https:\/\/phrase.com\/fr\/wp-json\/wp\/v2\/users\/77"}],"replies":[{"embeddable":true,"href":"https:\/\/phrase.com\/fr\/wp-json\/wp\/v2\/comments?post=130285"}],"version-history":[{"count":6,"href":"https:\/\/phrase.com\/fr\/wp-json\/wp\/v2\/pages\/130285\/revisions"}],"predecessor-version":[{"id":130526,"href":"https:\/\/phrase.com\/fr\/wp-json\/wp\/v2\/pages\/130285\/revisions\/130526"}],"wp:featuredmedia":[{"embeddable":true,"href":"https:\/\/phrase.com\/fr\/wp-json\/wp\/v2\/media\/7474"}],"wp:attachment":[{"href":"https:\/\/phrase.com\/fr\/wp-json\/wp\/v2\/media?parent=130285"}],"curies":[{"name":"wp","href":"https:\/\/api.w.org\/{rel}","templated":true}]}}