{"id":130299,"date":"2025-12-03T09:34:18","date_gmt":"2025-12-03T08:34:18","guid":{"rendered":"https:\/\/phrase.com\/google-drive\/"},"modified":"2026-02-03T10:41:15","modified_gmt":"2026-02-03T09:41:15","slug":"google-drive","status":"publish","type":"page","link":"https:\/\/phrase.com\/fr\/integrations\/google-drive\/","title":{"rendered":"Google\u00a0Drive"},"content":{"rendered":"\n<div class=\"wp-block-group alignwide is-style-header-hero has-white-color has-white-background-color has-text-color has-background has-link-color has-background-images wp-elements-55c99580662ed465867f733e8c3de58a is-layout-flow wp-block-group-is-layout-flow\" style=\"padding-top:var(--wp--preset--spacing--110);padding-bottom:var(--wp--preset--spacing--110);background-image:url(https:\/\/phrase.com\/wp-content\/uploads\/2025\/07\/phrase-header-purple.jpg.webp);background-position:0% 100%;background-attachment:scroll;background-repeat:no-repeat;background-size:cover\">\n<div class=\"wp-block-group has-global-padding is-content-justification-left is-layout-constrained wp-container-core-group-is-layout-b0ba78b1 wp-block-group-is-layout-constrained\"><div class=\"yoast-breadcrumbs\"><span><span><a href=\"https:\/\/phrase.com\/fr\/\">Home<\/a><\/span> | <span><a href=\"https:\/\/phrase.com\/fr\/integrations\/\">Int\u00e9grations<\/a><\/span> | <span class=\"breadcrumb_last\" aria-current=\"page\">Google\u00a0Drive<\/span><\/span><\/div>\n\n\n<h2 class=\"wp-block-heading has-text-align-left has-gigantic-font-size\" id=\"h-google-drive-integration\" style=\"font-style:normal;font-weight:400\">Google Drive integration<\/h2>\n\n\n\n<div class=\"wp-block-group has-global-padding is-content-justification-left is-layout-constrained wp-container-core-group-is-layout-12dd3699 wp-block-group-is-layout-constrained\">\n<p class=\"has-text-align-left\">Automate and simplify your file-based translation process with a Phrase Google Drive integration.<\/p>\n<\/div>\n\n\n\n<div class=\"wp-block-buttons is-content-justification-left is-layout-flex wp-container-core-buttons-is-layout-fc4fd283 wp-block-buttons-is-layout-flex\">\n<div class=\"wp-block-button is-style-purple-filled\"><a class=\"wp-block-button__link wp-element-button\" href=\"https:\/\/phrase.com\/fr\/demo\/\" target=\"_blank\" rel=\"noreferrer noopener\">Request a demo<\/a><\/div>\n<\/div>\n<\/div>\n<\/div>\n\n<div style=\"height:0px\" aria-hidden=\"true\" class=\"wp-block-spacer\"><\/div>\n\n<div class=\"wp-block-group alignwide has-blue-10-background-color has-background has-background-images has-global-padding is-layout-constrained wp-block-group-is-layout-constrained\" style=\"margin-top:var(--wp--preset--spacing--10);background-image:url(https:\/\/phrase.com\/wp-content\/uploads\/2024\/03\/svgexport-1-2.svg);background-position:100% 30%;background-attachment:scroll;background-repeat:no-repeat;background-size:auto\">\n<div class=\"wp-block-group alignwide is-layout-flow wp-block-group-is-layout-flow\">\n<h2 class=\"wp-block-heading has-text-align-left\" id=\"h-automate-localization-directly-from-google-drive\">Automate localization directly from Google Drive<\/h2>\n\n\n\n<div class=\"wp-block-group alignwide has-global-padding is-layout-constrained wp-block-group-is-layout-constrained\" style=\"margin-top:var(--wp--preset--spacing--10)\">\n<div class=\"wp-block-group alignwide is-layout-flow wp-block-group-is-layout-flow\">\n<p class=\"has-text-align-left\">Say goodbye to manual uploads, email chains, and disconnected workflows. Experience fast, high-quality translation that\u2019s triggered the moment content is added to your Drive folders. From documents to videos, Phrase supports 50+ file formats covering every enterprise use case.<\/p>\n<\/div>\n<\/div>\n<\/div>\n<\/div>\n\n<div class=\"wp-block-columns alignwide are-vertically-aligned-center media-text-columns media-text-columns--media-left is-layout-flex wp-container-core-columns-is-layout-28f84493 wp-block-columns-is-layout-flex\">\n<div class=\"wp-block-column is-vertically-aligned-center is-layout-flow wp-block-column-is-layout-flow\" style=\"flex-basis:57.2131147541%\">\n<figure class=\"wp-block-image size-full\"><img loading=\"lazy\" decoding=\"async\" width=\"1398\" height=\"838\" src=\"https:\/\/phrase.com\/wp-content\/uploads\/2025\/11\/Phrase-Gdrive-document.jpg\" alt=\"\" class=\"wp-image-128559\" srcset=\"https:\/\/phrase.com\/wp-content\/uploads\/2025\/11\/Phrase-Gdrive-document.jpg 1398w, https:\/\/phrase.com\/wp-content\/uploads\/2025\/11\/Phrase-Gdrive-document-300x180.jpg 300w, https:\/\/phrase.com\/wp-content\/uploads\/2025\/11\/Phrase-Gdrive-document-1024x614.jpg 1024w, https:\/\/phrase.com\/wp-content\/uploads\/2025\/11\/Phrase-Gdrive-document-768x460.jpg 768w\" sizes=\"auto, (max-width: 1398px) 100vw, 1398px\" \/><\/figure>\n\n\n\n<div class=\"wp-block-buttons is-layout-flex wp-block-buttons-is-layout-flex\"><\/div>\n<\/div>\n\n\n\n<div class=\"wp-block-column is-vertically-aligned-center is-layout-flow wp-block-column-is-layout-flow\" style=\"flex-basis:41.9672131148%\">\n<h2 class=\"wp-block-heading has-extra-large-font-size\" id=\"h-document-translation-with-google-drive\"><strong><strong>Document translation with Google Drive<\/strong><\/strong><\/h2>\n\n\n\n<p>When connecting Phrase TMS to Google Drive, new or updated files in selected Google Drive folders are automatically routed to Phrase for translation. <br\/><br\/>AI translation, quality scoring, and human review (if needed) are applied based on your preferred workflow. Once complete, translations are delivered directly back to Drive, with no further manual steps required.<\/p>\n<\/div>\n<\/div>\n\n<div class=\"wp-block-columns alignwide are-vertically-aligned-center media-text-columns media-text-columns--media-right is-layout-flex wp-container-core-columns-is-layout-28f84493 wp-block-columns-is-layout-flex\">\n<div class=\"wp-block-column is-vertically-aligned-center is-layout-flow wp-block-column-is-layout-flow\" style=\"flex-basis:41.9672131148%\">\n<h2 class=\"wp-block-heading has-extra-large-font-size\" id=\"h-video-subtitling-and-dubbing-from-google-drive\"><strong>Video subtitling and dubbing from Google Drive<\/strong><\/h2>\n\n\n\n<p>Connect Phrase Studio to Google Drive to automatically import new videos for subtitling and dubbing. Your workflows trigger instantly\u2014creating translation and review jobs and exporting finished videos back to Drive. <br\/><br\/>This end-to-end automation enables enterprise-scale video localization, supporting hundreds of subtitled and dubbed videos each month.<\/p>\n<\/div>\n\n\n\n<div class=\"wp-block-column is-vertically-aligned-center is-layout-flow wp-block-column-is-layout-flow\" style=\"flex-basis:57.2131147541%\">\n<figure class=\"wp-block-image size-full\"><img loading=\"lazy\" decoding=\"async\" width=\"1398\" height=\"838\" src=\"https:\/\/phrase.com\/wp-content\/uploads\/2025\/11\/Phrase-Gdrive-video.jpg\" alt=\"\" class=\"wp-image-128560\" srcset=\"https:\/\/phrase.com\/wp-content\/uploads\/2025\/11\/Phrase-Gdrive-video.jpg 1398w, https:\/\/phrase.com\/wp-content\/uploads\/2025\/11\/Phrase-Gdrive-video-300x180.jpg 300w, https:\/\/phrase.com\/wp-content\/uploads\/2025\/11\/Phrase-Gdrive-video-1024x614.jpg 1024w, https:\/\/phrase.com\/wp-content\/uploads\/2025\/11\/Phrase-Gdrive-video-768x460.jpg 768w\" sizes=\"auto, (max-width: 1398px) 100vw, 1398px\" \/><\/figure>\n\n\n\n<div class=\"wp-block-buttons is-layout-flex wp-block-buttons-is-layout-flex\"><\/div>\n<\/div>\n<\/div>\n\n<div class=\"wp-block-group has-global-padding is-layout-constrained wp-block-group-is-layout-constrained\">\n<h2 class=\"wp-block-heading has-text-align-center\" id=\"h-from-bottlenecks-to-automation\" style=\"margin-top:var(--wp--preset--spacing--45)\">From bottlenecks to automation<\/h2>\n\n\n\n<p class=\"has-text-align-center\">Transform translation requests into self-serve, automated workflows. <strong>Empower teams<\/strong> to trigger the translation process by simply moving a file into a dedicated Google Drive folder.<\/p>\n<\/div>\n\n<div class=\"wp-block-group alignwide has-light-neutral-background-color has-background has-global-padding is-layout-constrained wp-block-group-is-layout-constrained\">\n<figure class=\"wp-block-table alignwide is-style-comparison\"><table class=\"has-fixed-layout\"><thead><tr><th>Before Phrase<\/th><th>After Phrase<\/th><\/tr><\/thead><tbody><tr><td>Manual exports, uploads, and back-and-forth with vendors<\/td><td>New or updated files in Drive are <strong>automatically sent for translation<\/strong><\/td><\/tr><tr><td>Version inconsistencies between languages<\/td><td><strong>Phrase detects changes to documents <\/strong>and re-routes only the updated content<\/td><\/tr><tr><td>Translation quality is inconsistent<\/td><td><strong>QA and AI <\/strong>capabilities evaluate quality and ensure consistency<\/td><\/tr><tr><td>High dependency on localization teams for every request<\/td><td><strong>Internal teams stay in Drive<\/strong> while Phrase handles localization in the background<\/td><\/tr><tr><td>Missed deadlines and scalability challenges<\/td><td><strong>Always-on automation<\/strong> ensures faster turnaround and supports high content volumes<\/td><\/tr><\/tbody><\/table><\/figure>\n<\/div>\n\n<div style=\"height:0px\" aria-hidden=\"true\" class=\"wp-block-spacer\"><\/div>\n\n<div class=\"wp-block-group alignwide has-light-neutral-background-color has-background has-global-padding is-layout-constrained wp-block-group-is-layout-constrained\">\n<h2 class=\"wp-block-heading has-text-align-center\" id=\"h-why-choose-phrase-for-google-drive-translation\">Why choose Phrase for Google Drive translation?<\/h2>\n\n\n\n<p class=\"has-text-align-center\">Simplify your file-based translation process and unlock enterprise-grade automation, AI, and control, directly from the tools you already use.<\/p>\n\n\n\n<div class=\"wp-block-group alignwide has-light-neutral-background-color has-background has-global-padding is-layout-constrained wp-block-group-is-layout-constrained\" style=\"margin-top:0\">\n<div class=\"wp-block-group alignwide is-layout-grid wp-container-core-group-is-layout-fa589e10 wp-block-group-is-layout-grid\" style=\"margin-top:var(--wp--preset--spacing--45)\">\n<div class=\"wp-block-group is-vertical is-content-justification-center is-layout-flex wp-container-core-group-is-layout-5e763914 wp-block-group-is-layout-flex\">\n<figure class=\"wp-block-image size-full is-resized is-style-not-rounded\"><img loading=\"lazy\" decoding=\"async\" width=\"180\" height=\"180\" src=\"https:\/\/phrase.com\/wp-content\/uploads\/2025\/06\/Increase-Efficiency-icon.png\" alt=\"Increase Efficiency icon\" class=\"wp-image-108137\" style=\"width:60px\" srcset=\"https:\/\/phrase.com\/wp-content\/uploads\/2025\/06\/Increase-Efficiency-icon.png 180w, https:\/\/phrase.com\/wp-content\/uploads\/2025\/06\/Increase-Efficiency-icon-150x150.png 150w\" sizes=\"auto, (max-width: 180px) 100vw, 180px\" \/><\/figure>\n\n\n\n<p class=\"has-text-align-center\"><strong><strong>Save time and reduce manual work<\/strong><\/strong><\/p>\n\n\n\n<p class=\"has-text-align-center\">Eliminate manual steps with fully automated file detection, routing, and delivery.<\/p>\n<\/div>\n\n\n\n<div class=\"wp-block-group is-vertical is-content-justification-center is-layout-flex wp-container-core-group-is-layout-5e763914 wp-block-group-is-layout-flex\">\n<figure class=\"wp-block-image size-full is-resized is-style-not-rounded\"><img loading=\"lazy\" decoding=\"async\" width=\"72\" height=\"72\" src=\"https:\/\/phrase.com\/wp-content\/uploads\/2025\/07\/favorites.svg\" alt=\"\" class=\"wp-image-110326\" style=\"width:60px\"\/><\/figure>\n\n\n\n<p class=\"has-text-align-center\"><strong>Improve quality and consistency<\/strong><\/p>\n\n\n\n<p class=\"has-text-align-center\">Leverage customized AI translation, quality evaluation, and auto-adapted content.<\/p>\n<\/div>\n\n\n\n<div class=\"wp-block-group is-vertical is-content-justification-center is-layout-flex wp-container-core-group-is-layout-5e763914 wp-block-group-is-layout-flex\">\n<figure class=\"wp-block-image size-full is-resized is-style-not-rounded\"><img loading=\"lazy\" decoding=\"async\" width=\"73\" height=\"73\" src=\"https:\/\/phrase.com\/wp-content\/uploads\/2025\/07\/machine-translation-suggestion-icon.png\" alt=\"\" class=\"wp-image-111615\" style=\"width:60px\"\/><\/figure>\n\n\n\n<p class=\"has-text-align-center\"><strong><strong>Simplify team <\/strong><\/strong><br\/><strong><strong>workflows<\/strong><\/strong><\/p>\n\n\n\n<p class=\"has-text-align-center\">Let content teams work in Google Drive while Phrase runs the translation process invisibly in the background.<\/p>\n<\/div>\n\n\n\n<div class=\"wp-block-group is-vertical is-content-justification-center is-layout-flex wp-container-core-group-is-layout-5e763914 wp-block-group-is-layout-flex\">\n<figure class=\"wp-block-image size-full is-resized is-style-not-rounded\"><img loading=\"lazy\" decoding=\"async\" width=\"72\" height=\"72\" src=\"https:\/\/phrase.com\/wp-content\/uploads\/2025\/07\/automation-icon.png\" alt=\"\" class=\"wp-image-111463\" style=\"width:60px\"\/><\/figure>\n\n\n\n<p class=\"has-text-align-center\"><strong><strong>Customize at enterprise scal<\/strong>e<\/strong><\/p>\n\n\n\n<p class=\"has-text-align-center\">Tailor workflows with Phrase Orchestrator and integrate with your broader tech stack via webhooks.<\/p>\n<\/div>\n\n\n\n<div class=\"wp-block-group is-vertical is-content-justification-center is-layout-flex wp-container-core-group-is-layout-5e763914 wp-block-group-is-layout-flex\">\n<figure class=\"wp-block-image size-full is-resized is-style-not-rounded\"><img loading=\"lazy\" decoding=\"async\" width=\"72\" height=\"72\" src=\"https:\/\/phrase.com\/wp-content\/uploads\/2025\/07\/file-1.svg\" alt=\"\" class=\"wp-image-110350\" style=\"width:60px\"\/><\/figure>\n\n\n\n<p class=\"has-text-align-center\"><strong><strong>Handle any file type with ease<\/strong><\/strong><\/p>\n\n\n\n<p class=\"has-text-align-center\">Translate documents and localize videos without breaking your flow.<\/p>\n<\/div>\n<\/div>\n<\/div>\n<\/div>\n\n<div class=\"wp-block-group alignwide has-phrase-green-background-color has-background has-background-images has-global-padding is-content-justification-left is-layout-constrained wp-container-core-group-is-layout-12dd3699 wp-block-group-is-layout-constrained\" style=\"background-image:url(https:\/\/phrase.com\/wp-content\/uploads\/2025\/07\/woman-ipad-background.jpg.webp);background-position:0% 0%;background-attachment:scroll;background-repeat:no-repeat;background-size:cover\"><div class=\"glide wp-block-phrase-com-testimonials\"><div class=\"glide__track\" data-glide-el=\"track\"><div class=\"glide__slides\">\t<div class=\"wp-block-phrase-com-testimonial glide__slide\">\n\t\t<div class=\"wp-block-phrase-com-testimonial__text \">\n\t\t\tL&rsquo;int\u00e9gration Google Drive a constitu\u00e9 l&rsquo;une des principales raisons pour lesquelles  <a href=\"https:\/\/phrase.com\/customers\/mercari\/\">Mercari<\/a> a choisi Phrase. C&rsquo;est extr\u00eamement facile et rapide d&rsquo;envoyer des fichiers \u00e0 Phrase. Cela r\u00e9duit vraiment les t\u00e2ches manuelles. Nous avons juste \u00e0 d\u00e9poser les fichiers dans un dossier Google Drive partag\u00e9 pour que Phrase cr\u00e9e automatiquement un projet et l\u2019assigne aux traducteurs. Cela a permis de r\u00e9duire de 80\u00a0% le temps de configuration d&rsquo;un projet de traduction.\t\t<\/div>\n\t\t<div class=\"wp-block-phrase-com-testimonial__author\">\n\t\t\t\n\t\t\t<div class=\"wp-block-phrase-com-testimonial__author-info\">\n\t\t\t\t<img loading=\"lazy\" decoding=\"async\" width=\"300\" height=\"66\" src=\"https:\/\/phrase.com\/wp-content\/uploads\/2025\/11\/Mercari_logo_2018.svg.png\" class=\"wp-block-phrase-com-testimonial__author-company-logo\" alt=\"Logo of Mercari (int\u00e9gration Google Drive)\" srcset=\"https:\/\/phrase.com\/wp-content\/uploads\/2025\/11\/Mercari_logo_2018.svg.png 960w, https:\/\/phrase.com\/wp-content\/uploads\/2025\/11\/Mercari_logo_2018.svg-300x66.png 300w, https:\/\/phrase.com\/wp-content\/uploads\/2025\/11\/Mercari_logo_2018.svg-768x168.png 768w\" sizes=\"auto, (max-width: 300px) 100vw, 300px\" \/>\n\t\t\t\t<p class=\"wp-block-phrase-com-testimonial__author-name\">\n\t\t\t\t\tEmma Davis\t\t\t\t<\/p>\n\n\t\t\t\t<p class=\"wp-block-phrase-com-testimonial__author-title\">\n\t\t\t\t\tR\u00e9dactrice en chef, Mercari\t\t\t\t<\/p>\n\t\t\t<\/div>\n\t\t<\/div>\n\t<\/div>\n\t<\/div><\/div><\/div><\/div>\n\n<div style=\"height:4px\" aria-hidden=\"true\" class=\"wp-block-spacer\"><\/div>\n\n<h2 class=\"wp-block-heading has-text-align-center\" id=\"h-faqs-about-the-phrase-gdrive-integration\" style=\"margin-top:0\">FAQs about the Phrase GDrive integration<\/h2>\n\n<div class=\"wp-block-wearerequired-accordion alignwide\">\n<div id=\"acc-how-does-the-phrase-integration-with-google-drive-work\" tabindex=\"-1\" class=\"wp-block-wearerequired-accordion-section\">\n<h3 class=\"wp-block-wearerequired-accordion-heading\"><span aria-hidden=\"true\" class=\"wp-block-wearerequired-accordion-heading__icon\"><\/span><span class=\"wp-block-wearerequired-accordion-heading__text\">How does the Phrase integration with Google Drive work?<\/span><\/h3>\n\n\n\n<div class=\"wp-block-wearerequired-accordion-content is-layout-flow wp-block-wearerequired-accordion-content-is-layout-flow\">\n<p>Once connected, any new or updated files placed in selected Drive folders are automatically imported into Phrase, routed through your translation workflow, and delivered back to Drive\u2014no manual steps needed.<\/p>\n<\/div>\n<\/div>\n\n\n\n<div id=\"acc-which-file-formats-are-supported\" tabindex=\"-1\" class=\"wp-block-wearerequired-accordion-section\">\n<h3 class=\"wp-block-wearerequired-accordion-heading\"><span aria-hidden=\"true\" class=\"wp-block-wearerequired-accordion-heading__icon\"><\/span><span class=\"wp-block-wearerequired-accordion-heading__text\">Which file formats are supported?<\/span><\/h3>\n\n\n\n<div class=\"wp-block-wearerequired-accordion-content is-layout-flow wp-block-wearerequired-accordion-content-is-layout-flow\">\n<p>The Google Drive connector to Phrase TMS supports documents, spreadsheets, presentations, and more (<a href=\"https:\/\/support.phrase.com\/hc\/en-us\/articles\/5709621471516-Supported-File-Formats-TMS\" target=\"_blank\" rel=\"noreferrer noopener\">see here<\/a>).<br\/><br\/>The Google Drive connector to Phrase Studio supports subtitles, and video files (<a href=\"https:\/\/support.phrase.com\/hc\/en-us\/articles\/23847234754972-Supported-File-Formats-Studio\">see here<\/a>).<\/p>\n<\/div>\n<\/div>\n\n\n\n<div id=\"acc-can-i-customize-the-translation-workflow-triggered-by-google-drive\" tabindex=\"-1\" class=\"wp-block-wearerequired-accordion-section\">\n<h3 class=\"wp-block-wearerequired-accordion-heading\"><span aria-hidden=\"true\" class=\"wp-block-wearerequired-accordion-heading__icon\"><\/span><span class=\"wp-block-wearerequired-accordion-heading__text\">Can I customize the translation workflow triggered by Google Drive?<\/span><\/h3>\n\n\n\n<div class=\"wp-block-wearerequired-accordion-content is-layout-flow wp-block-wearerequired-accordion-content-is-layout-flow\">\n<p>Yes. You can define AI translation, human review steps, QA checks, and routing rules in Phrase Orchestrator. Every imported file follows your predefined workflow automatically.<\/p>\n<\/div>\n<\/div>\n\n\n\n<div id=\"acc-does-the-integration-support-video-localization-subtitling-and-dubbing\" tabindex=\"-1\" class=\"wp-block-wearerequired-accordion-section\">\n<h3 class=\"wp-block-wearerequired-accordion-heading\"><span aria-hidden=\"true\" class=\"wp-block-wearerequired-accordion-heading__icon\"><\/span><span class=\"wp-block-wearerequired-accordion-heading__text\">Does the integration support video localization (subtitling and dubbing)?<\/span><\/h3>\n\n\n\n<div class=\"wp-block-wearerequired-accordion-content is-layout-flow wp-block-wearerequired-accordion-content-is-layout-flow\">\n<p>Yes. Phrase Studio automatically imports new videos from Drive, triggers your subtitling or voiceover workflows, and exports completed localized versions back to Drive\u2014ideal for enterprise-scale video production.<\/p>\n<\/div>\n<\/div>\n<\/div>\n\n<div class=\"wp-block-group alignwide has-black-color has-yellow-background-color has-text-color has-background has-link-color wp-elements-8e2dd4048650997094dcb89de9f4b792 has-global-padding is-layout-constrained wp-block-group-is-layout-constrained\" style=\"margin-top:var(--wp--preset--spacing--56)\">\n<h2 class=\"wp-block-heading has-text-align-center\" id=\"h-want-to-find-out-more\">Want to find out more?<\/h2>\n\n\n\n<p class=\"has-text-align-center\">Reach a wider audience and build deeper connections today.<\/p>\n\n\n\n<div class=\"wp-block-buttons is-content-justification-center is-layout-flex wp-container-core-buttons-is-layout-a89b3969 wp-block-buttons-is-layout-flex\">\n<div class=\"wp-block-button is-style-default\"><a class=\"wp-block-button__link wp-element-button\" href=\"https:\/\/phrase.com\/fr\/demo\/\" target=\"_blank\" rel=\"noreferrer noopener\">Request a demo<\/a><\/div>\n\n\n\n<div class=\"wp-block-button is-style-black-outline\"><a class=\"wp-block-button__link wp-element-button\" href=\"https:\/\/phrase.com\/fr\/pricing\/\" target=\"_blank\" rel=\"noreferrer noopener\">See pricing<\/a><\/div>\n<\/div>\n<\/div>\n","protected":false},"excerpt":{"rendered":"<p>Google Drive integration Automate and simplify your file-based translation process with a Phrase Google Drive integration. Automate localization directly from Google Drive Say goodbye to manual uploads, email chains, and disconnected workflows. Experience fast, high-quality translation that\u2019s triggered the moment content is added to your Drive folders. From documents to videos, Phrase supports 50+ file [&hellip;]<\/p>\n","protected":false},"author":77,"featured_media":128559,"parent":32156,"menu_order":0,"comment_status":"closed","ping_status":"closed","template":"page-refresh","meta":{"_acf_changed":false,"_stopmodifiedupdate":false,"_modified_date":"","_searchwp_excluded":"","episode_type":"","audio_file":"","podmotor_file_id":"","podmotor_episode_id":"","cover_image":"","cover_image_id":"","duration":"","filesize":"","filesize_raw":"","date_recorded":"","explicit":"","block":"","itunes_episode_number":"","itunes_title":"","itunes_season_number":"","itunes_episode_type":"","footnotes":""},"class_list":["post-130299","page","type-page","status-publish","has-post-thumbnail","hentry"],"acf":[],"_links":{"self":[{"href":"https:\/\/phrase.com\/fr\/wp-json\/wp\/v2\/pages\/130299","targetHints":{"allow":["GET"]}}],"collection":[{"href":"https:\/\/phrase.com\/fr\/wp-json\/wp\/v2\/pages"}],"about":[{"href":"https:\/\/phrase.com\/fr\/wp-json\/wp\/v2\/types\/page"}],"author":[{"embeddable":true,"href":"https:\/\/phrase.com\/fr\/wp-json\/wp\/v2\/users\/77"}],"replies":[{"embeddable":true,"href":"https:\/\/phrase.com\/fr\/wp-json\/wp\/v2\/comments?post=130299"}],"version-history":[{"count":6,"href":"https:\/\/phrase.com\/fr\/wp-json\/wp\/v2\/pages\/130299\/revisions"}],"predecessor-version":[{"id":133551,"href":"https:\/\/phrase.com\/fr\/wp-json\/wp\/v2\/pages\/130299\/revisions\/133551"}],"up":[{"embeddable":true,"href":"https:\/\/phrase.com\/fr\/wp-json\/wp\/v2\/pages\/32156"}],"wp:featuredmedia":[{"embeddable":true,"href":"https:\/\/phrase.com\/fr\/wp-json\/wp\/v2\/media\/128559"}],"wp:attachment":[{"href":"https:\/\/phrase.com\/fr\/wp-json\/wp\/v2\/media?parent=130299"}],"curies":[{"name":"wp","href":"https:\/\/api.w.org\/{rel}","templated":true}]}}