{"id":130949,"date":"2025-12-10T12:38:20","date_gmt":"2025-12-10T11:38:20","guid":{"rendered":"https:\/\/phrase.com\/webhooks-phrase\/"},"modified":"2025-12-16T17:06:53","modified_gmt":"2025-12-16T16:06:53","slug":"webhooks","status":"publish","type":"page","link":"https:\/\/phrase.com\/fr\/webhooks\/","title":{"rendered":"Webhooks Phrase"},"content":{"rendered":"\n<div class=\"wp-block-group alignfull is-style-header-hero has-indigo-background-color has-background has-background-images has-global-padding is-layout-constrained wp-block-group-is-layout-constrained\" style=\"background-image:url(https:\/\/phrase.com\/wp-content\/uploads\/2025\/07\/knowledge-hub-hero-pattern-stripes.svg);background-position:100% 100%;background-attachment:scroll;background-repeat:no-repeat;background-size:contain\">\n<div class=\"wp-block-group alignwide is-layout-flow wp-block-group-is-layout-flow\">\n<h1 class=\"wp-block-heading has-white-color has-text-color has-link-color wp-elements-2688279456e3441e14ded2f1e7fe14f7\" id=\"h-phrase-webhooks\" style=\"margin-bottom:var(--wp--preset--spacing--16)\">Phrase <br>Webhooks<\/h1>\n\n\n\n<p class=\"has-white-color has-text-color has-link-color wp-elements-ad0f4cc1d87330f6038689636a8f6738\">\u00c9liminez les processus manuels gr\u00e2ce \u00e0 l&rsquo;automatisation pilot\u00e9e par des \u00e9v\u00e9nements bas\u00e9s sur des webhooks.<\/p>\n\n\n\n<div class=\"wp-block-buttons is-layout-flex wp-block-buttons-is-layout-flex\">\n<div class=\"wp-block-button is-style-grey-filled\"><a class=\"wp-block-button__link wp-element-button\" href=\"https:\/\/eu.phrase.com\/idm-ui\/signup?uiLang=fr-FR\" target=\"_blank\" rel=\"noreferrer noopener\">Essayer Phrase gratuitement<\/a><\/div>\n<\/div>\n<\/div>\n<\/div>\n\n\n\n<div class=\"wp-block-columns alignwide is-layout-flex wp-container-core-columns-is-layout-eee20ea1 wp-block-columns-is-layout-flex\">\n<div class=\"wp-block-column is-layout-flow wp-block-column-is-layout-flow\">\n<div class=\"wp-block-group is-vertical is-layout-flex wp-container-core-group-is-layout-9974f37d wp-block-group-is-layout-flex\" style=\"padding-right:var(--wp--preset--spacing--16);padding-left:var(--wp--preset--spacing--16)\">\n<figure class=\"wp-block-image size-full is-style-not-rounded\"><img loading=\"lazy\" decoding=\"async\" width=\"72\" height=\"72\" src=\"https:\/\/phrase.com\/wp-content\/uploads\/2025\/07\/device-icon.png\" alt=\"\" class=\"wp-image-111603\" \/><\/figure>\n\n\n\n<p class=\"has-large-font-size\"><strong>Webhooks TMS<\/strong><\/p>\n\n\n\n<p>Informez vos collaborateurs, publiez du contenu dans votre CMS lorsque les traductions sont termin\u00e9es ou envoyez des donn\u00e9es \u00e0 vos outils de comptabilit\u00e9.<\/p>\n\n\n\n<div class=\"wp-block-buttons is-layout-flex wp-block-buttons-is-layout-flex\">\n<div class=\"wp-block-button is-style-plain\"><a class=\"wp-block-button__link wp-element-button\" href=\"https:\/\/support.phrase.com\/hc\/fr\/articles\/5709693398812-Webhooks-TMS\" target=\"_blank\" rel=\"noreferrer noopener\">En savoir plus<\/a><\/div>\n<\/div>\n<\/div>\n<\/div>\n\n\n\n<div class=\"wp-block-column is-layout-flow wp-block-column-is-layout-flow\">\n<div class=\"wp-block-group is-vertical is-layout-flex wp-container-core-group-is-layout-9974f37d wp-block-group-is-layout-flex\" style=\"padding-right:var(--wp--preset--spacing--16);padding-left:var(--wp--preset--spacing--16)\">\n<figure class=\"wp-block-image size-full is-style-not-rounded\"><img loading=\"lazy\" decoding=\"async\" width=\"73\" height=\"73\" src=\"https:\/\/phrase.com\/wp-content\/uploads\/2025\/07\/translater.png\" alt=\"\" class=\"wp-image-111676\" \/><\/figure>\n\n\n\n<p class=\"has-large-font-size\"><strong>Webhooks Strings<\/strong><\/p>\n\n\n\n<p>Utilisez des \u00e9v\u00e9nements comme la cr\u00e9ation de cl\u00e9s, les mises \u00e0 jour des traductions ou les t\u00e2ches termin\u00e9es pour alimenter des flux de travaux de localisation continue pour votre copie d&rsquo;interface utilisateur.<\/p>\n\n\n\n<div class=\"wp-block-buttons is-layout-flex wp-block-buttons-is-layout-flex\">\n<div class=\"wp-block-button is-style-plain\"><a class=\"wp-block-button__link wp-element-button\" href=\"https:\/\/support.phrase.com\/hc\/fr\/articles\/5784125630620-Webhooks-Strings\" target=\"_blank\" rel=\"noreferrer noopener\">En savoir plus<\/a><\/div>\n<\/div>\n<\/div>\n<\/div>\n\n\n\n<div class=\"wp-block-column is-layout-flow wp-block-column-is-layout-flow\">\n<div class=\"wp-block-group is-vertical is-layout-flex wp-container-core-group-is-layout-9974f37d wp-block-group-is-layout-flex\" style=\"padding-right:var(--wp--preset--spacing--16);padding-left:var(--wp--preset--spacing--16)\">\n<figure class=\"wp-block-image size-full is-style-not-rounded\"><img loading=\"lazy\" decoding=\"async\" width=\"72\" height=\"72\" src=\"https:\/\/phrase.com\/wp-content\/uploads\/2025\/07\/sliders.svg\" alt=\"\" class=\"wp-image-110295\" \/><\/figure>\n\n\n\n<p class=\"has-large-font-size\"><strong>Webhooks Orchestrator<\/strong><\/p>\n\n\n\n<p>D\u00e9marrez des flux de travaux lorsqu&rsquo;un fichier source est modifi\u00e9 ou utilisez des webhooks pour appliquer une logique \u00ab\u00a0Si termin\u00e9, publier\u00a0; sinon, notifier\u00a0\u00bb.<\/p>\n\n\n\n<div class=\"wp-block-buttons is-layout-flex wp-block-buttons-is-layout-flex\">\n<div class=\"wp-block-button is-style-plain\"><a class=\"wp-block-button__link wp-element-button\" href=\"https:\/\/support.phrase.com\/hc\/fr\/articles\/15475270132380-Webhooks-Orchestrator\" target=\"_blank\" rel=\"noreferrer noopener\">En savoir plus<\/a><\/div>\n<\/div>\n<\/div>\n<\/div>\n<\/div>\n\n\n\n<div class=\"wp-block-group alignwide has-yellow-background-color has-background has-global-padding is-layout-constrained wp-block-group-is-layout-constrained\" style=\"margin-top:var(--wp--preset--spacing--56)\">\n<h2 class=\"wp-block-heading has-text-align-center\" id=\"h-need-help\">Vous avez besoin d\u2019aide\u00a0?<\/h2>\n\n\n\n<div class=\"wp-block-buttons is-content-justification-center is-layout-flex wp-container-core-buttons-is-layout-a89b3969 wp-block-buttons-is-layout-flex\">\n<div class=\"wp-block-button\"><a class=\"wp-block-button__link wp-element-button\" href=\"https:\/\/phrase.com\/fr\/contact\/\">Nous contacter<\/a><\/div>\n\n\n\n<div class=\"wp-block-button is-style-black-outline\"><a class=\"wp-block-button__link wp-element-button\" href=\"https:\/\/phrase.com\/fr\/demo\/\">Demander une d\u00e9mo<\/a><\/div>\n<\/div>\n<\/div>\n\n","protected":false},"excerpt":{"rendered":"<p>Phrase Webhooks \u00c9liminez les processus manuels gr\u00e2ce \u00e0 l&rsquo;automatisation pilot\u00e9e par des \u00e9v\u00e9nements bas\u00e9s sur des webhooks. Webhooks TMS Informez vos collaborateurs, publiez du contenu dans votre CMS lorsque les traductions sont termin\u00e9es ou envoyez des donn\u00e9es \u00e0 vos outils de comptabilit\u00e9. Webhooks Strings Utilisez des \u00e9v\u00e9nements comme la cr\u00e9ation de cl\u00e9s, les mises \u00e0 [&hellip;]<\/p>\n","protected":false},"author":77,"featured_media":7474,"parent":0,"menu_order":0,"comment_status":"closed","ping_status":"closed","template":"page-refresh","meta":{"_acf_changed":false,"_stopmodifiedupdate":false,"_modified_date":"","_searchwp_excluded":"","episode_type":"","audio_file":"","podmotor_file_id":"","podmotor_episode_id":"","cover_image":"","cover_image_id":"","duration":"","filesize":"","filesize_raw":"","date_recorded":"","explicit":"","block":"","itunes_episode_number":"","itunes_title":"","itunes_season_number":"","itunes_episode_type":"","footnotes":""},"class_list":["post-130949","page","type-page","status-publish","has-post-thumbnail","hentry"],"acf":[],"_links":{"self":[{"href":"https:\/\/phrase.com\/fr\/wp-json\/wp\/v2\/pages\/130949","targetHints":{"allow":["GET"]}}],"collection":[{"href":"https:\/\/phrase.com\/fr\/wp-json\/wp\/v2\/pages"}],"about":[{"href":"https:\/\/phrase.com\/fr\/wp-json\/wp\/v2\/types\/page"}],"author":[{"embeddable":true,"href":"https:\/\/phrase.com\/fr\/wp-json\/wp\/v2\/users\/77"}],"replies":[{"embeddable":true,"href":"https:\/\/phrase.com\/fr\/wp-json\/wp\/v2\/comments?post=130949"}],"version-history":[{"count":1,"href":"https:\/\/phrase.com\/fr\/wp-json\/wp\/v2\/pages\/130949\/revisions"}],"predecessor-version":[{"id":130950,"href":"https:\/\/phrase.com\/fr\/wp-json\/wp\/v2\/pages\/130949\/revisions\/130950"}],"wp:featuredmedia":[{"embeddable":true,"href":"https:\/\/phrase.com\/fr\/wp-json\/wp\/v2\/media\/7474"}],"wp:attachment":[{"href":"https:\/\/phrase.com\/fr\/wp-json\/wp\/v2\/media?parent=130949"}],"curies":[{"name":"wp","href":"https:\/\/api.w.org\/{rel}","templated":true}]}}