{"id":133738,"date":"2026-01-27T18:02:52","date_gmt":"2026-01-27T17:02:52","guid":{"rendered":"https:\/\/phrase.com\/intento\/"},"modified":"2026-02-04T17:05:46","modified_gmt":"2026-02-04T16:05:46","slug":"intento","status":"publish","type":"page","link":"https:\/\/phrase.com\/fr\/partners\/intento\/","title":{"rendered":"Intento"},"content":{"rendered":"\n<div class=\"wp-block-group alignfull is-style-copy has-transparent-background-color has-background has-global-padding is-content-justification-center is-layout-constrained wp-block-group-is-layout-constrained\" style=\"padding-top:var(--wp--preset--spacing--45);padding-bottom:var(--wp--preset--spacing--45)\">\n<div class=\"wp-block-group alignwide has-global-padding is-content-justification-center is-layout-constrained wp-container-core-group-is-layout-cefc1864 wp-block-group-is-layout-constrained\" style=\"padding-left:var(--wp--preset--spacing--56)\">\n<p class=\"has-text-align-center has-blue-color has-text-color has-link-color wp-elements-713e13bf3dfe26695909de69e6671667\">PARTENAIRE PHRASE<\/p>\n\n\n\n<figure class=\"wp-block-image aligncenter size-full is-resized is-style-not-rounded\"><img loading=\"lazy\" decoding=\"async\" width=\"2000\" height=\"372\" src=\"https:\/\/phrase.com\/wp-content\/uploads\/2026\/01\/MAIN-Intento-Logo-White-BG.png\" alt=\"\" class=\"wp-image-132903\" style=\"width:276px;height:auto\" srcset=\"https:\/\/phrase.com\/wp-content\/uploads\/2026\/01\/MAIN-Intento-Logo-White-BG.png 2000w, https:\/\/phrase.com\/wp-content\/uploads\/2026\/01\/MAIN-Intento-Logo-White-BG-300x56.png 300w, https:\/\/phrase.com\/wp-content\/uploads\/2026\/01\/MAIN-Intento-Logo-White-BG-1024x190.png 1024w, https:\/\/phrase.com\/wp-content\/uploads\/2026\/01\/MAIN-Intento-Logo-White-BG-768x143.png 768w, https:\/\/phrase.com\/wp-content\/uploads\/2026\/01\/MAIN-Intento-Logo-White-BG-1536x286.png 1536w\" sizes=\"auto, (max-width: 2000px) 100vw, 2000px\" \/><\/figure>\n\n\n\n<div style=\"height:20px\" aria-hidden=\"true\" class=\"wp-block-spacer\"><\/div>\n\n\n\n<h3 class=\"wp-block-heading has-text-align-center has-medium-font-size\" id=\"h-intento-language-hub-for-phrase\" style=\"margin-bottom:var(--wp--preset--spacing--8);font-style:normal;font-weight:400\">Hub linguistique Intento pour Phrase<\/h3>\n\n\n\n<p class=\"has-text-align-center\"><a href=\"https:\/\/www.acclaro.com\/?utm_campaign=Partner%20Marketing&amp;utm_source=Phrase%20partner%20listing&amp;utm_medium=Main%20link&amp;utm_term=Acclaro\" target=\"_blank\" rel=\"noreferrer noopener\"><\/a><a href=\"https:\/\/www.actumdigital.com\/\"><\/a><a href=\"https:\/\/blog.attachedglobal.com\/en\/attached-partners-with-phrase-to-elevate-enterprise-translation-solutions\"><\/a><a href=\"https:\/\/www.clearlyloc.com\/\" target=\"_blank\" rel=\"noreferrer noopener\"><\/a><a href=\"https:\/\/inten.to\/\" target=\"_blank\" rel=\"noreferrer noopener\">www.inten.to<\/a><\/p>\n\n\n\n<div style=\"height:40px\" aria-hidden=\"true\" class=\"wp-block-spacer\"><\/div>\n\n\n\n<p class=\"has-text-align-left\" style=\"margin-top:0;margin-bottom:var(--wp--preset--spacing--40)\"><strong><br>La TA qui applique vos r\u00e8gles\u00a0: flux de travaux automatis\u00e9s int\u00e9grant des agents de traduction par IA et des fonctionnalit\u00e9s de LQA (\u00e9valuation de la qualit\u00e9 linguistique) pour une qualit\u00e9 directement exploitable et un contr\u00f4le de la terminologie dans plus de 650\u00a0langues.<\/strong><br><br>Intento automatise la traduction pour les entreprises mondiales en utilisant des agents d&rsquo;IA. Son hub linguistique d&rsquo;entreprise permet \u00e0 des entreprises comme Procore et Subway de livrer des exp\u00e9riences linguistiques coh\u00e9rentes et authentiques sur tous les march\u00e9s et aupr\u00e8s de tous les publics.<br><br>Il combine la traduction automatique et les LLM dans des flux de travaux IA multi-agents, les personnalisant selon les donn\u00e9es des clients et les int\u00e9grant dans les syst\u00e8mes logiciels existants des clients pour la localisation, le marketing, l&rsquo;assistance client et d&rsquo;autres fonctions commerciales.<br><br>Avec Intento, les clients obtiennent des traductions de haute qualit\u00e9 et en temps r\u00e9el pour tous les utilisateurs et membres de l&rsquo;\u00e9quipe dans le monde entier. Le hub linguistique d&rsquo;entreprise est certifi\u00e9 ISO-27001, garantissant une s\u00e9curit\u00e9 de premier ordre pour les solutions d&rsquo;IA g\u00e9n\u00e9rative.<br><br>Intento propose \u00e9galement un support expert certifi\u00e9 ISO-9001 pour configurer et maintenir les mod\u00e8les de TA et d&rsquo;IA avec de nouvelles donn\u00e9es et des retours d&rsquo;utilisateurs.<\/p>\n\n\n\n<div style=\"height:15px\" aria-hidden=\"true\" class=\"wp-block-spacer\"><\/div>\n\n\n\n<div class=\"wp-block-buttons is-content-justification-center is-layout-flex wp-container-core-buttons-is-layout-a89b3969 wp-block-buttons-is-layout-flex\">\n<div class=\"wp-block-button\"><a class=\"wp-block-button__link wp-element-button\" href=\"https:\/\/phrase.com\/fr\/demo\/\" target=\"_blank\" rel=\"noreferrer noopener\">Nous contacter<\/a><\/div>\n\n\n\n<div class=\"wp-block-button is-style-black-outline\"><a class=\"wp-block-button__link has-text-align-center wp-element-button\" href=\"https:\/\/inten.to\/\" target=\"_blank\" rel=\"noreferrer noopener\">Visiter le site web<\/a><\/div>\n<\/div>\n\n\n\n<div style=\"height:40px\" aria-hidden=\"true\" class=\"wp-block-spacer\"><\/div>\n\n\n\n<div class=\"wp-block-group alignwide has-blue-10-background-color has-background has-global-padding is-content-justification-center is-layout-constrained wp-block-group-is-layout-constrained\">\n<blockquote class=\"wp-block-quote is-layout-flow wp-block-quote-is-layout-flow\">\n<p><em><strong><em>De nombreuses entreprises g\u00e8rent la localisation dans Phrase. Intento aide des \u00e9quipes comme la v\u00f4tre \u00e0 automatiser la traduction en utilisant une approche ax\u00e9e sur l\u2019IA et bas\u00e9e sur les exigences, en ajoutant une couche de qualit\u00e9 bas\u00e9e sur l\u2019IA directement dans les flux de travaux de Phrase. Ensemble, nous facilitons le d\u00e9ploiement de l&rsquo;automatisation avec des r\u00e9sultats coh\u00e9rents\u2014align\u00e9s avec votre terminologie, votre style et vos exigences de conformit\u00e9. Et \u00e0 mesure que les choses changent (nouveau contenu, langues et normes), nos experts maintiennent vos flux de travaux optimis\u00e9s<\/em><\/strong><\/em>.<\/p>\n<cite><em><strong>Konstantin Savenkov,<\/strong> PDG et Co-fondateur, Intento<\/em><\/cite><\/blockquote>\n<\/div>\n<\/div>\n<\/div>\n\n\n\n<div class=\"wp-block-group alignwide has-yellow-background-color has-background has-global-padding is-layout-constrained wp-block-group-is-layout-constrained\" style=\"margin-top:var(--wp--preset--spacing--56)\">\n<div class=\"wp-block-group is-vertical is-content-justification-center is-layout-flex wp-container-core-group-is-layout-ce155fab wp-block-group-is-layout-flex\">\n<h2 class=\"wp-block-heading has-text-align-center\" id=\"h-discover-more-partners\">D\u00e9couvrir d&rsquo;autres partenaires<\/h2>\n\n\n\n<p class=\"has-text-align-center\">Nous nous associons \u00e0 des entreprises technologiques de premier plan afin que votre \u00e9quipe retire<br>un maximum de valeur de Phrase au quotidien.<\/p>\n<\/div>\n\n\n\n<div class=\"wp-block-buttons is-content-justification-center is-layout-flex wp-container-core-buttons-is-layout-a89b3969 wp-block-buttons-is-layout-flex\">\n<div class=\"wp-block-button\"><a class=\"wp-block-button__link wp-element-button\" href=\"https:\/\/phrase.com\/fr\/partners\/\" target=\"_blank\" rel=\"noreferrer noopener\">Programme de partenariat Phrase<\/a><\/div>\n\n\n\n<div class=\"wp-block-button is-style-black-outline\"><a class=\"wp-block-button__link wp-element-button\" href=\"https:\/\/phrase.com\/fr\/partners-inquiries\/\" target=\"_blank\" rel=\"noreferrer noopener\">Parrainage partenaire<\/a><\/div>\n<\/div>\n<\/div>\n\n","protected":false},"excerpt":{"rendered":"<p>PARTENAIRE PHRASE Hub linguistique Intento pour Phrase www.inten.to La TA qui applique vos r\u00e8gles\u00a0: flux de travaux automatis\u00e9s int\u00e9grant des agents de traduction par IA et des fonctionnalit\u00e9s de LQA (\u00e9valuation de la qualit\u00e9 linguistique) pour une qualit\u00e9 directement exploitable et un contr\u00f4le de la terminologie dans plus de 650\u00a0langues. Intento automatise la traduction pour [&hellip;]<\/p>\n","protected":false},"author":78,"featured_media":7474,"parent":58156,"menu_order":1,"comment_status":"closed","ping_status":"closed","template":"page-refresh","meta":{"_acf_changed":false,"_stopmodifiedupdate":false,"_modified_date":"","_searchwp_excluded":"","episode_type":"","audio_file":"","podmotor_file_id":"","podmotor_episode_id":"","cover_image":"","cover_image_id":"","duration":"","filesize":"","filesize_raw":"","date_recorded":"","explicit":"","block":"","itunes_episode_number":"","itunes_title":"","itunes_season_number":"","itunes_episode_type":"","footnotes":""},"class_list":["post-133738","page","type-page","status-publish","has-post-thumbnail","hentry"],"acf":[],"_links":{"self":[{"href":"https:\/\/phrase.com\/fr\/wp-json\/wp\/v2\/pages\/133738","targetHints":{"allow":["GET"]}}],"collection":[{"href":"https:\/\/phrase.com\/fr\/wp-json\/wp\/v2\/pages"}],"about":[{"href":"https:\/\/phrase.com\/fr\/wp-json\/wp\/v2\/types\/page"}],"author":[{"embeddable":true,"href":"https:\/\/phrase.com\/fr\/wp-json\/wp\/v2\/users\/78"}],"replies":[{"embeddable":true,"href":"https:\/\/phrase.com\/fr\/wp-json\/wp\/v2\/comments?post=133738"}],"version-history":[{"count":2,"href":"https:\/\/phrase.com\/fr\/wp-json\/wp\/v2\/pages\/133738\/revisions"}],"predecessor-version":[{"id":133745,"href":"https:\/\/phrase.com\/fr\/wp-json\/wp\/v2\/pages\/133738\/revisions\/133745"}],"up":[{"embeddable":true,"href":"https:\/\/phrase.com\/fr\/wp-json\/wp\/v2\/pages\/58156"}],"wp:featuredmedia":[{"embeddable":true,"href":"https:\/\/phrase.com\/fr\/wp-json\/wp\/v2\/media\/7474"}],"wp:attachment":[{"href":"https:\/\/phrase.com\/fr\/wp-json\/wp\/v2\/media?parent=133738"}],"curies":[{"name":"wp","href":"https:\/\/api.w.org\/{rel}","templated":true}]}}