{"id":136978,"date":"2026-02-19T14:41:39","date_gmt":"2026-02-19T13:41:39","guid":{"rendered":"https:\/\/phrase.com\/modelfront\/"},"modified":"2026-03-06T12:55:35","modified_gmt":"2026-03-06T11:55:35","slug":"modelfront","status":"publish","type":"page","link":"https:\/\/phrase.com\/fr\/partners\/modelfront\/","title":{"rendered":"ModelFront"},"content":{"rendered":"\n<div class=\"wp-block-group alignfull is-style-copy has-transparent-background-color has-background has-global-padding is-content-justification-center is-layout-constrained wp-block-group-is-layout-constrained\" style=\"padding-top:var(--wp--preset--spacing--45);padding-bottom:var(--wp--preset--spacing--45)\">\n<div class=\"wp-block-group alignwide has-global-padding is-content-justification-center is-layout-constrained wp-container-core-group-is-layout-cefc1864 wp-block-group-is-layout-constrained\" style=\"padding-left:var(--wp--preset--spacing--56)\">\n<p class=\"has-text-align-center has-blue-color has-text-color has-link-color wp-elements-eb4885cd7e3bb80c3e3f818b78424659\">PARTENAIRE DE PHRASE<\/p>\n\n\n\n<figure class=\"wp-block-image aligncenter size-full is-resized is-style-not-rounded\"><img loading=\"lazy\" decoding=\"async\" width=\"7774\" height=\"3000\" src=\"https:\/\/phrase.com\/wp-content\/uploads\/2026\/02\/modelfront-Logo-_-light-bg-rounded.png\" alt=\"\" class=\"wp-image-135617\" style=\"width:276px;height:auto\" srcset=\"https:\/\/phrase.com\/wp-content\/uploads\/2026\/02\/modelfront-Logo-_-light-bg-rounded.png 7774w, https:\/\/phrase.com\/wp-content\/uploads\/2026\/02\/modelfront-Logo-_-light-bg-rounded-300x116.png 300w, https:\/\/phrase.com\/wp-content\/uploads\/2026\/02\/modelfront-Logo-_-light-bg-rounded-1024x395.png 1024w, https:\/\/phrase.com\/wp-content\/uploads\/2026\/02\/modelfront-Logo-_-light-bg-rounded-768x296.png 768w, https:\/\/phrase.com\/wp-content\/uploads\/2026\/02\/modelfront-Logo-_-light-bg-rounded-1536x593.png 1536w, https:\/\/phrase.com\/wp-content\/uploads\/2026\/02\/modelfront-Logo-_-light-bg-rounded-2048x790.png 2048w\" sizes=\"auto, (max-width: 7774px) 100vw, 7774px\" \/><\/figure>\n\n\n\n<h3 class=\"wp-block-heading has-text-align-center has-medium-font-size\" id=\"h-ai-to-scale-translation-while-keeping-human-quality\" style=\"margin-bottom:var(--wp--preset--spacing--8);font-style:normal;font-weight:400\">L&rsquo;IA con\u00e7ue pour d\u00e9ployer la traduction \u00e0 grande \u00e9chelle, tout en maintenant la qualit\u00e9 humaine<\/h3>\n\n\n\n<p class=\"has-text-align-center\"><a href=\"https:\/\/www.modelfront.com\" target=\"_blank\" rel=\"noreferrer noopener\">modelfront.com<\/a><\/p>\n\n\n\n<div style=\"height:40px\" aria-hidden=\"true\" class=\"wp-block-spacer\"><\/div>\n\n\n\n<p class=\"has-text-align-left\" style=\"margin-top:0;margin-bottom:var(--wp--preset--spacing--40)\"><strong><br>L&rsquo;IA ModelFront permet de v\u00e9rifier et corriger les traductions bas\u00e9es sur l&rsquo;IA et de d\u00e9clencher une intervention humaine lorsque c&rsquo;est n\u00e9cessaire.<br><\/strong><br>Les entreprises utilisent ModelFront pour d\u00e9ployer la traduction \u00e0 grande \u00e9chelle tout en maintenant la qualit\u00e9 humaine.<br><br>Dans un contexte d&rsquo;expansion du contenu disponible dans plus de langues pour plus de personnes, l&rsquo;enjeu principal est celui de la v\u00e9rification, pas celui de g\u00e9n\u00e9rer plus de contenu sans v\u00e9rification.<br><br>Ce qui rend l&rsquo;IA ModelFront unique, c&rsquo;est qu&rsquo;elle combine avec succ\u00e8s estimation de la qualit\u00e9 et post-\u00e9dition automatique au sein d&rsquo;une solution simple pour les grands acheteurs de traduction op\u00e9rant dans le monde r\u00e9el.<br><br>ModelFront ne fournit pas de services de traduction humaine manuelle.<\/p>\n\n\n\n<h2 class=\"wp-block-heading has-text-align-center\" id=\"h-services-offered\">Services propos\u00e9s<\/h2>\n\n\n\n<ul class=\"wp-block-list\">\n<li>Pr\u00e9diction de la qualit\u00e9 \u2013 L&rsquo;IA v\u00e9rifie les traductions effectu\u00e9es par l&rsquo;IA et d\u00e9clenche, si n\u00e9cessaire, une intervention humaine<\/li>\n\n\n\n<li>Post-\u00e9dition automatique \u2013 L&rsquo;IA corrige les traductions g\u00e9n\u00e9r\u00e9es par l&rsquo;IA<\/li>\n<\/ul>\n\n\n\n<div style=\"height:15px\" aria-hidden=\"true\" class=\"wp-block-spacer\"><\/div>\n\n\n\n<div class=\"wp-block-buttons is-content-justification-center is-layout-flex wp-container-core-buttons-is-layout-a89b3969 wp-block-buttons-is-layout-flex\">\n<div class=\"wp-block-button\"><a class=\"wp-block-button__link wp-element-button\" href=\"https:\/\/phrase.com\/fr\/demo\/\" target=\"_blank\" rel=\"noreferrer noopener\">Nous contacter<\/a><\/div>\n\n\n\n<div class=\"wp-block-button is-style-black-outline\"><a class=\"wp-block-button__link has-text-align-center wp-element-button\" href=\"https:\/\/www.modelfront.com\" target=\"_blank\" rel=\"noreferrer noopener\">Visiter le site web<\/a><\/div>\n<\/div>\n<\/div>\n<\/div>\n\n\n\n<div class=\"wp-block-group alignwide has-blue-10-background-color has-background has-background-images has-global-padding is-content-justification-left is-layout-constrained wp-container-core-group-is-layout-12dd3699 wp-block-group-is-layout-constrained\" style=\"background-image:url(https:\/\/phrase.com\/wp-content\/uploads\/2024\/06\/Untitled-design-6.jpg.webp);background-position:0% 0%;background-attachment:scroll;background-repeat:no-repeat;background-size:cover\"><div class=\"glide wp-block-phrase-com-testimonials\"><div class=\"glide__track\" data-glide-el=\"track\"><div class=\"glide__slides\">\t<div class=\"wp-block-phrase-com-testimonial glide__slide\">\n\t\t<div class=\"wp-block-phrase-com-testimonial__text \">\n\t\t\t<div class=\"TypographyPresentation TypographyPresentation--medium RichText3-paragraph--withVSpacingNormal RichText3-paragraph HighlightSol HighlightSol--buildingBlock\">Le partenariat a \u00e9volu\u00e9 naturellement gr\u00e2ce aux flux de travaux flexibles de Phrase et aux API \u00e9volutives qui facilitent le d\u00e9ploiement de l&rsquo;IA, y compris les boucles de r\u00e9troaction humaine, et \u00e0 la gamme de clients de soci\u00e9t\u00e9s technologiques mondiales de Phrase qui repoussent les limites de l&rsquo;automatisation. Je suis heureux que nous puissions maintenant partager officiellement que l&rsquo;IA de ModelFront fonctionne sans probl\u00e8me au sein de Phrase pour automatiser des millions de nouveaux mots \u2014 tout en maintenant la qualit\u00e9 humaine \u2014 pour les \u00e9quipes de localisation des entreprises du Fortune 500.\t\t<\/div>\n\t\t<div class=\"wp-block-phrase-com-testimonial__author\">\n\t\t\t\n\t\t\t<div class=\"wp-block-phrase-com-testimonial__author-info\">\n\t\t\t\t<img loading=\"lazy\" decoding=\"async\" width=\"300\" height=\"116\" src=\"https:\/\/phrase.com\/wp-content\/uploads\/2026\/02\/modefront-Logo-_-light-bg.png\" class=\"wp-block-phrase-com-testimonial__author-company-logo\" alt=\"Logo of ModelFront (partenaire)\" srcset=\"https:\/\/phrase.com\/wp-content\/uploads\/2026\/02\/modefront-Logo-_-light-bg.png 2560w, https:\/\/phrase.com\/wp-content\/uploads\/2026\/02\/modefront-Logo-_-light-bg-300x116.png 300w, https:\/\/phrase.com\/wp-content\/uploads\/2026\/02\/modefront-Logo-_-light-bg-1024x395.png 1024w, https:\/\/phrase.com\/wp-content\/uploads\/2026\/02\/modefront-Logo-_-light-bg-768x296.png 768w, https:\/\/phrase.com\/wp-content\/uploads\/2026\/02\/modefront-Logo-_-light-bg-1536x593.png 1536w, https:\/\/phrase.com\/wp-content\/uploads\/2026\/02\/modefront-Logo-_-light-bg-2048x790.png 2048w\" sizes=\"auto, (max-width: 300px) 100vw, 300px\" \/>\n\t\t\t\t<p class=\"wp-block-phrase-com-testimonial__author-name\">\n\t\t\t\t\tAdam Bittlingmayer\t\t\t\t<\/p>\n\n\t\t\t\t<p class=\"wp-block-phrase-com-testimonial__author-title\">\n\t\t\t\t\tPDG, ModelFront\t\t\t\t<\/p>\n\t\t\t<\/div>\n\t\t<\/div>\n\t<\/div>\n\t<\/div><\/div><\/div><\/div>\n\n\n\n<div class=\"wp-block-group alignwide has-yellow-background-color has-background has-global-padding is-layout-constrained wp-block-group-is-layout-constrained\" style=\"margin-top:var(--wp--preset--spacing--56)\">\n<div class=\"wp-block-group is-vertical is-content-justification-center is-layout-flex wp-container-core-group-is-layout-ce155fab wp-block-group-is-layout-flex\">\n<h2 class=\"wp-block-heading has-text-align-center\" id=\"h-discover-more-partners\">D\u00e9couvrez nos autres partenaires<\/h2>\n\n\n\n<p class=\"has-text-align-center\">Nous nous associons \u00e0 des entreprises technologiques de premier plan afin que votre \u00e9quipe retire<br>un maximum de valeur de Phrase au quotidien.<\/p>\n<\/div>\n\n\n\n<div class=\"wp-block-buttons is-content-justification-center is-layout-flex wp-container-core-buttons-is-layout-a89b3969 wp-block-buttons-is-layout-flex\">\n<div class=\"wp-block-button\"><a class=\"wp-block-button__link wp-element-button\" href=\"https:\/\/phrase.com\/fr\/partners\/\" target=\"_blank\" rel=\"noreferrer noopener\">Programme de partenariat Phrase<\/a><\/div>\n\n\n\n<div class=\"wp-block-button is-style-black-outline\"><a class=\"wp-block-button__link wp-element-button\" href=\"https:\/\/phrase.com\/fr\/partners-inquiries\/\" target=\"_blank\" rel=\"noreferrer noopener\">Recommander un partenaire<\/a><\/div>\n<\/div>\n<\/div>\n\n","protected":false},"excerpt":{"rendered":"<p>PARTENAIRE DE PHRASE L&rsquo;IA con\u00e7ue pour d\u00e9ployer la traduction \u00e0 grande \u00e9chelle, tout en maintenant la qualit\u00e9 humaine modelfront.com L&rsquo;IA ModelFront permet de v\u00e9rifier et corriger les traductions bas\u00e9es sur l&rsquo;IA et de d\u00e9clencher une intervention humaine lorsque c&rsquo;est n\u00e9cessaire.Les entreprises utilisent ModelFront pour d\u00e9ployer la traduction \u00e0 grande \u00e9chelle tout en maintenant la qualit\u00e9 [&hellip;]<\/p>\n","protected":false},"author":77,"featured_media":7474,"parent":58156,"menu_order":1,"comment_status":"closed","ping_status":"closed","template":"page-refresh","meta":{"_acf_changed":false,"_stopmodifiedupdate":false,"_modified_date":"","_searchwp_excluded":"","episode_type":"","audio_file":"","podmotor_file_id":"","podmotor_episode_id":"","cover_image":"","cover_image_id":"","duration":"","filesize":"","filesize_raw":"","date_recorded":"","explicit":"","block":"","itunes_episode_number":"","itunes_title":"","itunes_season_number":"","itunes_episode_type":"","footnotes":""},"class_list":["post-136978","page","type-page","status-publish","has-post-thumbnail","hentry"],"acf":[],"_links":{"self":[{"href":"https:\/\/phrase.com\/fr\/wp-json\/wp\/v2\/pages\/136978","targetHints":{"allow":["GET"]}}],"collection":[{"href":"https:\/\/phrase.com\/fr\/wp-json\/wp\/v2\/pages"}],"about":[{"href":"https:\/\/phrase.com\/fr\/wp-json\/wp\/v2\/types\/page"}],"author":[{"embeddable":true,"href":"https:\/\/phrase.com\/fr\/wp-json\/wp\/v2\/users\/77"}],"replies":[{"embeddable":true,"href":"https:\/\/phrase.com\/fr\/wp-json\/wp\/v2\/comments?post=136978"}],"version-history":[{"count":4,"href":"https:\/\/phrase.com\/fr\/wp-json\/wp\/v2\/pages\/136978\/revisions"}],"predecessor-version":[{"id":137017,"href":"https:\/\/phrase.com\/fr\/wp-json\/wp\/v2\/pages\/136978\/revisions\/137017"}],"up":[{"embeddable":true,"href":"https:\/\/phrase.com\/fr\/wp-json\/wp\/v2\/pages\/58156"}],"wp:featuredmedia":[{"embeddable":true,"href":"https:\/\/phrase.com\/fr\/wp-json\/wp\/v2\/media\/7474"}],"wp:attachment":[{"href":"https:\/\/phrase.com\/fr\/wp-json\/wp\/v2\/media?parent=136978"}],"curies":[{"name":"wp","href":"https:\/\/api.w.org\/{rel}","templated":true}]}}