{"id":137867,"date":"2026-03-17T06:22:56","date_gmt":"2026-03-17T05:22:56","guid":{"rendered":"https:\/\/phrase.com\/taus-2\/"},"modified":"2026-03-13T15:49:21","modified_gmt":"2026-03-13T14:49:21","slug":"taus","status":"publish","type":"page","link":"https:\/\/phrase.com\/fr\/partners\/taus\/","title":{"rendered":"TAUS"},"content":{"rendered":"\n<div class=\"wp-block-group alignfull is-style-copy has-transparent-background-color has-background has-global-padding is-content-justification-center is-layout-constrained wp-block-group-is-layout-constrained\" style=\"padding-top:var(--wp--preset--spacing--10);padding-bottom:var(--wp--preset--spacing--10)\">\n<div class=\"wp-block-group alignwide has-global-padding is-content-justification-center is-layout-constrained wp-container-core-group-is-layout-cefc1864 wp-block-group-is-layout-constrained\" style=\"padding-left:var(--wp--preset--spacing--56)\">\n<p class=\"has-text-align-center has-blue-color has-text-color has-link-color wp-elements-eb4885cd7e3bb80c3e3f818b78424659\">PARTENAIRE DE PHRASE<\/p>\n\n\n\n<figure class=\"wp-block-image aligncenter size-full is-resized is-style-not-rounded\"><img loading=\"lazy\" decoding=\"async\" width=\"1000\" height=\"173\" src=\"https:\/\/phrase.com\/wp-content\/uploads\/2026\/03\/Taus_Logo_Final-1.svg\" alt=\"\" class=\"wp-image-137082\" style=\"width:276px;height:auto\" \/><\/figure>\n\n\n\n<div style=\"height:20px\" aria-hidden=\"true\" class=\"wp-block-spacer\"><\/div>\n\n\n\n<h3 class=\"wp-block-heading has-text-align-center has-medium-font-size\" id=\"h-your-ai-quality-companion\" style=\"margin-bottom:var(--wp--preset--spacing--8);font-style:normal;font-weight:400\">Votre compagnon de qualit\u00e9 IA<\/h3>\n\n\n\n<p class=\"has-text-align-center\"><a href=\"https:\/\/www.taus.net\/\" target=\"_blank\" rel=\"noreferrer noopener\">taus.net<\/a><\/p>\n\n\n\n<div style=\"height:60px\" aria-hidden=\"true\" class=\"wp-block-spacer\"><\/div>\n\n\n\n<p class=\"has-text-align-center\" style=\"margin-top:0;margin-bottom:var(--wp--preset--spacing--40)\"><strong><br><\/strong>Fond\u00e9 en tant que think tank ind\u00e9pendant pour l&rsquo;industrie de la localisation, TAUS a pass\u00e9 plus de deux d\u00e9cennies \u00e0 faire progresser la qualit\u00e9 de la traduction gr\u00e2ce \u00e0 la recherche, au benchmarking et \u00e0 la technologie linguistique.<\/p>\n\n\n\n<p class=\"has-text-align-center\" style=\"margin-top:0;margin-bottom:var(--wp--preset--spacing--40)\">Aujourd&rsquo;hui, nous combinons expertise linguistique, donn\u00e9es linguistiques et outils aliment\u00e9s par l&rsquo;IA pour aider les entreprises et les fournisseurs de services linguistiques \u00e0 livrer du contenu multilingue avec confiance et efficacit\u00e9.<\/p>\n\n\n\n<h2 class=\"wp-block-heading has-text-align-center\" id=\"h-core-capabilities\"><strong>Capacit\u00e9s principales<\/strong><\/h2>\n\n\n\n<ul class=\"wp-block-list\">\n<li><strong>Pipeline d&rsquo;apprentissage continu et de r\u00e9entra\u00eenement\u00a0:<\/strong><br>Les capacit\u00e9s EPIC sont continuellement am\u00e9lior\u00e9es gr\u00e2ce \u00e0 l&rsquo;int\u00e9gration de nouvelles donn\u00e9es d&rsquo;entra\u00eenement, \u00e0 la prise en charge de langues suppl\u00e9mentaires et aux ajustements bas\u00e9s sur l&rsquo;\u00e9volution des cas d&rsquo;utilisation et des besoins des clients.<\/li>\n\n\n\n<li><strong>Mod\u00e8les QE propri\u00e9taires entra\u00een\u00e9s sur des donn\u00e9es TAUS s\u00e9lectionn\u00e9es\u00a0:<\/strong><br>D\u00e9velopp\u00e9s \u00e0 partir de grands volumes de donn\u00e9es de traduction de haute qualit\u00e9 provenant du vaste r\u00e9f\u00e9rentiel multilingue de TAUS, fournissant des scores de qualit\u00e9 qui s&rsquo;alignent \u00e9troitement sur les benchmarks d&rsquo;\u00e9valuation humaine.<\/li>\n\n\n\n<li><strong>Entra\u00eenement et adaptation de mod\u00e8les personnalis\u00e9s\u00a0:<\/strong> TAUS peut affiner les mod\u00e8les pour des param\u00e8tres r\u00e9gionaux, des domaines, des types de contenu ou des normes de marque sp\u00e9cifiques en utilisant les propres donn\u00e9es des clients. Des pipelines automatis\u00e9s pour la pr\u00e9paration des donn\u00e9es, l&rsquo;entra\u00eenement et le benchmarking permettent une livraison rapide et efficace avec un minimum de travail manuel.<\/li>\n\n\n\n<li><strong>Indice de confiance calibr\u00e9 pour chaque paire de langues\u00a0:<\/strong><br>TAUS fournit des scores de confiance adapt\u00e9s \u00e0 chaque paire de langues, aidant les clients \u00e0 calibrer les seuils de qualit\u00e9 tout en comprenant les compromis entre risque et \u00e9conomies de co\u00fbts, permettant des d\u00e9cisions plus intelligentes sur le moment d&rsquo;accepter, de r\u00e9viser ou de post-\u00e9diter le contenu traduit par machine.<\/li>\n<\/ul>\n<\/div>\n<\/div>\n\n\n\n<div class=\"wp-block-group has-global-padding is-layout-constrained wp-block-group-is-layout-constrained\">\n<h2 class=\"wp-block-heading has-text-align-center\" id=\"h-services-offered\">Services propos\u00e9s<\/h2>\n\n\n\n<ul class=\"wp-block-list\">\n<li>Estimation de la qualit\u00e9<\/li>\n\n\n\n<li>Post-\u00e9dition automatis\u00e9e<\/li>\n\n\n\n<li>D\u00e9veloppement de mod\u00e8les QE personnalis\u00e9s<\/li>\n\n\n\n<li>Consultation en TAL<\/li>\n<\/ul>\n<\/div>\n\n\n\n<div class=\"wp-block-buttons is-content-justification-center is-layout-flex wp-container-core-buttons-is-layout-a89b3969 wp-block-buttons-is-layout-flex\">\n<div class=\"wp-block-button\"><a class=\"wp-block-button__link wp-element-button\" href=\"https:\/\/phrase.com\/fr\/demo\/\" target=\"_blank\" rel=\"noreferrer noopener\">Nous contacter<\/a><\/div>\n\n\n\n<div class=\"wp-block-button is-style-black-outline\"><a class=\"wp-block-button__link has-text-align-center wp-element-button\" href=\"https:\/\/traduno.com\/\" target=\"_blank\" rel=\"noreferrer noopener\">Visiter le site web<\/a><\/div>\n<\/div>\n\n\n\n<div class=\"wp-block-group alignwide has-blue-10-background-color has-background has-background-images has-global-padding is-content-justification-left is-layout-constrained wp-container-core-group-is-layout-12dd3699 wp-block-group-is-layout-constrained\" style=\"background-image:url(https:\/\/phrase.com\/wp-content\/uploads\/2024\/06\/Untitled-design-6.jpg.webp);background-position:0% 0%;background-attachment:scroll;background-repeat:no-repeat;background-size:cover\"><div class=\"glide wp-block-phrase-com-testimonials\"><div class=\"glide__track\" data-glide-el=\"track\"><div class=\"glide__slides\">\t<div class=\"wp-block-phrase-com-testimonial glide__slide\">\n\t\t<div class=\"wp-block-phrase-com-testimonial__text \">\n\t\t\t<p data-pm-slice=\"1 1 []\">Notre int\u00e9gration avec Phrase marque une \u00e9tape essentielle dans l&rsquo;unification de l&rsquo;\u00e9valuation de la qualit\u00e9 automatis\u00e9e et des capacit\u00e9s de post-\u00e9dition avec une plateforme de localisation de classe mondiale. En int\u00e9grant EPIC QE et APE directement dans l&rsquo;\u00e9cosyst\u00e8me Phrase, nous permettons aux clients d&rsquo;atteindre une qualit\u00e9 de traduction sup\u00e9rieure, des d\u00e9lais d&rsquo;ex\u00e9cution plus rapides et des flux de travaux sans couture \u00e0 grande \u00e9chelle. Ce partenariat refl\u00e8te notre engagement commun envers des \u00e9cosyst\u00e8mes ouverts et une innovation centr\u00e9e sur le client, offrant aux \u00e9quipes mondiales les outils dont elles ont besoin pour livrer un contenu impactant et coh\u00e9rent \u00e0 travers les langues et les march\u00e9s.<\/p>\t\t<\/div>\n\t\t<div class=\"wp-block-phrase-com-testimonial__author\">\n\t\t\t\n\t\t\t<div class=\"wp-block-phrase-com-testimonial__author-info\">\n\t\t\t\t<img loading=\"lazy\" decoding=\"async\" width=\"1000\" height=\"173\" src=\"https:\/\/phrase.com\/wp-content\/uploads\/2026\/03\/Taus_Logo_Final-1.svg\" class=\"wp-block-phrase-com-testimonial__author-company-logo\" alt=\"Logo of Taus (partenaire)\" \/>\n\t\t\t\t<p class=\"wp-block-phrase-com-testimonial__author-name\">\n\t\t\t\t\tJaap van der Meer, PDG\t\t\t\t<\/p>\n\n\t\t\t\t<p class=\"wp-block-phrase-com-testimonial__author-title\">\n\t\t\t\t\tPDG\t\t\t\t<\/p>\n\t\t\t<\/div>\n\t\t<\/div>\n\t<\/div>\n\t<\/div><\/div><\/div><\/div>\n\n\n\n<div class=\"wp-block-group alignwide has-yellow-background-color has-background has-global-padding is-layout-constrained wp-block-group-is-layout-constrained\" style=\"margin-top:var(--wp--preset--spacing--56)\">\n<div class=\"wp-block-group is-vertical is-content-justification-center is-layout-flex wp-container-core-group-is-layout-ce155fab wp-block-group-is-layout-flex\">\n<h2 class=\"wp-block-heading has-text-align-center\" id=\"h-discover-more-partners\">D\u00e9couvrez nos autres partenaires<\/h2>\n\n\n\n<p class=\"has-text-align-center\">Nous nous associons \u00e0 des entreprises technologiques de premier plan afin que votre \u00e9quipe retire<br>un maximum de valeur de Phrase au quotidien.<\/p>\n<\/div>\n\n\n\n<div class=\"wp-block-buttons is-content-justification-center is-layout-flex wp-container-core-buttons-is-layout-a89b3969 wp-block-buttons-is-layout-flex\">\n<div class=\"wp-block-button\"><a class=\"wp-block-button__link wp-element-button\" href=\"https:\/\/phrase.com\/fr\/partners\/\" target=\"_blank\" rel=\"noreferrer noopener\">Programme de partenariat Phrase<\/a><\/div>\n\n\n\n<div class=\"wp-block-button is-style-black-outline\"><a class=\"wp-block-button__link wp-element-button\" href=\"https:\/\/phrase.com\/fr\/partners-inquiries\/\" target=\"_blank\" rel=\"noreferrer noopener\">Recommander un partenaire<\/a><\/div>\n<\/div>\n<\/div>\n\n","protected":false},"excerpt":{"rendered":"<p>PARTENAIRE DE PHRASE Votre compagnon de qualit\u00e9 IA taus.net Fond\u00e9 en tant que think tank ind\u00e9pendant pour l&rsquo;industrie de la localisation, TAUS a pass\u00e9 plus de deux d\u00e9cennies \u00e0 faire progresser la qualit\u00e9 de la traduction gr\u00e2ce \u00e0 la recherche, au benchmarking et \u00e0 la technologie linguistique. Aujourd&rsquo;hui, nous combinons expertise linguistique, donn\u00e9es linguistiques et [&hellip;]<\/p>\n","protected":false},"author":77,"featured_media":0,"parent":58156,"menu_order":1,"comment_status":"closed","ping_status":"closed","template":"page-refresh","meta":{"_acf_changed":false,"_stopmodifiedupdate":false,"_modified_date":"","_searchwp_excluded":"","episode_type":"","audio_file":"","podmotor_file_id":"","podmotor_episode_id":"","cover_image":"","cover_image_id":"","duration":"","filesize":"","filesize_raw":"","date_recorded":"","explicit":"","block":"","itunes_episode_number":"","itunes_title":"","itunes_season_number":"","itunes_episode_type":"","footnotes":""},"class_list":["post-137867","page","type-page","status-publish","hentry"],"acf":[],"_links":{"self":[{"href":"https:\/\/phrase.com\/fr\/wp-json\/wp\/v2\/pages\/137867","targetHints":{"allow":["GET"]}}],"collection":[{"href":"https:\/\/phrase.com\/fr\/wp-json\/wp\/v2\/pages"}],"about":[{"href":"https:\/\/phrase.com\/fr\/wp-json\/wp\/v2\/types\/page"}],"author":[{"embeddable":true,"href":"https:\/\/phrase.com\/fr\/wp-json\/wp\/v2\/users\/77"}],"replies":[{"embeddable":true,"href":"https:\/\/phrase.com\/fr\/wp-json\/wp\/v2\/comments?post=137867"}],"version-history":[{"count":2,"href":"https:\/\/phrase.com\/fr\/wp-json\/wp\/v2\/pages\/137867\/revisions"}],"predecessor-version":[{"id":137878,"href":"https:\/\/phrase.com\/fr\/wp-json\/wp\/v2\/pages\/137867\/revisions\/137878"}],"up":[{"embeddable":true,"href":"https:\/\/phrase.com\/fr\/wp-json\/wp\/v2\/pages\/58156"}],"wp:attachment":[{"href":"https:\/\/phrase.com\/fr\/wp-json\/wp\/v2\/media?parent=137867"}],"curies":[{"name":"wp","href":"https:\/\/api.w.org\/{rel}","templated":true}]}}