{"id":27771,"date":"2022-08-10T21:06:35","date_gmt":"2022-08-10T19:06:35","guid":{"rendered":"https:\/\/phrase.com\/?page_id=27771"},"modified":"2026-03-02T11:48:31","modified_gmt":"2026-03-02T10:48:31","slug":"jobs","status":"publish","type":"page","link":"https:\/\/phrase.com\/fr\/careers\/jobs\/","title":{"rendered":"Offres d\u2019emploi"},"content":{"rendered":"\n<div class=\"wp-block-group alignwide is-style-header-hero has-white-color has-white-background-color has-text-color has-background has-link-color has-background-images wp-elements-d8c3dac22be8065b533a34b4b677dbc6 is-layout-flow wp-block-group-is-layout-flow\" style=\"padding-top:var(--wp--preset--spacing--110);padding-bottom:var(--wp--preset--spacing--110);background-image:url(https:\/\/phrase.com\/wp-content\/uploads\/2025\/07\/phrase-header-green.jpg.webp);background-position:0% 100%;background-attachment:scroll;background-repeat:no-repeat;background-size:cover\">\n<div class=\"wp-block-group has-global-padding is-content-justification-left is-layout-constrained wp-container-core-group-is-layout-4513c74a wp-block-group-is-layout-constrained\"><div class=\"yoast-breadcrumbs\"><span><span><a href=\"https:\/\/phrase.com\/fr\/\">Home<\/a><\/span> | <span><a href=\"https:\/\/phrase.com\/fr\/careers\/\">Carri\u00e8res<\/a><\/span> | <span class=\"breadcrumb_last\" aria-current=\"page\">Offres d\u2019emploi<\/span><\/span><\/div>\n\n\n<h2 class=\"wp-block-heading has-text-align-left has-gigantic-font-size\" id=\"h-postes-a-pourvoir\" style=\"font-style:normal;font-weight:400\">Postes \u00e0 pourvoir<\/h2>\n\n\n\n<div class=\"wp-block-group has-global-padding is-content-justification-left is-layout-constrained wp-container-core-group-is-layout-12dd3699 wp-block-group-is-layout-constrained\">\n<p class=\"has-text-align-left\">Trouvez le poste correspondant \u00e0 vos comp\u00e9tences qui vous permettra de vous \u00e9panouir.<\/p>\n<\/div>\n<\/div>\n<\/div>\n\n\n\n<div data-wp-context=\"{}\" data-wp-interactive=\"core\/query\" data-wp-key=\"1\" data-wp-router-region=\"query-1\" class=\"wp-block-query alignwide is-layout-flow wp-block-query-is-layout-flow\">\n<div class=\"wp-block-columns is-layout-flex wp-container-core-columns-is-layout-19b4936f wp-block-columns-is-layout-flex\">\n<div class=\"wp-block-column is-layout-flow wp-container-core-column-is-layout-0f64ed6a wp-block-column-is-layout-flow\" style=\"flex-basis:25%\"><div class=\"wp-block-phrase-com-query-search\">\n\t<form data-wp-interactive=\"phrase\/query-search\" id=\"searchform-1\" data-wp-context='{\"value\":\"\"}' data-wp-on--submit=\"actions.search\">\n\t\t<button type=\"submit\" class=\"wp-block-phrase-com-query-search__submit\">\n\t\t\t<span class=\"screen-reader-text\">Search<\/span>\n\t\t\t<svg xmlns=\"http:\/\/www.w3.org\/2000\/svg\" width=\"15\" height=\"15\" fill=\"none\" viewBox=\"0 0 15 15\"><path fill=\"currentColor\" d=\"m13.833 15-5.25-5.25a5.08 5.08 0 0 1-3.167 1.083c-1.513 0-2.794-.524-3.843-1.573C.524 8.212 0 6.93 0 5.417c0-1.514.524-2.795 1.573-3.844S3.903 0 5.417 0C6.93 0 8.212.524 9.26 1.573c1.049 1.049 1.573 2.33 1.573 3.844A5.08 5.08 0 0 1 9.75 8.583l5.25 5.25L13.833 15ZM5.417 9.167c1.041 0 1.927-.365 2.656-1.094.73-.73 1.094-1.615 1.094-2.656 0-1.042-.365-1.927-1.094-2.657-.73-.729-1.615-1.093-2.656-1.093-1.042 0-1.927.364-2.657 1.093-.729.73-1.093 1.615-1.093 2.657 0 1.041.364 1.927 1.093 2.656.73.73 1.615 1.094 2.657 1.094Z\"\/><\/svg>\n\t\t<\/button>\n\t\t<label for=\"searchform-1-input\" class=\"screen-reader-text\">\n\t\t\tSearch:\t\t<\/label>\n\t\t<input value=\"\"\n\t\t\ttype=\"search\"\n\t\t\tinputmode=\"search\"\n\t\t\tname=\"query-1-s\"\n\t\t\tid=\"searchform-1-input\"\n\t\t\tplaceholder=\"Type to search\u2026\"\n\t\t\tclass=\"wp-block-phrase-com-query-search__input\"\n\t\t\tdata-wp-bind--value=\"context.value\"\n\t\t\tdata-wp-on--input=\"actions.updateValue\"\n\t\t\tdata-wp-on--keyup=\"actions.autoSearch\"\n\t\t\/>\n\t\t<button hidden type=\"button\" class=\"wp-block-phrase-com-query-search__reset\" data-wp-on--click=\"actions.reset\" data-wp-bind--hidden=\"!context.value\">\n\t\t\t<span class=\"screen-reader-text\">Reset<\/span>\n\t\t\t<svg aria-hidden=\"true\" xmlns=\"http:\/\/www.w3.org\/2000\/svg\" width=\"24\" height=\"24\" fill=\"none\" viewBox=\"0 0 24 24\"><path stroke=\"currentColor\" stroke-linecap=\"round\" stroke-linejoin=\"round\" stroke-width=\"2\" d=\"M18 6 6 18M6 6l12 12\"\/><\/svg>\n\t\t<\/button>\n\t<\/form>\n<\/div>\n\n\n\n<div class=\"wp-block-group has-global-padding is-layout-constrained wp-block-group-is-layout-constrained\">\n<h4 class=\"wp-block-heading\" id=\"h-departments\">Departments<\/h4>\n\n\n<ul class=\"is-style-vertical wp-block-phrase-com-query-terms-filter\" data-wp-interactive=\"phrase\/query-terms-filter\">\n\t\t\t<li class=\"phrase-query-terms-filter__all\">\n\t\t\t<a\n\t\t\t\thref=\"https:\/\/phrase.com\/fr\/wp-json\/wp\/v2\/pages\/27771\"\n\t\t\t\trel=\"nofollow\"\n\t\t\t\trole=\"menuitemcheckbox\"\n\t\t\t\taria-checked=\"true\"\n\t\t\t\tdata-wp-on--click=\"actions.navigate\"\n\t\t\t\tdata-wp-on-async--mouseenter=\"actions.prefetch\"\n\t\t\t>\n\t\t\t\tAll\t\t\t<\/a>\n\t\t<\/li>\n\t\t\t<li class=\"phrase-query-terms-filter__item\">\n\t\t\t<a\n\t\t\t\thref=\"https:\/\/phrase.com\/fr\/wp-json\/wp\/v2\/pages\/27771?query-1-phrase_job_department%5B0%5D=customer-success\"\n\t\t\t\trel=\"nofollow\"\n\t\t\t\trole=\"menuitemcheckbox\"\n\t\t\t\taria-checked=\"false\"\n\t\t\t\tdata-wp-on--click=\"actions.navigate\"\n\t\t\t\tdata-wp-on-async--mouseenter=\"actions.prefetch\"\n\t\t\t>\n\t\t\t\tCustomer Success\t\t\t<\/a>\n\t\t<\/li>\n\t\t\t<li class=\"phrase-query-terms-filter__item\">\n\t\t\t<a\n\t\t\t\thref=\"https:\/\/phrase.com\/fr\/wp-json\/wp\/v2\/pages\/27771?query-1-phrase_job_department%5B0%5D=engineering\"\n\t\t\t\trel=\"nofollow\"\n\t\t\t\trole=\"menuitemcheckbox\"\n\t\t\t\taria-checked=\"false\"\n\t\t\t\tdata-wp-on--click=\"actions.navigate\"\n\t\t\t\tdata-wp-on-async--mouseenter=\"actions.prefetch\"\n\t\t\t>\n\t\t\t\tEngineering\t\t\t<\/a>\n\t\t<\/li>\n\t\t\t<li class=\"phrase-query-terms-filter__item\">\n\t\t\t<a\n\t\t\t\thref=\"https:\/\/phrase.com\/fr\/wp-json\/wp\/v2\/pages\/27771?query-1-phrase_job_department%5B0%5D=marketing\"\n\t\t\t\trel=\"nofollow\"\n\t\t\t\trole=\"menuitemcheckbox\"\n\t\t\t\taria-checked=\"false\"\n\t\t\t\tdata-wp-on--click=\"actions.navigate\"\n\t\t\t\tdata-wp-on-async--mouseenter=\"actions.prefetch\"\n\t\t\t>\n\t\t\t\tMarketing\t\t\t<\/a>\n\t\t<\/li>\n\t\t\t<li class=\"phrase-query-terms-filter__item\">\n\t\t\t<a\n\t\t\t\thref=\"https:\/\/phrase.com\/fr\/wp-json\/wp\/v2\/pages\/27771?query-1-phrase_job_department%5B0%5D=product\"\n\t\t\t\trel=\"nofollow\"\n\t\t\t\trole=\"menuitemcheckbox\"\n\t\t\t\taria-checked=\"false\"\n\t\t\t\tdata-wp-on--click=\"actions.navigate\"\n\t\t\t\tdata-wp-on-async--mouseenter=\"actions.prefetch\"\n\t\t\t>\n\t\t\t\tProduct\t\t\t<\/a>\n\t\t<\/li>\n\t<\/ul>\n<\/div>\n\n\n\n<div class=\"wp-block-group has-global-padding is-layout-constrained wp-block-group-is-layout-constrained\">\n<h4 class=\"wp-block-heading\" id=\"h-offices\">Offices<\/h4>\n\n\n<ul class=\"is-style-vertical wp-block-phrase-com-query-terms-filter\" data-wp-interactive=\"phrase\/query-terms-filter\">\n\t\t\t<li class=\"phrase-query-terms-filter__all\">\n\t\t\t<a\n\t\t\t\thref=\"https:\/\/phrase.com\/fr\/wp-json\/wp\/v2\/pages\/27771\"\n\t\t\t\trel=\"nofollow\"\n\t\t\t\trole=\"menuitemcheckbox\"\n\t\t\t\taria-checked=\"true\"\n\t\t\t\tdata-wp-on--click=\"actions.navigate\"\n\t\t\t\tdata-wp-on-async--mouseenter=\"actions.prefetch\"\n\t\t\t>\n\t\t\t\tAll\t\t\t<\/a>\n\t\t<\/li>\n\t\t\t<li class=\"phrase-query-terms-filter__item\">\n\t\t\t<a\n\t\t\t\thref=\"https:\/\/phrase.com\/fr\/wp-json\/wp\/v2\/pages\/27771?query-1-phrase_job_location%5B0%5D=europe-entities-in-czech-republic-germany-spain-ireland-united-kingdom\"\n\t\t\t\trel=\"nofollow\"\n\t\t\t\trole=\"menuitemcheckbox\"\n\t\t\t\taria-checked=\"false\"\n\t\t\t\tdata-wp-on--click=\"actions.navigate\"\n\t\t\t\tdata-wp-on-async--mouseenter=\"actions.prefetch\"\n\t\t\t>\n\t\t\t\tEurope (Entities in Czech Republic, Germany, Spain, Ireland, United Kingdom)\t\t\t<\/a>\n\t\t<\/li>\n\t<\/ul>\n<\/div>\n<\/div>\n\n\n\n<div class=\"wp-block-column is-layout-flow wp-block-column-is-layout-flow\" style=\"flex-basis:75%\"><ul class=\"columns-3 wp-block-post-template is-layout-grid wp-container-core-post-template-is-layout-6d3fbd8f wp-block-post-template-is-layout-grid\"><li data-wp-key=\"post-template-item-137194\" class=\"wp-block-post post-137194 phrase_job type-phrase_job status-publish hentry\">\n\n<div class=\"wp-block-group wp-block-post__content is-layout-flow wp-block-group-is-layout-flow\"><h3 class=\"wp-block-post-title\">Senior Product Manager<\/h3>\n\n<div class=\"wp-block-post-excerpt\"><p class=\"wp-block-post-excerpt__excerpt\">Product | Europe (Entities in Czech Republic, Germany, Spain, Ireland, United Kingdom)<\/p><p class=\"wp-block-post-excerpt__more-text\"><a class=\"wp-block-post-excerpt__more-link\" href=\"https:\/\/phrase.com\/fr\/careers\/jobs\/?gh_jid=4797504101\">Apply<\/a><\/p><\/div><\/div>\n\n<\/li><li data-wp-key=\"post-template-item-136814\" class=\"wp-block-post post-136814 phrase_job type-phrase_job status-publish hentry\">\n\n<div class=\"wp-block-group wp-block-post__content is-layout-flow wp-block-group-is-layout-flow\"><h3 class=\"wp-block-post-title\">DevOps Engineer<\/h3>\n\n<div class=\"wp-block-post-excerpt\"><p class=\"wp-block-post-excerpt__excerpt\">Engineering | Europe (Entities in Czech Republic, Germany, Spain, Ireland, United Kingdom)<\/p><p class=\"wp-block-post-excerpt__more-text\"><a class=\"wp-block-post-excerpt__more-link\" href=\"https:\/\/phrase.com\/fr\/careers\/jobs\/?gh_jid=4795932101\">Apply<\/a><\/p><\/div><\/div>\n\n<\/li><li data-wp-key=\"post-template-item-136495\" class=\"wp-block-post post-136495 phrase_job type-phrase_job status-publish hentry\">\n\n<div class=\"wp-block-group wp-block-post__content is-layout-flow wp-block-group-is-layout-flow\"><h3 class=\"wp-block-post-title\">Customer Enablement Specialist<\/h3>\n\n<div class=\"wp-block-post-excerpt\"><p class=\"wp-block-post-excerpt__excerpt\">Customer Success | Europe (Entities in Czech Republic, Germany, Spain, Ireland, United Kingdom)<\/p><p class=\"wp-block-post-excerpt__more-text\"><a class=\"wp-block-post-excerpt__more-link\" href=\"https:\/\/phrase.com\/fr\/careers\/jobs\/?gh_jid=4783051101\">Apply<\/a><\/p><\/div><\/div>\n\n<\/li><li data-wp-key=\"post-template-item-136497\" class=\"wp-block-post post-136497 phrase_job type-phrase_job status-publish hentry\">\n\n<div class=\"wp-block-group wp-block-post__content is-layout-flow wp-block-group-is-layout-flow\"><h3 class=\"wp-block-post-title\">Head of Product Design<\/h3>\n\n<div class=\"wp-block-post-excerpt\"><p class=\"wp-block-post-excerpt__excerpt\">Product | Europe (Entities in Czech Republic, Germany, Spain, Ireland, United Kingdom)<\/p><p class=\"wp-block-post-excerpt__more-text\"><a class=\"wp-block-post-excerpt__more-link\" href=\"https:\/\/phrase.com\/fr\/careers\/jobs\/?gh_jid=4741102101\">Apply<\/a><\/p><\/div><\/div>\n\n<\/li><li data-wp-key=\"post-template-item-136499\" class=\"wp-block-post post-136499 phrase_job type-phrase_job status-publish hentry\">\n\n<div class=\"wp-block-group wp-block-post__content is-layout-flow wp-block-group-is-layout-flow\"><h3 class=\"wp-block-post-title\">Virtual Events and Podcast Manager<\/h3>\n\n<div class=\"wp-block-post-excerpt\"><p class=\"wp-block-post-excerpt__excerpt\">Marketing | Europe (Entities in Czech Republic, Germany, Spain, Ireland, United Kingdom)<\/p><p class=\"wp-block-post-excerpt__more-text\"><a class=\"wp-block-post-excerpt__more-link\" href=\"https:\/\/phrase.com\/fr\/careers\/jobs\/?gh_jid=4739481101\">Apply<\/a><\/p><\/div><\/div>\n\n<\/li><\/ul>\n\n\n\n<\/div>\n<\/div>\n<\/div>\n\n\n\n<div class=\"wp-block-group alignwide is-layout-flow wp-block-group-is-layout-flow\">\n<div class=\"wp-block-group has-global-padding is-layout-constrained wp-block-group-is-layout-constrained\">\n<h2 class=\"wp-block-heading has-text-align-center\" id=\"h-notre-processus-de-candidature\" style=\"margin-bottom:var(--wp--preset--spacing--80)\">Notre processus de candidature<\/h2>\n\n\n\n<div class=\"wp-block-wearerequired-accordion alignwide\">\n<div id=\"acc-nous-contacter\" tabindex=\"-1\" class=\"wp-block-wearerequired-accordion-section\">\n<h3 class=\"wp-block-wearerequired-accordion-heading\"><span aria-hidden=\"true\" class=\"wp-block-wearerequired-accordion-heading__icon\"><\/span><span class=\"wp-block-wearerequired-accordion-heading__text\">Nous contacter<\/span><\/h3>\n\n\n\n<div class=\"wp-block-wearerequired-accordion-content is-layout-flow wp-block-wearerequired-accordion-content-is-layout-flow\">\n<p>Soumettez votre candidature via l\u2019offre d\u2019emploi.<\/p>\n\n\n\n<p>Comment vous d\u00e9marquer dans votre candidature&nbsp;:<\/p>\n\n\n\n<ul class=\"wp-block-list\">\n<li>Nous vous encourageons \u00e0 nous indiquer vos pronoms pour nous aider \u00e0 communiquer au mieux avec vous.<\/li>\n\n\n\n<li>Lisez attentivement nos descriptions de postes et postulez \u00e0 celui ou ceux qui correspond(ent) le mieux \u00e0 votre exp\u00e9rience.<\/li>\n\n\n\n<li>Expliquez pourquoi vous souhaitez rejoindre notre \u00e9quipe et dites-nous en quoi notre mission vous parle.<\/li>\n\n\n\n<li>Assurez-vous de nous transmettre tous les \u00e9l\u00e9ments n\u00e9cessaires\u00a0: vos comp\u00e9tences, vos forces et vos ambitions. Ces \u00e9l\u00e9ments peuvent prendre la forme d\u2019un CV, d\u2019une lettre de motivation, de portfolios, de sites web ou d\u2019exemples de travaux effectu\u00e9s.<\/li>\n\n\n\n<li>Fournissez-nous vos coordonn\u00e9es \u00e0 jour.<\/li>\n\n\n\n<li>Veuillez fournir les \u00e9l\u00e9ments de votre candidature en anglais. Nous sommes une entreprise internationale, mais notre langue de travail est l\u2019anglais. De cette fa\u00e7on, nous pouvons nous assurer que toutes les personnes impliqu\u00e9es comprennent parfaitement ce que vous avez \u00e0 apporter.<\/li>\n<\/ul>\n<\/div>\n<\/div>\n\n\n\n<div id=\"acc-echangez-avec-nous\" tabindex=\"-1\" class=\"wp-block-wearerequired-accordion-section\">\n<h3 class=\"wp-block-wearerequired-accordion-heading\"><span aria-hidden=\"true\" class=\"wp-block-wearerequired-accordion-heading__icon\"><\/span><span class=\"wp-block-wearerequired-accordion-heading__text\">\u00c9changez avec nous<\/span><\/h3>\n\n\n\n<div class=\"wp-block-wearerequired-accordion-content is-layout-flow wp-block-wearerequired-accordion-content-is-layout-flow\">\n<p>Si votre exp\u00e9rience r\u00e9pond \u00e0 nos besoins, nous vous contacterons pour faire votre connaissance.<\/p>\n\n\n\n<p>Tout d\u2019abord, un membre de notre \u00e9quipe d\u2019acquisition de talents vous contactera pour planifier un appel vid\u00e9o afin d\u2019en savoir plus sur vous et votre exp\u00e9rience. Ce sera aussi l\u2019occasion d\u2019en apprendre plus sur notre entreprise, l\u2019\u00e9quipe et le poste pour lequel vous passez un entretien.<\/p>\n\n\n\n<p>Les \u00e9tapes suivantes varient l\u00e9g\u00e8rement en fonction de l\u2019\u00e9quipe au sein de laquelle vous postulez et du niveau hi\u00e9rarchique du poste, mais elles ressembleront \u00e0 ceci&nbsp;:<\/p>\n\n\n\n<ul class=\"wp-block-list\">\n<li>Vous rencontrerez le directeur auquel vous serez rattach\u00e9.<\/li>\n\n\n\n<li>Il y aura ensuite une \u00e9valuation de vos comp\u00e9tences, qui pourra prendre la forme d\u2019un test de codage ou de conception, d\u2019un jeu de r\u00f4le ou d\u2019une analyse de rentabilisation.<\/li>\n\n\n\n<li>Vous rencontrerez certains des principaux intervenants et membres de l\u2019\u00e9quipe. Votre partenaire d\u2019acquisition de talents vous guidera tout au long du processus, vous tiendra au courant, vous dira qui vous rencontrerez par la suite et o\u00f9 vous vous situez.<\/li>\n<\/ul>\n\n\n\n<p>Quelques \u00e9l\u00e9ments \u00e0 prendre en compte&nbsp;:<\/p>\n\n\n\n<ul class=\"wp-block-list\">\n<li>L\u2019ensemble de notre processus d\u2019entretien est virtuel. Nous travaillons avec Google\u00a0Meet et Zoom.<\/li>\n\n\n\n<li>Nous \u00e9valuons vos comp\u00e9tences, mais nous cherchons \u00e9galement \u00e0 savoir si vos valeurs et vos objectifs correspondent aux n\u00f4tres.<\/li>\n<\/ul>\n<\/div>\n<\/div>\n\n\n\n<div id=\"acc-obtenez-le-poste\" tabindex=\"-1\" class=\"wp-block-wearerequired-accordion-section\">\n<h3 class=\"wp-block-wearerequired-accordion-heading\"><span aria-hidden=\"true\" class=\"wp-block-wearerequired-accordion-heading__icon\"><\/span><span class=\"wp-block-wearerequired-accordion-heading__text\">Obtenez le poste<\/span><\/h3>\n\n\n\n<div class=\"wp-block-wearerequired-accordion-content is-layout-flow wp-block-wearerequired-accordion-content-is-layout-flow\">\n<p>Une fois que nous vous connaissons et que vous nous connaissez, il est temps pour nous tous de prendre une d\u00e9cision.<\/p>\n\n\n\n<ul class=\"wp-block-list\">\n<li>Nous nous effor\u00e7ons de prendre les d\u00e9cisions d\u2019embauche en seulement quelques jours. Un retard est possible si plusieurs personnes passent des entretiens pour le m\u00eame poste, mais nous vous tiendrons au courant. Nous esp\u00e9rons que vous ferez de m\u00eame pour nous.<\/li>\n\n\n\n<li>Si vous avez des questions ou s\u2019il y a des changements, votre partenaire d\u2019acquisition de talents sera \u00e0 votre disposition.<\/li>\n\n\n\n<li>Si nous d\u00e9cidons de ne pas retenir votre candidature, vous recevrez des commentaires de notre part. Si vous avez \u00e9galement des commentaires pour nous, c\u2019est une excellente nouvelle\u00a0: nous aimons apprendre et am\u00e9liorer nos m\u00e9thodes.<\/li>\n<\/ul>\n<\/div>\n<\/div>\n<\/div>\n<\/div>\n<\/div>\n","protected":false},"excerpt":{"rendered":"<p>Postes \u00e0 pourvoir Trouvez le poste correspondant \u00e0 vos comp\u00e9tences qui vous permettra de vous \u00e9panouir.<\/p>\n","protected":false},"author":6,"featured_media":0,"parent":27744,"menu_order":0,"comment_status":"closed","ping_status":"closed","template":"page-refresh","meta":{"_acf_changed":false,"_stopmodifiedupdate":false,"_modified_date":"","_searchwp_excluded":"","episode_type":"","audio_file":"","podmotor_file_id":"","podmotor_episode_id":"","cover_image":"","cover_image_id":"","duration":"","filesize":"","filesize_raw":"","date_recorded":"","explicit":"","block":"","itunes_episode_number":"","itunes_title":"","itunes_season_number":"","itunes_episode_type":"","footnotes":""},"class_list":["post-27771","page","type-page","status-publish","hentry"],"acf":[],"_links":{"self":[{"href":"https:\/\/phrase.com\/fr\/wp-json\/wp\/v2\/pages\/27771","targetHints":{"allow":["GET"]}}],"collection":[{"href":"https:\/\/phrase.com\/fr\/wp-json\/wp\/v2\/pages"}],"about":[{"href":"https:\/\/phrase.com\/fr\/wp-json\/wp\/v2\/types\/page"}],"author":[{"embeddable":true,"href":"https:\/\/phrase.com\/fr\/wp-json\/wp\/v2\/users\/6"}],"replies":[{"embeddable":true,"href":"https:\/\/phrase.com\/fr\/wp-json\/wp\/v2\/comments?post=27771"}],"version-history":[{"count":10,"href":"https:\/\/phrase.com\/fr\/wp-json\/wp\/v2\/pages\/27771\/revisions"}],"predecessor-version":[{"id":136560,"href":"https:\/\/phrase.com\/fr\/wp-json\/wp\/v2\/pages\/27771\/revisions\/136560"}],"up":[{"embeddable":true,"href":"https:\/\/phrase.com\/fr\/wp-json\/wp\/v2\/pages\/27744"}],"wp:attachment":[{"href":"https:\/\/phrase.com\/fr\/wp-json\/wp\/v2\/media?parent=27771"}],"curies":[{"name":"wp","href":"https:\/\/api.w.org\/{rel}","templated":true}]}}