{"id":27793,"date":"2022-08-06T21:48:00","date_gmt":"2022-08-06T19:48:00","guid":{"rendered":"https:\/\/phrase.com\/?page_id=27793"},"modified":"2025-10-06T09:28:13","modified_gmt":"2025-10-06T07:28:13","slug":"contentful","status":"publish","type":"page","link":"https:\/\/phrase.com\/fr\/integrations\/contentful\/","title":{"rendered":"Contentful"},"content":{"rendered":"\n<div class=\"wp-block-group alignwide is-style-header-hero has-white-color has-white-background-color has-text-color has-background has-link-color has-background-images wp-elements-fd82ea2701ee87e3c428127675f10952 is-layout-flow wp-block-group-is-layout-flow\" style=\"padding-top:var(--wp--preset--spacing--110);padding-bottom:var(--wp--preset--spacing--110);background-image:url(https:\/\/phrase.com\/wp-content\/uploads\/2025\/07\/phrase-header-green.jpg.webp);background-position:0% 100%;background-attachment:scroll;background-repeat:no-repeat;background-size:cover\">\n<div class=\"wp-block-group has-global-padding is-content-justification-left is-layout-constrained wp-container-core-group-is-layout-4513c74a wp-block-group-is-layout-constrained\"><div class=\"yoast-breadcrumbs\"><span><span><a href=\"https:\/\/phrase.com\/fr\/\">Home<\/a><\/span> | <span><a href=\"https:\/\/phrase.com\/fr\/integrations\/\">Int\u00e9grations<\/a><\/span> | <span class=\"breadcrumb_last\" aria-current=\"page\">Contentful<\/span><\/span><\/div>\n\n\n<h2 class=\"wp-block-heading has-text-align-left has-gigantic-font-size\" id=\"h-localize-your-contentful-content\" style=\"font-style:normal;font-weight:400\">Localisez votre contenu Contentful<\/h2>\n\n\n\n<div class=\"wp-block-group has-global-padding is-content-justification-left is-layout-constrained wp-container-core-group-is-layout-12dd3699 wp-block-group-is-layout-constrained\">\n<p class=\"has-text-align-left\">Avec la toute nouvelle application Phrase\u00a0TMS pour Contentful, vous pouvez g\u00e9rer vos traductions directement dans le CMS Contenful pour rationaliser vos flux de travaux et fournir un contenu multilingue de haute qualit\u00e9.<\/p>\n<\/div>\n\n\n\n<div class=\"wp-block-buttons is-content-justification-left is-layout-flex wp-container-core-buttons-is-layout-fc4fd283 wp-block-buttons-is-layout-flex\">\n<div class=\"wp-block-button is-style-phrase-green-filled\"><a class=\"wp-block-button__link wp-element-button\" href=\"https:\/\/www.contentful.com\/marketplace\/phrase-tms\/\" target=\"_blank\" rel=\"noreferrer noopener\">T\u00e9l\u00e9charger l\u2019application<\/a><\/div>\n\n\n\n<div class=\"wp-block-button is-style-grey-filled\"><a class=\"wp-block-button__link wp-element-button\" href=\"https:\/\/phrase.com\/fr\/demo\/\" target=\"_blank\" rel=\"noreferrer noopener\">Demander une d\u00e9mo<\/a><\/div>\n<\/div>\n<\/div>\n<\/div>\n\n\n\n<div class=\"wp-block-group alignwide has-global-padding is-layout-constrained wp-block-group-is-layout-constrained\">\n<div class=\"wp-block-group alignwide has-light-grey-background-color has-background has-background-images is-vertical is-layout-flex wp-container-core-group-is-layout-629585ae wp-block-group-is-layout-flex\" style=\"margin-top:var(--wp--preset--spacing--10);background-image:url(https:\/\/phrase.com\/wp-content\/uploads\/2024\/03\/svgexport-1-8.svg),url(https:\/\/phrase.com\/wp-content\/uploads\/2024\/03\/svgexport-1-9.svg);background-position:100% 100%,-4% 600%;background-attachment:scroll,scroll;background-repeat:no-repeat,no-repeat;background-size:auto,auto\">\n<div class=\"wp-block-group alignwide is-vertical is-layout-flex wp-container-core-group-is-layout-a0bebe47 wp-block-group-is-layout-flex\" style=\"margin-top:0;margin-bottom:0;padding-top:0;padding-right:0;padding-bottom:0;padding-left:0\">\n<p class=\"has-large-font-size\"><strong><strong>Award-winning platform<\/strong><\/strong><\/p>\n\n\n\n<p class=\"has-small-font-size\">Based on the authentic reviews of hundreds of verified users, this makes us <br>the trusted leader in helping you open the door to global business.<\/p>\n<\/div>\n\n\n\n<div class=\"wp-block-group alignwide is-horizontal is-content-justification-left is-layout-flex wp-container-core-group-is-layout-70a107c5 wp-block-group-is-layout-flex\">\n<figure class=\"wp-block-image size-full is-resized is-style-not-rounded\"><img loading=\"lazy\" decoding=\"async\" width=\"869\" height=\"1000\" src=\"https:\/\/phrase.com\/wp-content\/uploads\/2024\/06\/medal-24.png\" alt=\"\" class=\"wp-image-130170\" style=\"width:98px;height:auto\" srcset=\"https:\/\/phrase.com\/wp-content\/uploads\/2024\/06\/medal-24.png 869w, https:\/\/phrase.com\/wp-content\/uploads\/2024\/06\/medal-24-261x300.png 261w, https:\/\/phrase.com\/wp-content\/uploads\/2024\/06\/medal-24-768x884.png 768w\" sizes=\"auto, (max-width: 869px) 100vw, 869px\" \/><\/figure>\n\n\n\n<figure class=\"wp-block-image size-full is-resized is-style-not-rounded\"><img loading=\"lazy\" decoding=\"async\" width=\"869\" height=\"1000\" src=\"https:\/\/phrase.com\/wp-content\/uploads\/2025\/12\/medal-29.png\" alt=\"\" class=\"wp-image-130186\" style=\"width:98px;height:auto\" srcset=\"https:\/\/phrase.com\/wp-content\/uploads\/2025\/12\/medal-29.png 869w, https:\/\/phrase.com\/wp-content\/uploads\/2025\/12\/medal-29-261x300.png 261w, https:\/\/phrase.com\/wp-content\/uploads\/2025\/12\/medal-29-768x884.png 768w\" sizes=\"auto, (max-width: 869px) 100vw, 869px\" \/><\/figure>\n\n\n\n<figure class=\"wp-block-image size-full is-resized is-style-not-rounded\"><img loading=\"lazy\" decoding=\"async\" width=\"869\" height=\"1000\" src=\"https:\/\/phrase.com\/wp-content\/uploads\/2025\/12\/medal-28.png\" alt=\"\" class=\"wp-image-130187\" style=\"width:98px\" srcset=\"https:\/\/phrase.com\/wp-content\/uploads\/2025\/12\/medal-28.png 869w, https:\/\/phrase.com\/wp-content\/uploads\/2025\/12\/medal-28-261x300.png 261w, https:\/\/phrase.com\/wp-content\/uploads\/2025\/12\/medal-28-768x884.png 768w\" sizes=\"auto, (max-width: 869px) 100vw, 869px\" \/><\/figure>\n\n\n\n<figure class=\"wp-block-image size-large is-resized is-style-not-rounded\"><img decoding=\"async\" src=\"https:\/\/phrase.com\/wp-content\/uploads\/2022\/08\/badge_rating_4.6.svg\" alt=\"G2 4.6 stars rating | Phrase\" class=\"wp-image-1606\" style=\"width:136px;height:auto\"\/><\/figure>\n<\/div>\n<\/div>\n<\/div>\n\n\n\n<div class=\"wp-block-columns alignwide are-vertically-aligned-center media-text-columns media-text-columns--media-left is-layout-flex wp-container-core-columns-is-layout-28f84493 wp-block-columns-is-layout-flex\">\n<div class=\"wp-block-column is-vertically-aligned-center is-layout-flow wp-block-column-is-layout-flow\" style=\"flex-basis:57.2131147541%\">\n<figure class=\"wp-block-image size-full\"><img loading=\"lazy\" decoding=\"async\" width=\"1200\" height=\"628\" src=\"https:\/\/phrase.com\/wp-content\/uploads\/2024\/05\/LinkedIn-desktop-3.png\" alt=\"\" class=\"wp-image-82643\" srcset=\"https:\/\/phrase.com\/wp-content\/uploads\/2024\/05\/LinkedIn-desktop-3.png 1200w, https:\/\/phrase.com\/wp-content\/uploads\/2024\/05\/LinkedIn-desktop-3-300x157.png 300w, https:\/\/phrase.com\/wp-content\/uploads\/2024\/05\/LinkedIn-desktop-3-1024x536.png 1024w, https:\/\/phrase.com\/wp-content\/uploads\/2024\/05\/LinkedIn-desktop-3-768x402.png 768w\" sizes=\"auto, (max-width: 1200px) 100vw, 1200px\" \/><\/figure>\n<\/div>\n\n\n\n<div class=\"wp-block-column is-vertically-aligned-center is-layout-flow wp-block-column-is-layout-flow\" style=\"flex-basis:41.9672131148%\">\n<h2 class=\"wp-block-heading has-extra-large-font-size\" id=\"h-phrase-now-premier-partner-in-contentful-partner-program\">Phrase devient le premier partenaire du programme de partenariat de Contentful<\/h2>\n\n\n\n<p>Phrase est d\u00e9sormais le premier partenaire du programme de partenariat Contentful, am\u00e9liorant la traduction et la localisation bas\u00e9es sur l\u2019IA du contenu digital mondial.<\/p>\n\n\n\n<div class=\"wp-block-buttons is-layout-flex wp-block-buttons-is-layout-flex\"><\/div>\n<\/div>\n<\/div>\n\n\n\n<div class=\"wp-block-columns alignwide are-vertically-aligned-center media-text-columns media-text-columns--media-right is-layout-flex wp-container-core-columns-is-layout-28f84493 wp-block-columns-is-layout-flex\">\n<div class=\"wp-block-column is-vertically-aligned-center is-layout-flow wp-block-column-is-layout-flow\" style=\"flex-basis:41.9672131148%\">\n<h2 class=\"wp-block-heading has-extra-large-font-size\" id=\"h-less-switching-between-tools-more-streamlined-workflows\">Vous en avez assez de jongler entre les outils\u00a0? Rationalisez vos flux de travaux.<\/h2>\n\n\n\n<p>Dites adieu aux processus manuels\u00a0! Avec l\u2019appli Phrase TMS, vous pouvez d\u00e9sormais g\u00e9rer vos projets de traduction Contentful directement dans Contentful. Les flux de travaux automatis\u00e9s couvrent tous vos besoin, depuis le lancement automatis\u00e9 des projets de traduction jusqu\u2019\u00e0 la publication instantan\u00e9e des traductions termin\u00e9es directement depuis Contentful, r\u00e9duisant les d\u00e9lais et les co\u00fbts.<\/p>\n<\/div>\n\n\n\n<div class=\"wp-block-column is-vertically-aligned-center is-layout-flow wp-block-column-is-layout-flow\" style=\"flex-basis:57.2131147541%\">\n<figure class=\"wp-block-image size-full\"><img loading=\"lazy\" decoding=\"async\" width=\"1260\" height=\"1070\" src=\"https:\/\/phrase.com\/wp-content\/uploads\/2024\/03\/Workflow_Automation_UI.png\" alt=\"IU d\u2019automatisation des flux de travaux\" class=\"wp-image-76385\" srcset=\"https:\/\/phrase.com\/wp-content\/uploads\/2024\/03\/Workflow_Automation_UI.png 1260w, https:\/\/phrase.com\/wp-content\/uploads\/2024\/03\/Workflow_Automation_UI-300x255.png 300w, https:\/\/phrase.com\/wp-content\/uploads\/2024\/03\/Workflow_Automation_UI-1024x870.png 1024w, https:\/\/phrase.com\/wp-content\/uploads\/2024\/03\/Workflow_Automation_UI-768x652.png 768w\" sizes=\"auto, (max-width: 1260px) 100vw, 1260px\" \/><\/figure>\n\n\n\n<div class=\"wp-block-buttons is-layout-flex wp-block-buttons-is-layout-flex\"><\/div>\n<\/div>\n<\/div>\n\n\n\n<div class=\"wp-block-columns alignwide are-vertically-aligned-center media-text-columns media-text-columns--media-left is-layout-flex wp-container-core-columns-is-layout-28f84493 wp-block-columns-is-layout-flex\">\n<div class=\"wp-block-column is-vertically-aligned-center is-layout-flow wp-block-column-is-layout-flow\" style=\"flex-basis:57.2131147541%\">\n<figure class=\"wp-block-image size-full\"><img loading=\"lazy\" decoding=\"async\" width=\"2520\" height=\"1426\" src=\"https:\/\/phrase.com\/wp-content\/uploads\/2022\/11\/Strings_QA_Check@2x.png\" alt=\"V\u00e9rification QA dans Strings | Phrase\" class=\"wp-image-36117\" srcset=\"https:\/\/phrase.com\/wp-content\/uploads\/2022\/11\/Strings_QA_Check@2x.png 2520w, https:\/\/phrase.com\/wp-content\/uploads\/2022\/11\/Strings_QA_Check@2x-300x170.png 300w, https:\/\/phrase.com\/wp-content\/uploads\/2022\/11\/Strings_QA_Check@2x-1024x579.png 1024w, https:\/\/phrase.com\/wp-content\/uploads\/2022\/11\/Strings_QA_Check@2x-768x435.png 768w, https:\/\/phrase.com\/wp-content\/uploads\/2022\/11\/Strings_QA_Check@2x-1536x869.png 1536w, https:\/\/phrase.com\/wp-content\/uploads\/2022\/11\/Strings_QA_Check@2x-2048x1159.png 2048w\" sizes=\"auto, (max-width: 2520px) 100vw, 2520px\" \/><\/figure>\n\n\n\n<div class=\"wp-block-buttons is-layout-flex wp-block-buttons-is-layout-flex\"><\/div>\n<\/div>\n\n\n\n<div class=\"wp-block-column is-vertically-aligned-center is-layout-flow wp-block-column-is-layout-flow\" style=\"flex-basis:41.9672131148%\">\n<h2 class=\"wp-block-heading has-extra-large-font-size\" id=\"h-a-higher-level-of-quality-and-consistency\">Un meilleur niveau de qualit\u00e9 et une plus grande coh\u00e9rence<\/h2>\n\n\n\n<p>Gr\u00e2ce aux contr\u00f4les d\u2019assurance qualit\u00e9 automatiques, aux m\u00e9moires de traduction et aux bases terminologiques, vos messages sont efficaces et adapt\u00e9s aux publics vis\u00e9s.<\/p>\n<\/div>\n<\/div>\n\n\n\n<div class=\"wp-block-columns alignwide are-vertically-aligned-center media-text-columns media-text-columns--media-right is-layout-flex wp-container-core-columns-is-layout-28f84493 wp-block-columns-is-layout-flex\">\n<div class=\"wp-block-column is-vertically-aligned-center is-layout-flow wp-block-column-is-layout-flow\" style=\"flex-basis:41.9672131148%\">\n<h2 class=\"wp-block-heading has-extra-large-font-size\" id=\"h-leverage-the-full-potential-of-machine-translation\">Utilisez la traduction automatique au maximum de son potentiel<\/h2>\n\n\n\n<p>Acc\u00e9l\u00e9rez le processus de localisation du contenu Contentful avec une automatisation de bout en bout au sein d&rsquo;un environnement unique. Gagnez en flexibilit\u00e9 et r\u00e9duisez vos co\u00fbts avec le plus large choix de moteurs de traduction automatique performants pris en charge, dont notre propre solution, Phrase NextMT.<\/p>\n<\/div>\n\n\n\n<div class=\"wp-block-column is-vertically-aligned-center is-layout-flow wp-block-column-is-layout-flow\" style=\"flex-basis:57.2131147541%\">\n<figure class=\"wp-block-image size-full\"><img loading=\"lazy\" decoding=\"async\" width=\"1034\" height=\"933\" src=\"https:\/\/phrase.com\/wp-content\/uploads\/2023\/01\/phrase-translate.png\" alt=\"Illustration de l&apos;interface utilisateur du module compl\u00e9mentaire Phrase Language AI | Phrase\" class=\"wp-image-49008\" srcset=\"https:\/\/phrase.com\/wp-content\/uploads\/2023\/01\/phrase-translate.png 1034w, https:\/\/phrase.com\/wp-content\/uploads\/2023\/01\/phrase-translate-300x271.png 300w, https:\/\/phrase.com\/wp-content\/uploads\/2023\/01\/phrase-translate-1024x924.png 1024w, https:\/\/phrase.com\/wp-content\/uploads\/2023\/01\/phrase-translate-768x693.png 768w\" sizes=\"auto, (max-width: 1034px) 100vw, 1034px\" \/><\/figure>\n\n\n\n<div class=\"wp-block-buttons is-layout-flex wp-block-buttons-is-layout-flex\"><\/div>\n<\/div>\n<\/div>\n\n\n\n<div class=\"wp-block-group alignwide has-light-grey-background-color has-background has-global-padding is-layout-constrained wp-block-group-is-layout-constrained\" style=\"margin-bottom:var(--wp--preset--spacing--80);padding-top:var(--wp--preset--spacing--56);padding-bottom:var(--wp--preset--spacing--56)\">\n<h2 class=\"wp-block-heading has-text-align-center has-extra-large-font-size\" id=\"h-phrase-by-the-numbers\">Phrase en chiffres<\/h2>\n\n\n\n<div class=\"wp-block-columns alignwide is-style-connected2 is-layout-flex wp-container-core-columns-is-layout-12d6d694 wp-block-columns-is-layout-flex\" style=\"padding-top:var(--wp--preset--spacing--32);padding-bottom:var(--wp--preset--spacing--32)\">\n<div class=\"wp-block-column is-layout-flow wp-block-column-is-layout-flow\">\n<div class=\"wp-block-group is-vertical is-content-justification-center is-layout-flex wp-container-core-group-is-layout-ce155fab wp-block-group-is-layout-flex\">\n<p class=\"is-style-large-gradient-text has-purple-color has-text-color has-link-color has-extra-huge-font-size wp-elements-8c2d4bd7871bde47054352353136b315\">+ 500<\/p>\n\n\n\n<p class=\"has-text-align-center\"><strong>langues prises en charge<\/strong><\/p>\n<\/div>\n<\/div>\n\n\n\n<div class=\"wp-block-column is-vertically-aligned-top is-layout-flow wp-block-column-is-layout-flow\">\n<div class=\"wp-block-group is-vertical is-content-justification-center is-layout-flex wp-container-core-group-is-layout-ce155fab wp-block-group-is-layout-flex\">\n<p class=\"is-style-large-gradient-text has-color-scheme has-purple-color-scheme has-purple-color has-text-color has-link-color has-extra-huge-font-size wp-elements-db024f60b39527581bbeaca8790369d2\">+\u00a02\u00a0Mrd<\/p>\n\n\n\n<p class=\"has-text-align-center\"><strong>mots trait\u00e9s par mois<\/strong><\/p>\n<\/div>\n<\/div>\n\n\n\n<div class=\"wp-block-column is-layout-flow wp-block-column-is-layout-flow\">\n<div class=\"wp-block-group is-vertical is-content-justification-center is-layout-flex wp-container-core-group-is-layout-ce155fab wp-block-group-is-layout-flex\">\n<p class=\"is-style-large-gradient-text has-color-scheme has-purple-color-scheme has-purple-color has-text-color has-link-color has-extra-huge-font-size wp-elements-a8fe915f63e9b99191def15ac6af960a\">+\u00a0200\u00a0000<\/p>\n\n\n\n<p class=\"has-text-align-center\"><strong>utilisateurs dans le monde entier<\/strong><\/p>\n<\/div>\n<\/div>\n\n\n\n<div class=\"wp-block-column is-layout-flow wp-block-column-is-layout-flow\">\n<div class=\"wp-block-group is-vertical is-content-justification-center is-layout-flex wp-container-core-group-is-layout-ce155fab wp-block-group-is-layout-flex\">\n<p class=\"is-style-large-gradient-text has-color-scheme has-purple-color-scheme has-purple-color has-text-color has-link-color has-extra-huge-font-size wp-elements-90fea4a31fcb04e4f1fc84672bd08355\">+\u00a050<\/p>\n\n\n\n<p class=\"has-text-align-center\"><strong>types de fichiers pris en charge<\/strong><\/p>\n<\/div>\n<\/div>\n<\/div>\n\n\n<\/div>\n\n\n\n<div class=\"wp-block-group alignwide has-phrase-green-background-color has-background has-background-images has-global-padding is-content-justification-left is-layout-constrained wp-container-core-group-is-layout-12dd3699 wp-block-group-is-layout-constrained\" style=\"background-image:url(https:\/\/phrase.com\/wp-content\/uploads\/2025\/07\/woman-ipad-background.jpg.webp);background-position:0% 0%;background-attachment:scroll;background-repeat:no-repeat;background-size:cover\"><div class=\"glide wp-block-phrase-com-testimonials\"><div class=\"glide__track\" data-glide-el=\"track\"><div class=\"glide__slides\">\t<div class=\"wp-block-phrase-com-testimonial glide__slide\">\n\t\t<div class=\"wp-block-phrase-com-testimonial__text \">\n\t\t\t<p>Obtenir des traductions correctes est crucial pour construire une entreprise \u00e9volutive sur 24\u00a0march\u00e9s. \u00c0 cet \u00e9gard, Phrase s&rsquo;est av\u00e9r\u00e9 \u00eatre la meilleure solution pour <a href=\"https:\/\/phrase.com\/customers\/eet\/\">EET<\/a> et continuera d&rsquo;\u00eatre une pierre angulaire vitale de nos futures op\u00e9rations marketing. Simple \u00e0 utiliser par nos traducteurs internes, permettant d&rsquo;utiliser des m\u00e9moires de traduction et la traduction automatique et offrant une API ouverte, cette solution s&rsquo;inscrit parfaitement dans notre approche \u00ab\u00a0meilleure de sa cat\u00e9gorie\u00a0\u00bb en technologies marketing.<\/p>\n\t\t<\/div>\n\t\t<div class=\"wp-block-phrase-com-testimonial__author\">\n\t\t\t\n\t\t\t<div class=\"wp-block-phrase-com-testimonial__author-info\">\n\t\t\t\t<img loading=\"lazy\" decoding=\"async\" width=\"200\" height=\"160\" src=\"https:\/\/phrase.com\/wp-content\/uploads\/2022\/08\/EET_Testimonial_Logo.png\" class=\"wp-block-phrase-com-testimonial__author-company-logo\" alt=\"Logo of EET\" \/>\n\t\t\t\t<p class=\"wp-block-phrase-com-testimonial__author-name\">\n\t\t\t\t\tAndreas Mailand\t\t\t\t<\/p>\n\n\t\t\t\t<p class=\"wp-block-phrase-com-testimonial__author-title\">\n\t\t\t\t\tResponsable des ventes num\u00e9riques\t\t\t\t<\/p>\n\t\t\t<\/div>\n\t\t<\/div>\n\t<\/div>\n\t<\/div><\/div><\/div><\/div>\n\n\n\n<div class=\"wp-block-group alignwide has-yellow-background-color has-background has-global-padding is-layout-constrained wp-block-group-is-layout-constrained\" style=\"margin-top:var(--wp--preset--spacing--56)\">\n<h2 class=\"wp-block-heading has-text-align-center\" id=\"h-ready-to-get-started\">Pr\u00eat \u00e0 vous lancer\u00a0?<\/h2>\n\n\n\n<p class=\"has-text-align-center\">Atteignez un public plus large et \u00e9tablissez des liens plus profonds d\u00e8s aujourd\u2019hui.<\/p>\n\n\n\n<div class=\"wp-block-buttons is-content-justification-center is-layout-flex wp-container-core-buttons-is-layout-a89b3969 wp-block-buttons-is-layout-flex\">\n<div class=\"wp-block-button\"><a class=\"wp-block-button__link wp-element-button\" href=\"https:\/\/phrase.com\/fr\/pricing\/\" target=\"_blank\" rel=\"noreferrer noopener\">R\u00e9server une d\u00e9mo<\/a><\/div>\n\n\n\n<div class=\"wp-block-button is-style-black-outline\"><a class=\"wp-block-button__link wp-element-button\" href=\"https:\/\/phrase.com\/fr\/pricing\/\" target=\"_blank\" rel=\"noreferrer noopener\">Voir les tarifs<\/a><\/div>\n<\/div>\n<\/div>\n\n","protected":false},"excerpt":{"rendered":"<p>Localisez votre contenu Contentful Avec la toute nouvelle application Phrase\u00a0TMS pour Contentful, vous pouvez g\u00e9rer vos traductions directement dans le CMS Contenful pour rationaliser vos flux de travaux et fournir un contenu multilingue de haute qualit\u00e9. Phrase devient le premier partenaire du programme de partenariat de Contentful Phrase est d\u00e9sormais le premier partenaire du programme [&hellip;]<\/p>\n","protected":false},"author":6,"featured_media":0,"parent":32156,"menu_order":0,"comment_status":"closed","ping_status":"closed","template":"page-refresh","meta":{"_acf_changed":false,"_stopmodifiedupdate":false,"_modified_date":"","_searchwp_excluded":"","episode_type":"","audio_file":"","podmotor_file_id":"","podmotor_episode_id":"","cover_image":"","cover_image_id":"","duration":"","filesize":"","filesize_raw":"","date_recorded":"","explicit":"","block":"","itunes_episode_number":"","itunes_title":"","itunes_season_number":"","itunes_episode_type":"","footnotes":""},"class_list":["post-27793","page","type-page","status-publish","hentry"],"acf":[],"_links":{"self":[{"href":"https:\/\/phrase.com\/fr\/wp-json\/wp\/v2\/pages\/27793","targetHints":{"allow":["GET"]}}],"collection":[{"href":"https:\/\/phrase.com\/fr\/wp-json\/wp\/v2\/pages"}],"about":[{"href":"https:\/\/phrase.com\/fr\/wp-json\/wp\/v2\/types\/page"}],"author":[{"embeddable":true,"href":"https:\/\/phrase.com\/fr\/wp-json\/wp\/v2\/users\/6"}],"replies":[{"embeddable":true,"href":"https:\/\/phrase.com\/fr\/wp-json\/wp\/v2\/comments?post=27793"}],"version-history":[{"count":21,"href":"https:\/\/phrase.com\/fr\/wp-json\/wp\/v2\/pages\/27793\/revisions"}],"predecessor-version":[{"id":119312,"href":"https:\/\/phrase.com\/fr\/wp-json\/wp\/v2\/pages\/27793\/revisions\/119312"}],"up":[{"embeddable":true,"href":"https:\/\/phrase.com\/fr\/wp-json\/wp\/v2\/pages\/32156"}],"wp:attachment":[{"href":"https:\/\/phrase.com\/fr\/wp-json\/wp\/v2\/media?parent=27793"}],"curies":[{"name":"wp","href":"https:\/\/api.w.org\/{rel}","templated":true}]}}