{"id":27852,"date":"2022-08-22T15:41:12","date_gmt":"2022-08-22T13:41:12","guid":{"rendered":"https:\/\/phrase.com\/?page_id=27852"},"modified":"2025-10-06T09:21:22","modified_gmt":"2025-10-06T07:21:22","slug":"adobe","status":"publish","type":"page","link":"https:\/\/phrase.com\/fr\/integrations\/adobe\/","title":{"rendered":"Int\u00e9gration Adobe\u00a0Commerce"},"content":{"rendered":"\n<div id=\"acf\/hero-block_cf2efd58636cee7bfb9ccd6bba62ea72\" class=\"pxblock pxblock--hero alignfull bg--white\">\n\t\t<div class=\"container\">\n\t\t<div class=\"columns animate-in animate-children columns--middle media--right\">\n\t\t\t<div class=\"wysiwyg column columns--text\">\n\n\t\t\t\t\t\t\t\t<div class=\"text--subheader subhead\">Int\u00e9grations<\/div>\n\t\t\t\t\n\t\t\t\t<div class=\"text--header\"><h1 class=\"secondary \">Int\u00e9gration de Phrase pour Adobe\u00a0Commerce<\/h1><\/div>\n\t\t\t\t<div class=\"text--copy\"><p>Traduisez en toute simplicit\u00e9 <a href=\"https:\/\/phrase.com\/blog\/posts\/how-translate-web-page\/\">votre site de commerce en ligne<\/a> en plusieurs langues et offrez aux clients internationaux une exp\u00e9rience d&rsquo;achat en ligne enti\u00e8rement localis\u00e9e.<\/p>\n<\/div>\n\n\t\t\t\t\t\t\t\t\t<div class=\"btn-group\">\n\t\t\t\t\t\t\t\t\t\t\t\t\t<a href=\"https:\/\/phrase.com\/demo\/\" class=\"btn btn--primary\">\n\t\t\t\t\t\t\t\tR\u00e9server une d\u00e9mo\t\t\t\t\t\t\t<\/a>\n\t\t\t\t\t\t\t\t\t\t\t\t\t\t<a href=\"https:\/\/eu.phrase.com\/idm-ui\/signup?uiLang=en-US\" class=\"btn btn--outline\">\n\t\t\t\t\t\t\t\tD\u00e9marrer l\u2019essai gratuit\t\t\t\t\t\t\t<\/a>\n\t\t\t\t\t\t\t\t\t\t\t\t<\/div>\n\t\t\t\t\t\t\t<\/div>\n\t\t\t<div class=\"column columns--media\">\n\t\t\t\t\t\t\t\t\t<div class=\"media media--image\">\n    <img loading=\"lazy\" decoding=\"async\" width=\"2520\" height=\"1940\" src=\"https:\/\/phrase.com\/wp-content\/uploads\/2022\/08\/Adobe_Commerce_Integration_Header.png\" class=\"attachment-original size-original\" alt=\"Adobe Commerce integration visual | Phrase\" srcset=\"https:\/\/phrase.com\/wp-content\/uploads\/2022\/08\/Adobe_Commerce_Integration_Header.png 2520w, https:\/\/phrase.com\/wp-content\/uploads\/2022\/08\/Adobe_Commerce_Integration_Header-300x231.png 300w, https:\/\/phrase.com\/wp-content\/uploads\/2022\/08\/Adobe_Commerce_Integration_Header-1024x788.png 1024w, https:\/\/phrase.com\/wp-content\/uploads\/2022\/08\/Adobe_Commerce_Integration_Header-768x591.png 768w, https:\/\/phrase.com\/wp-content\/uploads\/2022\/08\/Adobe_Commerce_Integration_Header-1536x1182.png 1536w, https:\/\/phrase.com\/wp-content\/uploads\/2022\/08\/Adobe_Commerce_Integration_Header-2048x1577.png 2048w\" sizes=\"auto, (max-width: 2520px) 100vw, 2520px\" \/><\/div>\n\t\t\t\t\t\t\t<\/div>\n\t\t<\/div>\n\t<\/div>\n<\/div>\n\n\n\n<div id=\"acf\/badges-block_c79996e656865430547a3aa39ad1fc60\" class=\"pxblock pxblock--badges alignfull bg--white justify-content--normal\" data-randomize=\"1\" data-limit=\"6\">\n\t\t<div class=\"container\">\n\t\t<div class=\"images animate-in animate-children\">\n\t\t\t\t\t\t\t\t\t<div class=\"image\">\n\t\t\t\t\t\t\t<span class=\"image_size--medium\"><img loading=\"lazy\" decoding=\"async\" width=\"149\" height=\"48\" src=\"https:\/\/phrase.com\/wp-content\/uploads\/2022\/08\/Uber.svg\" class=\"attachment-original size-original\" alt=\"Uber logo | Phrase\" \/><\/span>\t\t\t\t\t\t<\/div>\n\t\t\t\t\t\t\t\t\t\t\t\t<div class=\"image\">\n\t\t\t\t\t\t\t<span class=\"image_size--medium\"><img loading=\"lazy\" decoding=\"async\" width=\"267\" height=\"38\" src=\"https:\/\/phrase.com\/wp-content\/uploads\/2023\/04\/Lionbridge_Logo.png\" class=\"attachment-original size-original\" alt=\"Lionbridge logo colored for logo banner | Phrase\" \/><\/span>\t\t\t\t\t\t<\/div>\n\t\t\t\t\t\t\t\t\t\t\t\t<div class=\"image\">\n\t\t\t\t\t\t\t<span class=\"image_size--medium\"><img loading=\"lazy\" decoding=\"async\" width=\"220\" height=\"46\" src=\"https:\/\/phrase.com\/wp-content\/uploads\/2023\/04\/zendesk_logo-1.png\" class=\"attachment-original size-original\" alt=\"Zendesk logo colored for logo banner | Phrase\" \/><\/span>\t\t\t\t\t\t<\/div>\n\t\t\t\t\t\t\t\t\t\t\t\t<div class=\"image\">\n\t\t\t\t\t\t\t<span class=\"image_size--medium\"><img loading=\"lazy\" decoding=\"async\" width=\"200\" height=\"34\" src=\"https:\/\/phrase.com\/wp-content\/uploads\/2023\/04\/Fujifilm_Logo.png\" class=\"attachment-original size-original\" alt=\"Fujifilm logo colored for logo banner | Phrase\" \/><\/span>\t\t\t\t\t\t<\/div>\n\t\t\t\t\t\t\t\t\t\t\t\t<div class=\"image\">\n\t\t\t\t\t\t\t<span class=\"image_size--medium\"><img loading=\"lazy\" decoding=\"async\" width=\"208\" height=\"62\" src=\"https:\/\/phrase.com\/wp-content\/uploads\/2023\/04\/Shopify_Logo.png\" class=\"attachment-original size-original\" alt=\"Shopify logo colored for logo banner | Phrase\" \/><\/span>\t\t\t\t\t\t<\/div>\n\t\t\t\t\t\t\t\t\t\t\t\t<div class=\"image\">\n\t\t\t\t\t\t\t<span class=\"image_size--medium\"><img loading=\"lazy\" decoding=\"async\" width=\"314\" height=\"79\" src=\"https:\/\/phrase.com\/wp-content\/uploads\/2023\/10\/Decathlon_logo.png\" class=\"attachment-original size-original\" alt=\"Decathlon logo colored for logo banner | Phrase\" srcset=\"https:\/\/phrase.com\/wp-content\/uploads\/2023\/10\/Decathlon_logo.png 314w, https:\/\/phrase.com\/wp-content\/uploads\/2023\/10\/Decathlon_logo-300x75.png 300w\" sizes=\"auto, (max-width: 314px) 100vw, 314px\" \/><\/span>\t\t\t\t\t\t<\/div>\n\t\t\t\t\t\t\t\t\t\t\t\t<div class=\"image\">\n\t\t\t\t\t\t\t<span class=\"image_size--medium\"><img loading=\"lazy\" decoding=\"async\" width=\"332\" height=\"90\" src=\"https:\/\/phrase.com\/wp-content\/uploads\/2023\/10\/deliveroo_logo.png\" class=\"attachment-original size-original\" alt=\"Deliveroo logo colored for logo banner | Phrase\" srcset=\"https:\/\/phrase.com\/wp-content\/uploads\/2023\/10\/deliveroo_logo.png 332w, https:\/\/phrase.com\/wp-content\/uploads\/2023\/10\/deliveroo_logo-300x81.png 300w\" sizes=\"auto, (max-width: 332px) 100vw, 332px\" \/><\/span>\t\t\t\t\t\t<\/div>\n\t\t\t\t\t\t\t\t\t\t\t\t<div class=\"image\">\n\t\t\t\t\t\t\t<span class=\"image_size--medium\"><img loading=\"lazy\" decoding=\"async\" width=\"283\" height=\"40\" src=\"https:\/\/phrase.com\/wp-content\/uploads\/2023\/10\/Skoda_logo.png\" class=\"attachment-original size-original\" alt=\"Skoda\" \/><\/span>\t\t\t\t\t\t<\/div>\n\t\t\t\t\t\t\t\t\t\t\t\t<div class=\"image\">\n\t\t\t\t\t\t\t<span class=\"image_size--medium\"><img loading=\"lazy\" decoding=\"async\" width=\"277\" height=\"86\" src=\"https:\/\/phrase.com\/wp-content\/uploads\/2023\/10\/Personio_logo.png\" class=\"attachment-original size-original\" alt=\"Personio logo colored for logo banner | Phrase\" \/><\/span>\t\t\t\t\t\t<\/div>\n\t\t\t\t\t\t\t\t\t\t\t\t<div class=\"image\">\n\t\t\t\t\t\t\t<span class=\"image_size--medium\">#<\/span>\t\t\t\t\t\t<\/div>\n\t\t\t\t\t\t\t\t\t\t\t\t<div class=\"image\">\n\t\t\t\t\t\t\t<span class=\"image_size--medium\"><img loading=\"lazy\" decoding=\"async\" width=\"359\" height=\"78\" src=\"https:\/\/phrase.com\/wp-content\/uploads\/2022\/08\/pega_logo.png\" class=\"attachment-original size-original\" alt=\"PEGA logo\" srcset=\"https:\/\/phrase.com\/wp-content\/uploads\/2022\/08\/pega_logo.png 359w, https:\/\/phrase.com\/wp-content\/uploads\/2022\/08\/pega_logo-300x65.png 300w\" sizes=\"auto, (max-width: 359px) 100vw, 359px\" \/><\/span>\t\t\t\t\t\t<\/div>\n\t\t\t\t\t\t\t\t\t\t\t\t<div class=\"image\">\n\t\t\t\t\t\t\t<span class=\"image_size--medium\"><img loading=\"lazy\" decoding=\"async\" width=\"383\" height=\"88\" src=\"https:\/\/phrase.com\/wp-content\/uploads\/2024\/01\/Electrolux_logo-2.svg\" class=\"attachment-original size-original\" alt=\"\" \/><\/span>\t\t\t\t\t\t<\/div>\n\t\t\t\t\t\t\t\t\t\t\t\t<div class=\"image\">\n\t\t\t\t\t\t\t<span class=\"image_size--medium\">#<\/span>\t\t\t\t\t\t<\/div>\n\t\t\t\t\t\t\t\t<\/div>\n\t<\/div>\n<\/div>\n\n\n\n<div id=\"acf\/columns-block_2d36f15addc4867131f89d37c51a493f\" class=\"pxblock pxblock--columns alignfull bg--white\">\n\t\t<div class=\"container\">\n\n\t\t<div class=\"columns animate-in animate-children columns--text-media columns--middle media--right\">\n\t\t\t<div class=\"wysiwyg columns--text\"><div class=\"text-container\"><h2><span class=\"h2\">Gestion de projet simplifi\u00e9e<\/span><\/h2>\n<p><span>Plus besoin de g\u00e9rer les traductions avec des fichiers CSV ou par courriel. Phrase envoie automatiquement le contenu \u00e0 traduire lorsqu\u2019il est ajout\u00e9 ou mis \u00e0 jour, sans que vous ayez \u00e0 quitter Adobe\u00a0Commerce. Un flux de travail de traduction fluide du d\u00e9but \u00e0 la fin.<\/span><\/p>\n<\/div><\/div>\n\n\t\t\t<div class=\"media media--image\">\n    <img loading=\"lazy\" decoding=\"async\" width=\"2520\" height=\"1604\" src=\"https:\/\/phrase.com\/wp-content\/uploads\/2022\/08\/Adobe_commerce_automation@2x.png\" class=\"attachment-original size-original\" alt=\"Adobe Commerce automation visual | Phrase\" srcset=\"https:\/\/phrase.com\/wp-content\/uploads\/2022\/08\/Adobe_commerce_automation@2x.png 2520w, https:\/\/phrase.com\/wp-content\/uploads\/2022\/08\/Adobe_commerce_automation@2x-300x191.png 300w, https:\/\/phrase.com\/wp-content\/uploads\/2022\/08\/Adobe_commerce_automation@2x-1024x652.png 1024w, https:\/\/phrase.com\/wp-content\/uploads\/2022\/08\/Adobe_commerce_automation@2x-768x489.png 768w, https:\/\/phrase.com\/wp-content\/uploads\/2022\/08\/Adobe_commerce_automation@2x-1536x978.png 1536w, https:\/\/phrase.com\/wp-content\/uploads\/2022\/08\/Adobe_commerce_automation@2x-2048x1304.png 2048w\" sizes=\"auto, (max-width: 2520px) 100vw, 2520px\" \/><\/div>\n\t\t<\/div>\n\t<\/div>\n<\/div>\n\n\n\n<div id=\"acf\/columns-block_994240af3c1d728a3ec7d5f740a8fed3\" class=\"pxblock pxblock--columns alignfull bg--white\">\n\t\t<div class=\"container\">\n\n\t\t<div class=\"columns animate-in animate-children columns--text-media columns--middle media--left\">\n\t\t\t<div class=\"wysiwyg columns--text\"><div class=\"text-container\"><h2>Touchez de nouveaux clients<\/h2>\n<p>Acc\u00e9dez \u00e0 de nouveaux march\u00e9s et augmentez votre croissance mondiale gr\u00e2ce \u00e0 des produits localis\u00e9s sur l&rsquo;ensemble de vos boutiques en ligne. <a href=\"https:\/\/phrase.com\/blog\/posts\/website-translation\/\">Traduisez vos produits&lt;1&gt;, cat\u00e9gories, pages et blocs et augmentez vos taux de conversion.<\/p>\n<\/div><\/div>\n\n\t\t\t<div class=\"media media--image\">\n    <img loading=\"lazy\" decoding=\"async\" width=\"1260\" height=\"908\" src=\"https:\/\/phrase.com\/wp-content\/uploads\/2022\/08\/Campaign_launch.png\" class=\"attachment-original size-original\" alt=\"Campaign launch visual | Phrase\" srcset=\"https:\/\/phrase.com\/wp-content\/uploads\/2022\/08\/Campaign_launch.png 1260w, https:\/\/phrase.com\/wp-content\/uploads\/2022\/08\/Campaign_launch-300x216.png 300w, https:\/\/phrase.com\/wp-content\/uploads\/2022\/08\/Campaign_launch-1024x738.png 1024w, https:\/\/phrase.com\/wp-content\/uploads\/2022\/08\/Campaign_launch-768x553.png 768w\" sizes=\"auto, (max-width: 1260px) 100vw, 1260px\" \/><\/div>\n\t\t<\/div>\n\t<\/div>\n<\/div>\n\n\n\n<div id=\"acf\/columns-block_2f65daedce1f04d67eb818cdb280e435\" class=\"pxblock pxblock--columns alignfull bg--white\">\n\t\t<div class=\"container\">\n\n\t\t<div class=\"columns animate-in animate-children columns--text-media columns--middle media--right\">\n\t\t\t<div class=\"wysiwyg columns--text\"><div class=\"text-container\"><h2>Traduisez avec efficacit\u00e9<\/h2>\n<p>Traduisez les informations sur les produits avec <a href=\"https:\/\/phrase.com\/platform\/ai\/\">traduction automatique aliment\u00e9e par l\u2019IA<\/a> et la m\u00e9moire de traduction. Phrase stocke automatiquement les traductions pr\u00e9c\u00e9dentes afin que vous n&rsquo;ayez jamais \u00e0 traduire la m\u00eame phrase deux fois.<\/p>\n<\/div><\/div>\n\n\t\t\t<div class=\"media media--image\">\n    <img loading=\"lazy\" decoding=\"async\" width=\"1260\" height=\"864\" src=\"https:\/\/phrase.com\/wp-content\/uploads\/2022\/08\/Translation_memory.png\" class=\"attachment-original size-original\" alt=\"Translation memory visual | Phrase\" srcset=\"https:\/\/phrase.com\/wp-content\/uploads\/2022\/08\/Translation_memory.png 1260w, https:\/\/phrase.com\/wp-content\/uploads\/2022\/08\/Translation_memory-300x206.png 300w, https:\/\/phrase.com\/wp-content\/uploads\/2022\/08\/Translation_memory-1024x702.png 1024w, https:\/\/phrase.com\/wp-content\/uploads\/2022\/08\/Translation_memory-768x527.png 768w\" sizes=\"auto, (max-width: 1260px) 100vw, 1260px\" \/><\/div>\n\t\t<\/div>\n\t<\/div>\n<\/div>\n\n\n\n<div id=\"\" class=\"pxblock pxblock--standalone-button alignfull\">\n\t\t<div class=\"container\">\n\t\t<div class=\"btn-group btn-group--center\">\n\t\t\t\t\t\t\t<a href=\"https:\/\/phrase.com\/platform\/\" class=\"btn btn--primary\">\n\t\t\t\t\tD\u00e9couvrez la suite Phrase\t\t\t\t<\/a>\n\t\t\t\t\t\t<\/div>\n\t<\/div>\n<\/div>\n\n\n\n<div id=\"acf\/stats-block_ceb6cb0dd2ac3f5fca1cba56aaf9ba2f\" class=\"pxblock pxblock--stats alignfull bg--grey\">\n\t\t<div class=\"container\">\n\t\t<div class=\"columns\">\n\t\t\t<div class=\"column animate-in\">\n\t\t\t\t<div class=\"stats--sub-header\">Notre impact<\/div>\n\t\t\t\t<h2 class=\"h2 stats--header\">Phrase en chiffres<\/h2>\n\t\t\t\t<div class=\"stats--copy\"><\/div>\n\t\t\t<\/div>\n\t\t\t<div class=\"column\">\n\t\t\t\t<div class=\"columns animate-in animate-children delay-1\">\n\t\t\t\t\t\t\t\t\t\t<div class=\"column stat\">\n\t\t\t\t\t\t<div class=\"stat--num\">+\u00a0500<\/div>\n\t\t\t\t\t\t<div class=\"stat--desc\">Langues prises en charge<\/div>\n\t\t\t\t\t<\/div>\n\t\t\t\t\t\t\t\t\t\t<div class=\"column stat\">\n\t\t\t\t\t\t<div class=\"stat--num\">+\u00a02M<\/div>\n\t\t\t\t\t\t<div class=\"stat--desc\">Mots trait\u00e9s par mois<\/div>\n\t\t\t\t\t<\/div>\n\t\t\t\t\t\t\t\t\t\t<div class=\"column stat\">\n\t\t\t\t\t\t<div class=\"stat--num\">+\u00a0200\u00a0000<\/div>\n\t\t\t\t\t\t<div class=\"stat--desc\">Utilisateurs dans le monde<\/div>\n\t\t\t\t\t<\/div>\n\t\t\t\t\t\t\t\t\t\t<div class=\"column stat\">\n\t\t\t\t\t\t<div class=\"stat--num\">+\u00a050<\/div>\n\t\t\t\t\t\t<div class=\"stat--desc\">Types de fichiers pris en charge<\/div>\n\t\t\t\t\t<\/div>\n\t\t\t\t\t\t\t\t\t<\/div>\n\t\t\t<\/div>\n\t\t<\/div>\n\t<\/div>\n<\/div>\n\n\n<div id=\"acf\/testimonials-block_bdeffa5ab97f2333d5e252acd8d5885d\" class=\"pxblock pxblock--testimonials alignfull bg--green\">\n\t\n\t<div class=\"container\">\n\n\t\t<div class=\"testimonials animate-in\"><div class=\"testimonial\"><span class=\"testimonial__icon\"><\/span><p class=\"testimonial__quote length_class-small\"><p>Now, thanks to automation, we can easily translate product descriptions on our e-commerce website and our localization cycle is 30% faster.<\/p>\n<\/p><div class=\"testimonial__logo\"><img loading=\"lazy\" decoding=\"async\" width=\"305\" height=\"138\" src=\"https:\/\/phrase.com\/wp-content\/uploads\/2022\/08\/Tennispoint_Testimonial_Logo-1.png\" class=\"attachment-original size-original\" alt=\"Tennis Point logo for testimonial | Phrase\" srcset=\"https:\/\/phrase.com\/wp-content\/uploads\/2022\/08\/Tennispoint_Testimonial_Logo-1.png 305w, https:\/\/phrase.com\/wp-content\/uploads\/2022\/08\/Tennispoint_Testimonial_Logo-1-300x136.png 300w\" sizes=\"auto, (max-width: 305px) 100vw, 305px\" \/><\/div><div class=\"testimonial__attribution\"><p class=\"testimonial__author\">Fabian Lauer<\/p><p class=\"testimonial__author-title\">Software Developer<\/p><\/div><a class=\"btn btn--primary\" href=\"https:\/\/phrase.com\/customers\/\">See all case studies<\/a><\/div><\/div>\t<\/div>\n\n<\/div>\n\n\n\n<div id=\"acf\/feature-block_2565688b5806233c04a9ac8e889d17b8\" class=\"pxblock pxblock--feature alignfull bg--yellow\">\n\t\t<div class=\"container animate-in\">\n\t\t<div class=\"feature--header\"><h2 class=\"h1\">Pr\u00eat \u00e0 vous lancer\u00a0?<\/h2><\/div>\n\t\t<div class=\"feature--content\">\n\t\t\t<h3>Atteignez un public plus large et \u00e9tablissez des liens plus profonds d\u00e8s aujourd\u2019hui.<\/h3>\n\t\t\t\t\t<\/div>\n\n\t\t\t\t\t<div class=\"feature--btns btn-group btn-group--center\">\n\t\t\t\t\t\t\t\t\t<a href=\"https:\/\/phrase.com\/fr\/demo\/\" class=\"btn btn--primary\">\n\t\t\t\t\t\tR\u00e9server une d\u00e9mo\t\t\t\t\t<\/a>\n\t\t\t\t\t\t\t\t\t\t<a href=\"https:\/\/phrase.com\/fr\/pricing\/\" class=\"btn btn--outline\">\n\t\t\t\t\t\tVoir les tarifs\t\t\t\t\t<\/a>\n\t\t\t\t\t\t\t\t<\/div>\n\t\t\t<\/div>\n<\/div>\n\n","protected":false},"excerpt":{"rendered":"","protected":false},"author":7,"featured_media":0,"parent":32156,"menu_order":0,"comment_status":"closed","ping_status":"closed","template":"","meta":{"_acf_changed":false,"_stopmodifiedupdate":false,"_modified_date":"","_searchwp_excluded":"","episode_type":"","audio_file":"","podmotor_file_id":"","podmotor_episode_id":"","cover_image":"","cover_image_id":"","duration":"","filesize":"","filesize_raw":"","date_recorded":"","explicit":"","block":"","itunes_episode_number":"","itunes_title":"","itunes_season_number":"","itunes_episode_type":"","footnotes":""},"class_list":["post-27852","page","type-page","status-publish","hentry"],"acf":[],"_links":{"self":[{"href":"https:\/\/phrase.com\/fr\/wp-json\/wp\/v2\/pages\/27852","targetHints":{"allow":["GET"]}}],"collection":[{"href":"https:\/\/phrase.com\/fr\/wp-json\/wp\/v2\/pages"}],"about":[{"href":"https:\/\/phrase.com\/fr\/wp-json\/wp\/v2\/types\/page"}],"author":[{"embeddable":true,"href":"https:\/\/phrase.com\/fr\/wp-json\/wp\/v2\/users\/7"}],"replies":[{"embeddable":true,"href":"https:\/\/phrase.com\/fr\/wp-json\/wp\/v2\/comments?post=27852"}],"version-history":[{"count":11,"href":"https:\/\/phrase.com\/fr\/wp-json\/wp\/v2\/pages\/27852\/revisions"}],"predecessor-version":[{"id":119113,"href":"https:\/\/phrase.com\/fr\/wp-json\/wp\/v2\/pages\/27852\/revisions\/119113"}],"up":[{"embeddable":true,"href":"https:\/\/phrase.com\/fr\/wp-json\/wp\/v2\/pages\/32156"}],"wp:attachment":[{"href":"https:\/\/phrase.com\/fr\/wp-json\/wp\/v2\/media?parent=27852"}],"curies":[{"name":"wp","href":"https:\/\/api.w.org\/{rel}","templated":true}]}}