{"id":28637,"date":"2022-08-14T18:09:32","date_gmt":"2022-08-14T16:09:32","guid":{"rendered":"https:\/\/phrase.com\/securite\/"},"modified":"2025-10-06T10:07:29","modified_gmt":"2025-10-06T08:07:29","slug":"secure-localization-platform","status":"publish","type":"page","link":"https:\/\/phrase.com\/fr\/secure-localization-platform\/","title":{"rendered":"La s\u00e9curit\u00e9 chez Phrase"},"content":{"rendered":"\n<div class=\"wp-block-group alignwide is-style-header-hero has-white-color has-white-background-color has-text-color has-background has-link-color has-background-images wp-elements-79a2a0eed99a4db3e22d9f1c1251449f is-layout-flow wp-block-group-is-layout-flow\" style=\"padding-top:var(--wp--preset--spacing--110);padding-bottom:var(--wp--preset--spacing--110);background-image:url(https:\/\/phrase.com\/wp-content\/uploads\/2025\/07\/phrase-header-red.jpg.webp);background-position:0% 100%;background-attachment:scroll;background-repeat:no-repeat;background-size:cover\">\n<div class=\"wp-block-group has-global-padding is-content-justification-left is-layout-constrained wp-container-core-group-is-layout-4513c74a wp-block-group-is-layout-constrained\"><div class=\"yoast-breadcrumbs\"><span><span><a href=\"https:\/\/phrase.com\/fr\/\">Home<\/a><\/span> | <span class=\"breadcrumb_last\" aria-current=\"page\">La s\u00e9curit\u00e9 chez Phrase<\/span><\/span><\/div>\n\n\n<h2 class=\"wp-block-heading has-text-align-left has-gigantic-font-size\" id=\"h-phrase-security\" style=\"font-style:normal;font-weight:400\">La s\u00e9curit\u00e9 chez Phrase<\/h2>\n\n\n\n<div class=\"wp-block-group has-global-padding is-content-justification-left is-layout-constrained wp-container-core-group-is-layout-12dd3699 wp-block-group-is-layout-constrained\">\n<p class=\"has-text-align-left\">Profitez de normes de s\u00e9curit\u00e9 et de fiabilit\u00e9 de niveau entreprise. Nous veillons \u00e0 ce que vous puissiez vous concentrer sur votre travail sans interruption et partager des donn\u00e9es dans un environnement s\u00e9curis\u00e9.<\/p>\n<\/div>\n\n\n\n<div class=\"wp-block-buttons is-content-justification-left is-layout-flex wp-container-core-buttons-is-layout-fc4fd283 wp-block-buttons-is-layout-flex\">\n<div class=\"wp-block-button is-style-red-filled\"><a class=\"wp-block-button__link wp-element-button\" href=\"https:\/\/phrase.com\/fr\/demo\/\" target=\"_blank\" rel=\"noreferrer noopener\">R\u00e9server une d\u00e9mo<\/a><\/div>\n<\/div>\n<\/div>\n<\/div>\n\n\n\n<div class=\"wp-block-columns alignwide are-vertically-aligned-center media-text-columns media-text-columns--media-right is-layout-flex wp-container-core-columns-is-layout-28f84493 wp-block-columns-is-layout-flex\">\n<div class=\"wp-block-column is-vertically-aligned-center is-layout-flow wp-block-column-is-layout-flow\" style=\"flex-basis:41.9672131148%\">\n<h2 class=\"wp-block-heading has-extra-large-font-size\" id=\"h-control-user-access-rights\">Contr\u00f4lez les droits d\u2019acc\u00e8s des utilisateurs<\/h2>\n\n\n\n<p>S\u00e9lectionnez des r\u00f4les d\u2019utilisateur pr\u00e9d\u00e9finis ou personnalisez-les pour vous assurer que tous les contributeurs ont acc\u00e8s exactement \u00e0 ce sur quoi ils doivent travailler.<\/p>\n\n\n\n<ul class=\"wp-block-list\">\n<li>Utilisez l\u2019authentification via SSO, 2fA et filtrage des adresses IP.<\/li>\n\n\n\n<li>Dans Phrase\u00a0TMS, vous pouvez \u00e9galement restreindre les t\u00e9l\u00e9chargements pour vous assurer que les donn\u00e9es ne quittent jamais la plateforme.<\/li>\n<\/ul>\n\n\n\n<div class=\"wp-block-buttons is-layout-flex wp-block-buttons-is-layout-flex\">\n<div class=\"wp-block-button is-style-plain\"><a class=\"wp-block-button__link wp-element-button\" href=\"https:\/\/support.phrase.com\/hc\/fr-fr\/articles\/5709585565980-Access-and-Security-TMS\" target=\"_blank\" rel=\"noreferrer noopener\">D\u00e9couvrez l\u2019acc\u00e8s utilisateur<\/a><\/div>\n<\/div>\n<\/div>\n\n\n\n<div class=\"wp-block-column is-vertically-aligned-center is-layout-flow wp-block-column-is-layout-flow\" style=\"flex-basis:57.2131147541%\">\n<figure class=\"wp-block-image size-full\"><img loading=\"lazy\" decoding=\"async\" width=\"1260\" height=\"613\" src=\"https:\/\/phrase.com\/wp-content\/uploads\/2022\/08\/User_management.png\" alt=\"Les droits d&apos;acc\u00e8s d\u00e9pendent du r\u00f4le de l&apos;utilisateur | Phrase\" class=\"wp-image-2729\" srcset=\"https:\/\/phrase.com\/wp-content\/uploads\/2022\/08\/User_management.png 1260w, https:\/\/phrase.com\/wp-content\/uploads\/2022\/08\/User_management-300x146.png 300w, https:\/\/phrase.com\/wp-content\/uploads\/2022\/08\/User_management-1024x498.png 1024w, https:\/\/phrase.com\/wp-content\/uploads\/2022\/08\/User_management-768x374.png 768w\" sizes=\"auto, (max-width: 1260px) 100vw, 1260px\" \/><\/figure>\n<\/div>\n<\/div>\n\n\n\n<div class=\"wp-block-columns alignwide are-vertically-aligned-center media-text-columns media-text-columns--media-left is-layout-flex wp-container-core-columns-is-layout-28f84493 wp-block-columns-is-layout-flex\">\n<div class=\"wp-block-column is-vertically-aligned-center is-layout-flow wp-block-column-is-layout-flow\" style=\"flex-basis:57.2131147541%\">\n<figure class=\"wp-block-image size-full\"><img loading=\"lazy\" decoding=\"async\" width=\"1260\" height=\"711\" src=\"https:\/\/phrase.com\/wp-content\/uploads\/2022\/08\/Data_center_map.png\" alt=\"Carte du centre de donn\u00e9es visuelle | Phrase\" class=\"wp-image-2736\" srcset=\"https:\/\/phrase.com\/wp-content\/uploads\/2022\/08\/Data_center_map.png 1260w, https:\/\/phrase.com\/wp-content\/uploads\/2022\/08\/Data_center_map-300x169.png 300w, https:\/\/phrase.com\/wp-content\/uploads\/2022\/08\/Data_center_map-1024x578.png 1024w, https:\/\/phrase.com\/wp-content\/uploads\/2022\/08\/Data_center_map-768x433.png 768w\" sizes=\"auto, (max-width: 1260px) 100vw, 1260px\" \/><\/figure>\n<\/div>\n\n\n\n<div class=\"wp-block-column is-vertically-aligned-center is-layout-flow wp-block-column-is-layout-flow\" style=\"flex-basis:41.9672131148%\">\n<h2 class=\"wp-block-heading has-extra-large-font-size\" id=\"h-choose-where-your-data-is-stored\">Choisissez l\u2019emplacement de stockage de vos donn\u00e9es<\/h2>\n\n\n\n<p>Stockez votre contenu dans le centre de donn\u00e9es situ\u00e9 en Irlande ou aux \u00c9tats-Unis. Nos serveurs sont prot\u00e9g\u00e9s par les moyens physiques les plus efficaces.<\/p>\n\n\n\n<div class=\"wp-block-buttons is-layout-flex wp-block-buttons-is-layout-flex\">\n<div class=\"wp-block-button is-style-plain\"><a class=\"wp-block-button__link wp-element-button\" href=\"https:\/\/support.phrase.com\/hc\/fr-fr\/articles\/5748008399388-Data-Centers\" target=\"_blank\" rel=\"noreferrer noopener\">En savoir plus sur les centres de donn\u00e9es<\/a><\/div>\n<\/div>\n<\/div>\n<\/div>\n\n\n\n<div class=\"wp-block-columns alignwide are-vertically-aligned-center media-text-columns media-text-columns--media-right is-layout-flex wp-container-core-columns-is-layout-28f84493 wp-block-columns-is-layout-flex\">\n<div class=\"wp-block-column is-vertically-aligned-center is-layout-flow wp-block-column-is-layout-flow\" style=\"flex-basis:41.9672131148%\">\n<h2 class=\"wp-block-heading has-extra-large-font-size\" id=\"h-rely-on-a-modern-saas-platform\">Faites confiance \u00e0 une plateforme SaaS moderne<\/h2>\n\n\n\n<p>Les nouvelles versions sont d\u00e9ploy\u00e9es sans temps d\u2019arr\u00eat, ce qui vous permet d\u2019obtenir de nouvelles fonctionnalit\u00e9s sans interrompre le flux de localisation. Les clients professionnels b\u00e9n\u00e9ficient de SLA sur le temps de disponibilit\u00e9 du service et l\u2019assistance technique.<\/p>\n\n\n\n<div class=\"wp-block-buttons is-layout-flex wp-block-buttons-is-layout-flex\">\n<div class=\"wp-block-button is-style-plain\"><a class=\"wp-block-button__link wp-element-button\" href=\"https:\/\/status.phrase.com\/\" target=\"_blank\" rel=\"noreferrer noopener\">Consulter l\u2019\u00e9tat du service en direct<\/a><\/div>\n<\/div>\n<\/div>\n\n\n\n<div class=\"wp-block-column is-vertically-aligned-center is-layout-flow wp-block-column-is-layout-flow\" style=\"flex-basis:57.2131147541%\">\n<figure class=\"wp-block-image size-full\"><img loading=\"lazy\" decoding=\"async\" width=\"1260\" height=\"965\" src=\"https:\/\/phrase.com\/wp-content\/uploads\/2022\/08\/security.png\" alt=\"Visuel de s\u00e9curit\u00e9 | Phrase\" class=\"wp-image-1182\" srcset=\"https:\/\/phrase.com\/wp-content\/uploads\/2022\/08\/security.png 1260w, https:\/\/phrase.com\/wp-content\/uploads\/2022\/08\/security-300x230.png 300w, https:\/\/phrase.com\/wp-content\/uploads\/2022\/08\/security-1024x784.png 1024w, https:\/\/phrase.com\/wp-content\/uploads\/2022\/08\/security-768x588.png 768w\" sizes=\"auto, (max-width: 1260px) 100vw, 1260px\" \/><\/figure>\n<\/div>\n<\/div>\n\n\n\n<div class=\"wp-block-columns alignwide are-vertically-aligned-center media-text-columns media-text-columns--media-left is-layout-flex wp-container-core-columns-is-layout-28f84493 wp-block-columns-is-layout-flex\">\n<div class=\"wp-block-column is-vertically-aligned-center is-layout-flow wp-block-column-is-layout-flow\" style=\"flex-basis:57.2131147541%\">\n<figure class=\"wp-block-image size-full\"><img loading=\"lazy\" decoding=\"async\" width=\"1260\" height=\"784\" src=\"https:\/\/phrase.com\/wp-content\/uploads\/2022\/08\/Compliance.png\" alt=\"Visuel de conformit\u00e9 | Phrase\" class=\"wp-image-2749\" srcset=\"https:\/\/phrase.com\/wp-content\/uploads\/2022\/08\/Compliance.png 1260w, https:\/\/phrase.com\/wp-content\/uploads\/2022\/08\/Compliance-300x187.png 300w, https:\/\/phrase.com\/wp-content\/uploads\/2022\/08\/Compliance-1024x637.png 1024w, https:\/\/phrase.com\/wp-content\/uploads\/2022\/08\/Compliance-768x478.png 768w\" sizes=\"auto, (max-width: 1260px) 100vw, 1260px\" \/><\/figure>\n\n\n\n<div class=\"wp-block-buttons is-layout-flex wp-block-buttons-is-layout-flex\"><\/div>\n<\/div>\n\n\n\n<div class=\"wp-block-column is-vertically-aligned-center is-layout-flow wp-block-column-is-layout-flow\" style=\"flex-basis:41.9672131148%\">\n<h2 class=\"wp-block-heading has-extra-large-font-size\" id=\"h-easily-adhere-to-your-organization-s-compliance-requirements\">Respectez facilement les exigences de conformit\u00e9 de votre organisation<\/h2>\n\n\n\n<p>Phrase a mis en place un large \u00e9ventail de mesures de s\u00e9curit\u00e9 pour s\u2019assurer que vos donn\u00e9es et informations sont toujours s\u00e9curis\u00e9es. Notre certification ISO 27001 n\u2019est qu\u2019une de ces mesures.<\/p>\n<\/div>\n<\/div>\n\n\n\n<div class=\"wp-block-group alignwide has-phrase-green-background-color has-background has-background-images has-global-padding is-content-justification-left is-layout-constrained wp-container-core-group-is-layout-12dd3699 wp-block-group-is-layout-constrained\" style=\"background-image:url(https:\/\/phrase.com\/wp-content\/uploads\/2025\/07\/woman-ipad-background.jpg.webp);background-position:0% 0%;background-attachment:scroll;background-repeat:no-repeat;background-size:cover\"><div class=\"glide wp-block-phrase-com-testimonials\"><div class=\"glide__track\" data-glide-el=\"track\"><div class=\"glide__slides\">\t<div class=\"wp-block-phrase-com-testimonial glide__slide\">\n\t\t<div class=\"wp-block-phrase-com-testimonial__text \">\n\t\t\tAuparavant, les utilisateurs de <a href=\"https:\/\/phrase.com\/fr\/customers\/honyaku-center\/\">Honyaku Center<\/a> trouvaient plus pratique d&rsquo;\u00e9changer des projets par e-mail sous forme de pi\u00e8ces jointes, car les traducteurs et les correcteurs externes peuvent y acc\u00e9der facilement. Cependant, le flux de travaux global est plus efficace si les donn\u00e9es du projet sont stock\u00e9es dans le cloud, ce qui \u00e9vite de perdre du temps lorsque les traducteurs transmettent des projets aux correcteurs. Honyaku Center avait quelques r\u00e9serves concernant la s\u00e9curit\u00e9 d&rsquo;une solution bas\u00e9e sur le cloud, mais l&rsquo;entreprise a d\u00e9couvert que le contr\u00f4le de l&rsquo;acc\u00e8s aux projets et aux donn\u00e9es et le suivi du statut de chaque membre de l&rsquo;\u00e9quipe s&rsquo;av\u00e8rent plus s\u00e9curis\u00e9s dans le cloud que par e-mail. Cela a aid\u00e9 l&rsquo;entreprise \u00e0 \u00eatre plus confiante dans sa d\u00e9cision d&rsquo;utiliser Phrase.\t\t<\/div>\n\t\t<div class=\"wp-block-phrase-com-testimonial__author\">\n\t\t\t\n\t\t\t<div class=\"wp-block-phrase-com-testimonial__author-info\">\n\t\t\t\t<img loading=\"lazy\" decoding=\"async\" width=\"298\" height=\"127\" src=\"https:\/\/phrase.com\/wp-content\/uploads\/2022\/08\/Honyaku_Testimonial_Logo.png\" class=\"wp-block-phrase-com-testimonial__author-company-logo\" alt=\"Logo of Honyaku Center pour la s\u00e9curit\u00e9 chez Phrase\" \/>\n\t\t\t\t<p class=\"wp-block-phrase-com-testimonial__author-name\">\n\t\t\t\t\tNana Tajima\t\t\t\t<\/p>\n\n\t\t\t\t<p class=\"wp-block-phrase-com-testimonial__author-title\">\n\t\t\t\t\tDirecteur g\u00e9n\u00e9ral de la division en charge de la gestion de la qualit\u00e9\t\t\t\t<\/p>\n\t\t\t<\/div>\n\t\t<\/div>\n\t<\/div>\n\t\t<div class=\"wp-block-phrase-com-testimonial glide__slide\">\n\t\t<div class=\"wp-block-phrase-com-testimonial__text \">\n\t\t\t<p>Pour ce qui est des solutions SaaS, Phrase est tr\u00e8s loin devant, et la concurrence fait ce qu\u2019elle peut pour combler l\u2019\u00e9cart. On ne sait jamais \u00e0 l\u2019avance ce qu\u2019on va nous demander, mais au moins, avec Phrase, on est s\u00fbrs de pouvoir faire face \u00e0 toutes les situations.<\/p>\n\t\t<\/div>\n\t\t<div class=\"wp-block-phrase-com-testimonial__author\">\n\t\t\t\n\t\t\t<div class=\"wp-block-phrase-com-testimonial__author-info\">\n\t\t\t\t<img loading=\"lazy\" decoding=\"async\" width=\"300\" height=\"108\" src=\"https:\/\/phrase.com\/wp-content\/uploads\/2022\/08\/OVH_Testimonial_Logo.png\" class=\"wp-block-phrase-com-testimonial__author-company-logo\" alt=\"Logo of OVH\" srcset=\"https:\/\/phrase.com\/wp-content\/uploads\/2022\/08\/OVH_Testimonial_Logo.png 329w, https:\/\/phrase.com\/wp-content\/uploads\/2022\/08\/OVH_Testimonial_Logo-300x108.png 300w\" sizes=\"auto, (max-width: 300px) 100vw, 300px\" \/>\n\t\t\t\t<p class=\"wp-block-phrase-com-testimonial__author-name\">\n\t\t\t\t\tMichael Kapus\t\t\t\t<\/p>\n\n\t\t\t\t<p class=\"wp-block-phrase-com-testimonial__author-title\">\n\t\t\t\t\tResponsable de la localisation de contenu\t\t\t\t<\/p>\n\t\t\t<\/div>\n\t\t<\/div>\n\t<\/div>\n\t<\/div><\/div>\t<div class=\"wp-block-phrase-com-testimonials__carousel-controls\">\n\t\t<div class=\"wp-block-phrase-com-testimonials__carousel-progress-bar\"><\/div>\n\t\t<div class=\"glide__arrows wp-block-phrase-com-testimonials__carousel-arrows\" data-glide-el=\"controls\">\n\t\t\t<button type=\"button\" class=\"glide__arrow wp-block-phrase-com-testimonials__carousel-arrow\" data-glide-dir=\"<\">\n\t\t\t\t<svg aria-hidden=\"true\" xmlns=\"http:\/\/www.w3.org\/2000\/svg\" width=\"22\" height=\"22\" fill=\"none\" viewBox=\"0 0 22 22\"><path fill=\"currentColor\" d=\"m10.191 11 3.01 3.036-.917.924L8.36 11l3.925-3.96.915.924L10.192 11Z\"\/><\/svg>\n\t\t\t\t<span class=\"screen-reader-text\">Previous<\/span>\n\t\t\t<\/button>\n\t\t\t<button type=\"button\" class=\"glide__arrow wp-block-phrase-com-testimonials__carousel-arrow\" data-glide-dir=\"&gt;\">\n\t\t\t\t<svg xmlns=\"http:\/\/www.w3.org\/2000\/svg\" width=\"22\" height=\"22\" fill=\"none\" viewBox=\"0 0 22 22\"><path fill=\"currentColor\" d=\"m11.809 11-3.01-3.036.916-.924L13.64 11l-3.925 3.96-.915-.924L11.808 11Z\"\/><\/svg>\n\t\t\t\t<span class=\"screen-reader-text\">Next<\/span>\n\t\t\t<\/button>\n\t\t<\/div>\n\t<\/div>\n\n\t<div class=\"glide__bullets wp-block-phrase-com-testimonials__company-logos\" data-glide-el=\"controls[nav]\">\n\t\t\t\t\t\t\t\t\t<button type=\"button\" class=\"glide__bullet wp-block-phrase-com-testimonials__company-logo\" data-glide-dir=\"=0\">\n\t\t\t\t\t<img loading=\"lazy\" decoding=\"async\" width=\"298\" height=\"127\" src=\"https:\/\/phrase.com\/wp-content\/uploads\/2022\/08\/Honyaku_Testimonial_Logo.png\" class=\"attachment-300x300 size-300x300\" alt=\"\" \/>\t\t\t\t<\/button>\n\t\t\t\t\t\t\t\t\t\t\t\t<button type=\"button\" class=\"glide__bullet wp-block-phrase-com-testimonials__company-logo\" data-glide-dir=\"=1\">\n\t\t\t\t\t<img loading=\"lazy\" decoding=\"async\" width=\"300\" height=\"108\" src=\"https:\/\/phrase.com\/wp-content\/uploads\/2022\/08\/OVH_Testimonial_Logo.png\" class=\"attachment-300x300 size-300x300\" alt=\"\" srcset=\"https:\/\/phrase.com\/wp-content\/uploads\/2022\/08\/OVH_Testimonial_Logo.png 329w, https:\/\/phrase.com\/wp-content\/uploads\/2022\/08\/OVH_Testimonial_Logo-300x108.png 300w\" sizes=\"auto, (max-width: 300px) 100vw, 300px\" \/>\t\t\t\t<\/button>\n\t\t\t\t\t\t<\/div>\n\t<\/div><\/div>\n\n\n\n<div class=\"wp-block-group alignwide has-black-color has-yellow-background-color has-text-color has-background has-link-color wp-elements-9b18ca6b80db21ce06687eaac0231c8b has-global-padding is-layout-constrained wp-block-group-is-layout-constrained\" style=\"margin-top:var(--wp--preset--spacing--56)\">\n<h2 class=\"wp-block-heading has-text-align-center\" id=\"h-ready-to-get-started\">Pr\u00eat \u00e0 vous lancer\u00a0?<\/h2>\n\n\n\n<p class=\"has-text-align-center\">Atteignez un public plus large et \u00e9tablissez des liens plus profonds d\u00e8s aujourd\u2019hui.<\/p>\n\n\n\n<div class=\"wp-block-buttons is-content-justification-center is-layout-flex wp-container-core-buttons-is-layout-a89b3969 wp-block-buttons-is-layout-flex\">\n<div class=\"wp-block-button is-style-default\"><a class=\"wp-block-button__link wp-element-button\" href=\"https:\/\/phrase.com\/fr\/demo\/\" target=\"_blank\" rel=\"noreferrer noopener\">Demander une d\u00e9mo<\/a><\/div>\n\n\n\n<div class=\"wp-block-button is-style-black-outline\"><a class=\"wp-block-button__link wp-element-button\" href=\"https:\/\/phrase.com\/fr\/pricing\/\" target=\"_blank\" rel=\"noreferrer noopener\">Voir nos tarifs<\/a><\/div>\n<\/div>\n<\/div>\n\n","protected":false},"excerpt":{"rendered":"<p>La s\u00e9curit\u00e9 chez Phrase Profitez de normes de s\u00e9curit\u00e9 et de fiabilit\u00e9 de niveau entreprise. Nous veillons \u00e0 ce que vous puissiez vous concentrer sur votre travail sans interruption et partager des donn\u00e9es dans un environnement s\u00e9curis\u00e9. Contr\u00f4lez les droits d\u2019acc\u00e8s des utilisateurs S\u00e9lectionnez des r\u00f4les d\u2019utilisateur pr\u00e9d\u00e9finis ou personnalisez-les pour vous assurer que tous [&hellip;]<\/p>\n","protected":false},"author":6,"featured_media":0,"parent":0,"menu_order":0,"comment_status":"closed","ping_status":"closed","template":"page-refresh","meta":{"_acf_changed":false,"_stopmodifiedupdate":false,"_modified_date":"","_searchwp_excluded":"","episode_type":"","audio_file":"","podmotor_file_id":"","podmotor_episode_id":"","cover_image":"","cover_image_id":"","duration":"","filesize":"","filesize_raw":"","date_recorded":"","explicit":"","block":"","itunes_episode_number":"","itunes_title":"","itunes_season_number":"","itunes_episode_type":"","footnotes":""},"class_list":["post-28637","page","type-page","status-publish","hentry"],"acf":[],"_links":{"self":[{"href":"https:\/\/phrase.com\/fr\/wp-json\/wp\/v2\/pages\/28637","targetHints":{"allow":["GET"]}}],"collection":[{"href":"https:\/\/phrase.com\/fr\/wp-json\/wp\/v2\/pages"}],"about":[{"href":"https:\/\/phrase.com\/fr\/wp-json\/wp\/v2\/types\/page"}],"author":[{"embeddable":true,"href":"https:\/\/phrase.com\/fr\/wp-json\/wp\/v2\/users\/6"}],"replies":[{"embeddable":true,"href":"https:\/\/phrase.com\/fr\/wp-json\/wp\/v2\/comments?post=28637"}],"version-history":[{"count":17,"href":"https:\/\/phrase.com\/fr\/wp-json\/wp\/v2\/pages\/28637\/revisions"}],"predecessor-version":[{"id":120881,"href":"https:\/\/phrase.com\/fr\/wp-json\/wp\/v2\/pages\/28637\/revisions\/120881"}],"wp:attachment":[{"href":"https:\/\/phrase.com\/fr\/wp-json\/wp\/v2\/media?parent=28637"}],"curies":[{"name":"wp","href":"https:\/\/api.w.org\/{rel}","templated":true}]}}