{"id":28654,"date":"2022-08-13T18:54:42","date_gmt":"2022-08-13T16:54:42","guid":{"rendered":"https:\/\/phrase.com\/centre-de-ressources\/"},"modified":"2026-03-10T20:47:02","modified_gmt":"2026-03-10T19:47:02","slug":"resources","status":"publish","type":"page","link":"https:\/\/phrase.com\/fr\/resources\/","title":{"rendered":"Ressources"},"content":{"rendered":"\n<div class=\"wp-block-group alignfull is-style-header-hero has-background-images has-global-padding is-layout-constrained wp-block-group-is-layout-constrained\" style=\"background-image:url(https:\/\/phrase.com\/wp-content\/uploads\/2025\/07\/hero_resource_hub_2025.png.webp);background-position:100% 0%;background-attachment:scroll;background-repeat:no-repeat;background-size:auto 100%\">\n<div class=\"wp-block-group alignwide is-layout-flow wp-container-core-group-is-layout-f3715ea4 wp-block-group-is-layout-flow\">\n<h1 class=\"wp-block-heading\" id=\"h-phrase-resource-hub\">Phrase <br>Centre de ressources<\/h1>\n\n\n\n<p>Un monde de connaissances sur la localisation \u00e0 port\u00e9e de main.<\/p>\n\n\n\n<div class=\"wp-block-buttons is-layout-flex wp-block-buttons-is-layout-flex\">\n<div class=\"wp-block-button is-style-purple-filled\"><a class=\"wp-block-button__link wp-element-button\" href=\"https:\/\/support.phrase.com\/hc\/fr-fr\/\">Centre d\u2019aide<\/a><\/div>\n\n\n\n<div class=\"wp-block-button is-style-purple-filled\"><a class=\"wp-block-button__link wp-element-button\" href=\"https:\/\/phrase.com\/fr\/academy\/\">Phrase Academy<\/a><\/div>\n<\/div>\n<\/div>\n<\/div>\n\n\n\n<div class=\"wp-block-group alignwide is-content-justification-space-between is-nowrap is-layout-flex wp-container-core-group-is-layout-cb46ffcb wp-block-group-is-layout-flex\">\n<h2 class=\"wp-block-heading\" id=\"h-blogs\">Blogs<\/h2>\n\n\n\n<div class=\"wp-block-buttons is-layout-flex wp-block-buttons-is-layout-flex\">\n<div class=\"wp-block-button\"><a class=\"wp-block-button__link wp-element-button\" href=\"\/blog\/\">Voir plus<\/a><\/div>\n<\/div>\n<\/div>\n\n\n\n<div class=\"wp-block-group alignwide has-global-padding is-layout-constrained wp-block-group-is-layout-constrained\" style=\"margin-top:var(--wp--preset--spacing--32)\">\n<div data-wp-context=\"{}\" data-wp-interactive=\"core\/query\" data-wp-key=\"1\" data-wp-router-region=\"query-1\" class=\"wp-block-query alignwide is-layout-flow wp-block-query-is-layout-flow\"><ul class=\"columns-3 wp-block-post-template is-layout-grid wp-container-core-post-template-is-layout-6d3fbd8f wp-block-post-template-is-layout-grid\"><li data-wp-key=\"post-template-item-133359\" class=\"wp-block-post post-133359 post type-post status-publish format-standard has-post-thumbnail hentry category-developpement-a-linternational-fr\">\n<figure class=\"wp-block-post-featured-image\"><a href=\"https:\/\/phrase.com\/fr\/blog\/posts\/ai-translation-global-growth\/\" target=\"_self\" rel=\"https:\/\/phrase.com\/blog\/posts\/emoji-language-miscommunication\/\" ><img loading=\"lazy\" decoding=\"async\" width=\"1920\" height=\"1080\" src=\"https:\/\/phrase.com\/wp-content\/uploads\/2025\/09\/The-AI-breakthroughs-powering-global-connection.jpg\" class=\"attachment-post-thumbnail size-post-thumbnail wp-post-image\" alt=\"Au-del\u00e0 des mots\u00a0: comment les avanc\u00e9es de l&rsquo;IA favorisent la connectivit\u00e9 mondiale\" style=\"object-fit:cover;\" srcset=\"https:\/\/phrase.com\/wp-content\/uploads\/2025\/09\/The-AI-breakthroughs-powering-global-connection.jpg 1920w, https:\/\/phrase.com\/wp-content\/uploads\/2025\/09\/The-AI-breakthroughs-powering-global-connection-300x169.jpg 300w, https:\/\/phrase.com\/wp-content\/uploads\/2025\/09\/The-AI-breakthroughs-powering-global-connection-1024x576.jpg 1024w, https:\/\/phrase.com\/wp-content\/uploads\/2025\/09\/The-AI-breakthroughs-powering-global-connection-768x432.jpg 768w, https:\/\/phrase.com\/wp-content\/uploads\/2025\/09\/The-AI-breakthroughs-powering-global-connection-1536x864.jpg 1536w\" sizes=\"auto, (max-width: 1920px) 100vw, 1920px\" \/><\/a><\/figure>\n\n\n<div class=\"wp-block-group wp-block-post__content is-layout-flow wp-block-group-is-layout-flow\"><h3 class=\"wp-block-post-title\">Au-del\u00e0 des mots\u00a0: comment les avanc\u00e9es de l&rsquo;IA favorisent la connectivit\u00e9 mondiale<\/h3>\n\n<div class=\"wp-block-post-excerpt\"><p class=\"wp-block-post-excerpt__excerpt\">L&rsquo;IA rationalise et perturbe un certain nombre d&rsquo;activit\u00e9s. Mais pour les marques qui souhaitent \u00eatre comp\u00e9titives \u00e0 l&rsquo;\u00e9chelle mondiale, son impact sur la communication est tout simplement r\u00e9volutionnaire.<\/p><p class=\"wp-block-post-excerpt__more-text\"><a class=\"wp-block-post-excerpt__more-link\" href=\"https:\/\/phrase.com\/fr\/blog\/posts\/ai-translation-global-growth\/\">Read more<\/a><\/p><\/div><\/div>\n\n<\/li><li data-wp-key=\"post-template-item-136868\" class=\"wp-block-post post-136868 post type-post status-publish format-standard has-post-thumbnail hentry category-developpement-a-linternational-fr\">\n<figure class=\"wp-block-post-featured-image\"><a href=\"https:\/\/phrase.com\/fr\/blog\/posts\/ai-gaming-personalization-efficiency-localization\/\" target=\"_self\" rel=\"https:\/\/phrase.com\/blog\/posts\/emoji-language-miscommunication\/\" ><img loading=\"lazy\" decoding=\"async\" width=\"1920\" height=\"1080\" src=\"https:\/\/phrase.com\/wp-content\/uploads\/2025\/06\/gaming-AI.jpg\" class=\"attachment-post-thumbnail size-post-thumbnail wp-post-image\" alt=\"La r\u00e9volution de l&rsquo;IA dans le jeu\u00a0: personnalisation, efficacit\u00e9 et r\u00e9sultats financiers\" style=\"object-fit:cover;\" srcset=\"https:\/\/phrase.com\/wp-content\/uploads\/2025\/06\/gaming-AI.jpg 1920w, https:\/\/phrase.com\/wp-content\/uploads\/2025\/06\/gaming-AI-300x169.jpg 300w, https:\/\/phrase.com\/wp-content\/uploads\/2025\/06\/gaming-AI-1024x576.jpg 1024w, https:\/\/phrase.com\/wp-content\/uploads\/2025\/06\/gaming-AI-768x432.jpg 768w, https:\/\/phrase.com\/wp-content\/uploads\/2025\/06\/gaming-AI-1536x864.jpg 1536w\" sizes=\"auto, (max-width: 1920px) 100vw, 1920px\" \/><\/a><\/figure>\n\n\n<div class=\"wp-block-group wp-block-post__content is-layout-flow wp-block-group-is-layout-flow\"><h3 class=\"wp-block-post-title\">La r\u00e9volution de l&rsquo;IA dans le jeu\u00a0: personnalisation, efficacit\u00e9 et r\u00e9sultats financiers<\/h3>\n\n<div class=\"wp-block-post-excerpt\"><p class=\"wp-block-post-excerpt__excerpt\">L&rsquo;IA red\u00e9finit en profondeur l&rsquo;industrie du jeu, des exp\u00e9riences personnalis\u00e9es au contenu proc\u00e9dural en passant par la localisation en temps r\u00e9el et l&rsquo;automatisation des services en live. D\u00e9couvrez comment les\u2026<\/p><p class=\"wp-block-post-excerpt__more-text\"><a class=\"wp-block-post-excerpt__more-link\" href=\"https:\/\/phrase.com\/fr\/blog\/posts\/ai-gaming-personalization-efficiency-localization\/\">Read more<\/a><\/p><\/div><\/div>\n\n<\/li><li data-wp-key=\"post-template-item-136876\" class=\"wp-block-post post-136876 post type-post status-publish format-standard has-post-thumbnail hentry category-localisation-de-logiciels-fr category-phrase-et-au-dela-fr\">\n<figure class=\"wp-block-post-featured-image\"><a href=\"https:\/\/phrase.com\/fr\/blog\/posts\/unity-game-localization-plugin-phrase-strings\/\" target=\"_self\" rel=\"https:\/\/phrase.com\/blog\/posts\/emoji-language-miscommunication\/\" ><img loading=\"lazy\" decoding=\"async\" width=\"1220\" height=\"529\" src=\"https:\/\/phrase.com\/wp-content\/uploads\/2024\/07\/Unity_Header.jpg\" class=\"attachment-post-thumbnail size-post-thumbnail wp-post-image\" alt=\"Localiser les jeux Unity avec le plug-in officiel Phrase\" style=\"object-fit:cover;\" srcset=\"https:\/\/phrase.com\/wp-content\/uploads\/2024\/07\/Unity_Header.jpg 1220w, https:\/\/phrase.com\/wp-content\/uploads\/2024\/07\/Unity_Header-300x130.jpg 300w, https:\/\/phrase.com\/wp-content\/uploads\/2024\/07\/Unity_Header-1024x444.jpg 1024w, https:\/\/phrase.com\/wp-content\/uploads\/2024\/07\/Unity_Header-768x333.jpg 768w\" sizes=\"auto, (max-width: 1220px) 100vw, 1220px\" \/><\/a><\/figure>\n\n\n<div class=\"wp-block-group wp-block-post__content is-layout-flow wp-block-group-is-layout-flow\"><h3 class=\"wp-block-post-title\">Localiser les jeux Unity avec le plug-in officiel Phrase<\/h3>\n\n<div class=\"wp-block-post-excerpt\"><p class=\"wp-block-post-excerpt__excerpt\">Vous voulez localiser votre jeu Unity sans avoir \u00e0 jongler avec les fichiers .csv\u00a0? D\u00e9couvrez comment le plug-in officiel Phrase Strings pour Unity simplifie le flux de travaux de localisation\u2026<\/p><p class=\"wp-block-post-excerpt__more-text\"><a class=\"wp-block-post-excerpt__more-link\" href=\"https:\/\/phrase.com\/fr\/blog\/posts\/unity-game-localization-plugin-phrase-strings\/\">Read more<\/a><\/p><\/div><\/div>\n\n<\/li><\/ul><\/div>\n<\/div>\n\n\n\n<div class=\"wp-block-group alignwide is-content-justification-space-between is-nowrap is-layout-flex wp-container-core-group-is-layout-cb46ffcb wp-block-group-is-layout-flex\">\n<h2 class=\"wp-block-heading\" id=\"h-webinars\">Webinaires<\/h2>\n\n\n\n<div class=\"wp-block-buttons is-layout-flex wp-block-buttons-is-layout-flex\">\n<div class=\"wp-block-button\"><a class=\"wp-block-button__link wp-element-button\" href=\"\/resources\/webinars\/\">Voir plus<\/a><\/div>\n<\/div>\n<\/div>\n\n\n\n<div class=\"wp-block-group alignwide has-global-padding is-layout-constrained wp-block-group-is-layout-constrained\" style=\"margin-top:var(--wp--preset--spacing--32)\">\n<div data-wp-context=\"{}\" data-wp-interactive=\"core\/query\" data-wp-key=\"2\" data-wp-router-region=\"query-2\" class=\"wp-block-query alignwide is-layout-flow wp-block-query-is-layout-flow\"><ul class=\"columns-3 wp-block-post-template is-layout-grid wp-container-core-post-template-is-layout-6d3fbd8f wp-block-post-template-is-layout-grid\"><li data-wp-key=\"post-template-item-118922\" class=\"wp-block-post post-118922 webinar type-webinar status-publish has-post-thumbnail hentry\">\n<figure class=\"wp-block-post-featured-image\"><a href=\"https:\/\/phrase.com\/fr\/resources\/webinars\/phrase-bootcamp-job-sync\/\" target=\"_self\"  ><img loading=\"lazy\" decoding=\"async\" width=\"1700\" height=\"960\" src=\"https:\/\/phrase.com\/wp-content\/uploads\/2025\/09\/P1275-Webinar-1700px-X-960px-1.jpg\" class=\"attachment-post-thumbnail size-post-thumbnail wp-post-image\" alt=\"Bootcamp Phrase\u00a0: ma\u00eetrisez la synchro des t\u00e2ches pour une localisation plus intelligente et plus rapide\" style=\"object-fit:cover;\" srcset=\"https:\/\/phrase.com\/wp-content\/uploads\/2025\/09\/P1275-Webinar-1700px-X-960px-1.jpg 1700w, https:\/\/phrase.com\/wp-content\/uploads\/2025\/09\/P1275-Webinar-1700px-X-960px-1-300x169.jpg 300w, https:\/\/phrase.com\/wp-content\/uploads\/2025\/09\/P1275-Webinar-1700px-X-960px-1-1024x578.jpg 1024w, https:\/\/phrase.com\/wp-content\/uploads\/2025\/09\/P1275-Webinar-1700px-X-960px-1-768x434.jpg 768w, https:\/\/phrase.com\/wp-content\/uploads\/2025\/09\/P1275-Webinar-1700px-X-960px-1-1536x867.jpg 1536w\" sizes=\"auto, (max-width: 1700px) 100vw, 1700px\" \/><\/a><\/figure>\n\n\n<div class=\"wp-block-group wp-block-post__content is-layout-flow wp-block-group-is-layout-flow\"><h3 class=\"wp-block-post-title\">Bootcamp Phrase\u00a0: ma\u00eetrisez la synchro des t\u00e2ches pour une localisation plus intelligente et plus rapide<\/h3>\n\n<div class=\"wp-block-post-excerpt\"><p class=\"wp-block-post-excerpt__excerpt\">Gr\u00e2ce \u00e0 la synchro des t\u00e2ches, vous pouvez connecter sans effort Phrase Strings et Phrase TMS pour g\u00e9rer le contenu logiciel multilingue dans un flux de travaux rationalis\u00e9. Centralisez vos\u2026<\/p><p class=\"wp-block-post-excerpt__more-text\"><a class=\"wp-block-post-excerpt__more-link\" href=\"https:\/\/phrase.com\/fr\/resources\/webinars\/phrase-bootcamp-job-sync\/\">Read more<\/a><\/p><\/div><\/div>\n\n<\/li><li data-wp-key=\"post-template-item-102101\" class=\"wp-block-post post-102101 webinar type-webinar status-publish has-post-thumbnail hentry\">\n<figure class=\"wp-block-post-featured-image\"><a href=\"https:\/\/phrase.com\/fr\/resources\/webinars\/automate-translation-optimizely\/\" target=\"_self\"  ><img loading=\"lazy\" decoding=\"async\" width=\"1700\" height=\"960\" src=\"https:\/\/phrase.com\/wp-content\/uploads\/2025\/03\/Optimizely-webinar-visual.jpg\" class=\"attachment-post-thumbnail size-post-thumbnail wp-post-image\" alt=\"Comment automatiser et d\u00e9ployer \u00e0 grande \u00e9chelle la traduction de contenu avec Phrase et Optimizely\" style=\"object-fit:cover;\" srcset=\"https:\/\/phrase.com\/wp-content\/uploads\/2025\/03\/Optimizely-webinar-visual.jpg 1700w, https:\/\/phrase.com\/wp-content\/uploads\/2025\/03\/Optimizely-webinar-visual-300x169.jpg 300w, https:\/\/phrase.com\/wp-content\/uploads\/2025\/03\/Optimizely-webinar-visual-1024x578.jpg 1024w, https:\/\/phrase.com\/wp-content\/uploads\/2025\/03\/Optimizely-webinar-visual-768x434.jpg 768w, https:\/\/phrase.com\/wp-content\/uploads\/2025\/03\/Optimizely-webinar-visual-1536x867.jpg 1536w\" sizes=\"auto, (max-width: 1700px) 100vw, 1700px\" \/><\/a><\/figure>\n\n\n<div class=\"wp-block-group wp-block-post__content is-layout-flow wp-block-group-is-layout-flow\"><h3 class=\"wp-block-post-title\">Comment automatiser et d\u00e9ployer \u00e0 grande \u00e9chelle la traduction de contenu avec Phrase et Optimizely<\/h3>\n\n<div class=\"wp-block-post-excerpt\"><p class=\"wp-block-post-excerpt__excerpt\">D\u00e9couvrez en exclusivit\u00e9 l&rsquo;int\u00e9gration Optimizely de Phrase\u00a0! Lors de cette session, vous d\u00e9couvrirez comment rationaliser la traduction du contenu de vos sites web gr\u00e2ce \u00e0 l&rsquo;automatisation bas\u00e9e sur l&rsquo;IA. Oubliez\u2026<\/p><p class=\"wp-block-post-excerpt__more-text\"><a class=\"wp-block-post-excerpt__more-link\" href=\"https:\/\/phrase.com\/fr\/resources\/webinars\/automate-translation-optimizely\/\">Read more<\/a><\/p><\/div><\/div>\n\n<\/li><li data-wp-key=\"post-template-item-92913\" class=\"wp-block-post post-92913 webinar type-webinar status-publish has-post-thumbnail hentry\">\n<figure class=\"wp-block-post-featured-image\"><a href=\"https:\/\/phrase.com\/fr\/resources\/webinars\/phrase-bootcamp-full-platform-potential\/\" target=\"_self\"  ><img loading=\"lazy\" decoding=\"async\" width=\"3401\" height=\"1921\" src=\"https:\/\/phrase.com\/wp-content\/uploads\/2024\/09\/P1007-Registration-Page-Image-1700-X-961-1.png\" class=\"attachment-post-thumbnail size-post-thumbnail wp-post-image\" alt=\"Bootcamp Phrase\u00a0: d\u00e9couvrez le plein potentiel de Phrase Platform\" style=\"object-fit:cover;\" srcset=\"https:\/\/phrase.com\/wp-content\/uploads\/2024\/09\/P1007-Registration-Page-Image-1700-X-961-1.png 3401w, https:\/\/phrase.com\/wp-content\/uploads\/2024\/09\/P1007-Registration-Page-Image-1700-X-961-1-300x169.png 300w, https:\/\/phrase.com\/wp-content\/uploads\/2024\/09\/P1007-Registration-Page-Image-1700-X-961-1-1024x578.png 1024w, https:\/\/phrase.com\/wp-content\/uploads\/2024\/09\/P1007-Registration-Page-Image-1700-X-961-1-768x434.png 768w, https:\/\/phrase.com\/wp-content\/uploads\/2024\/09\/P1007-Registration-Page-Image-1700-X-961-1-1536x868.png 1536w, https:\/\/phrase.com\/wp-content\/uploads\/2024\/09\/P1007-Registration-Page-Image-1700-X-961-1-2048x1157.png 2048w\" sizes=\"auto, (max-width: 3401px) 100vw, 3401px\" \/><\/a><\/figure>\n\n\n<div class=\"wp-block-group wp-block-post__content is-layout-flow wp-block-group-is-layout-flow\"><h3 class=\"wp-block-post-title\">Bootcamp Phrase\u00a0: d\u00e9couvrez le plein potentiel de Phrase Platform<\/h3>\n\n<div class=\"wp-block-post-excerpt\"><p class=\"wp-block-post-excerpt__excerpt\">Le Bootcamp Phrase est l\u2019occasion d\u2019explorer toutes les fonctionnalit\u00e9s de Phrase Platform, notre gamme d\u2019outils con\u00e7us pour optimiser vos flux de travail et obtenir des r\u00e9sultats tangibles. D\u00e9couvrez comment Phrase\u2026<\/p><p class=\"wp-block-post-excerpt__more-text\"><a class=\"wp-block-post-excerpt__more-link\" href=\"https:\/\/phrase.com\/fr\/resources\/webinars\/phrase-bootcamp-full-platform-potential\/\">Read more<\/a><\/p><\/div><\/div>\n\n<\/li><\/ul><\/div>\n<\/div>\n\n\n\n<div class=\"wp-block-group alignwide is-content-justification-space-between is-nowrap is-layout-flex wp-container-core-group-is-layout-cb46ffcb wp-block-group-is-layout-flex\">\n<h2 class=\"wp-block-heading\" id=\"h-reports-amp-guides\">Rapports et guides<\/h2>\n\n\n\n<div class=\"wp-block-buttons is-layout-flex wp-block-buttons-is-layout-flex\">\n<div class=\"wp-block-button\"><a class=\"wp-block-button__link wp-element-button\" href=\"\/resources\/reports\/\">Voir plus<\/a><\/div>\n<\/div>\n<\/div>\n\n\n\n<div class=\"wp-block-group alignwide has-global-padding is-layout-constrained wp-block-group-is-layout-constrained\" style=\"margin-top:var(--wp--preset--spacing--32)\">\n<div data-wp-context=\"{}\" data-wp-interactive=\"core\/query\" data-wp-key=\"3\" data-wp-router-region=\"query-3\" class=\"wp-block-query alignwide is-layout-flow wp-block-query-is-layout-flow\"><\/div>\n<\/div>\n\n","protected":false},"excerpt":{"rendered":"<p>Phrase Centre de ressources Un monde de connaissances sur la localisation \u00e0 port\u00e9e de main. Blogs Webinaires Rapports et guides<\/p>\n","protected":false},"author":6,"featured_media":0,"parent":0,"menu_order":0,"comment_status":"closed","ping_status":"closed","template":"page-refresh","meta":{"_acf_changed":false,"_stopmodifiedupdate":false,"_modified_date":"","_searchwp_excluded":"","episode_type":"","audio_file":"","podmotor_file_id":"","podmotor_episode_id":"","cover_image":"","cover_image_id":"","duration":"","filesize":"","filesize_raw":"","date_recorded":"","explicit":"","block":"","itunes_episode_number":"","itunes_title":"","itunes_season_number":"","itunes_episode_type":"","footnotes":""},"class_list":["post-28654","page","type-page","status-publish","hentry"],"acf":[],"_links":{"self":[{"href":"https:\/\/phrase.com\/fr\/wp-json\/wp\/v2\/pages\/28654","targetHints":{"allow":["GET"]}}],"collection":[{"href":"https:\/\/phrase.com\/fr\/wp-json\/wp\/v2\/pages"}],"about":[{"href":"https:\/\/phrase.com\/fr\/wp-json\/wp\/v2\/types\/page"}],"author":[{"embeddable":true,"href":"https:\/\/phrase.com\/fr\/wp-json\/wp\/v2\/users\/6"}],"replies":[{"embeddable":true,"href":"https:\/\/phrase.com\/fr\/wp-json\/wp\/v2\/comments?post=28654"}],"version-history":[{"count":19,"href":"https:\/\/phrase.com\/fr\/wp-json\/wp\/v2\/pages\/28654\/revisions"}],"predecessor-version":[{"id":137195,"href":"https:\/\/phrase.com\/fr\/wp-json\/wp\/v2\/pages\/28654\/revisions\/137195"}],"wp:attachment":[{"href":"https:\/\/phrase.com\/fr\/wp-json\/wp\/v2\/media?parent=28654"}],"curies":[{"name":"wp","href":"https:\/\/api.w.org\/{rel}","templated":true}]}}