{"id":30889,"date":"2022-09-23T08:59:49","date_gmt":"2022-09-23T06:59:49","guid":{"rendered":"https:\/\/phrase.com\/faq-de-lancement\/"},"modified":"2025-10-06T09:53:47","modified_gmt":"2025-10-06T07:53:47","slug":"launch-faq","status":"publish","type":"page","link":"https:\/\/phrase.com\/fr\/launch-faq\/","title":{"rendered":"FAQ de lancement"},"content":{"rendered":"\n<div id=\"acf\/tertiary-hero-block_1864743ca54f6d7737906bb47f4c57b3\" class=\"pxblock pxblock--tertiary-hero alignfull bg--white\">\n\t\t<div class=\"container\">\n\t\t<div class=\"text wysiwyg animate-in\">\n\n\t\t\t\n\t\t\t<div class=\"hero--sub-header\">Questions fr\u00e9quentes<\/div>\t\t\t<div class=\"hero--header\"><h1 class=\"secondary \">Notre nouvelle solution Phrase Localization Platform<\/h1><\/div>\t\t\t<div class=\"hero--copy\"><p>D\u00e9couvrez ce que cela signifie pour vous. N\u2019h\u00e9sitez pas \u00e0 communiquer avec notre \u00e9quipe si vous avez d\u2019autres questions. <\/p><\/div>\n\t\t\t\t\t<\/div>\n\t<\/div>\n<\/div>\n\n\n\n<div id=\"acf\/accordion-block_54fd41827f350b3fc614b3b1a7ca5ebf\" class=\"pxblock pxblock--accordion alignfull bg--white \">\n\t\t<div class=\"container\">\n\t\t<div class=\"accordion animate-in\">\n\t\t\t\t\t\t\t\t\t<div class=\"accordion__tab\">\n\t\t\t\t<button class=\"heading toggle\" id=\"accordion_0\" aria-expanded=\"false\" aria-controls=\"accordion_section_0\">\n\t\t\t\t\t\t\t\t\t\t<div class=\"title\"><h3>Je suis un client Memsource. Qu\u2019est-ce qui a chang\u00e9\u00a0?<\/h3><\/div>\n\t\t\t\t\t<span class=\"icon\">\n\t\t\t\t\t\t<svg width=\"22\" height=\"13\" viewBox=\"0 0 22 13\" fill=\"none\" xmlns=\"http:\/\/www.w3.org\/2000\/svg\"><path d=\"M20.113 1.5 11 10.613 1.887 1.5\" stroke=\"#1080FC\" stroke-width=\"2\" stroke-linecap=\"round\"\/><\/svg>\n<\/span>\n\t\t\t\t<\/button>\n\t\t\t\t<div id=\"accordion_section_0\" class=\"content\" role=\"region\" aria-labelledby=\"accordion_0\">\n\t\t\t\t\t<div class=\"text wysiwyg \">\n\t\t\t\t\t\t<p><span style=\"font-weight: 300\">Memsource a \u00e9t\u00e9 rebaptis\u00e9 Phrase\u00a0TMS. Ce changement s\u2019inscrit dans le cadre du regroupement de nos produits au sein de Phrase Localization Platform. Vous pouvez vous connecter et acc\u00e9der \u00e0 votre compte Phrase\u00a0TMS existant et inchang\u00e9 via notre nouveau site web\u00a0: <\/span><a href=\"https:\/\/phrase.com\"><span style=\"font-weight: 300\">phrase.com<\/span><\/a><\/p>\n\t\t\t\t\t<\/div>\n\t\t\t\t<\/div>\n\t\t\t<\/div><!-- .accordion__tab-->\n\n\t\t\t\t\t\t\t\t\t<div class=\"accordion__tab\">\n\t\t\t\t<button class=\"heading toggle\" id=\"accordion_1\" aria-expanded=\"false\" aria-controls=\"accordion_section_1\">\n\t\t\t\t\t\t\t\t\t\t<div class=\"title\"><h3>Je suis un client de Phrase. Qu\u2019est-ce qui a chang\u00e9\u00a0?<\/h3><\/div>\n\t\t\t\t\t<span class=\"icon\">\n\t\t\t\t\t\t<svg width=\"22\" height=\"13\" viewBox=\"0 0 22 13\" fill=\"none\" xmlns=\"http:\/\/www.w3.org\/2000\/svg\"><path d=\"M20.113 1.5 11 10.613 1.887 1.5\" stroke=\"#1080FC\" stroke-width=\"2\" stroke-linecap=\"round\"\/><\/svg>\n<\/span>\n\t\t\t\t<\/button>\n\t\t\t\t<div id=\"accordion_section_1\" class=\"content\" role=\"region\" aria-labelledby=\"accordion_1\">\n\t\t\t\t\t<div class=\"text wysiwyg \">\n\t\t\t\t\t\t<p><span style=\"font-weight: 300\">Phrase a \u00e9t\u00e9 renomm\u00e9 Phrase Strings. Ce changement s\u2019inscrit dans le cadre du regroupement de nos produits au sein de Phrase Localization Platform. Vous pouvez vous connecter et acc\u00e9der \u00e0 votre compte Phrase\u00a0Strings existant et inchang\u00e9 via notre nouveau site web\u00a0: <\/span><a href=\"https:\/\/phrase.com\"><span style=\"font-weight: 300\">phrase.com<\/span><\/a><\/p>\n\t\t\t\t\t<\/div>\n\t\t\t\t<\/div>\n\t\t\t<\/div><!-- .accordion__tab-->\n\n\t\t\t\t\t\t\t\t\t<div class=\"accordion__tab\">\n\t\t\t\t<button class=\"heading toggle\" id=\"accordion_2\" aria-expanded=\"false\" aria-controls=\"accordion_section_2\">\n\t\t\t\t\t\t\t\t\t\t<div class=\"title\"><h3>Pourquoi ce changement\u00a0? <\/h3><\/div>\n\t\t\t\t\t<span class=\"icon\">\n\t\t\t\t\t\t<svg width=\"22\" height=\"13\" viewBox=\"0 0 22 13\" fill=\"none\" xmlns=\"http:\/\/www.w3.org\/2000\/svg\"><path d=\"M20.113 1.5 11 10.613 1.887 1.5\" stroke=\"#1080FC\" stroke-width=\"2\" stroke-linecap=\"round\"\/><\/svg>\n<\/span>\n\t\t\t\t<\/button>\n\t\t\t\t<div id=\"accordion_section_2\" class=\"content\" role=\"region\" aria-labelledby=\"accordion_2\">\n\t\t\t\t\t<div class=\"text wysiwyg \">\n\t\t\t\t\t\t<p><span style=\"font-weight: 300\">Pour mieux servir nos clients gr\u00e2ce \u00e0 une suite compl\u00e8te d\u2019outils adapt\u00e9s \u00e0 tous les cas d\u2019usage de la localisation. D\u00e9couvrez notre vision du produit <\/span><a href=\"https:\/\/phrase.com\/blog\/posts\/the-new-phrase\/\"><span style=\"font-weight: 300\">ici<\/span><\/a><span style=\"font-weight: 300\">.<\/span><\/p>\n\t\t\t\t\t<\/div>\n\t\t\t\t<\/div>\n\t\t\t<\/div><!-- .accordion__tab-->\n\n\t\t\t\t\t\t\t\t\t<div class=\"accordion__tab\">\n\t\t\t\t<button class=\"heading toggle\" id=\"accordion_3\" aria-expanded=\"false\" aria-controls=\"accordion_section_3\">\n\t\t\t\t\t\t\t\t\t\t<div class=\"title\"><h3>Qu\u2019inclut Phrase Localization Platform\u00a0?<\/h3><\/div>\n\t\t\t\t\t<span class=\"icon\">\n\t\t\t\t\t\t<svg width=\"22\" height=\"13\" viewBox=\"0 0 22 13\" fill=\"none\" xmlns=\"http:\/\/www.w3.org\/2000\/svg\"><path d=\"M20.113 1.5 11 10.613 1.887 1.5\" stroke=\"#1080FC\" stroke-width=\"2\" stroke-linecap=\"round\"\/><\/svg>\n<\/span>\n\t\t\t\t<\/button>\n\t\t\t\t<div id=\"accordion_section_3\" class=\"content\" role=\"region\" aria-labelledby=\"accordion_3\">\n\t\t\t\t\t<div class=\"text wysiwyg \">\n\t\t\t\t\t\t<p><span style=\"font-weight: 300\">Phrase Localization Platform regroupe notre plateforme de localisation de logiciels (Phrase) et notre syst\u00e8me de gestion des traductions (Memsource) pour couvrir tous les aspects de la localisation au sein d\u2019une entreprise. Elle repr\u00e9sente un niveau de fonctionnalit\u00e9 suppl\u00e9mentaire pour int\u00e9grer nos produits de mani\u00e8re plus approfondie. La suite Phrase vous permettra de travailler et de naviguer facilement entre nos produits et de g\u00e9rer les donn\u00e9es partag\u00e9es sans avoir \u00e0 vous authentifier une seconde fois.<\/span><\/p>\n\t\t\t\t\t<\/div>\n\t\t\t\t<\/div>\n\t\t\t<\/div><!-- .accordion__tab-->\n\n\t\t\t\t\t\t\t\t\t<div class=\"accordion__tab\">\n\t\t\t\t<button class=\"heading toggle\" id=\"accordion_4\" aria-expanded=\"false\" aria-controls=\"accordion_section_4\">\n\t\t\t\t\t\t\t\t\t\t<div class=\"title\"><h3>O\u00f9 puis-je en savoir plus sur les modifications\u00a0?<\/h3><\/div>\n\t\t\t\t\t<span class=\"icon\">\n\t\t\t\t\t\t<svg width=\"22\" height=\"13\" viewBox=\"0 0 22 13\" fill=\"none\" xmlns=\"http:\/\/www.w3.org\/2000\/svg\"><path d=\"M20.113 1.5 11 10.613 1.887 1.5\" stroke=\"#1080FC\" stroke-width=\"2\" stroke-linecap=\"round\"\/><\/svg>\n<\/span>\n\t\t\t\t<\/button>\n\t\t\t\t<div id=\"accordion_section_4\" class=\"content\" role=\"region\" aria-labelledby=\"accordion_4\">\n\t\t\t\t\t<div class=\"text wysiwyg \">\n\t\t\t\t\t\t<p><span style=\"font-weight: 300\">Pour en savoir plus sur notre nouvelle marque et sur Phrase Localization Platform, rejoignez-nous le vendredi 7\u00a0octobre de 11\u00a0h \u00e0 12\u00a0h CEST pour un webinaire tr\u00e8s sp\u00e9cial en direct avec notre PDG, Georg Ell.<\/span><\/p>\n<p><span style=\"font-weight: 300\">Georg parlera de l\u2019\u00e9volution de Memsource et de Phrase et donnera un aper\u00e7u de notre nouvelle vision du produit Phrase.<\/span><\/p>\n\t\t\t\t\t<\/div>\n\t\t\t\t<\/div>\n\t\t\t<\/div><!-- .accordion__tab-->\n\n\t\t\t\t\t\t\t\t\t<div class=\"accordion__tab\">\n\t\t\t\t<button class=\"heading toggle\" id=\"accordion_5\" aria-expanded=\"false\" aria-controls=\"accordion_section_5\">\n\t\t\t\t\t\t\t\t\t\t<div class=\"title\"><h3>Avec Phrase Localization Platform, pourrai-je continuer \u00e0 utiliser Phrase\u00a0Strings ou Phrase\u00a0TMS s\u00e9par\u00e9ment\u00a0?<\/h3><\/div>\n\t\t\t\t\t<span class=\"icon\">\n\t\t\t\t\t\t<svg width=\"22\" height=\"13\" viewBox=\"0 0 22 13\" fill=\"none\" xmlns=\"http:\/\/www.w3.org\/2000\/svg\"><path d=\"M20.113 1.5 11 10.613 1.887 1.5\" stroke=\"#1080FC\" stroke-width=\"2\" stroke-linecap=\"round\"\/><\/svg>\n<\/span>\n\t\t\t\t<\/button>\n\t\t\t\t<div id=\"accordion_section_5\" class=\"content\" role=\"region\" aria-labelledby=\"accordion_5\">\n\t\t\t\t\t<div class=\"text wysiwyg \">\n\t\t\t\t\t\t<p><span style=\"font-weight: 300\">Oui, vous pourrez toujours utiliser nos produits de mani\u00e8re ind\u00e9pendante. La nouvelle solution Phrase Localization Platform est con\u00e7ue pour \u00e9voluer avec votre \u00e9quipe. Vous pourrez ainsi facilement tester un autre produit ou ajouter de nouvelles fonctionnalit\u00e9s selon vos besoins.<\/span><\/p>\n\t\t\t\t\t<\/div>\n\t\t\t\t<\/div>\n\t\t\t<\/div><!-- .accordion__tab-->\n\n\t\t\t\t\t\t\t\t\t<div class=\"accordion__tab\">\n\t\t\t\t<button class=\"heading toggle\" id=\"accordion_6\" aria-expanded=\"false\" aria-controls=\"accordion_section_6\">\n\t\t\t\t\t\t\t\t\t\t<div class=\"title\"><h3>Quelles sont les nouveaut\u00e9s de Phrase Localization Platform\u00a0?<\/h3><\/div>\n\t\t\t\t\t<span class=\"icon\">\n\t\t\t\t\t\t<svg width=\"22\" height=\"13\" viewBox=\"0 0 22 13\" fill=\"none\" xmlns=\"http:\/\/www.w3.org\/2000\/svg\"><path d=\"M20.113 1.5 11 10.613 1.887 1.5\" stroke=\"#1080FC\" stroke-width=\"2\" stroke-linecap=\"round\"\/><\/svg>\n<\/span>\n\t\t\t\t<\/button>\n\t\t\t\t<div id=\"accordion_section_6\" class=\"content\" role=\"region\" aria-labelledby=\"accordion_6\">\n\t\t\t\t\t<div class=\"text wysiwyg \">\n\t\t\t\t\t\t<p><span style=\"font-weight: 300\">La solution Phrase Localization Platform sera dot\u00e9e d\u2019un ensemble de nouvelles fonctionnalit\u00e9s telles que\u00a0:<\/span><\/p>\n<ul>\n<li style=\"font-weight: 300\"><span style=\"font-weight: 300\">Une exp\u00e9rience de connexion unifi\u00e9e pour acc\u00e9der aux deux plateformes et d\u00e9couvrir les avantages de la nouvelle suite compl\u00e8te<\/span><\/li>\n<li style=\"font-weight: 300\"><span style=\"font-weight: 300\">Une interface utilisateur actualis\u00e9e et plus intuitive pour une plus grande simplicit\u00e9 d\u2019utilisation et de navigation<\/span><\/li>\n<li style=\"font-weight: 300\"><span style=\"font-weight: 300\">Une int\u00e9gration fluide pour synchroniser le contenu entre les deux plateformes<\/span><\/li>\n<li style=\"font-weight: 300\"><span style=\"font-weight: 300\">Une gestion unifi\u00e9e des utilisateurs et des abonnements<\/span><\/li>\n<\/ul>\n\t\t\t\t\t<\/div>\n\t\t\t\t<\/div>\n\t\t\t<\/div><!-- .accordion__tab-->\n\n\t\t\t\t\t\t\t\t\t<div class=\"accordion__tab\">\n\t\t\t\t<button class=\"heading toggle\" id=\"accordion_7\" aria-expanded=\"false\" aria-controls=\"accordion_section_7\">\n\t\t\t\t\t\t\t\t\t\t<div class=\"title\"><h3>Quelles autres nouvelles fonctionnalit\u00e9s seront propos\u00e9es dans les prochaines versions\u00a0?<\/h3><\/div>\n\t\t\t\t\t<span class=\"icon\">\n\t\t\t\t\t\t<svg width=\"22\" height=\"13\" viewBox=\"0 0 22 13\" fill=\"none\" xmlns=\"http:\/\/www.w3.org\/2000\/svg\"><path d=\"M20.113 1.5 11 10.613 1.887 1.5\" stroke=\"#1080FC\" stroke-width=\"2\" stroke-linecap=\"round\"\/><\/svg>\n<\/span>\n\t\t\t\t<\/button>\n\t\t\t\t<div id=\"accordion_section_7\" class=\"content\" role=\"region\" aria-labelledby=\"accordion_7\">\n\t\t\t\t\t<div class=\"text wysiwyg \">\n\t\t\t\t\t\t<ul>\n<li style=\"font-weight: 300\"><span style=\"font-weight: 300\">Nouvelles fonctionnalit\u00e9s de traduction automatique et d\u2019intelligence artificielle<\/span><\/li>\n<li style=\"font-weight: 300\"><span style=\"font-weight: 300\">Int\u00e9grations et connecteurs suppl\u00e9mentaires pour favoriser l\u2019interactivit\u00e9 et la collaboration<\/span><\/li>\n<\/ul>\n\t\t\t\t\t<\/div>\n\t\t\t\t<\/div>\n\t\t\t<\/div><!-- .accordion__tab-->\n\n\t\t\t\t\t\t\t\t\t<div class=\"accordion__tab\">\n\t\t\t\t<button class=\"heading toggle\" id=\"accordion_8\" aria-expanded=\"false\" aria-controls=\"accordion_section_8\">\n\t\t\t\t\t\t\t\t\t\t<div class=\"title\"><h3>La solution Phrase Localization Platform sera-t-elle disponible pour les centres de donn\u00e9es am\u00e9ricains et europ\u00e9ens\u00a0?<\/h3><\/div>\n\t\t\t\t\t<span class=\"icon\">\n\t\t\t\t\t\t<svg width=\"22\" height=\"13\" viewBox=\"0 0 22 13\" fill=\"none\" xmlns=\"http:\/\/www.w3.org\/2000\/svg\"><path d=\"M20.113 1.5 11 10.613 1.887 1.5\" stroke=\"#1080FC\" stroke-width=\"2\" stroke-linecap=\"round\"\/><\/svg>\n<\/span>\n\t\t\t\t<\/button>\n\t\t\t\t<div id=\"accordion_section_8\" class=\"content\" role=\"region\" aria-labelledby=\"accordion_8\">\n\t\t\t\t\t<div class=\"text wysiwyg \">\n\t\t\t\t\t\t<p><span style=\"font-weight: 300\">Oui, Phrase Localization Platform sera disponible pour les centres de donn\u00e9es aux \u00c9tats-Unis et dans l\u2019UE. Nos clients pourront choisir le centre de donn\u00e9es de leur choix lors de leur inscription. Certaines limites s\u2019appliquent actuellement. Cliquez <\/span><a href=\"https:\/\/support.phrase.com\/hc\/en-us\/articles\/5748008399388-Data-Centers\"><span style=\"font-weight: 300\">ici<\/span><\/a><span style=\"font-weight: 300\"> pour en savoir plus.<\/span><\/p>\n\t\t\t\t\t<\/div>\n\t\t\t\t<\/div>\n\t\t\t<\/div><!-- .accordion__tab-->\n\n\t\t\t\t\t\t\t\t\t<div class=\"accordion__tab\">\n\t\t\t\t<button class=\"heading toggle\" id=\"accordion_9\" aria-expanded=\"false\" aria-controls=\"accordion_section_9\">\n\t\t\t\t\t\t\t\t\t\t<div class=\"title\"><h3>Quel impact cela aura-t-il sur les API existantes\u00a0?<\/h3><\/div>\n\t\t\t\t\t<span class=\"icon\">\n\t\t\t\t\t\t<svg width=\"22\" height=\"13\" viewBox=\"0 0 22 13\" fill=\"none\" xmlns=\"http:\/\/www.w3.org\/2000\/svg\"><path d=\"M20.113 1.5 11 10.613 1.887 1.5\" stroke=\"#1080FC\" stroke-width=\"2\" stroke-linecap=\"round\"\/><\/svg>\n<\/span>\n\t\t\t\t<\/button>\n\t\t\t\t<div id=\"accordion_section_9\" class=\"content\" role=\"region\" aria-labelledby=\"accordion_9\">\n\t\t\t\t\t<div class=\"text wysiwyg \">\n\t\t\t\t\t\t<p><span style=\"font-weight: 300\">Il n\u2019y aura aucun impact sur toutes les API existantes. Toutes les int\u00e9grations clients ou tierces avec Phrase\u00a0TMS et Phrase\u00a0Strings continueront de fonctionner sans aucune modification.<\/span><\/p>\n\t\t\t\t\t<\/div>\n\t\t\t\t<\/div>\n\t\t\t<\/div><!-- .accordion__tab-->\n\n\t\t\t\t\t\t\t\t\t<div class=\"accordion__tab\">\n\t\t\t\t<button class=\"heading toggle\" id=\"accordion_10\" aria-expanded=\"false\" aria-controls=\"accordion_section_10\">\n\t\t\t\t\t\t\t\t\t\t<div class=\"title\"><h3>Y aura-t-il un changement d\u2019entit\u00e9 juridique\u00a0?<\/h3><\/div>\n\t\t\t\t\t<span class=\"icon\">\n\t\t\t\t\t\t<svg width=\"22\" height=\"13\" viewBox=\"0 0 22 13\" fill=\"none\" xmlns=\"http:\/\/www.w3.org\/2000\/svg\"><path d=\"M20.113 1.5 11 10.613 1.887 1.5\" stroke=\"#1080FC\" stroke-width=\"2\" stroke-linecap=\"round\"\/><\/svg>\n<\/span>\n\t\t\t\t<\/button>\n\t\t\t\t<div id=\"accordion_section_10\" class=\"content\" role=\"region\" aria-labelledby=\"accordion_10\">\n\t\t\t\t\t<div class=\"text wysiwyg \">\n\t\t\t\t\t\t<p><span style=\"font-weight: 300\">L\u2019entit\u00e9 juridique qui fournit le produit Phrase\u00a0Strings ou Phrase\u00a0TMS n\u2019a pas chang\u00e9. Le seul changement concerne le nom de nos entit\u00e9s puisque notre entit\u00e9 tch\u00e8que devient Phrase a.s. et notre entit\u00e9 allemande, Phrase GmbH. Toutes les autres informations commerciales restent les m\u00eames, y compris le num\u00e9ro d\u2019identification de l\u2019entreprise et le compte bancaire. \u00c0 cet \u00e9gard, nous mettons \u00e0 jour nos conditions d\u2019utilisation et tous les clients sont inform\u00e9s des modifications s\u00e9par\u00e9ment. <\/span><\/p>\n\t\t\t\t\t<\/div>\n\t\t\t\t<\/div>\n\t\t\t<\/div><!-- .accordion__tab-->\n\n\t\t\t\t\t<\/div><!-- .accordion-->\n\t<\/div><!-- .container-->\n<\/div>\n\n","protected":false},"excerpt":{"rendered":"","protected":false},"author":4,"featured_media":0,"parent":0,"menu_order":0,"comment_status":"closed","ping_status":"closed","template":"","meta":{"_acf_changed":false,"_stopmodifiedupdate":false,"_modified_date":"","_searchwp_excluded":"","episode_type":"","audio_file":"","podmotor_file_id":"","podmotor_episode_id":"","cover_image":"","cover_image_id":"","duration":"","filesize":"","filesize_raw":"","date_recorded":"","explicit":"","block":"","itunes_episode_number":"","itunes_title":"","itunes_season_number":"","itunes_episode_type":"","footnotes":""},"class_list":["post-30889","page","type-page","status-publish","hentry"],"acf":[],"_links":{"self":[{"href":"https:\/\/phrase.com\/fr\/wp-json\/wp\/v2\/pages\/30889","targetHints":{"allow":["GET"]}}],"collection":[{"href":"https:\/\/phrase.com\/fr\/wp-json\/wp\/v2\/pages"}],"about":[{"href":"https:\/\/phrase.com\/fr\/wp-json\/wp\/v2\/types\/page"}],"author":[{"embeddable":true,"href":"https:\/\/phrase.com\/fr\/wp-json\/wp\/v2\/users\/4"}],"replies":[{"embeddable":true,"href":"https:\/\/phrase.com\/fr\/wp-json\/wp\/v2\/comments?post=30889"}],"version-history":[{"count":33,"href":"https:\/\/phrase.com\/fr\/wp-json\/wp\/v2\/pages\/30889\/revisions"}],"predecessor-version":[{"id":120240,"href":"https:\/\/phrase.com\/fr\/wp-json\/wp\/v2\/pages\/30889\/revisions\/120240"}],"wp:attachment":[{"href":"https:\/\/phrase.com\/fr\/wp-json\/wp\/v2\/media?parent=30889"}],"curies":[{"name":"wp","href":"https:\/\/api.w.org\/{rel}","templated":true}]}}