{"id":32156,"date":"2022-08-06T15:31:40","date_gmt":"2022-08-06T13:31:40","guid":{"rendered":"https:\/\/phrase.com\/integrations-3\/"},"modified":"2026-05-04T20:43:41","modified_gmt":"2026-05-04T18:43:41","slug":"integrations","status":"publish","type":"page","link":"https:\/\/phrase.com\/fr\/integrations\/","title":{"rendered":"Int\u00e9grations"},"content":{"rendered":"\n<div class=\"wp-block-group alignwide is-style-header-hero has-white-color has-white-background-color has-text-color has-background has-link-color has-background-images wp-elements-2d191a81d0dbf0df656e1c2f3bdbbb4b is-layout-flow wp-block-group-is-layout-flow\" style=\"padding-top:var(--wp--preset--spacing--110);padding-bottom:var(--wp--preset--spacing--110);background-image:url(https:\/\/phrase.com\/wp-content\/uploads\/2025\/07\/phrase-header-red.jpg.webp);background-position:0% 100%;background-attachment:scroll;background-repeat:no-repeat;background-size:cover\">\n<div class=\"wp-block-group has-global-padding is-content-justification-left is-layout-constrained wp-container-core-group-is-layout-b0ba78b1 wp-block-group-is-layout-constrained\"><div class=\"yoast-breadcrumbs\"><span><span><a href=\"https:\/\/phrase.com\/fr\/\">Home<\/a><\/span> | <span class=\"breadcrumb_last\" aria-current=\"page\">Int\u00e9grations<\/span><\/span><\/div>\n\n\n<h2 class=\"wp-block-heading has-text-align-left has-gigantic-font-size\" id=\"h-join-the-phrase-ecosystem-and-connect-to-your-favorite-tools\" style=\"font-style:normal;font-weight:400\">Rejoignez l\u2019\u00e9cosyst\u00e8me Phrase et connectez-vous \u00e0 vos outils pr\u00e9f\u00e9r\u00e9s<\/h2>\n\n\n\n<div class=\"wp-block-buttons is-content-justification-left is-layout-flex wp-container-core-buttons-is-layout-fc4fd283 wp-block-buttons-is-layout-flex\">\n<div class=\"wp-block-button is-style-red-filled\"><a class=\"wp-block-button__link wp-element-button\" href=\"https:\/\/phrase.com\/fr\/demo\/\" target=\"_blank\" rel=\"noreferrer noopener\">Demandez une d\u00e9mo<\/a><\/div>\n<\/div>\n<\/div>\n<\/div>\n\n\n\n<div class=\"wp-block-group alignwide has-black-color has-light-grey-background-color has-text-color has-background has-link-color has-background-images wp-elements-bbe4a3c7a44c461cdff846c531542293 has-global-padding is-layout-constrained wp-block-group-is-layout-constrained\" style=\"margin-top:var(--wp--preset--spacing--10);margin-bottom:var(--wp--preset--spacing--10);background-image:url(https:\/\/phrase.com\/wp-content\/uploads\/2024\/03\/svgexport-1-14.svg),url(https:\/\/phrase.com\/wp-content\/uploads\/2024\/03\/svgexport-1-15.svg);background-position:100% 100%,-4% 190%;background-attachment:scroll,scroll;background-repeat:no-repeat,no-repeat;background-size:auto,auto\">\n<div class=\"wp-block-group alignwide is-layout-flow wp-block-group-is-layout-flow\">\n<p class=\"has-large-font-size\">Tirez parti de notre vaste r\u00e9seau de partenaires, compos\u00e9 de fournisseurs <br>de technologies et de services de premier plan, afin d\u2019optimiser vos <br>op\u00e9rations commerciales et d\u2019exploiter toute la puissance de Phrase. Exploitez l\u2019une de nos nombreuses int\u00e9grations d\u00e8s aujourd\u2019hui.<\/p>\n<\/div>\n<\/div>\n\n\n\n<div data-wp-context=\"{}\" data-wp-interactive=\"core\/query\" data-wp-key=\"1\" data-wp-router-region=\"query-1\" class=\"wp-block-query alignwide is-layout-flow wp-block-query-is-layout-flow\">\n<div class=\"wp-block-columns is-layout-flex wp-container-core-columns-is-layout-19b4936f wp-block-columns-is-layout-flex\">\n<div class=\"wp-block-column is-layout-flow wp-container-core-column-is-layout-0f64ed6a wp-block-column-is-layout-flow\" style=\"flex-basis:25%\"><div class=\"wp-block-phrase-com-query-search\">\n\t<form data-wp-interactive=\"phrase\/query-search\" id=\"searchform-1\" data-wp-context='{\"value\":\"\"}' data-wp-on--submit=\"actions.search\">\n\t\t<button type=\"submit\" class=\"wp-block-phrase-com-query-search__submit\">\n\t\t\t<span class=\"screen-reader-text\">Search<\/span>\n\t\t\t<svg xmlns=\"http:\/\/www.w3.org\/2000\/svg\" width=\"15\" height=\"15\" fill=\"none\" viewBox=\"0 0 15 15\"><path fill=\"currentColor\" d=\"m13.833 15-5.25-5.25a5.08 5.08 0 0 1-3.167 1.083c-1.513 0-2.794-.524-3.843-1.573C.524 8.212 0 6.93 0 5.417c0-1.514.524-2.795 1.573-3.844S3.903 0 5.417 0C6.93 0 8.212.524 9.26 1.573c1.049 1.049 1.573 2.33 1.573 3.844A5.08 5.08 0 0 1 9.75 8.583l5.25 5.25L13.833 15ZM5.417 9.167c1.041 0 1.927-.365 2.656-1.094.73-.73 1.094-1.615 1.094-2.656 0-1.042-.365-1.927-1.094-2.657-.73-.729-1.615-1.093-2.656-1.093-1.042 0-1.927.364-2.657 1.093-.729.73-1.093 1.615-1.093 2.657 0 1.041.364 1.927 1.093 2.656.73.73 1.615 1.094 2.657 1.094Z\"\/><\/svg>\n\t\t<\/button>\n\t\t<label for=\"searchform-1-input\" class=\"screen-reader-text\">\n\t\t\tSearch:\t\t<\/label>\n\t\t<input value=\"\"\n\t\t\ttype=\"search\"\n\t\t\tinputmode=\"search\"\n\t\t\tname=\"query-1-s\"\n\t\t\tid=\"searchform-1-input\"\n\t\t\tplaceholder=\"Type to search\u2026\"\n\t\t\tclass=\"wp-block-phrase-com-query-search__input\"\n\t\t\tdata-wp-bind--value=\"context.value\"\n\t\t\tdata-wp-on--input=\"actions.updateValue\"\n\t\t\tdata-wp-on--keyup=\"actions.autoSearch\"\n\t\t\/>\n\t\t<button hidden type=\"button\" class=\"wp-block-phrase-com-query-search__reset\" data-wp-on--click=\"actions.reset\" data-wp-bind--hidden=\"!context.value\">\n\t\t\t<span class=\"screen-reader-text\">Reset<\/span>\n\t\t\t<svg aria-hidden=\"true\" xmlns=\"http:\/\/www.w3.org\/2000\/svg\" width=\"24\" height=\"24\" fill=\"none\" viewBox=\"0 0 24 24\"><path stroke=\"currentColor\" stroke-linecap=\"round\" stroke-linejoin=\"round\" stroke-width=\"2\" d=\"M18 6 6 18M6 6l12 12\"\/><\/svg>\n\t\t<\/button>\n\t<\/form>\n<\/div>\n\n\n\n<div class=\"wp-block-group has-global-padding is-layout-constrained wp-block-group-is-layout-constrained\">\n<h4 class=\"wp-block-heading\" id=\"h-product\">Produit<\/h4>\n\n\n<ul class=\"is-style-vertical wp-block-phrase-com-query-terms-filter\" data-wp-interactive=\"phrase\/query-terms-filter\">\n\t\t\t<li class=\"phrase-query-terms-filter__all\">\n\t\t\t<a\n\t\t\t\thref=\"https:\/\/phrase.com\/fr\/wp-json\/wp\/v2\/pages\/32156\"\n\t\t\t\trel=\"nofollow\"\n\t\t\t\trole=\"menuitemcheckbox\"\n\t\t\t\taria-checked=\"true\"\n\t\t\t\tdata-wp-on--click=\"actions.navigate\"\n\t\t\t\tdata-wp-on-async--mouseenter=\"actions.prefetch\"\n\t\t\t>\n\t\t\t\tAll\t\t\t<\/a>\n\t\t<\/li>\n\t\t\t<li class=\"phrase-query-terms-filter__item\">\n\t\t\t<a\n\t\t\t\thref=\"https:\/\/phrase.com\/fr\/wp-json\/wp\/v2\/pages\/32156?query-1-integration-tag%5B91%5D%5B0%5D=phrase-strings-fr\"\n\t\t\t\trel=\"nofollow\"\n\t\t\t\trole=\"menuitemcheckbox\"\n\t\t\t\taria-checked=\"false\"\n\t\t\t\tdata-wp-on--click=\"actions.navigate\"\n\t\t\t\tdata-wp-on-async--mouseenter=\"actions.prefetch\"\n\t\t\t>\n\t\t\t\tPhrase\u00a0Strings\t\t\t<\/a>\n\t\t<\/li>\n\t\t\t<li class=\"phrase-query-terms-filter__item\">\n\t\t\t<a\n\t\t\t\thref=\"https:\/\/phrase.com\/fr\/wp-json\/wp\/v2\/pages\/32156?query-1-integration-tag%5B91%5D%5B0%5D=phrase-tms-fr\"\n\t\t\t\trel=\"nofollow\"\n\t\t\t\trole=\"menuitemcheckbox\"\n\t\t\t\taria-checked=\"false\"\n\t\t\t\tdata-wp-on--click=\"actions.navigate\"\n\t\t\t\tdata-wp-on-async--mouseenter=\"actions.prefetch\"\n\t\t\t>\n\t\t\t\tPhrase\u00a0TMS\t\t\t<\/a>\n\t\t<\/li>\n\t<\/ul>\n<\/div>\n\n\n\n<div class=\"wp-block-group has-global-padding is-layout-constrained wp-block-group-is-layout-constrained\">\n<h4 class=\"wp-block-heading\" id=\"h-integrations\">Int\u00e9grations<\/h4>\n\n\n<ul class=\"is-style-vertical wp-block-phrase-com-query-terms-filter\" data-wp-interactive=\"phrase\/query-terms-filter\">\n\t\t\t<li class=\"phrase-query-terms-filter__all\">\n\t\t\t<a\n\t\t\t\thref=\"https:\/\/phrase.com\/fr\/wp-json\/wp\/v2\/pages\/32156\"\n\t\t\t\trel=\"nofollow\"\n\t\t\t\trole=\"menuitemcheckbox\"\n\t\t\t\taria-checked=\"true\"\n\t\t\t\tdata-wp-on--click=\"actions.navigate\"\n\t\t\t\tdata-wp-on-async--mouseenter=\"actions.prefetch\"\n\t\t\t>\n\t\t\t\tAll\t\t\t<\/a>\n\t\t<\/li>\n\t\t\t<li class=\"phrase-query-terms-filter__item\">\n\t\t\t<a\n\t\t\t\thref=\"https:\/\/phrase.com\/fr\/wp-json\/wp\/v2\/pages\/32156?query-1-integration-tag%5B95%5D%5B0%5D=gestion-de-la-terminologie-fr\"\n\t\t\t\trel=\"nofollow\"\n\t\t\t\trole=\"menuitemcheckbox\"\n\t\t\t\taria-checked=\"false\"\n\t\t\t\tdata-wp-on--click=\"actions.navigate\"\n\t\t\t\tdata-wp-on-async--mouseenter=\"actions.prefetch\"\n\t\t\t>\n\t\t\t\tGestion de la terminologie\t\t\t<\/a>\n\t\t<\/li>\n\t\t\t<li class=\"phrase-query-terms-filter__item\">\n\t\t\t<a\n\t\t\t\thref=\"https:\/\/phrase.com\/fr\/wp-json\/wp\/v2\/pages\/32156?query-1-integration-tag%5B95%5D%5B0%5D=referentiel-de-code-fr\"\n\t\t\t\trel=\"nofollow\"\n\t\t\t\trole=\"menuitemcheckbox\"\n\t\t\t\taria-checked=\"false\"\n\t\t\t\tdata-wp-on--click=\"actions.navigate\"\n\t\t\t\tdata-wp-on-async--mouseenter=\"actions.prefetch\"\n\t\t\t>\n\t\t\t\tR\u00e9f\u00e9rentiel de code\t\t\t<\/a>\n\t\t<\/li>\n\t\t\t<li class=\"phrase-query-terms-filter__item\">\n\t\t\t<a\n\t\t\t\thref=\"https:\/\/phrase.com\/fr\/wp-json\/wp\/v2\/pages\/32156?query-1-integration-tag%5B95%5D%5B0%5D=gestion-de-contenu-fr\"\n\t\t\t\trel=\"nofollow\"\n\t\t\t\trole=\"menuitemcheckbox\"\n\t\t\t\taria-checked=\"false\"\n\t\t\t\tdata-wp-on--click=\"actions.navigate\"\n\t\t\t\tdata-wp-on-async--mouseenter=\"actions.prefetch\"\n\t\t\t>\n\t\t\t\tGestion de contenu\t\t\t<\/a>\n\t\t<\/li>\n\t\t\t<li class=\"phrase-query-terms-filter__item\">\n\t\t\t<a\n\t\t\t\thref=\"https:\/\/phrase.com\/fr\/wp-json\/wp\/v2\/pages\/32156?query-1-integration-tag%5B95%5D%5B0%5D=assistance-client-fr\"\n\t\t\t\trel=\"nofollow\"\n\t\t\t\trole=\"menuitemcheckbox\"\n\t\t\t\taria-checked=\"false\"\n\t\t\t\tdata-wp-on--click=\"actions.navigate\"\n\t\t\t\tdata-wp-on-async--mouseenter=\"actions.prefetch\"\n\t\t\t>\n\t\t\t\tAssistance client\t\t\t<\/a>\n\t\t<\/li>\n\t\t\t<li class=\"phrase-query-terms-filter__item\">\n\t\t\t<a\n\t\t\t\thref=\"https:\/\/phrase.com\/fr\/wp-json\/wp\/v2\/pages\/32156?query-1-integration-tag%5B95%5D%5B0%5D=outils-de-conception-fr\"\n\t\t\t\trel=\"nofollow\"\n\t\t\t\trole=\"menuitemcheckbox\"\n\t\t\t\taria-checked=\"false\"\n\t\t\t\tdata-wp-on--click=\"actions.navigate\"\n\t\t\t\tdata-wp-on-async--mouseenter=\"actions.prefetch\"\n\t\t\t>\n\t\t\t\tOutils de conception\t\t\t<\/a>\n\t\t<\/li>\n\t\t\t<li class=\"phrase-query-terms-filter__item\">\n\t\t\t<a\n\t\t\t\thref=\"https:\/\/phrase.com\/fr\/wp-json\/wp\/v2\/pages\/32156?query-1-integration-tag%5B95%5D%5B0%5D=outils-de-developpement-fr\"\n\t\t\t\trel=\"nofollow\"\n\t\t\t\trole=\"menuitemcheckbox\"\n\t\t\t\taria-checked=\"false\"\n\t\t\t\tdata-wp-on--click=\"actions.navigate\"\n\t\t\t\tdata-wp-on-async--mouseenter=\"actions.prefetch\"\n\t\t\t>\n\t\t\t\tOutils de d\u00e9veloppement\t\t\t<\/a>\n\t\t<\/li>\n\t\t\t<li class=\"phrase-query-terms-filter__item\">\n\t\t\t<a\n\t\t\t\thref=\"https:\/\/phrase.com\/fr\/wp-json\/wp\/v2\/pages\/32156?query-1-integration-tag%5B95%5D%5B0%5D=automatisation-marketing-fr\"\n\t\t\t\trel=\"nofollow\"\n\t\t\t\trole=\"menuitemcheckbox\"\n\t\t\t\taria-checked=\"false\"\n\t\t\t\tdata-wp-on--click=\"actions.navigate\"\n\t\t\t\tdata-wp-on-async--mouseenter=\"actions.prefetch\"\n\t\t\t>\n\t\t\t\tAutomatisation marketing\t\t\t<\/a>\n\t\t<\/li>\n\t\t\t<li class=\"phrase-query-terms-filter__item\">\n\t\t\t<a\n\t\t\t\thref=\"https:\/\/phrase.com\/fr\/wp-json\/wp\/v2\/pages\/32156?query-1-integration-tag%5B95%5D%5B0%5D=gestion-de-projet-fr\"\n\t\t\t\trel=\"nofollow\"\n\t\t\t\trole=\"menuitemcheckbox\"\n\t\t\t\taria-checked=\"false\"\n\t\t\t\tdata-wp-on--click=\"actions.navigate\"\n\t\t\t\tdata-wp-on-async--mouseenter=\"actions.prefetch\"\n\t\t\t>\n\t\t\t\tGestion de projet\t\t\t<\/a>\n\t\t<\/li>\n\t\t\t<li class=\"phrase-query-terms-filter__item\">\n\t\t\t<a\n\t\t\t\thref=\"https:\/\/phrase.com\/fr\/wp-json\/wp\/v2\/pages\/32156?query-1-integration-tag%5B95%5D%5B0%5D=stockage-fr\"\n\t\t\t\trel=\"nofollow\"\n\t\t\t\trole=\"menuitemcheckbox\"\n\t\t\t\taria-checked=\"false\"\n\t\t\t\tdata-wp-on--click=\"actions.navigate\"\n\t\t\t\tdata-wp-on-async--mouseenter=\"actions.prefetch\"\n\t\t\t>\n\t\t\t\tStockage\t\t\t<\/a>\n\t\t<\/li>\n\t\t\t<li class=\"phrase-query-terms-filter__item\">\n\t\t\t<a\n\t\t\t\thref=\"https:\/\/phrase.com\/fr\/wp-json\/wp\/v2\/pages\/32156?query-1-integration-tag%5B95%5D%5B0%5D=sous-titrage-fr\"\n\t\t\t\trel=\"nofollow\"\n\t\t\t\trole=\"menuitemcheckbox\"\n\t\t\t\taria-checked=\"false\"\n\t\t\t\tdata-wp-on--click=\"actions.navigate\"\n\t\t\t\tdata-wp-on-async--mouseenter=\"actions.prefetch\"\n\t\t\t>\n\t\t\t\tSous-titrage\t\t\t<\/a>\n\t\t<\/li>\n\t\t\t<li class=\"phrase-query-terms-filter__item\">\n\t\t\t<a\n\t\t\t\thref=\"https:\/\/phrase.com\/fr\/wp-json\/wp\/v2\/pages\/32156?query-1-integration-tag%5B95%5D%5B0%5D=concues-par-un-tiers-fr\"\n\t\t\t\trel=\"nofollow\"\n\t\t\t\trole=\"menuitemcheckbox\"\n\t\t\t\taria-checked=\"false\"\n\t\t\t\tdata-wp-on--click=\"actions.navigate\"\n\t\t\t\tdata-wp-on-async--mouseenter=\"actions.prefetch\"\n\t\t\t>\n\t\t\t\tCon\u00e7ues par un tiers\t\t\t<\/a>\n\t\t<\/li>\n\t<\/ul>\n<\/div>\n\n\n\n<div class=\"wp-block-group has-global-padding is-layout-constrained wp-block-group-is-layout-constrained\">\n<h4 class=\"wp-block-heading\" id=\"h-partners\">Partenaires<\/h4>\n\n\n<\/div>\n<\/div>\n\n\n\n<div class=\"wp-block-column is-layout-flow wp-block-column-is-layout-flow\" style=\"flex-basis:75%\"><ul class=\"columns-3 wp-block-post-template is-layout-grid wp-container-core-post-template-is-layout-6d3fbd8f wp-block-post-template-is-layout-grid\"><li data-wp-key=\"post-template-item-96418\" class=\"wp-block-post post-96418 integration type-integration status-publish hentry\">\n\n<div class=\"wp-block-group wp-block-post__content is-layout-flow wp-block-group-is-layout-flow\"><a href=\"https:\/\/phrase.com\/fr\/partners\/aws\/\">\n<figure class=\"wp-block-image is-resized is-style-not-rounded\" style=\"margin-bottom:var(--wp--preset--spacing--32)\"><img decoding=\"async\" src=\"https:\/\/phrase.com\/wp-content\/uploads\/2022\/09\/AWS_logo.png\" alt=\"\" style=\"object-fit:contain;width:72px;height:72px\" \/><\/figure>\n<\/a>\n\n<h3 class=\"wp-block-post-title\">AWS<\/h3>\n\n\n<p style=\"margin-top:0\">Rationalisez vos achats, maximisez vos investissements dans le cloud et acc\u00e9l\u00e9rez votre croissance mondiale en achetant Phrase via la marketplace AWS.<\/p>\n\n\n<div class=\"wp-block-post-excerpt\"><p class=\"wp-block-post-excerpt__excerpt\"><\/p><p class=\"wp-block-post-excerpt__more-text\"><a class=\"wp-block-post-excerpt__more-link\" href=\"https:\/\/phrase.com\/fr\/partners\/aws\/\">En savoir plus sur AWS<\/a><\/p><\/div><\/div>\n\n<\/li><li data-wp-key=\"post-template-item-28321\" class=\"wp-block-post post-28321 integration type-integration status-publish hentry\">\n\n<div class=\"wp-block-group wp-block-post__content is-layout-flow wp-block-group-is-layout-flow\"><a href=\"https:\/\/phrase.com\/fr\/integrations\/figma\/\">\n<figure class=\"wp-block-image is-resized is-style-not-rounded\" style=\"margin-bottom:var(--wp--preset--spacing--32)\"><img decoding=\"async\" src=\"https:\/\/phrase.com\/wp-content\/uploads\/2025\/04\/Figma_integration-1.svg\" alt=\"\" style=\"object-fit:contain;width:72px;height:72px\" \/><\/figure>\n<\/a>\n\n<h3 class=\"wp-block-post-title\">Figma<\/h3>\n\n\n<p style=\"margin-top:0\">Envoyez des travaux \u00e0 Phrase directement depuis l\u2019environnement Figma et r\u00e9cup\u00e9rez facilement les traductions termin\u00e9es.<\/p>\n\n\n<div class=\"wp-block-post-excerpt\"><p class=\"wp-block-post-excerpt__excerpt\"><\/p><p class=\"wp-block-post-excerpt__more-text\"><a class=\"wp-block-post-excerpt__more-link\" href=\"https:\/\/phrase.com\/fr\/integrations\/figma\/\">D\u00e9couvrez l\u2019int\u00e9gration de Figma<\/a><\/p><\/div><\/div>\n\n<\/li><li data-wp-key=\"post-template-item-28307\" class=\"wp-block-post post-28307 integration type-integration status-publish hentry\">\n\n<div class=\"wp-block-group wp-block-post__content is-layout-flow wp-block-group-is-layout-flow\"><a href=\"https:\/\/phrase.com\/fr\/integrations\/google-drive\/\">\n<figure class=\"wp-block-image is-resized is-style-not-rounded\" style=\"margin-bottom:var(--wp--preset--spacing--32)\"><img decoding=\"async\" src=\"https:\/\/phrase.com\/wp-content\/uploads\/2022\/09\/Google_drive_logo.svg\" alt=\"\" style=\"object-fit:contain;width:72px;height:72px\" \/><\/figure>\n<\/a>\n\n<h3 class=\"wp-block-post-title\">Google\u00a0Drive<\/h3>\n\n\n<p style=\"margin-top:0\">Automatisez vos flux de travaux avec une int\u00e9gration qui r\u00e9cup\u00e8re automatiquement les nouveaux documents ou les nouvelles vid\u00e9os dans Phrase pour la traduction, le sous-titrage ou le doublage, puis exporte les fichiers termin\u00e9s vers Google Drive.<\/p>\n\n\n<div class=\"wp-block-post-excerpt\"><p class=\"wp-block-post-excerpt__excerpt\"><\/p><p class=\"wp-block-post-excerpt__more-text\"><a class=\"wp-block-post-excerpt__more-link\" href=\"https:\/\/phrase.com\/fr\/integrations\/google-drive\/\">En savoir plus sur l&rsquo;int\u00e9gration pour Google&nbsp;Drive<\/a><\/p><\/div><\/div>\n\n<\/li><li data-wp-key=\"post-template-item-28314\" class=\"wp-block-post post-28314 integration type-integration status-publish hentry\">\n\n<div class=\"wp-block-group wp-block-post__content is-layout-flow wp-block-group-is-layout-flow\"><a href=\"https:\/\/phrase.com\/fr\/integrations\/github\/\">\n<figure class=\"wp-block-image is-resized is-style-not-rounded\" style=\"margin-bottom:var(--wp--preset--spacing--32)\"><img decoding=\"async\" src=\"https:\/\/phrase.com\/wp-content\/uploads\/2025\/03\/Github_integration-1.svg\" alt=\"\" style=\"object-fit:contain;width:72px;height:72px\" \/><\/figure>\n<\/a>\n\n<h3 class=\"wp-block-post-title\">GitHub<\/h3>\n\n\n<p style=\"margin-top:0\">B\u00e9n\u00e9ficiez d\u2019une fiabilit\u00e9 et de performances \u00e9lev\u00e9es en envoyant automatiquement les branches et les r\u00e9f\u00e9rentiels \u00e0 Phrase pour qu\u2019ils soient traduits.<\/p>\n\n\n<div class=\"wp-block-post-excerpt\"><p class=\"wp-block-post-excerpt__excerpt\"><\/p><p class=\"wp-block-post-excerpt__more-text\"><a class=\"wp-block-post-excerpt__more-link\" href=\"https:\/\/phrase.com\/fr\/integrations\/github\/\">D\u00e9couvrez l\u2019int\u00e9gration de GitHub<\/a><\/p><\/div><\/div>\n\n<\/li><li data-wp-key=\"post-template-item-28416\" class=\"wp-block-post post-28416 integration type-integration status-publish hentry\">\n\n<div class=\"wp-block-group wp-block-post__content is-layout-flow wp-block-group-is-layout-flow\"><a href=\"https:\/\/phrase.com\/fr\/integrations\/wordpress-translation-plugin\/\">\n<figure class=\"wp-block-image is-resized is-style-not-rounded\" style=\"margin-bottom:var(--wp--preset--spacing--32)\"><img decoding=\"async\" src=\"https:\/\/phrase.com\/wp-content\/uploads\/2025\/02\/wordpress_integration.svg\" alt=\"\" style=\"object-fit:contain;width:72px;height:72px\" \/><\/figure>\n<\/a>\n\n<h3 class=\"wp-block-post-title\">WordPress<\/h3>\n\n\n<p style=\"margin-top:0\">Atteignez un public plus large en traduisant de mani\u00e8re transparente vos posts, pages, cat\u00e9gories, balises et types personnalis\u00e9s de posts avec Phrase.<\/p>\n\n\n<div class=\"wp-block-post-excerpt\"><p class=\"wp-block-post-excerpt__excerpt\"><\/p><p class=\"wp-block-post-excerpt__more-text\"><a class=\"wp-block-post-excerpt__more-link\" href=\"https:\/\/phrase.com\/fr\/integrations\/wordpress-translation-plugin\/\">D\u00e9couvrez l\u2019int\u00e9gration WordPress<\/a><\/p><\/div><\/div>\n\n<\/li><li data-wp-key=\"post-template-item-125511\" class=\"wp-block-post post-125511 integration type-integration status-publish hentry\">\n\n<div class=\"wp-block-group wp-block-post__content is-layout-flow wp-block-group-is-layout-flow\"><a href=\"https:\/\/phrase.com\/fr\/integrations\/figma\/#figma-buzz\">\n<figure class=\"wp-block-image is-resized is-style-not-rounded\" style=\"margin-bottom:var(--wp--preset--spacing--32)\"><img decoding=\"async\" src=\"https:\/\/phrase.com\/wp-content\/uploads\/2025\/10\/Figma-Buzz_On-light-copy.svg\" alt=\"\" style=\"object-fit:contain;width:72px;height:72px\" \/><\/figure>\n<\/a>\n\n<h3 class=\"wp-block-post-title\">Figma Buzz<\/h3>\n\n\n<p style=\"margin-top:0\">Cr\u00e9ez et localisez des publications sociales, des annonces, des synth\u00e8ses d&rsquo;une page et plus encore directement dans Figma Buzz. G\u00e9n\u00e9rez un contenu clair, conforme \u00e0 la marque et pr\u00eat \u00e0 \u00eatre publi\u00e9 sur n&rsquo;importe quel march\u00e9.<\/p>\n\n\n<div class=\"wp-block-post-excerpt\"><p class=\"wp-block-post-excerpt__excerpt\"><\/p><p class=\"wp-block-post-excerpt__more-text\"><a class=\"wp-block-post-excerpt__more-link\" href=\"https:\/\/phrase.com\/fr\/integrations\/figma\/#figma-buzz\">En savoir plus sur Figma Buzz<\/a><\/p><\/div><\/div>\n\n<\/li><li data-wp-key=\"post-template-item-132282\" class=\"wp-block-post post-132282 integration type-integration status-publish hentry\">\n\n<div class=\"wp-block-group wp-block-post__content is-layout-flow wp-block-group-is-layout-flow\"><a href=\"https:\/\/phrase.com\/fr\/integrations\/salesforce\/#cloud\">\n<figure class=\"wp-block-image is-resized is-style-not-rounded\" style=\"margin-bottom:var(--wp--preset--spacing--32)\"><img decoding=\"async\" src=\"https:\/\/phrase.com\/wp-content\/uploads\/2022\/09\/Salesforce_logo.svg\" alt=\"\" style=\"object-fit:contain;width:72px;height:72px\" \/><\/figure>\n<\/a>\n\n<h3 class=\"wp-block-post-title\">Service Cloud de Salesforce<\/h3>\n\n\n<p style=\"margin-top:0\">Fournissez une assistance technique multilingue de pointe dans Salesforce Service Cloud avec des traductions instantan\u00e9es, align\u00e9es sur la marque, fournies par Phrase.<\/p>\n\n\n<div class=\"wp-block-post-excerpt\"><p class=\"wp-block-post-excerpt__excerpt\"><\/p><p class=\"wp-block-post-excerpt__more-text\"><a class=\"wp-block-post-excerpt__more-link\" href=\"https:\/\/phrase.com\/fr\/integrations\/salesforce\/#cloud\">En savoir plus sur Salesforce Service Cloud<\/a><\/p><\/div><\/div>\n\n<\/li><li data-wp-key=\"post-template-item-28404\" class=\"wp-block-post post-28404 integration type-integration status-publish hentry\">\n\n<div class=\"wp-block-group wp-block-post__content is-layout-flow wp-block-group-is-layout-flow\"><a href=\"https:\/\/phrase.com\/fr\/integrations\/zendesk\/\">\n<figure class=\"wp-block-image is-resized is-style-not-rounded\" style=\"margin-bottom:var(--wp--preset--spacing--32)\"><img decoding=\"async\" src=\"https:\/\/phrase.com\/wp-content\/uploads\/2025\/01\/Zendesk_integration.svg\" alt=\"\" style=\"object-fit:contain;width:72px;height:72px\" \/><\/figure>\n<\/a>\n\n<h3 class=\"wp-block-post-title\">Zendesk<\/h3>\n\n\n<p style=\"margin-top:0\">Am\u00e9liorez le traitement des tickets de support et fid\u00e9lisez vos clients internationaux en utilisant Phrase pour traduire vos cat\u00e9gories, votre contenu dynamique, vos articles publi\u00e9s et vos sections dans Zendesk aux fins d\u2019orientation (base de connaissances) et de support (tickets).<\/p>\n\n\n<div class=\"wp-block-post-excerpt\"><p class=\"wp-block-post-excerpt__excerpt\"><\/p><p class=\"wp-block-post-excerpt__more-text\"><a class=\"wp-block-post-excerpt__more-link\" href=\"https:\/\/phrase.com\/fr\/integrations\/zendesk\/\">En savoir plus sur l\u2019int\u00e9gration Zendesk<\/a><\/p><\/div><\/div>\n\n<\/li><li data-wp-key=\"post-template-item-28281\" class=\"wp-block-post post-28281 integration type-integration status-publish hentry\">\n\n<div class=\"wp-block-group wp-block-post__content is-layout-flow wp-block-group-is-layout-flow\"><a href=\"https:\/\/phrase.com\/fr\/integrations\/contentful\/\">\n<figure class=\"wp-block-image is-resized is-style-not-rounded\" style=\"margin-bottom:var(--wp--preset--spacing--32)\"><img decoding=\"async\" src=\"https:\/\/phrase.com\/wp-content\/uploads\/2024\/11\/contentful_integration.svg\" alt=\"\" style=\"object-fit:contain;width:72px;height:72px\" \/><\/figure>\n<\/a>\n\n<h3 class=\"wp-block-post-title\">Application Phrase\u00a0TMS pour Contentful<\/h3>\n\n\n<p style=\"margin-top:0\">Moins de passage d\u2019un outil \u00e0 l\u2019autre et plus de contenu multilingue qui trouve un \u00e9cho. Avec la toute nouvelle application Phrase\u00a0TMS pour Contentful, vous pouvez g\u00e9rer vos traductions directement dans le CMS Contenful pour rationaliser vos flux de travail et fournir un contenu multilingue de haute qualit\u00e9.<\/p>\n\n\n<div class=\"wp-block-post-excerpt\"><p class=\"wp-block-post-excerpt__excerpt\"><\/p><p class=\"wp-block-post-excerpt__more-text\"><a class=\"wp-block-post-excerpt__more-link\" href=\"https:\/\/phrase.com\/fr\/integrations\/contentful\/\">D\u00e9couvrez l\u2019application<\/a><\/p><\/div><\/div>\n\n<\/li><\/ul>\n\n\n\n<div class=\"wp-block-infinite-scroll-load-more-button\" data-wp-interactive=\"wearerequired\/infinite-scroll\" data-wp-context='{\"instanceId\":\"wearerequired\\\/infinite-scroll-1\"}' data-wp-class--is-loading=\"state.isLoading\">\n\t\t<button\n\t\t\ttype=\"button\"\n\t\t\tclass=\"wp-element-button wp-block-infinite-scroll-load-more-button__button\"\n\t\t\tdata-wp-on-async--click=\"actions.loadMore\"\n\t\t\tdata-wp-bind--disabled=\"state.isLoading\"\n\t\t\tdata-wp-bind--hidden=\"state.isButtonHidden\"\n\t\t>\n\t\t\tLoad more\n\t\t<\/button>\n\t\t<div hidden class=\"wp-block-infinite-scroll-load-more-button__loading-indicator\" data-wp-bind--hidden=\"!state.isLoading\">Loading\u2026<\/div>\n\t<\/div><\/div>\n<\/div>\n<\/div>\n\n","protected":false},"excerpt":{"rendered":"<p>Rejoignez l\u2019\u00e9cosyst\u00e8me Phrase et connectez-vous \u00e0 vos outils pr\u00e9f\u00e9r\u00e9s Tirez parti de notre vaste r\u00e9seau de partenaires, compos\u00e9 de fournisseurs de technologies et de services de premier plan, afin d\u2019optimiser vos op\u00e9rations commerciales et d\u2019exploiter toute la puissance de Phrase. Exploitez l\u2019une de nos nombreuses int\u00e9grations d\u00e8s aujourd\u2019hui.<\/p>\n","protected":false},"author":6,"featured_media":7474,"parent":0,"menu_order":0,"comment_status":"closed","ping_status":"closed","template":"page-refresh","meta":{"_acf_changed":false,"_stopmodifiedupdate":false,"_modified_date":"","_searchwp_excluded":"","episode_type":"","audio_file":"","podmotor_file_id":"","podmotor_episode_id":"","cover_image":"","cover_image_id":"","duration":"","filesize":"","filesize_raw":"","date_recorded":"","explicit":"","block":"","itunes_episode_number":"","itunes_title":"","itunes_season_number":"","itunes_episode_type":"","footnotes":""},"class_list":["post-32156","page","type-page","status-publish","has-post-thumbnail","hentry"],"acf":[],"_links":{"self":[{"href":"https:\/\/phrase.com\/fr\/wp-json\/wp\/v2\/pages\/32156","targetHints":{"allow":["GET"]}}],"collection":[{"href":"https:\/\/phrase.com\/fr\/wp-json\/wp\/v2\/pages"}],"about":[{"href":"https:\/\/phrase.com\/fr\/wp-json\/wp\/v2\/types\/page"}],"author":[{"embeddable":true,"href":"https:\/\/phrase.com\/fr\/wp-json\/wp\/v2\/users\/6"}],"replies":[{"embeddable":true,"href":"https:\/\/phrase.com\/fr\/wp-json\/wp\/v2\/comments?post=32156"}],"version-history":[{"count":24,"href":"https:\/\/phrase.com\/fr\/wp-json\/wp\/v2\/pages\/32156\/revisions"}],"predecessor-version":[{"id":141980,"href":"https:\/\/phrase.com\/fr\/wp-json\/wp\/v2\/pages\/32156\/revisions\/141980"}],"wp:featuredmedia":[{"embeddable":true,"href":"https:\/\/phrase.com\/fr\/wp-json\/wp\/v2\/media\/7474"}],"wp:attachment":[{"href":"https:\/\/phrase.com\/fr\/wp-json\/wp\/v2\/media?parent=32156"}],"curies":[{"name":"wp","href":"https:\/\/api.w.org\/{rel}","templated":true}]}}