{"id":54652,"date":"2023-05-17T11:00:00","date_gmt":"2023-05-17T09:00:00","guid":{"rendered":"https:\/\/phrase.com\/semaine-de-lancement-de-phrase-17-24-mai-2023\/"},"modified":"2025-10-06T10:10:28","modified_gmt":"2025-10-06T08:10:28","slug":"phrase-suite-may-2023-launch","status":"publish","type":"page","link":"https:\/\/phrase.com\/fr\/phrase-suite-may-2023-launch\/","title":{"rendered":"Semaine de lancement de Phrase\u00a0: 17-24\u00a0mai\u00a02023"},"content":{"rendered":"\n<div class=\"wp-block-group alignwide is-style-header-hero has-white-color has-white-background-color has-text-color has-background has-link-color has-background-images wp-elements-d3f5ecfc8e6831226ebdaf45bc62c308 is-layout-flow wp-block-group-is-layout-flow\" style=\"padding-top:var(--wp--preset--spacing--110);padding-bottom:var(--wp--preset--spacing--110);background-image:url(https:\/\/phrase.com\/wp-content\/uploads\/2025\/07\/phrase-header-green.jpg.webp);background-position:0% 100%;background-attachment:scroll;background-repeat:no-repeat;background-size:cover\">\n<div class=\"wp-block-group has-global-padding is-content-justification-left is-layout-constrained wp-container-core-group-is-layout-b0ba78b1 wp-block-group-is-layout-constrained\"><div class=\"yoast-breadcrumbs\"><span><span><a href=\"https:\/\/phrase.com\/fr\/\">Home<\/a><\/span> | <span class=\"breadcrumb_last\" aria-current=\"page\">Semaine de lancement de Phrase\u00a0: 17-24\u00a0mai\u00a02023<\/span><\/span><\/div>\n\n\n<h2 class=\"wp-block-heading has-text-align-left has-gigantic-font-size\" id=\"h-unlock-connectivity-unleash-opportunity-0\" style=\"font-style:normal;font-weight:400\">D\u00e9verrouillez la connectivit\u00e9, lib\u00e9rez les opportunit\u00e9s<\/h2>\n\n\n\n<div class=\"wp-block-group has-global-padding is-content-justification-left is-layout-constrained wp-container-core-group-is-layout-12dd3699 wp-block-group-is-layout-constrained\">\n<p class=\"has-text-align-left\">Connecte-toi \u00e0 Phrase\u00a0Suite de mani\u00e8re nouvelle et am\u00e9lior\u00e9e gr\u00e2ce \u00e0 notre derni\u00e8re gamme de fonctionnalit\u00e9s pour la connectivit\u00e9. Qu\u2019il s\u2019agisse de nouvelles int\u00e9grations puissantes et d\u2019une synchronisation multiplateforme am\u00e9lior\u00e9e, ou d\u2019une facilit\u00e9 d\u2019utilisation et de personnalisation optimis\u00e9es, nos nouvelles fonctionnalit\u00e9s ajoutent encore plus de vitesse, de qualit\u00e9 et de contr\u00f4le des co\u00fbts \u00e0 ton processus de localisation.<\/p>\n<\/div>\n<\/div>\n<\/div>\n\n\n\n<h2 class=\"wp-block-heading has-text-align-center\" id=\"h-enhanced-connectivity-across-the-board\">Connectivit\u00e9 am\u00e9lior\u00e9e<br>\u00e0 tous les niveaux<\/h2>\n\n\n\n<div class=\"wp-block-columns alignwide are-vertically-aligned-center media-text-columns media-text-columns--media-left is-layout-flex wp-container-core-columns-is-layout-28f84493 wp-block-columns-is-layout-flex\">\n<div class=\"wp-block-column is-vertically-aligned-center is-layout-flow wp-block-column-is-layout-flow\" style=\"flex-basis:57.2131147541%\">\n<figure class=\"wp-block-image size-full\"><img loading=\"lazy\" decoding=\"async\" width=\"1260\" height=\"1048\" src=\"https:\/\/phrase.com\/wp-content\/uploads\/2023\/05\/Job_Sync_May_Cadence_LP.png\" alt=\"Lancement de la cadence de Job Sync Mai 2023 | Phrase\" class=\"wp-image-53746\" srcset=\"https:\/\/phrase.com\/wp-content\/uploads\/2023\/05\/Job_Sync_May_Cadence_LP.png 1260w, https:\/\/phrase.com\/wp-content\/uploads\/2023\/05\/Job_Sync_May_Cadence_LP-300x250.png 300w, https:\/\/phrase.com\/wp-content\/uploads\/2023\/05\/Job_Sync_May_Cadence_LP-1024x852.png 1024w, https:\/\/phrase.com\/wp-content\/uploads\/2023\/05\/Job_Sync_May_Cadence_LP-768x639.png 768w\" sizes=\"auto, (max-width: 1260px) 100vw, 1260px\" \/><\/figure>\n<\/div>\n\n\n\n<div class=\"wp-block-column is-vertically-aligned-center is-layout-flow wp-block-column-is-layout-flow\" style=\"flex-basis:41.9672131148%\">\n<h2 class=\"wp-block-heading has-extra-large-font-size\" id=\"h-new-and-improved-cross-platform-sync\">Synchronisation multiplateforme nouvelle et am\u00e9lior\u00e9e<\/h2>\n\n\n\n<p>Profitez d\u2019une connectivit\u00e9 encore plus grande sur la plateforme de localisation Phrase ! Lorsque des cl\u00e9s sont ajout\u00e9es ou mises \u00e0 jour dans Phrase Strings, les projets peuvent \u00eatre automatiquement synchronis\u00e9s et pr\u00e9traduits via Phrase TMS. Une fois finalis\u00e9s, les m\u00e9moires de traduction dans Phrase TMS peuvent \u00e9galement \u00eatre automatiquement mises \u00e0 jour, garantissant que vos \u00e9quipes travaillent toujours avec le contenu le plus \u00e0 jour.<\/p>\n\n\n\n<div class=\"wp-block-buttons is-layout-flex wp-block-buttons-is-layout-flex\">\n<div class=\"wp-block-button is-style-plain\"><a class=\"wp-block-button__link wp-element-button\" href=\"https:\/\/phrase.com\/fr\/platform\/job-sync\/\" target=\"_blank\" rel=\"noreferrer noopener\">Explorer Job Sync<\/a><\/div>\n\n\n<\/div>\n<\/div>\n<\/div>\n\n\n\n<div class=\"wp-block-columns alignwide are-vertically-aligned-center media-text-columns media-text-columns--media-right is-layout-flex wp-container-core-columns-is-layout-28f84493 wp-block-columns-is-layout-flex\">\n<div class=\"wp-block-column is-vertically-aligned-center is-layout-flow wp-block-column-is-layout-flow\" style=\"flex-basis:41.9672131148%\">\n<h2 class=\"wp-block-heading has-extra-large-font-size\" id=\"h-unlock-the-power-of-ai-with-the-phrase-gpt-beta-program\">D\u00e9verrouillez la puissance de l\u2019IA avec le programme b\u00eata Phrase GPT<\/h2>\n\n\n\n<p>Tu veux d\u00e9couvrir les derni\u00e8res avanc\u00e9es en mati\u00e8re d\u2019intelligence artificielle\u00a0? Nous lan\u00e7ons notre programme b\u00eata GPT pour offrir \u00e0 certains clients la possibilit\u00e9 de d\u00e9couvrir nos int\u00e9grations GPT avant tout le monde.<\/p>\n<\/div>\n\n\n\n<div class=\"wp-block-column is-vertically-aligned-center is-layout-flow wp-block-column-is-layout-flow\" style=\"flex-basis:57.2131147541%\">\n<figure class=\"wp-block-image size-full\"><img loading=\"lazy\" decoding=\"async\" width=\"1260\" height=\"864\" src=\"https:\/\/phrase.com\/wp-content\/uploads\/2023\/05\/GPT_Beta_Program_Feature.png\" alt=\"Fonctionnalit\u00e9 du programme b\u00eata GPT | Phrase\" class=\"wp-image-54048\" srcset=\"https:\/\/phrase.com\/wp-content\/uploads\/2023\/05\/GPT_Beta_Program_Feature.png 1260w, https:\/\/phrase.com\/wp-content\/uploads\/2023\/05\/GPT_Beta_Program_Feature-300x206.png 300w, https:\/\/phrase.com\/wp-content\/uploads\/2023\/05\/GPT_Beta_Program_Feature-1024x702.png 1024w, https:\/\/phrase.com\/wp-content\/uploads\/2023\/05\/GPT_Beta_Program_Feature-768x527.png 768w\" sizes=\"auto, (max-width: 1260px) 100vw, 1260px\" \/><\/figure>\n<\/div>\n<\/div>\n\n\n\n<div class=\"wp-block-columns alignwide are-vertically-aligned-center media-text-columns media-text-columns--media-left is-layout-flex wp-container-core-columns-is-layout-28f84493 wp-block-columns-is-layout-flex\">\n<div class=\"wp-block-column is-vertically-aligned-center is-layout-flow wp-block-column-is-layout-flow\" style=\"flex-basis:57.2131147541%\">\n<figure class=\"wp-block-image size-full\"><img loading=\"lazy\" decoding=\"async\" width=\"1260\" height=\"777\" src=\"https:\/\/phrase.com\/wp-content\/uploads\/2023\/05\/Orchestrator_May_Cadence_LP.png\" alt=\"Lancement de la cadence de Phrase Orchestrator Mai 2023 | Phrase\" class=\"wp-image-53653\" srcset=\"https:\/\/phrase.com\/wp-content\/uploads\/2023\/05\/Orchestrator_May_Cadence_LP.png 1260w, https:\/\/phrase.com\/wp-content\/uploads\/2023\/05\/Orchestrator_May_Cadence_LP-300x185.png 300w, https:\/\/phrase.com\/wp-content\/uploads\/2023\/05\/Orchestrator_May_Cadence_LP-1024x631.png 1024w, https:\/\/phrase.com\/wp-content\/uploads\/2023\/05\/Orchestrator_May_Cadence_LP-768x474.png 768w\" sizes=\"auto, (max-width: 1260px) 100vw, 1260px\" \/><\/figure>\n<\/div>\n\n\n\n<div class=\"wp-block-column is-vertically-aligned-center is-layout-flow wp-block-column-is-layout-flow\" style=\"flex-basis:41.9672131148%\">\n<h2 class=\"wp-block-heading has-extra-large-font-size\" id=\"h-powerful-new-enhancements-for-phrase-orchestrator\">Nouvelles am\u00e9liorations puissantes pour Phrase\u00a0Orchestrator<\/h2>\n\n\n\n<p>\u00c9liminez les inefficacit\u00e9s et am\u00e9liorez la productivit\u00e9 gr\u00e2ce \u00e0 nos nouvelles fonctionnalit\u00e9s de boucles, d\u2019it\u00e9rations et de pagination. Ces am\u00e9liorations remplacent plusieurs \u00e9tapes du flux de travaux par une seule action, ce qui vous permet d\u2019effectuer des t\u00e2ches du flux de travaux plus rapidement que jamais. B\u00e9n\u00e9ficiez de temps de traitement plus rapides et d\u2019une exp\u00e9rience utilisateur am\u00e9lior\u00e9e lors du traitement de gros volumes de donn\u00e9es.<\/p>\n\n\n\n<div class=\"wp-block-buttons is-layout-flex wp-block-buttons-is-layout-flex\">\n<div class=\"wp-block-button is-style-plain\"><a class=\"wp-block-button__link wp-element-button\" href=\"https:\/\/phrase.com\/fr\/platform\/orchestrator\/\" target=\"_blank\" rel=\"noreferrer noopener\">Explorer Phrase Orchestrator<\/a><\/div>\n\n\n\n<div class=\"wp-block-button is-style-plain\"><a class=\"wp-block-button__link wp-element-button\" href=\"https:\/\/www.youtube.com\/watch?v=iI9hCY9IqoA\">Regarder le tutoriel<\/a><\/div>\n<\/div>\n<\/div>\n<\/div>\n\n\n\n<div class=\"wp-block-group alignwide has-global-padding is-layout-constrained wp-block-group-is-layout-constrained\" style=\"padding-top:0;padding-bottom:0\">\n<h3 class=\"wp-block-heading has-text-align-center has-huge-font-size\" id=\"h-our-latest-suite-of-releases\" style=\"margin-bottom:var(--wp--preset--spacing--8);font-style:normal;font-weight:400\">Nos derni\u00e8res nouveaut\u00e9s<\/h3>\n\n\n\n<h3 class=\"wp-block-heading has-text-align-center\" id=\"h-phrase-tms\">Phrase\u00a0TMS<\/h3>\n\n\n\n<div class=\"wp-block-columns alignwide is-layout-flex wp-container-core-columns-is-layout-bd983c88 wp-block-columns-is-layout-flex\" style=\"margin-bottom:80px;padding-top:var(--wp--preset--spacing--45);padding-bottom:var(--wp--preset--spacing--45)\">\n<div class=\"wp-block-column is-layout-flow wp-block-column-is-layout-flow\">\n<div class=\"wp-block-group is-vertical is-layout-flex wp-container-core-group-is-layout-ea0cb840 wp-block-group-is-layout-flex\">\n<figure class=\"wp-block-image size-large is-resized is-style-default\"><img loading=\"lazy\" decoding=\"async\" width=\"1024\" height=\"575\" src=\"https:\/\/phrase.com\/wp-content\/uploads\/2023\/05\/Contentful_May_Cadence_LP-1024x575.jpg\" alt=\"Lancement de la cadence de l\u2019application Phrase TMS pour Contentful Mai 2023 | Phrase\" class=\"wp-image-53684\" style=\"width:415px;height:auto\" srcset=\"https:\/\/phrase.com\/wp-content\/uploads\/2023\/05\/Contentful_May_Cadence_LP-1024x575.jpg 1024w, https:\/\/phrase.com\/wp-content\/uploads\/2023\/05\/Contentful_May_Cadence_LP-300x168.jpg 300w, https:\/\/phrase.com\/wp-content\/uploads\/2023\/05\/Contentful_May_Cadence_LP-768x431.jpg 768w, https:\/\/phrase.com\/wp-content\/uploads\/2023\/05\/Contentful_May_Cadence_LP-1536x862.jpg 1536w, https:\/\/phrase.com\/wp-content\/uploads\/2023\/05\/Contentful_May_Cadence_LP.jpg 1710w\" sizes=\"auto, (max-width: 1024px) 100vw, 1024px\" \/><\/figure>\n\n\n\n<div style=\"height:20px\" aria-hidden=\"true\" class=\"wp-block-spacer wp-container-content-62aae154\"><\/div>\n\n\n\n<h4 class=\"wp-block-heading\" id=\"h-manage-your-translation-process-directly-in-contentful\" style=\"font-style:normal;font-weight:700\">G\u00e9rez votre processus de traduction directement dans Contentful\u00a0!<\/h4>\n\n\n\n<p>Au lieu de passer d\u2019un outil \u00e0 l\u2019autre, tu peux d\u00e9sormais g\u00e9rer facilement les traductions directement dans Contentful. La toute nouvelle application Phrase\u00a0TMS pour Contentful se connecte aux fonctionnalit\u00e9s de Phrase pour rationaliser ton processus de localisation et t\u2019aider \u00e0 fournir un contenu multilingue de haute qualit\u00e9 \u00e0 grande \u00e9chelle.<\/p>\n\n\n\n<div style=\"height:20px\" aria-hidden=\"true\" class=\"wp-block-spacer wp-container-content-62aae154\"><\/div>\n\n\n\n<div class=\"wp-block-buttons is-layout-flex wp-block-buttons-is-layout-flex\">\n<div class=\"wp-block-button\"><a class=\"wp-block-button__link wp-element-button\" href=\"https:\/\/phrase.com\/fr\/integrations\/contentful\/\" target=\"_blank\" rel=\"noreferrer noopener\">Explorer l\u2019int\u00e9gration<\/a><\/div>\n<\/div>\n<\/div>\n<\/div>\n\n\n\n<div class=\"wp-block-column is-layout-flow wp-block-column-is-layout-flow\">\n<div class=\"wp-block-group is-vertical is-layout-flex wp-container-core-group-is-layout-ea0cb840 wp-block-group-is-layout-flex\">\n<figure class=\"wp-block-image size-large is-style-default\"><img loading=\"lazy\" decoding=\"async\" width=\"1024\" height=\"575\" src=\"https:\/\/phrase.com\/wp-content\/uploads\/2023\/05\/Analytics_May_Cadence_LP-1024x575.jpg\" alt=\"Lancement de la cadence de Phrase Analytics Mai 2023 | Phrase\" class=\"wp-image-53696\" srcset=\"https:\/\/phrase.com\/wp-content\/uploads\/2023\/05\/Analytics_May_Cadence_LP-1024x575.jpg 1024w, https:\/\/phrase.com\/wp-content\/uploads\/2023\/05\/Analytics_May_Cadence_LP-300x168.jpg 300w, https:\/\/phrase.com\/wp-content\/uploads\/2023\/05\/Analytics_May_Cadence_LP-768x431.jpg 768w, https:\/\/phrase.com\/wp-content\/uploads\/2023\/05\/Analytics_May_Cadence_LP-1536x862.jpg 1536w, https:\/\/phrase.com\/wp-content\/uploads\/2023\/05\/Analytics_May_Cadence_LP.jpg 1710w\" sizes=\"auto, (max-width: 1024px) 100vw, 1024px\" \/><\/figure>\n\n\n\n<div style=\"height:20px\" aria-hidden=\"true\" class=\"wp-block-spacer wp-container-content-62aae154\"><\/div>\n\n\n\n<h4 class=\"wp-block-heading\" id=\"h-instant-insights-with-enhanced-analytics\" style=\"font-style:normal;font-weight:700\">Des informations instantan\u00e9es gr\u00e2ce \u00e0 des analyses am\u00e9lior\u00e9es<\/h4>\n\n\n\n<p>Nos nouveaux tableaux de bord fournissent des informations instantan\u00e9es sur les devis, les co\u00fbts et les \u00e9conomies li\u00e9s aux t\u00e2ches, pour tous les types de contenu. Cela vous permet d\u2019analyser et de surveiller vos sch\u00e9mas de d\u00e9penses, de planifier plus efficacement votre budget de traduction et de mieux allouer les ressources.<\/p>\n\n\n\n<div style=\"height:20px\" aria-hidden=\"true\" class=\"wp-block-spacer wp-container-content-62aae154\"><\/div>\n\n\n\n<div class=\"wp-block-buttons is-layout-flex wp-block-buttons-is-layout-flex\">\n<div class=\"wp-block-button\"><a class=\"wp-block-button__link wp-element-button\" href=\"https:\/\/phrase.com\/fr\/platform\/analytics\/\" target=\"_blank\" rel=\"noreferrer noopener\">Explorer Phrase Analytics<\/a><\/div>\n<\/div>\n<\/div>\n<\/div>\n\n\n\n<div class=\"wp-block-column is-layout-flow wp-block-column-is-layout-flow\">\n<div class=\"wp-block-group is-vertical is-layout-flex wp-container-core-group-is-layout-ea0cb840 wp-block-group-is-layout-flex\">\n<figure class=\"wp-block-image size-large is-style-default\"><img loading=\"lazy\" decoding=\"async\" width=\"1024\" height=\"575\" src=\"https:\/\/phrase.com\/wp-content\/uploads\/2023\/05\/Phrase_NextMT_May_Cadence-1024x575.jpg\" alt=\"Lancement de la cadence de Phrase NextMT Mai 2023 | Phrase\" class=\"wp-image-53790\" srcset=\"https:\/\/phrase.com\/wp-content\/uploads\/2023\/05\/Phrase_NextMT_May_Cadence-1024x575.jpg 1024w, https:\/\/phrase.com\/wp-content\/uploads\/2023\/05\/Phrase_NextMT_May_Cadence-300x168.jpg 300w, https:\/\/phrase.com\/wp-content\/uploads\/2023\/05\/Phrase_NextMT_May_Cadence-768x431.jpg 768w, https:\/\/phrase.com\/wp-content\/uploads\/2023\/05\/Phrase_NextMT_May_Cadence-1536x862.jpg 1536w, https:\/\/phrase.com\/wp-content\/uploads\/2023\/05\/Phrase_NextMT_May_Cadence.jpg 1710w\" sizes=\"auto, (max-width: 1024px) 100vw, 1024px\" \/><\/figure>\n\n\n\n<div style=\"height:20px\" aria-hidden=\"true\" class=\"wp-block-spacer wp-container-content-62aae154\"><\/div>\n\n\n\n<h4 class=\"wp-block-heading\" id=\"h-english-to-chinese-and-vice-versa-with-phrase-nextmt\" style=\"font-style:normal;font-weight:700\">De l\u2019anglais vers le chinois, et vice versa avec Phrase\u00a0NextMT<\/h4>\n\n\n\n<p>Phrase NextMT, notre propre moteur de traduction automatique pr\u00eat pour TMS, prend d\u00e9sormais en charge les traductions de l\u2019anglais vers le chinois et inversement\u00a0! Cela signifie que vous pourrez tirer parti des m\u00e9moires de traduction et des glossaires existants pour livrer la meilleure qualit\u00e9 de TA possible.<\/p>\n\n\n\n<div style=\"height:20px\" aria-hidden=\"true\" class=\"wp-block-spacer wp-container-content-62aae154\"><\/div>\n\n\n\n<div class=\"wp-block-buttons is-layout-flex wp-block-buttons-is-layout-flex\">\n<div class=\"wp-block-button\"><a class=\"wp-block-button__link wp-element-button\" href=\"https:\/\/phrase.com\/fr\/platform\/nextmt\/\" target=\"_blank\" rel=\"noreferrer noopener\">D\u00e9couvrir Phrase NextMT<\/a><\/div>\n<\/div>\n<\/div>\n<\/div>\n<\/div>\n\n\n\n<h3 class=\"wp-block-heading has-text-align-center\" id=\"h-phrase-strings\">Phrase\u00a0Strings<\/h3>\n\n\n\n<div class=\"wp-block-columns alignwide is-layout-flex wp-container-core-columns-is-layout-bd983c88 wp-block-columns-is-layout-flex\" style=\"margin-bottom:80px;padding-top:var(--wp--preset--spacing--45);padding-bottom:var(--wp--preset--spacing--45)\">\n<div class=\"wp-block-column is-layout-flow wp-block-column-is-layout-flow\">\n<div class=\"wp-block-group is-vertical is-layout-flex wp-container-core-group-is-layout-ea0cb840 wp-block-group-is-layout-flex\">\n<figure class=\"wp-block-image size-large is-resized is-style-default\"><img loading=\"lazy\" decoding=\"async\" width=\"1024\" height=\"575\" src=\"https:\/\/phrase.com\/wp-content\/uploads\/2023\/05\/ICE_May_Cadence_LP-1024x575.jpg\" alt=\"Lancement de mai\u00a02023 \u2013 \u00c9diteur en contexte | Phrase\" class=\"wp-image-53806\" style=\"width:415px;height:auto\" srcset=\"https:\/\/phrase.com\/wp-content\/uploads\/2023\/05\/ICE_May_Cadence_LP-1024x575.jpg 1024w, https:\/\/phrase.com\/wp-content\/uploads\/2023\/05\/ICE_May_Cadence_LP-300x168.jpg 300w, https:\/\/phrase.com\/wp-content\/uploads\/2023\/05\/ICE_May_Cadence_LP-768x431.jpg 768w, https:\/\/phrase.com\/wp-content\/uploads\/2023\/05\/ICE_May_Cadence_LP-1536x862.jpg 1536w, https:\/\/phrase.com\/wp-content\/uploads\/2023\/05\/ICE_May_Cadence_LP.jpg 1710w\" sizes=\"auto, (max-width: 1024px) 100vw, 1024px\" \/><\/figure>\n\n\n\n<div style=\"height:20px\" aria-hidden=\"true\" class=\"wp-block-spacer wp-container-content-62aae154\"><\/div>\n\n\n\n<h4 class=\"wp-block-heading\" id=\"h-say-goodbye-to-translations-that-break-designs\" style=\"font-style:normal;font-weight:700\">Dis adieu aux traductions qui nuisent \u00e0 la localisation des conceptions<\/h4>\n\n\n\n<p>Le nouvel \u00e9diteur en contexte permet aux traducteurs de voir leur travail refl\u00e9t\u00e9 dans la conception en temps r\u00e9el, ce qui garantit des traductions de meilleure qualit\u00e9 qui \u00e9liminent les allers-retours et qui satisfont \u00e9galement les \u00e9quipes de conception et de d\u00e9veloppement.<\/p>\n\n\n\n<div style=\"height:20px\" aria-hidden=\"true\" class=\"wp-block-spacer wp-container-content-62aae154\"><\/div>\n\n\n\n<div class=\"wp-block-buttons is-layout-flex wp-block-buttons-is-layout-flex\">\n<div class=\"wp-block-button\"><a class=\"wp-block-button__link wp-element-button\" href=\"https:\/\/youtu.be\/MLorQCKb5js\" target=\"_blank\" rel=\"noreferrer noopener\">Regarder le tutoriel<\/a><\/div>\n<\/div>\n<\/div>\n<\/div>\n\n\n\n<div class=\"wp-block-column is-layout-flow wp-block-column-is-layout-flow\">\n<div class=\"wp-block-group is-vertical is-layout-flex wp-container-core-group-is-layout-ea0cb840 wp-block-group-is-layout-flex\">\n<figure class=\"wp-block-image size-large is-style-default\"><img loading=\"lazy\" decoding=\"async\" width=\"1024\" height=\"575\" src=\"https:\/\/phrase.com\/wp-content\/uploads\/2023\/05\/Advanced_Search_May_Cadence_LP-1024x575.jpg\" alt=\"Lancement de la cadence de recherche avanc\u00e9e Mai 2023 | Phrase\" class=\"wp-image-53666\" srcset=\"https:\/\/phrase.com\/wp-content\/uploads\/2023\/05\/Advanced_Search_May_Cadence_LP-1024x575.jpg 1024w, https:\/\/phrase.com\/wp-content\/uploads\/2023\/05\/Advanced_Search_May_Cadence_LP-300x168.jpg 300w, https:\/\/phrase.com\/wp-content\/uploads\/2023\/05\/Advanced_Search_May_Cadence_LP-768x431.jpg 768w, https:\/\/phrase.com\/wp-content\/uploads\/2023\/05\/Advanced_Search_May_Cadence_LP-1536x862.jpg 1536w, https:\/\/phrase.com\/wp-content\/uploads\/2023\/05\/Advanced_Search_May_Cadence_LP.jpg 1710w\" sizes=\"auto, (max-width: 1024px) 100vw, 1024px\" \/><\/figure>\n\n\n\n<div style=\"height:20px\" aria-hidden=\"true\" class=\"wp-block-spacer wp-container-content-62aae154\"><\/div>\n\n\n\n<h4 class=\"wp-block-heading\" id=\"h-save-time-with-our-completely-new-advanced-search\" style=\"font-style:normal;font-weight:700\">Gagnez du temps avec notre toute nouvelle recherche avanc\u00e9e<\/h4>\n\n\n\n<p>Vous avez du mal \u00e0 trouver la bonne cl\u00e9 au bon moment\u00a0? Notre nouvelle recherche globale avanc\u00e9e vous permet de filtrer facilement les r\u00e9sultats pour trouver exactement ce que vous recherchez, plus rapidement.<\/p>\n\n\n\n<div style=\"height:20px\" aria-hidden=\"true\" class=\"wp-block-spacer wp-container-content-62aae154\"><\/div>\n\n\n\n<div class=\"wp-block-buttons is-layout-flex wp-block-buttons-is-layout-flex\">\n<div class=\"wp-block-button\"><a class=\"wp-block-button__link wp-element-button\" href=\"https:\/\/youtu.be\/x5hSyZNsjE4\" target=\"_blank\" rel=\"noreferrer noopener\">Regarder le tutoriel<\/a><\/div>\n<\/div>\n<\/div>\n<\/div>\n\n\n\n<div class=\"wp-block-column is-layout-flow wp-block-column-is-layout-flow\">\n<div class=\"wp-block-group is-vertical is-layout-flex wp-container-core-group-is-layout-ea0cb840 wp-block-group-is-layout-flex\">\n<figure class=\"wp-block-image size-large is-style-default\"><img loading=\"lazy\" decoding=\"async\" width=\"1024\" height=\"575\" src=\"https:\/\/phrase.com\/wp-content\/uploads\/2023\/05\/Contextual_Sidebar_May_Cadence_LP-1024x575.jpg\" alt=\"Lancement de cadence de la barre lat\u00e9rale contextuelle Mai 2023 | Phrase\" class=\"wp-image-53672\" srcset=\"https:\/\/phrase.com\/wp-content\/uploads\/2023\/05\/Contextual_Sidebar_May_Cadence_LP-1024x575.jpg 1024w, https:\/\/phrase.com\/wp-content\/uploads\/2023\/05\/Contextual_Sidebar_May_Cadence_LP-300x168.jpg 300w, https:\/\/phrase.com\/wp-content\/uploads\/2023\/05\/Contextual_Sidebar_May_Cadence_LP-768x431.jpg 768w, https:\/\/phrase.com\/wp-content\/uploads\/2023\/05\/Contextual_Sidebar_May_Cadence_LP-1536x862.jpg 1536w, https:\/\/phrase.com\/wp-content\/uploads\/2023\/05\/Contextual_Sidebar_May_Cadence_LP.jpg 1710w\" sizes=\"auto, (max-width: 1024px) 100vw, 1024px\" \/><\/figure>\n\n\n\n<div style=\"height:20px\" aria-hidden=\"true\" class=\"wp-block-spacer wp-container-content-62aae154\"><\/div>\n\n\n\n<h4 class=\"wp-block-heading\" id=\"h-improve-efficiency-with-the-customizable-sidebar\" style=\"font-style:normal;font-weight:700\">Am\u00e9liorez votre efficacit\u00e9 gr\u00e2ce \u00e0 la barre lat\u00e9rale personnalisable<\/h4>\n\n\n\n<p>La derni\u00e8re version de la barre lat\u00e9rale contextuelle personnalisable vous permet de r\u00e9organiser ou de masquer des sections et de cr\u00e9er l\u2019espace de travail le plus efficace qui soit.<\/p>\n\n\n\n<div style=\"height:20px\" aria-hidden=\"true\" class=\"wp-block-spacer wp-container-content-62aae154\"><\/div>\n\n\n\n<div class=\"wp-block-buttons is-layout-flex wp-block-buttons-is-layout-flex\">\n<div class=\"wp-block-button\"><a class=\"wp-block-button__link wp-element-button\" href=\"https:\/\/phrase.com\/fr\/platform\/strings\/strings-editor\/\" target=\"_blank\" rel=\"noreferrer noopener\">Explorer la fonctionnalit\u00e9<\/a><\/div>\n<\/div>\n<\/div>\n<\/div>\n<\/div>\n<\/div>\n\n\n\n<div class=\"wp-block-group alignwide has-black-color has-yellow-background-color has-text-color has-background has-link-color wp-elements-5deddd5bbc81477238b335087d15ab4f has-global-padding is-layout-constrained wp-block-group-is-layout-constrained\" style=\"margin-top:var(--wp--preset--spacing--56)\">\n<h2 class=\"wp-block-heading has-text-align-center\" id=\"h-ready-to-get-started\">Pr\u00eat \u00e0 vous lancer\u00a0?<\/h2>\n\n\n\n<p class=\"has-text-align-center\">Atteignez un public plus large et \u00e9tablissez des liens plus profonds d\u00e8s aujourd\u2019hui.<\/p>\n\n\n\n<div class=\"wp-block-buttons is-content-justification-center is-layout-flex wp-container-core-buttons-is-layout-a89b3969 wp-block-buttons-is-layout-flex\">\n<div class=\"wp-block-button is-style-default\"><a class=\"wp-block-button__link wp-element-button\" href=\"https:\/\/phrase.com\/fr\/demo\/\" target=\"_blank\" rel=\"noreferrer noopener\">Demander une d\u00e9mo<\/a><\/div>\n\n\n\n<div class=\"wp-block-button is-style-black-outline\"><a class=\"wp-block-button__link wp-element-button\" href=\"https:\/\/phrase.com\/fr\/pricing\/\" target=\"_blank\" rel=\"noreferrer noopener\">Voir les tarifs<\/a><\/div>\n<\/div>\n<\/div>\n\n","protected":false},"excerpt":{"rendered":"<p>D\u00e9verrouillez la connectivit\u00e9, lib\u00e9rez les opportunit\u00e9s Connecte-toi \u00e0 Phrase\u00a0Suite de mani\u00e8re nouvelle et am\u00e9lior\u00e9e gr\u00e2ce \u00e0 notre derni\u00e8re gamme de fonctionnalit\u00e9s pour la connectivit\u00e9. Qu\u2019il s\u2019agisse de nouvelles int\u00e9grations puissantes et d\u2019une synchronisation multiplateforme am\u00e9lior\u00e9e, ou d\u2019une facilit\u00e9 d\u2019utilisation et de personnalisation optimis\u00e9es, nos nouvelles fonctionnalit\u00e9s ajoutent encore plus de vitesse, de qualit\u00e9 et de [&hellip;]<\/p>\n","protected":false},"author":7,"featured_media":0,"parent":0,"menu_order":0,"comment_status":"closed","ping_status":"closed","template":"page-refresh","meta":{"_acf_changed":false,"_stopmodifiedupdate":false,"_modified_date":"","_searchwp_excluded":"","episode_type":"","audio_file":"","podmotor_file_id":"","podmotor_episode_id":"","cover_image":"","cover_image_id":"","duration":"","filesize":"","filesize_raw":"","date_recorded":"","explicit":"","block":"","itunes_episode_number":"","itunes_title":"","itunes_season_number":"","itunes_episode_type":"","footnotes":""},"class_list":["post-54652","page","type-page","status-publish","hentry"],"acf":[],"_links":{"self":[{"href":"https:\/\/phrase.com\/fr\/wp-json\/wp\/v2\/pages\/54652","targetHints":{"allow":["GET"]}}],"collection":[{"href":"https:\/\/phrase.com\/fr\/wp-json\/wp\/v2\/pages"}],"about":[{"href":"https:\/\/phrase.com\/fr\/wp-json\/wp\/v2\/types\/page"}],"author":[{"embeddable":true,"href":"https:\/\/phrase.com\/fr\/wp-json\/wp\/v2\/users\/7"}],"replies":[{"embeddable":true,"href":"https:\/\/phrase.com\/fr\/wp-json\/wp\/v2\/comments?post=54652"}],"version-history":[{"count":10,"href":"https:\/\/phrase.com\/fr\/wp-json\/wp\/v2\/pages\/54652\/revisions"}],"predecessor-version":[{"id":120983,"href":"https:\/\/phrase.com\/fr\/wp-json\/wp\/v2\/pages\/54652\/revisions\/120983"}],"wp:attachment":[{"href":"https:\/\/phrase.com\/fr\/wp-json\/wp\/v2\/media?parent=54652"}],"curies":[{"name":"wp","href":"https:\/\/api.w.org\/{rel}","templated":true}]}}