{"id":61904,"date":"2023-03-02T08:35:18","date_gmt":"2023-03-02T07:35:18","guid":{"rendered":"https:\/\/phrase.com\/?page_id=61904"},"modified":"2026-02-10T16:05:20","modified_gmt":"2026-02-10T15:05:20","slug":"events","status":"publish","type":"page","link":"https:\/\/phrase.com\/fr\/events\/","title":{"rendered":"\u00c9v\u00e9nements"},"content":{"rendered":"\n<div class=\"wp-block-columns alignwide is-layout-flex wp-container-core-columns-is-layout-28f84493 wp-block-columns-is-layout-flex\">\n<div class=\"wp-block-column is-layout-flow wp-block-column-is-layout-flow\" style=\"padding-top:var(--wp--preset--spacing--80);padding-right:var(--wp--preset--spacing--80);padding-bottom:var(--wp--preset--spacing--24);padding-left:var(--wp--preset--spacing--80);flex-basis:60%\"><div class=\"yoast-breadcrumbs\"><span><span><a href=\"https:\/\/phrase.com\/fr\/\">Home<\/a><\/span> | <span class=\"breadcrumb_last\" aria-current=\"page\">\u00c9v\u00e9nements<\/span><\/span><\/div>\n\n\n<h1 class=\"wp-block-heading\" id=\"h-evenements-phrase\">\u00c9v\u00e9nements Phrase<\/h1>\n\n\n\n<p class=\"has-medium-font-size\" style=\"margin-bottom:var(--wp--preset--spacing--24);font-style:normal;font-weight:400\">Rejoignez-nous \u00e0 l&rsquo;un de nos \u00e9v\u00e9nements en personne pour d\u00e9couvrir par vous-m\u00eame comment nous transformons l&rsquo;exp\u00e9rience client et stimulons la croissance internationale gr\u00e2ce \u00e0 nos derni\u00e8res technologies, innovations et informations exploitables.<\/p>\n<\/div>\n\n\n\n<div class=\"wp-block-column is-vertically-aligned-top is-layout-flow wp-block-column-is-layout-flow\">\n<figure class=\"wp-block-image size-full is-resized\"><img loading=\"lazy\" decoding=\"async\" width=\"650\" height=\"662\" src=\"https:\/\/phrase.com\/wp-content\/uploads\/2025\/02\/phrase-events-localization.png\" alt=\"\u00e9v\u00e9nements Phrase dans la localisation\" class=\"wp-image-99231\" style=\"width:486px;height:auto\" srcset=\"https:\/\/phrase.com\/wp-content\/uploads\/2025\/02\/phrase-events-localization.png 650w, https:\/\/phrase.com\/wp-content\/uploads\/2025\/02\/phrase-events-localization-295x300.png 295w\" sizes=\"auto, (max-width: 650px) 100vw, 650px\" \/><\/figure>\n<\/div>\n<\/div>\n\n\n<div class=\"alignwide wp-block-phrase-com-suggested-reading--hide-types wp-block-phrase-com-suggested-reading--grid is-grid-columns-3 has-color-scheme has-blue-color-scheme alignwide wp-block-phrase-com-suggested-reading\"><div class=\"wp-block-phrase-com-suggested-reading__header\"><h2 class=\"wp-block-heading has-huge-font-size\">Nos \u00e9v\u00e9nements 2025<\/h2><\/div><div class=\"glide wp-block-phrase-com-suggested-reading__grid\">\n<div class=\"wp-block-phrase-com-suggested-reading-item wp-block-phrase-com-suggested-reading-custom\"><div class=\"wp-block-phrase-com-suggested-reading-item__inner\"><div class=\"wp-block-phrase-com-suggested-reading-item__header\"><figure class=\"wp-block-phrase-com-suggested-reading-item__image\"><img loading=\"lazy\" decoding=\"async\" width=\"600\" height=\"400\" src=\"https:\/\/phrase.com\/wp-content\/uploads\/2026\/01\/Event-Landing-Pages-2025-26.png\" class=\"attachment-large size-large\" alt=\"\" srcset=\"https:\/\/phrase.com\/wp-content\/uploads\/2026\/01\/Event-Landing-Pages-2025-26.png 600w, https:\/\/phrase.com\/wp-content\/uploads\/2026\/01\/Event-Landing-Pages-2025-26-300x200.png 300w\" sizes=\"auto, (max-width: 600px) 100vw, 600px\" \/><\/figure><\/div><div class=\"wp-block-phrase-com-suggested-reading-item__content\"><h3><strong>Loc Tech Live 202<\/strong>6<br>FEBRUARY 25-26, 2026<\/h3><p>Join us at Loc Tech Live, the online conference built for localization technology practitioners. Discover the latest trends and see live demos, hosted by the Loc Tech community. You&rsquo;ll also gain insights from partners who share real technical problems they&rsquo;ve experienced, and how they fixed them. <\/p><div class=\"wp-block-button is-style-plain wp-block-phrase-com-suggested-reading-item__link\"><a href=\"https:\/\/loctechlive.com\/\" class=\"wp-block-button__link wp-element-button\" target=\"_blank\">Find out more about Loc Tech Live<\/a><\/div><\/div><\/div><\/div>\n\n<div class=\"wp-block-phrase-com-suggested-reading-item wp-block-phrase-com-suggested-reading-custom\"><div class=\"wp-block-phrase-com-suggested-reading-item__inner\"><div class=\"wp-block-phrase-com-suggested-reading-item__header\"><figure class=\"wp-block-phrase-com-suggested-reading-item__image\"><img loading=\"lazy\" decoding=\"async\" width=\"600\" height=\"400\" src=\"https:\/\/phrase.com\/wp-content\/uploads\/2026\/01\/Event-Landing-Pages-2026-2.png\" class=\"attachment-large size-large\" alt=\"\" srcset=\"https:\/\/phrase.com\/wp-content\/uploads\/2026\/01\/Event-Landing-Pages-2026-2.png 600w, https:\/\/phrase.com\/wp-content\/uploads\/2026\/01\/Event-Landing-Pages-2026-2-300x200.png 300w\" sizes=\"auto, (max-width: 600px) 100vw, 600px\" \/><\/figure><\/div><div class=\"wp-block-phrase-com-suggested-reading-item__content\"><h3>GALA WorldReady Conference 2026<br>12 &#8211; 14 April, 2026<\/h3><p>Join us in Berlin for the WorldReady Conference hosted by GALA. For those in globalization and localization, this event will bring together industry leaders to share best practices, trends and challenges.<\/p><div class=\"wp-block-button is-style-plain wp-block-phrase-com-suggested-reading-item__link\"><a href=\"https:\/\/www.gala-global.org\/worldready-conference\" class=\"wp-block-button__link wp-element-button\" target=\"_blank\">Find out more about GALA<\/a><\/div><\/div><\/div><\/div>\n\n<div class=\"wp-block-phrase-com-suggested-reading-item wp-block-phrase-com-suggested-reading-custom\"><div class=\"wp-block-phrase-com-suggested-reading-item__inner\"><div class=\"wp-block-phrase-com-suggested-reading-item__header\"><figure class=\"wp-block-phrase-com-suggested-reading-item__image\"><img loading=\"lazy\" decoding=\"async\" width=\"600\" height=\"400\" src=\"https:\/\/phrase.com\/wp-content\/uploads\/2026\/01\/Event-Landing-Pages-2026-3.jpg\" class=\"attachment-large size-large\" alt=\"\" srcset=\"https:\/\/phrase.com\/wp-content\/uploads\/2026\/01\/Event-Landing-Pages-2026-3.jpg 600w, https:\/\/phrase.com\/wp-content\/uploads\/2026\/01\/Event-Landing-Pages-2026-3-300x200.jpg 300w\" sizes=\"auto, (max-width: 600px) 100vw, 600px\" \/><\/figure><\/div><div class=\"wp-block-phrase-com-suggested-reading-item__content\"><h3><strong>SlatorCon London<\/strong><br>MAY 22, 2026<\/h3><p>The world&rsquo;s leading conference for language AI and language solutions returns to London and Phrase will be there. Hear directly from industry experts as they share actionable insights on the trends shaping language AI and the solutions driving business impact.<\/p><div class=\"wp-block-button is-style-plain wp-block-phrase-com-suggested-reading-item__link\"><a href=\"https:\/\/slator.com\/event\/slatorcon-london-2026\/\" class=\"wp-block-button__link wp-element-button\" target=\"_blank\">Find out more about SlatorCon London<\/a><\/div><\/div><\/div><\/div>\n<\/div><\/div>\n\n<div class=\"alignwide wp-block-phrase-com-suggested-reading--hide-types alignwide wp-block-phrase-com-suggested-reading\"><div class=\"glide wp-block-phrase-com-suggested-reading__slider\"><div class=\"wp-block-phrase-com-suggested-reading__header\"><h2 class=\"wp-block-heading has-huge-font-size\">En savoir plus sur Phrase<\/h2><div class=\"wp-block-phrase-com-suggested-reading__controls\" data-glide-el=\"controls\"><button type=\"button\" class=\"glide__arrow wp-block-phrase-com-suggested-reading__prev-slide\" data-glide-dir=\"<\"><svg aria-hidden=\"true\" xmlns=\"http:\/\/www.w3.org\/2000\/svg\" width=\"22\" height=\"22\" fill=\"none\" viewBox=\"0 0 22 22\"><path fill=\"currentColor\" d=\"m10.191 11 3.01 3.036-.917.924L8.36 11l3.925-3.96.915.924L10.192 11Z\"\/><\/svg><span class=\"screen-reader-text\">Previous<\/span><\/button><button type=\"button\" class=\"glide__arrow wp-block-phrase-com-suggested-reading__next-slide\" data-glide-dir=\"&gt;\"><svg xmlns=\"http:\/\/www.w3.org\/2000\/svg\" width=\"22\" height=\"22\" fill=\"none\" viewBox=\"0 0 22 22\"><path fill=\"currentColor\" d=\"m11.809 11-3.01-3.036.916-.924L13.64 11l-3.925 3.96-.915-.924L11.808 11Z\"\/><\/svg><span class=\"screen-reader-text\">Next<\/span><\/button><\/div><\/div><div class=\"glide__track\" data-glide-el=\"track\"><div class=\"glide__slides\">\n<div class=\"wp-block-phrase-com-suggested-reading-item glide__slide wp-block-phrase-com-suggested-reading-custom\"><div class=\"wp-block-phrase-com-suggested-reading-item__inner\"><div class=\"wp-block-phrase-com-suggested-reading-item__header\"><figure class=\"wp-block-phrase-com-suggested-reading-item__image\"><img loading=\"lazy\" decoding=\"async\" width=\"1024\" height=\"576\" src=\"https:\/\/phrase.com\/wp-content\/uploads\/2025\/10\/Dr.-Meeta-Yadav-Vouk-YT-Thumb-Cover-1024x576.jpg\" class=\"attachment-large size-large\" alt=\"\" srcset=\"https:\/\/phrase.com\/wp-content\/uploads\/2025\/10\/Dr.-Meeta-Yadav-Vouk-YT-Thumb-Cover-1024x576.jpg 1024w, https:\/\/phrase.com\/wp-content\/uploads\/2025\/10\/Dr.-Meeta-Yadav-Vouk-YT-Thumb-Cover-300x169.jpg 300w, https:\/\/phrase.com\/wp-content\/uploads\/2025\/10\/Dr.-Meeta-Yadav-Vouk-YT-Thumb-Cover-768x432.jpg 768w, https:\/\/phrase.com\/wp-content\/uploads\/2025\/10\/Dr.-Meeta-Yadav-Vouk-YT-Thumb-Cover.jpg 1280w\" sizes=\"auto, (max-width: 1024px) 100vw, 1024px\" \/><\/figure><\/div><div class=\"wp-block-phrase-com-suggested-reading-item__content\"><h3>Nouvel \u00e9pisode\u00a0: \u00c9largir l&rsquo;IA \u00e0 l&rsquo;\u00e9chelle mondiale sans compromettre la confiance, la rapidit\u00e9 ou la s\u00e9curit\u00e9<\/h3><p>Dans cet \u00e9pisode, nous nous entretenons avec le Dr. Meeta Vouk, vice-pr\u00e9sidente de l&rsquo;IA et de l&rsquo;analytique chez Teradata, sur la fa\u00e7on dont les entreprises construisent des strat\u00e9gies d&rsquo;automatisation qui peuvent se d\u00e9velopper de mani\u00e8re responsable dans des environnements hautement r\u00e9glement\u00e9s.<\/p><div class=\"wp-block-button is-style-plain wp-block-phrase-com-suggested-reading-item__link\"><a href=\"https:\/\/phrase.com\/podcast\/episode\/scaling-ai-globally-without-breaking-trust-speed-or-security\/\" class=\"wp-block-button__link wp-element-button\" target=\"_blank\">Listen here<\/a><\/div><\/div><\/div><\/div>\n\n<div class=\"wp-block-phrase-com-suggested-reading-item glide__slide wp-block-phrase-com-suggested-reading-dynamic\"><div class=\"wp-block-phrase-com-suggested-reading-item__inner\"><div class=\"wp-block-phrase-com-suggested-reading-item__header\"><figure class=\"wp-block-phrase-com-suggested-reading-item__image\"><img loading=\"lazy\" decoding=\"async\" width=\"1024\" height=\"576\" src=\"https:\/\/phrase.com\/wp-content\/uploads\/2025\/09\/The-AI-breakthroughs-powering-global-connection-1024x576.jpg\" class=\"attachment-large size-large\" alt=\"Business professionals discussing AI-powered translation solutions, with a digital data background symbolizing global connectivity and technology.\" srcset=\"https:\/\/phrase.com\/wp-content\/uploads\/2025\/09\/The-AI-breakthroughs-powering-global-connection-1024x576.jpg 1024w, https:\/\/phrase.com\/wp-content\/uploads\/2025\/09\/The-AI-breakthroughs-powering-global-connection-300x169.jpg 300w, https:\/\/phrase.com\/wp-content\/uploads\/2025\/09\/The-AI-breakthroughs-powering-global-connection-768x432.jpg 768w, https:\/\/phrase.com\/wp-content\/uploads\/2025\/09\/The-AI-breakthroughs-powering-global-connection-1536x864.jpg 1536w, https:\/\/phrase.com\/wp-content\/uploads\/2025\/09\/The-AI-breakthroughs-powering-global-connection.jpg 1920w\" sizes=\"auto, (max-width: 1024px) 100vw, 1024px\" \/><\/figure><p class=\"wp-block-phrase-com-suggested-reading-item__type is-post\">Blog post<\/p><\/div><div class=\"wp-block-phrase-com-suggested-reading-item__content\"><h3>Au-del\u00e0 des mots\u00a0: comment les avanc\u00e9es de l&rsquo;IA favorisent la connectivit\u00e9 mondiale<\/h3><p>L&rsquo;IA rationalise et perturbe un certain nombre d&rsquo;activit\u00e9s. Mais pour les marques qui souhaitent \u00eatre comp\u00e9titives \u00e0 l&rsquo;\u00e9chelle mondiale, son impact sur la communication est tout simplement r\u00e9volutionnaire.<\/p><div class=\"wp-block-button is-style-plain wp-block-phrase-com-suggested-reading-item__link\"><a href=\"https:\/\/phrase.com\/fr\/blog\/posts\/ai-translation-global-growth\/\" class=\"wp-block-button__link wp-element-button\">En savoir plus<\/a><\/div><\/div><\/div><\/div>\n\n<div class=\"wp-block-phrase-com-suggested-reading-item glide__slide wp-block-phrase-com-suggested-reading-dynamic\"><div class=\"wp-block-phrase-com-suggested-reading-item__inner\"><div class=\"wp-block-phrase-com-suggested-reading-item__header\"><figure class=\"wp-block-phrase-com-suggested-reading-item__image\"><img loading=\"lazy\" decoding=\"async\" width=\"1024\" height=\"578\" src=\"https:\/\/phrase.com\/wp-content\/uploads\/2025\/09\/P1275-Webinar-1700px-X-960px-1-1024x578.jpg\" class=\"attachment-large size-large\" alt=\"Webinar title with speaker image\" srcset=\"https:\/\/phrase.com\/wp-content\/uploads\/2025\/09\/P1275-Webinar-1700px-X-960px-1-1024x578.jpg 1024w, https:\/\/phrase.com\/wp-content\/uploads\/2025\/09\/P1275-Webinar-1700px-X-960px-1-300x169.jpg 300w, https:\/\/phrase.com\/wp-content\/uploads\/2025\/09\/P1275-Webinar-1700px-X-960px-1-768x434.jpg 768w, https:\/\/phrase.com\/wp-content\/uploads\/2025\/09\/P1275-Webinar-1700px-X-960px-1-1536x867.jpg 1536w, https:\/\/phrase.com\/wp-content\/uploads\/2025\/09\/P1275-Webinar-1700px-X-960px-1.jpg 1700w\" sizes=\"auto, (max-width: 1024px) 100vw, 1024px\" \/><\/figure><p class=\"wp-block-phrase-com-suggested-reading-item__type is-webinar\">Webinar<\/p><\/div><div class=\"wp-block-phrase-com-suggested-reading-item__content\"><h3>Bootcamp Phrase\u00a0: ma\u00eetrisez la synchro des t\u00e2ches pour une localisation plus intelligente et plus rapide<\/h3><p>Gr\u00e2ce \u00e0 la synchro des t\u00e2ches, vous pouvez connecter sans effort Phrase Strings et Phrase TMS pour g\u00e9rer le contenu logiciel multilingue dans un flux de travaux rationalis\u00e9. Centralisez vos ressources, am\u00e9liorez la qualit\u00e9 des traductions et exploitez tout le potentiel de Phrase Localization Platform, tout en gardant vos \u00e9quipes align\u00e9es et efficaces.<\/p><div class=\"wp-block-button is-style-plain wp-block-phrase-com-suggested-reading-item__link\"><a href=\"https:\/\/phrase.com\/fr\/resources\/webinars\/phrase-bootcamp-job-sync\/\" class=\"wp-block-button__link wp-element-button\">En savoir plus<\/a><\/div><\/div><\/div><\/div>\n<\/div><\/div><\/div><\/div>\n\n\n<div style=\"height:10px\" aria-hidden=\"true\" class=\"wp-block-spacer\"><\/div>\n\n\n\n<div class=\"wp-block-group alignwide has-yellow-background-color has-background has-global-padding is-layout-constrained wp-block-group-is-layout-constrained\" style=\"margin-top:var(--wp--preset--spacing--70)\">\n<h2 class=\"wp-block-heading has-text-align-center has-black-color has-text-color has-link-color wp-elements-ae90188145c2f7ca3b3ecdfaa622bd8b\" id=\"h-vous-voulez-en-savoir-plus-nbsp\">Vous voulez en savoir plus&nbsp;?<\/h2>\n\n\n\n<div class=\"wp-block-buttons is-content-justification-center is-layout-flex wp-container-core-buttons-is-layout-a89b3969 wp-block-buttons-is-layout-flex\">\n<div class=\"wp-block-button is-style-default\"><a class=\"wp-block-button__link wp-element-button\" href=\"https:\/\/phrase.com\/fr\/contact\/\">Nous contacter<\/a><\/div>\n\n\n\n<div class=\"wp-block-button is-style-grey-filled\"><a class=\"wp-block-button__link wp-element-button\" href=\"https:\/\/phrase.com\/fr\/demo\/\">R\u00e9server une d\u00e9mo<\/a><\/div>\n<\/div>\n<\/div>\n","protected":false},"excerpt":{"rendered":"<p>\u00c9v\u00e9nements Phrase Rejoignez-nous \u00e0 l&rsquo;un de nos \u00e9v\u00e9nements en personne pour d\u00e9couvrir par vous-m\u00eame comment nous transformons l&rsquo;exp\u00e9rience client et stimulons la croissance internationale gr\u00e2ce \u00e0 nos derni\u00e8res technologies, innovations et informations exploitables. Vous voulez en savoir plus&nbsp;?<\/p>\n","protected":false},"author":6,"featured_media":114850,"parent":0,"menu_order":0,"comment_status":"closed","ping_status":"closed","template":"page-refresh","meta":{"_acf_changed":false,"_stopmodifiedupdate":false,"_modified_date":"","_searchwp_excluded":"","episode_type":"","audio_file":"","podmotor_file_id":"","podmotor_episode_id":"","cover_image":"","cover_image_id":"","duration":"","filesize":"","filesize_raw":"","date_recorded":"","explicit":"","block":"","itunes_episode_number":"","itunes_title":"","itunes_season_number":"","itunes_episode_type":"","footnotes":""},"class_list":["post-61904","page","type-page","status-publish","has-post-thumbnail","hentry"],"acf":[],"_links":{"self":[{"href":"https:\/\/phrase.com\/fr\/wp-json\/wp\/v2\/pages\/61904","targetHints":{"allow":["GET"]}}],"collection":[{"href":"https:\/\/phrase.com\/fr\/wp-json\/wp\/v2\/pages"}],"about":[{"href":"https:\/\/phrase.com\/fr\/wp-json\/wp\/v2\/types\/page"}],"author":[{"embeddable":true,"href":"https:\/\/phrase.com\/fr\/wp-json\/wp\/v2\/users\/6"}],"replies":[{"embeddable":true,"href":"https:\/\/phrase.com\/fr\/wp-json\/wp\/v2\/comments?post=61904"}],"version-history":[{"count":13,"href":"https:\/\/phrase.com\/fr\/wp-json\/wp\/v2\/pages\/61904\/revisions"}],"predecessor-version":[{"id":134267,"href":"https:\/\/phrase.com\/fr\/wp-json\/wp\/v2\/pages\/61904\/revisions\/134267"}],"wp:featuredmedia":[{"embeddable":true,"href":"https:\/\/phrase.com\/fr\/wp-json\/wp\/v2\/media\/114850"}],"wp:attachment":[{"href":"https:\/\/phrase.com\/fr\/wp-json\/wp\/v2\/media?parent=61904"}],"curies":[{"name":"wp","href":"https:\/\/api.w.org\/{rel}","templated":true}]}}