{"id":74401,"date":"2024-01-30T11:11:40","date_gmt":"2024-01-30T10:11:40","guid":{"rendered":"https:\/\/phrase.com\/?page_id=74401"},"modified":"2026-04-07T12:23:22","modified_gmt":"2026-04-07T10:23:22","slug":"pricing-demo","status":"publish","type":"page","link":"https:\/\/phrase.com\/fr\/pricing-demo\/","title":{"rendered":"Tarifs"},"content":{"rendered":"\n<div class=\"wp-block-group alignfull has-background-images has-global-padding is-layout-constrained wp-block-group-is-layout-constrained\" style=\"background-image:url(https:\/\/phrase.com\/wp-content\/uploads\/2024\/03\/svgexport-1-18.svg),url(https:\/\/phrase.com\/wp-content\/uploads\/2024\/03\/svgexport-1-19.svg);background-position:100% 0%,0% 0%;background-attachment:scroll,scroll;background-repeat:no-repeat,no-repeat;background-size:auto,auto\">\n<div class=\"wp-block-columns alignwide is-layout-flex wp-container-core-columns-is-layout-057d20c6 wp-block-columns-is-layout-flex\" style=\"padding-right:var(--wp--preset--spacing--70);padding-left:var(--wp--preset--spacing--70)\">\n<div class=\"wp-block-column is-layout-flow wp-block-column-is-layout-flow\">\n<div style=\"height:25px\" aria-hidden=\"true\" class=\"wp-block-spacer\"><\/div>\n\n\n\n<h1 class=\"wp-block-heading has-extra-huge-font-size\" id=\"h-decouvrez-toutes-les-possibilites-que-vous-offrent-nos-forfaits\">D\u00e9couvrez toutes les possibilit\u00e9s que vous offrent nos forfaits<\/h1>\n\n\n\n<p class=\"has-large-font-size\">Nous serions ravis de vous montrer comment fonctionne la plateforme de localisation Phrase et de r\u00e9pondre \u00e0 toutes vos questions sur nos forfaits.<br><br>Pour voir le produit en action, envoyez le formulaire avec votre e-mail professionnel et r\u00e9servez imm\u00e9diatement une d\u00e9mo \u00e0 un moment qui vous convient.<\/p>\n\n\n\n<div class=\"wp-block-group alignwide has-light-grey-background-color has-background has-background-images is-vertical is-layout-flex wp-container-core-group-is-layout-629585ae wp-block-group-is-layout-flex\" style=\"margin-top:var(--wp--preset--spacing--10);background-image:url(https:\/\/staging-phrasestagingpx-phrasedev.kinsta.cloud\/wp-content\/uploads\/2024\/03\/svgexport-1-8.svg),url(https:\/\/staging-phrasestagingpx-phrasedev.kinsta.cloud\/wp-content\/uploads\/2024\/03\/svgexport-1-9.svg);background-position:100% 100%,-4% 600%;background-attachment:scroll,scroll;background-repeat:no-repeat,no-repeat;background-size:auto,auto\">\n<div class=\"wp-block-group alignwide is-vertical is-layout-flex wp-container-core-group-is-layout-a0bebe47 wp-block-group-is-layout-flex\" style=\"margin-top:0;margin-bottom:0;padding-top:0;padding-right:0;padding-bottom:0;padding-left:0\">\n<p class=\"has-large-font-size\"><strong><strong>Plateforme de localisation prim\u00e9e<\/strong><\/strong><\/p>\n\n\n\n<p class=\"is-style-default has-small-font-size\">Les commentaires authentiques de plus d\u2019un millier d\u2019utilisateurs G2 v\u00e9rifi\u00e9s nous classent comme un leader de confiance, partenaire incontournable pour vous aider \u00e0 acc\u00e9der aux march\u00e9s internationaux.<\/p>\n<\/div>\n\n\n\n<div class=\"wp-block-group alignwide is-horizontal is-content-justification-center is-layout-flex wp-container-core-group-is-layout-8558f6ec wp-block-group-is-layout-flex\">\n<figure class=\"wp-block-image size-full is-resized is-style-not-rounded\"><img loading=\"lazy\" decoding=\"async\" width=\"868\" height=\"1000\" src=\"https:\/\/phrase.com\/wp-content\/uploads\/2026\/03\/g2-medal-33.png\" alt=\"m\u00e9daille g2 printemps 26\" class=\"wp-image-138371\" style=\"width:120px\" srcset=\"https:\/\/phrase.com\/wp-content\/uploads\/2026\/03\/g2-medal-33.png 868w, https:\/\/phrase.com\/wp-content\/uploads\/2026\/03\/g2-medal-33-260x300.png 260w, https:\/\/phrase.com\/wp-content\/uploads\/2026\/03\/g2-medal-33-768x885.png 768w\" sizes=\"auto, (max-width: 868px) 100vw, 868px\" \/><\/figure>\n\n\n\n<figure class=\"wp-block-image size-full is-resized is-style-not-rounded\"><img loading=\"lazy\" decoding=\"async\" width=\"868\" height=\"1000\" src=\"https:\/\/phrase.com\/wp-content\/uploads\/2026\/03\/g2-medal-30.png\" alt=\"m\u00e9daille g2 printemps 26\" class=\"wp-image-138369\" style=\"width:120px\" srcset=\"https:\/\/phrase.com\/wp-content\/uploads\/2026\/03\/g2-medal-30.png 868w, https:\/\/phrase.com\/wp-content\/uploads\/2026\/03\/g2-medal-30-260x300.png 260w, https:\/\/phrase.com\/wp-content\/uploads\/2026\/03\/g2-medal-30-768x885.png 768w\" sizes=\"auto, (max-width: 868px) 100vw, 868px\" \/><\/figure>\n\n\n\n<figure class=\"wp-block-image size-full is-resized is-style-not-rounded\"><img loading=\"lazy\" decoding=\"async\" width=\"868\" height=\"1000\" src=\"https:\/\/phrase.com\/wp-content\/uploads\/2026\/03\/g2-medal-32.png\" alt=\"M\u00e9daille G2 printemps 26\" class=\"wp-image-138370\" style=\"width:120px\" srcset=\"https:\/\/phrase.com\/wp-content\/uploads\/2026\/03\/g2-medal-32.png 868w, https:\/\/phrase.com\/wp-content\/uploads\/2026\/03\/g2-medal-32-260x300.png 260w, https:\/\/phrase.com\/wp-content\/uploads\/2026\/03\/g2-medal-32-768x885.png 768w\" sizes=\"auto, (max-width: 868px) 100vw, 868px\" \/><\/figure>\n<\/div>\n<\/div>\n<\/div>\n\n\n\n<div class=\"wp-block-column is-layout-flow wp-block-column-is-layout-flow\">\n<div style=\"height:25px\" aria-hidden=\"true\" class=\"wp-block-spacer\"><\/div>\n\n\n\n<script charset=\"utf-8\" type=\"text\/javascript\" src=\"\/\/js.hsforms.net\/forms\/embed\/v2.js\"><\/script>\n<script>\n  hbspt.forms.create({\n    portalId: \"584311\",\n    formId: \"1e013a6a-a2a5-4f79-b92a-1ed91937ab2d\",\n    region: \"na1\"\n  });\n<\/script>\n\n<script src=\"https:\/\/js.chilipiper.com\/marketing.js\" type=\"text\/javascript\"><\/script>\n<script>\nvar cpTenantDomain = \"phrase\"; \/\/ replace with your subdomain\nvar cpRouterName = \"phrase_new\"; \/\/ replace with the router's name\nvar lead = {};\nwindow.addEventListener(\"message\", function (event) {\n if (event.data.type === \"hsFormCallback\") {\n if (event.data.eventName === \"onFormSubmit\") {\n for (var key in event.data.data) {\n if (Array.isArray(event.data.data[key].value)) {event.data.data[key].value = event.data.data[key].value.toString().replaceAll(\",\",\";\");}\n lead[event.data.data[key].name] = event.data.data[key].value;\n }\n if(Object.keys(lead).length <= 1){lead = event.data.data;}\n } else if (event.data.eventName === \"onFormSubmitted\") {\n ChiliPiper.submit(cpTenantDomain, cpRouterName, {map:true,lead:lead});\n }\n }\n});\n<\/script>\n<\/div>\n<\/div>\n\n\n\n<div style=\"height:200px\" aria-hidden=\"true\" class=\"wp-block-spacer\"><\/div>\n<\/div>\n","protected":false},"excerpt":{"rendered":"<p>D\u00e9couvrez toutes les possibilit\u00e9s que vous offrent nos forfaits Nous serions ravis de vous montrer comment fonctionne la plateforme de localisation Phrase et de r\u00e9pondre \u00e0 toutes vos questions sur nos forfaits. Pour voir le produit en action, envoyez le formulaire avec votre e-mail professionnel et r\u00e9servez imm\u00e9diatement une d\u00e9mo \u00e0 un moment qui vous [&hellip;]<\/p>\n","protected":false},"author":63,"featured_media":0,"parent":0,"menu_order":0,"comment_status":"closed","ping_status":"closed","template":"page-refresh","meta":{"_acf_changed":false,"_stopmodifiedupdate":false,"_modified_date":"","_searchwp_excluded":"","episode_type":"","audio_file":"","podmotor_file_id":"","podmotor_episode_id":"","cover_image":"","cover_image_id":"","duration":"","filesize":"","filesize_raw":"","date_recorded":"","explicit":"","block":"","itunes_episode_number":"","itunes_title":"","itunes_season_number":"","itunes_episode_type":"","footnotes":""},"class_list":["post-74401","page","type-page","status-publish","hentry"],"acf":[],"_links":{"self":[{"href":"https:\/\/phrase.com\/fr\/wp-json\/wp\/v2\/pages\/74401","targetHints":{"allow":["GET"]}}],"collection":[{"href":"https:\/\/phrase.com\/fr\/wp-json\/wp\/v2\/pages"}],"about":[{"href":"https:\/\/phrase.com\/fr\/wp-json\/wp\/v2\/types\/page"}],"author":[{"embeddable":true,"href":"https:\/\/phrase.com\/fr\/wp-json\/wp\/v2\/users\/63"}],"replies":[{"embeddable":true,"href":"https:\/\/phrase.com\/fr\/wp-json\/wp\/v2\/comments?post=74401"}],"version-history":[{"count":16,"href":"https:\/\/phrase.com\/fr\/wp-json\/wp\/v2\/pages\/74401\/revisions"}],"predecessor-version":[{"id":139564,"href":"https:\/\/phrase.com\/fr\/wp-json\/wp\/v2\/pages\/74401\/revisions\/139564"}],"wp:attachment":[{"href":"https:\/\/phrase.com\/fr\/wp-json\/wp\/v2\/media?parent=74401"}],"curies":[{"name":"wp","href":"https:\/\/api.w.org\/{rel}","templated":true}]}}