{"id":76481,"date":"2024-03-01T16:32:11","date_gmt":"2024-03-01T15:32:11","guid":{"rendered":"https:\/\/phrase.com\/integration-sanity-io\/"},"modified":"2025-10-06T10:37:36","modified_gmt":"2025-10-06T08:37:36","slug":"sanity-io","status":"publish","type":"page","link":"https:\/\/phrase.com\/fr\/integrations\/sanity-io\/","title":{"rendered":"Int\u00e9gration Sanity.io"},"content":{"rendered":"\n<div class=\"wp-block-group alignwide is-style-header-hero has-white-color has-white-background-color has-text-color has-background has-link-color has-background-images wp-elements-bfe905e9e7cc5a8f200efa5430f96a42 is-layout-flow wp-block-group-is-layout-flow\" style=\"padding-top:var(--wp--preset--spacing--110);padding-bottom:var(--wp--preset--spacing--110);background-image:url(https:\/\/phrase.com\/wp-content\/uploads\/2025\/07\/phrase-header-blue.jpg.webp);background-position:0% 100%;background-attachment:scroll;background-repeat:no-repeat;background-size:cover\">\n<div class=\"wp-block-group has-global-padding is-content-justification-left is-layout-constrained wp-container-core-group-is-layout-4513c74a wp-block-group-is-layout-constrained\"><div class=\"yoast-breadcrumbs\"><span><span><a href=\"https:\/\/phrase.com\/fr\/\">Home<\/a><\/span> | <span><a href=\"https:\/\/phrase.com\/fr\/integrations\/\">Int\u00e9grations<\/a><\/span> | <span class=\"breadcrumb_last\" aria-current=\"page\">Int\u00e9gration Sanity.io<\/span><\/span><\/div>\n\n\n<h2 class=\"wp-block-heading has-text-align-left has-gigantic-font-size\" id=\"h-phrase-sanity-io\" style=\"font-style:normal;font-weight:400\">Phrase + Sanity.io<\/h2>\n\n\n\n<div class=\"wp-block-group has-global-padding is-content-justification-left is-layout-constrained wp-container-core-group-is-layout-12dd3699 wp-block-group-is-layout-constrained\">\n<p class=\"has-text-align-left\">Rationalisez la gestion et le d\u00e9ploiement de contenus adapt\u00e9s \u00e0 un public international, et assurez ainsi une exp\u00e9rience utilisateur coh\u00e9rente et engageante \u00e0 travers tous les points de contact num\u00e9riques.<\/p>\n\n\n\n<p class=\"has-text-align-left\">Tirez profit du CCMS (Component Content Management System, ou syst\u00e8me de gestion de contenu par composant) de Sanity pour cr\u00e9er des sites marketing attractifs, des plateformes de commerce en ligne percutantes, et des applications mobiles dynamiques. Donnez aux d\u00e9veloppeurs et aux gestionnaires de contenu les moyens d\u2019\u00e9tendre la port\u00e9e de leur contenu localis\u00e9 \u00e0 l\u2019ensemble des canaux num\u00e9riques de mani\u00e8re efficace.<\/p>\n<\/div>\n\n\n\n<div class=\"wp-block-buttons is-content-justification-left is-layout-flex wp-container-core-buttons-is-layout-fc4fd283 wp-block-buttons-is-layout-flex\">\n<div class=\"wp-block-button is-style-blue-filled\"><a class=\"wp-block-button__link wp-element-button\" href=\"https:\/\/phrase.com\/fr\/demo\/\" target=\"_blank\" rel=\"noreferrer noopener\">Demander une d\u00e9mo<\/a><\/div>\n<\/div>\n<\/div>\n<\/div>\n\n\n<div class=\"alignwide wp-block-phrase-com-image-carousel\"><div class=\"wp-block-phrase-com-image-carousel__slider embla\"><div class=\"wp-block-phrase-com-image-carousel__slides embla__viewport\"><div class=\"embla__container\">\n\n<figure class=\"wp-block-image size-full is-resized embla__slide\"><img decoding=\"async\" width=\"246\" height=\"80\" loading=\"eager\" src=\"https:\/\/phrase.com\/wp-content\/uploads\/2025\/01\/uber-logo.png\" alt=\"\" class=\"wp-image-98759\" style=\"object-fit:cover;width:94px;height:auto\" \/><\/figure>\n\n\n\n<figure class=\"wp-block-image size-full embla__slide\"><img decoding=\"async\" width=\"246\" height=\"80\" loading=\"eager\" src=\"https:\/\/phrase.com\/wp-content\/uploads\/2025\/01\/lionbridge-logo.png\" alt=\"lionbridge logo\" class=\"wp-image-98772\" style=\"object-fit:cover\" \/><\/figure>\n\n\n\n<figure class=\"wp-block-image size-medium embla__slide\"><img decoding=\"async\" width=\"300\" height=\"66\" loading=\"eager\" src=\"https:\/\/phrase.com\/wp-content\/uploads\/2024\/12\/tripadvisor-logo-phrase-300x66.png\" alt=\"\" class=\"wp-image-96344\" style=\"object-fit:cover\" srcset=\"https:\/\/phrase.com\/wp-content\/uploads\/2024\/12\/tripadvisor-logo-phrase-300x66.png 300w, https:\/\/phrase.com\/wp-content\/uploads\/2024\/12\/tripadvisor-logo-phrase-1024x225.png 1024w, https:\/\/phrase.com\/wp-content\/uploads\/2024\/12\/tripadvisor-logo-phrase-768x168.png 768w, https:\/\/phrase.com\/wp-content\/uploads\/2024\/12\/tripadvisor-logo-phrase-1536x337.png 1536w, https:\/\/phrase.com\/wp-content\/uploads\/2024\/12\/tripadvisor-logo-phrase.png 2048w\" sizes=\"(max-width: 300px) 100vw, 300px\" \/><\/figure>\n\n\n\n<figure class=\"wp-block-image size-full is-style-linked embla__slide\"><a href=\"https:\/\/phrase.com\/fr\/customers\/zendesk\/\" target=\"_blank\" rel=\" noreferrer noopener\"><img decoding=\"async\" width=\"246\" height=\"80\" loading=\"eager\" src=\"https:\/\/phrase.com\/wp-content\/uploads\/2025\/01\/zendesk-logo-phrase.png\" alt=\"Zendesk logo\" class=\"wp-image-98787\" style=\"object-fit:cover\" \/><\/a><figcaption class=\"wp-element-caption\"><a href=\"https:\/\/phrase.com\/fr\/customers\/zendesk\/\" target=\"_blank\" rel=\" noreferrer noopener\">Case Study<\/a><\/figcaption><\/figure>\n\n\n\n<figure class=\"wp-block-image size-full embla__slide\"><img decoding=\"async\" width=\"246\" height=\"80\" loading=\"eager\" src=\"https:\/\/phrase.com\/wp-content\/uploads\/2025\/01\/aws-logo.png\" alt=\"aws logo\" class=\"wp-image-98752\" style=\"object-fit:cover\" \/><\/figure>\n\n\n\n<figure class=\"wp-block-image size-full embla__slide\"><img decoding=\"async\" width=\"246\" height=\"80\" loading=\"eager\" src=\"https:\/\/phrase.com\/wp-content\/uploads\/2025\/01\/snowflake-logo-1.png\" alt=\"snowflake logo\" class=\"wp-image-98871\" style=\"object-fit:cover\" \/><\/figure>\n\n\n\n<figure class=\"wp-block-image size-full is-resized embla__slide\"><img decoding=\"async\" width=\"246\" height=\"80\" loading=\"eager\" src=\"https:\/\/phrase.com\/wp-content\/uploads\/2025\/05\/Footlocker-Logo.png\" alt=\"\" class=\"wp-image-106774\" style=\"object-fit:cover;width:123px;height:auto\" \/><\/figure>\n\n\n\n<figure class=\"wp-block-image size-full is-resized is-style-linked embla__slide\"><a href=\"https:\/\/phrase.com\/fr\/customers\/deliveroo\/\" target=\"_blank\" rel=\" noreferrer noopener\"><img decoding=\"async\" width=\"246\" height=\"80\" loading=\"eager\" src=\"https:\/\/phrase.com\/wp-content\/uploads\/2025\/01\/deliveroo-logo.png\" alt=\"deliveroo logo\" class=\"wp-image-98853\" style=\"object-fit:cover;width:123px;height:auto\" \/><\/a><figcaption class=\"wp-element-caption\"><a href=\"https:\/\/phrase.com\/fr\/customers\/deliveroo\/\" target=\"_blank\" rel=\" noreferrer noopener\">Case Study<\/a><\/figcaption><\/figure>\n\n\n\n<figure class=\"wp-block-image size-full is-resized embla__slide\"><img decoding=\"async\" width=\"246\" height=\"80\" loading=\"eager\" src=\"https:\/\/phrase.com\/wp-content\/uploads\/2025\/01\/Decathlon-logo.png\" alt=\"decathlon logo\" class=\"wp-image-98825\" style=\"object-fit:cover;width:123px;height:auto\" \/><\/figure>\n\n\n\n<figure class=\"wp-block-image size-large is-resized is-style-linked embla__slide\"><a href=\"https:\/\/phrase.com\/fr\/customers\/braze\/\" target=\"_blank\" rel=\" noreferrer noopener\"><img fetchpriority=\"high\" decoding=\"async\" width=\"1024\" height=\"516\" loading=\"eager\" src=\"https:\/\/phrase.com\/wp-content\/uploads\/2024\/12\/Braze_Primary_logo_PURPLE_CROPPED-1024x516.png\" alt=\"\" class=\"wp-image-96328\" style=\"width:79px;height:auto\" \/><\/a><figcaption class=\"wp-element-caption\"><a href=\"https:\/\/phrase.com\/fr\/customers\/braze\/\" target=\"_blank\" rel=\" noreferrer noopener\">Case Study<\/a><\/figcaption><\/figure>\n\n\n\n<figure class=\"wp-block-image size-full is-resized embla__slide\"><img decoding=\"async\" width=\"246\" height=\"80\" loading=\"eager\" src=\"https:\/\/phrase.com\/wp-content\/uploads\/2025\/01\/electrolux-logo.png\" alt=\"electrolux logo\" class=\"wp-image-98840\" style=\"object-fit:cover;width:123px;height:auto\" \/><\/figure>\n\n\n\n<figure class=\"wp-block-image size-full is-resized embla__slide\"><img decoding=\"async\" width=\"1200\" height=\"453\" loading=\"eager\" src=\"https:\/\/phrase.com\/wp-content\/uploads\/2025\/08\/Zoetis_logo.svg.png\" alt=\"Zoetis_logo\" class=\"wp-image-113374\" style=\"object-fit:cover;width:123px;height:auto\" srcset=\"https:\/\/phrase.com\/wp-content\/uploads\/2025\/08\/Zoetis_logo.svg.png 1200w, https:\/\/phrase.com\/wp-content\/uploads\/2025\/08\/Zoetis_logo.svg-300x113.png 300w, https:\/\/phrase.com\/wp-content\/uploads\/2025\/08\/Zoetis_logo.svg-1024x387.png 1024w, https:\/\/phrase.com\/wp-content\/uploads\/2025\/08\/Zoetis_logo.svg-768x290.png 768w\" sizes=\"(max-width: 1200px) 100vw, 1200px\" \/><\/figure>\n\n\n\n<figure class=\"wp-block-image size-full is-resized is-style-linked embla__slide\"><a href=\"https:\/\/phrase.com\/fr\/customers\/what3words\/\" target=\"_blank\" rel=\" noreferrer noopener\"><img decoding=\"async\" width=\"246\" height=\"80\" loading=\"eager\" src=\"https:\/\/phrase.com\/wp-content\/uploads\/2025\/01\/What3Words-logo.png\" alt=\"What3Words logo\" class=\"wp-image-98883\" style=\"object-fit:cover;width:123px;height:auto\" \/><\/a><figcaption class=\"wp-element-caption\"><a href=\"https:\/\/phrase.com\/fr\/customers\/what3words\/\" target=\"_blank\" rel=\" noreferrer noopener\">Case Study<\/a><\/figcaption><\/figure>\n\n\n\n<figure class=\"wp-block-image size-full is-resized embla__slide\"><img decoding=\"async\" width=\"246\" height=\"80\" loading=\"eager\" src=\"https:\/\/phrase.com\/wp-content\/uploads\/2025\/01\/puma-logo.png\" alt=\"puma logo\" class=\"wp-image-98766\" style=\"object-fit:cover;width:123px;height:auto\" \/><\/figure>\n\n\n\n<figure class=\"wp-block-image size-full is-resized embla__slide\"><img decoding=\"async\" width=\"246\" height=\"80\" loading=\"eager\" src=\"https:\/\/phrase.com\/wp-content\/uploads\/2025\/01\/vestiaire-collective-logo-1.png\" alt=\"vestiaire collective logo\" class=\"wp-image-98911\" style=\"object-fit:cover;width:123px;height:auto\" \/><\/figure>\n\n\n\n<figure class=\"wp-block-image size-full is-resized is-style-linked embla__slide\"><a href=\"https:\/\/phrase.com\/fr\/customers\/yamazaki-mazak-corporation\/\" target=\"_blank\" rel=\" noreferrer noopener\"><img decoding=\"async\" width=\"246\" height=\"80\" loading=\"eager\" src=\"https:\/\/phrase.com\/wp-content\/uploads\/2025\/04\/Website-Dynamic-Bar-Logos-1.png\" alt=\"\" class=\"wp-image-105020\" style=\"object-fit:cover;width:123px;height:auto\" \/><\/a><figcaption class=\"wp-element-caption\"><a href=\"https:\/\/phrase.com\/fr\/customers\/yamazaki-mazak-corporation\/\" target=\"_blank\" rel=\" noreferrer noopener\">Case Study<\/a><\/figcaption><\/figure>\n\n\n\n<figure class=\"wp-block-image size-full is-resized embla__slide\"><img decoding=\"async\" width=\"868\" height=\"599\" loading=\"eager\" src=\"https:\/\/phrase.com\/wp-content\/uploads\/2025\/10\/PP_Logo_Global_All-Black_2023Dec.png\" alt=\"\" class=\"wp-image-125252\" style=\"object-fit:cover;width:67px;height:auto\" srcset=\"https:\/\/phrase.com\/wp-content\/uploads\/2025\/10\/PP_Logo_Global_All-Black_2023Dec.png 868w, https:\/\/phrase.com\/wp-content\/uploads\/2025\/10\/PP_Logo_Global_All-Black_2023Dec-300x207.png 300w, https:\/\/phrase.com\/wp-content\/uploads\/2025\/10\/PP_Logo_Global_All-Black_2023Dec-768x530.png 768w\" sizes=\"(max-width: 868px) 100vw, 868px\" \/><\/figure>\n\n\n\n<figure class=\"wp-block-image size-full is-style-linked embla__slide\"><a href=\"https:\/\/phrase.com\/fr\/customers\/pega\/\" target=\"_blank\" rel=\" noreferrer noopener\"><img decoding=\"async\" width=\"246\" height=\"80\" loading=\"eager\" src=\"https:\/\/phrase.com\/wp-content\/uploads\/2025\/01\/Website-Dynamic-Bar-Logos-4.png\" alt=\"\" class=\"wp-image-128394\" \/><\/a><figcaption class=\"wp-element-caption\"><a href=\"https:\/\/phrase.com\/fr\/customers\/pega\/\" target=\"_blank\" rel=\" noreferrer noopener\">Case Study<\/a><\/figcaption><\/figure>\n\n\n\n<figure class=\"wp-block-image size-full is-resized embla__slide\"><img decoding=\"async\" width=\"246\" height=\"80\" loading=\"eager\" src=\"https:\/\/phrase.com\/wp-content\/uploads\/2025\/01\/skoda-logo-phrase.png\" alt=\"\" class=\"wp-image-98919\" style=\"object-fit:cover;width:123px;height:auto\" \/><\/figure>\n\n\n\n<figure class=\"wp-block-image size-large is-resized is-style-linked embla__slide\"><a href=\"https:\/\/phrase.com\/fr\/customers\/kucoin\/\" target=\"_blank\" rel=\" noreferrer noopener\"><img decoding=\"async\" width=\"1024\" height=\"235\" loading=\"eager\" src=\"https:\/\/phrase.com\/wp-content\/uploads\/2025\/08\/KuCoin-logo-1024x235.png\" alt=\"\" class=\"wp-image-114895\" style=\"width:123px\" srcset=\"https:\/\/phrase.com\/wp-content\/uploads\/2025\/08\/KuCoin-logo-1024x235.png 1024w, https:\/\/phrase.com\/wp-content\/uploads\/2025\/08\/KuCoin-logo-300x69.png 300w, https:\/\/phrase.com\/wp-content\/uploads\/2025\/08\/KuCoin-logo-768x176.png 768w, https:\/\/phrase.com\/wp-content\/uploads\/2025\/08\/KuCoin-logo.png 1280w\" sizes=\"(max-width: 1024px) 100vw, 1024px\" \/><\/a><figcaption class=\"wp-element-caption\"><a href=\"https:\/\/phrase.com\/fr\/customers\/kucoin\/\" target=\"_blank\" rel=\" noreferrer noopener\">Case Study<\/a><\/figcaption><\/figure>\n\n<\/div><\/div><div class=\"embla__controls\"><button type=\"button\" class=\"embla__prev\" data-glide-dir=\"<\"><svg aria-hidden=\"true\" xmlns=\"http:\/\/www.w3.org\/2000\/svg\" width=\"22\" height=\"22\" fill=\"none\" viewBox=\"0 0 22 22\"><path fill=\"currentColor\" d=\"m10.191 11 3.01 3.036-.917.924L8.36 11l3.925-3.96.915.924L10.192 11Z\"\/><\/svg><span class=\"screen-reader-text\">Previous<\/span><\/button><button type=\"button\" class=\"embla__next\" data-glide-dir=\"&gt;\"><svg xmlns=\"http:\/\/www.w3.org\/2000\/svg\" width=\"22\" height=\"22\" fill=\"none\" viewBox=\"0 0 22 22\"><path fill=\"currentColor\" d=\"m11.809 11-3.01-3.036.916-.924L13.64 11l-3.925 3.96-.915-.924L11.808 11Z\"\/><\/svg><span class=\"screen-reader-text\">Next<\/span><\/button><\/div><\/div><\/div>\n\n\n<div class=\"wp-block-columns alignwide are-vertically-aligned-center media-text-columns media-text-columns--media-right is-layout-flex wp-container-core-columns-is-layout-28f84493 wp-block-columns-is-layout-flex\">\n<div class=\"wp-block-column is-vertically-aligned-center is-layout-flow wp-block-column-is-layout-flow\" style=\"flex-basis:41.9672131148%\">\n<h2 class=\"wp-block-heading has-extra-large-font-size\" id=\"h-scale-personalized-customer-experiences-with-automated-translation-workflows\">Faites \u00e9voluer les exp\u00e9riences clients personnalis\u00e9es avec des flux de travaux de traduction automatis\u00e9s<\/h2>\n\n\n\n<p>Personnalisez l\u2019exp\u00e9rience client selon vos besoins gr\u00e2ce \u00e0 des flux de travaux de traduction automatis\u00e9s. Traduisez ais\u00e9ment votre contenu sur la plateforme Phrase, en vous appuyant sur un m\u00e9lange de traduction humaine et automatique personnalis\u00e9es, ainsi que sur l\u2019assurance qualit\u00e9 et sur des \u00e9tapes de r\u00e9vision. Le contenu traduit est ensuite automatiquement renvoy\u00e9 vers Sanity, ce qui \u00e9limine la n\u00e9cessit\u00e9 de recourir \u00e0 des transferts manuels et acc\u00e9l\u00e8re significativement le processus de traduction.<\/p>\n<\/div>\n\n\n\n<div class=\"wp-block-column is-vertically-aligned-center is-layout-flow wp-block-column-is-layout-flow\" style=\"flex-basis:57.2131147541%\">\n<figure class=\"wp-block-image size-full\"><img loading=\"lazy\" decoding=\"async\" width=\"1260\" height=\"1070\" src=\"https:\/\/phrase.com\/wp-content\/uploads\/2024\/03\/Workflow_Automation_UI.png\" alt=\"IU d\u2019automatisation des flux de travaux\" class=\"wp-image-76385\" srcset=\"https:\/\/phrase.com\/wp-content\/uploads\/2024\/03\/Workflow_Automation_UI.png 1260w, https:\/\/phrase.com\/wp-content\/uploads\/2024\/03\/Workflow_Automation_UI-300x255.png 300w, https:\/\/phrase.com\/wp-content\/uploads\/2024\/03\/Workflow_Automation_UI-1024x870.png 1024w, https:\/\/phrase.com\/wp-content\/uploads\/2024\/03\/Workflow_Automation_UI-768x652.png 768w\" sizes=\"auto, (max-width: 1260px) 100vw, 1260px\" \/><\/figure>\n<\/div>\n<\/div>\n\n\n\n<div class=\"wp-block-columns alignwide are-vertically-aligned-center media-text-columns media-text-columns--media-left is-layout-flex wp-container-core-columns-is-layout-28f84493 wp-block-columns-is-layout-flex\">\n<div class=\"wp-block-column is-vertically-aligned-center is-layout-flow wp-block-column-is-layout-flow\" style=\"flex-basis:57.2131147541%\">\n<figure class=\"wp-block-image size-full\"><img loading=\"lazy\" decoding=\"async\" width=\"1260\" height=\"647\" src=\"https:\/\/phrase.com\/wp-content\/uploads\/2024\/03\/Increased-control-and-visibility-.png\" alt=\"Contr\u00f4le et visibilit\u00e9 accrus\" class=\"wp-image-76391\" srcset=\"https:\/\/phrase.com\/wp-content\/uploads\/2024\/03\/Increased-control-and-visibility-.png 1260w, https:\/\/phrase.com\/wp-content\/uploads\/2024\/03\/Increased-control-and-visibility--300x154.png 300w, https:\/\/phrase.com\/wp-content\/uploads\/2024\/03\/Increased-control-and-visibility--1024x526.png 1024w, https:\/\/phrase.com\/wp-content\/uploads\/2024\/03\/Increased-control-and-visibility--768x394.png 768w\" sizes=\"auto, (max-width: 1260px) 100vw, 1260px\" \/><\/figure>\n<\/div>\n\n\n\n<div class=\"wp-block-column is-vertically-aligned-center is-layout-flow wp-block-column-is-layout-flow\" style=\"flex-basis:41.9672131148%\">\n<h2 class=\"wp-block-heading has-extra-large-font-size\" id=\"h-seamlessly-localize-structured-content\">Localisez facilement le contenu structur\u00e9<\/h2>\n\n\n\n<p>Con\u00e7ue sp\u00e9cialement pour le contenu structur\u00e9, l\u2019int\u00e9gration Phrase pour Sanity offre aux d\u00e9veloppeurs et aux gestionnaires marketing la possibilit\u00e9 de localiser, d\u00e9ployer et r\u00e9utiliser le contenu international \u00e0 travers une vari\u00e9t\u00e9 d\u2019applications, d\u2019appareils et de canaux. Ce processus rationalis\u00e9 permet de s\u2019assurer que le contenu multilingue peut \u00eatre livr\u00e9 partout, maintenant ainsi une exp\u00e9rience utilisateur coh\u00e9rente \u00e0 travers diff\u00e9rentes langues et plateformes.<\/p>\n<\/div>\n<\/div>\n\n\n\n<div class=\"wp-block-columns alignwide are-vertically-aligned-center media-text-columns media-text-columns--media-right is-layout-flex wp-container-core-columns-is-layout-28f84493 wp-block-columns-is-layout-flex\">\n<div class=\"wp-block-column is-vertically-aligned-center is-layout-flow wp-block-column-is-layout-flow\" style=\"flex-basis:41.9672131148%\">\n<h2 class=\"wp-block-heading has-extra-large-font-size\" id=\"h-optimize-translation-efficiency-and-quality-with-intelligent-content-recognition\">Optimisez les rendements et la qualit\u00e9 de vos traductions avec la reconnaissance intelligente de contenu<\/h2>\n\n\n\n<p>Le plug-in Sanity reconna\u00eet le contenu pr\u00e9alablement traduit de mani\u00e8re intelligente, et vous envoie uniquement le nouveau contenu \u00e0 traduire. Avec cette approche, \u00e9conomisez du temps et de l\u2019argent, et permettez alors aux \u00e9quipes de mettre \u00e0 jour le contenu facilement. Les traductions peuvent \u00eatre pr\u00e9visualis\u00e9es avant leur publication afin de garantir coh\u00e9rence et qualit\u00e9 \u00e0 travers tous les canaux pour offrir une exp\u00e9rience utilisateur am\u00e9lior\u00e9e.<\/p>\n<\/div>\n\n\n\n<div class=\"wp-block-column is-vertically-aligned-center is-layout-flow wp-block-column-is-layout-flow\" style=\"flex-basis:57.2131147541%\">\n<figure class=\"wp-block-image size-full\"><img loading=\"lazy\" decoding=\"async\" width=\"1080\" height=\"1080\" src=\"https:\/\/phrase.com\/wp-content\/uploads\/2024\/03\/Translate-e1709306369350.png\" alt=\"Application traduite d&apos;une langue \u00e0 une autre\" class=\"wp-image-76397\" srcset=\"https:\/\/phrase.com\/wp-content\/uploads\/2024\/03\/Translate-e1709306369350.png 1080w, https:\/\/phrase.com\/wp-content\/uploads\/2024\/03\/Translate-e1709306369350-300x300.png 300w, https:\/\/phrase.com\/wp-content\/uploads\/2024\/03\/Translate-e1709306369350-1024x1024.png 1024w, https:\/\/phrase.com\/wp-content\/uploads\/2024\/03\/Translate-e1709306369350-150x150.png 150w, https:\/\/phrase.com\/wp-content\/uploads\/2024\/03\/Translate-e1709306369350-768x768.png 768w\" sizes=\"auto, (max-width: 1080px) 100vw, 1080px\" \/><\/figure>\n<\/div>\n<\/div>\n\n\n\n<div class=\"wp-block-columns alignwide are-vertically-aligned-center media-text-columns media-text-columns--media-left is-layout-flex wp-container-core-columns-is-layout-28f84493 wp-block-columns-is-layout-flex\">\n<div class=\"wp-block-column is-vertically-aligned-center is-layout-flow wp-block-column-is-layout-flow\" style=\"flex-basis:57.2131147541%\">\n<figure class=\"wp-block-image size-full\"><img loading=\"lazy\" decoding=\"async\" width=\"1260\" height=\"1048\" src=\"https:\/\/phrase.com\/wp-content\/uploads\/2024\/03\/Solution_By_Usecase.png\" alt=\"Flux de travaux de collaboration\" class=\"wp-image-76403\" srcset=\"https:\/\/phrase.com\/wp-content\/uploads\/2024\/03\/Solution_By_Usecase.png 1260w, https:\/\/phrase.com\/wp-content\/uploads\/2024\/03\/Solution_By_Usecase-300x250.png 300w, https:\/\/phrase.com\/wp-content\/uploads\/2024\/03\/Solution_By_Usecase-1024x852.png 1024w, https:\/\/phrase.com\/wp-content\/uploads\/2024\/03\/Solution_By_Usecase-768x639.png 768w\" sizes=\"auto, (max-width: 1260px) 100vw, 1260px\" \/><\/figure>\n<\/div>\n\n\n\n<div class=\"wp-block-column is-vertically-aligned-center is-layout-flow wp-block-column-is-layout-flow\" style=\"flex-basis:41.9672131148%\">\n<h2 class=\"wp-block-heading has-extra-large-font-size\" id=\"h-enhanced-collaboration-and-efficiency-across-teams\">Collaboration et efficacit\u00e9 accrue entre les \u00e9quipes<\/h2>\n\n\n\n<p>Instaurez une collaboration fluide et efficace entre les \u00e9quipes qui g\u00e8rent le contenu et celles en charge de la strat\u00e9gie d\u2019internationalisation en visualisant les traductions en cours directement dans le CCMS de Sanity. Vous n\u2019avez donc plus besoin d\u2019alterner entre les plateformes, et les flux de travaux sont alors rationalis\u00e9s, acc\u00e9l\u00e9rant ainsi la prise de d\u00e9cision et am\u00e9liorant la productivit\u00e9.<\/p>\n<\/div>\n<\/div>\n\n\n\n<div class=\"wp-block-group alignwide has-black-color has-yellow-background-color has-text-color has-background has-link-color wp-elements-5deddd5bbc81477238b335087d15ab4f has-global-padding is-layout-constrained wp-block-group-is-layout-constrained\" style=\"margin-top:var(--wp--preset--spacing--56)\">\n<h2 class=\"wp-block-heading has-text-align-center\" id=\"h-ready-to-get-started\">Pr\u00eat \u00e0 vous lancer\u00a0?<\/h2>\n\n\n\n<p class=\"has-text-align-center\">Atteignez un public plus large et \u00e9tablissez des liens plus profonds d\u00e8s aujourd\u2019hui.<\/p>\n\n\n\n<div class=\"wp-block-buttons is-content-justification-center is-layout-flex wp-container-core-buttons-is-layout-a89b3969 wp-block-buttons-is-layout-flex\">\n<div class=\"wp-block-button is-style-default\"><a class=\"wp-block-button__link wp-element-button\" href=\"https:\/\/phrase.com\/fr\/demo\/\" target=\"_blank\" rel=\"noreferrer noopener\">Demander une d\u00e9mo<\/a><\/div>\n\n\n\n<div class=\"wp-block-button is-style-black-outline\"><a class=\"wp-block-button__link wp-element-button\" href=\"https:\/\/phrase.com\/fr\/pricing\/\" target=\"_blank\" rel=\"noreferrer noopener\">Voir les tarifs<\/a><\/div>\n<\/div>\n<\/div>\n\n","protected":false},"excerpt":{"rendered":"<p>Phrase + Sanity.io Rationalisez la gestion et le d\u00e9ploiement de contenus adapt\u00e9s \u00e0 un public international, et assurez ainsi une exp\u00e9rience utilisateur coh\u00e9rente et engageante \u00e0 travers tous les points de contact num\u00e9riques. Tirez profit du CCMS (Component Content Management System, ou syst\u00e8me de gestion de contenu par composant) de Sanity pour cr\u00e9er des sites [&hellip;]<\/p>\n","protected":false},"author":63,"featured_media":0,"parent":32156,"menu_order":0,"comment_status":"closed","ping_status":"closed","template":"page-refresh","meta":{"_acf_changed":false,"_stopmodifiedupdate":false,"_modified_date":"","_searchwp_excluded":"","episode_type":"","audio_file":"","podmotor_file_id":"","podmotor_episode_id":"","cover_image":"","cover_image_id":"","duration":"","filesize":"","filesize_raw":"","date_recorded":"","explicit":"","block":"","itunes_episode_number":"","itunes_title":"","itunes_season_number":"","itunes_episode_type":"","footnotes":""},"class_list":["post-76481","page","type-page","status-publish","hentry"],"acf":[],"_links":{"self":[{"href":"https:\/\/phrase.com\/fr\/wp-json\/wp\/v2\/pages\/76481","targetHints":{"allow":["GET"]}}],"collection":[{"href":"https:\/\/phrase.com\/fr\/wp-json\/wp\/v2\/pages"}],"about":[{"href":"https:\/\/phrase.com\/fr\/wp-json\/wp\/v2\/types\/page"}],"author":[{"embeddable":true,"href":"https:\/\/phrase.com\/fr\/wp-json\/wp\/v2\/users\/63"}],"replies":[{"embeddable":true,"href":"https:\/\/phrase.com\/fr\/wp-json\/wp\/v2\/comments?post=76481"}],"version-history":[{"count":7,"href":"https:\/\/phrase.com\/fr\/wp-json\/wp\/v2\/pages\/76481\/revisions"}],"predecessor-version":[{"id":121684,"href":"https:\/\/phrase.com\/fr\/wp-json\/wp\/v2\/pages\/76481\/revisions\/121684"}],"up":[{"embeddable":true,"href":"https:\/\/phrase.com\/fr\/wp-json\/wp\/v2\/pages\/32156"}],"wp:attachment":[{"href":"https:\/\/phrase.com\/fr\/wp-json\/wp\/v2\/media?parent=76481"}],"curies":[{"name":"wp","href":"https:\/\/api.w.org\/{rel}","templated":true}]}}