{"id":92534,"date":"2024-10-04T14:24:17","date_gmt":"2024-10-04T12:24:17","guid":{"rendered":"https:\/\/phrase.com\/?page_id=92534"},"modified":"2026-02-23T11:17:06","modified_gmt":"2026-02-23T10:17:06","slug":"become-a-partner","status":"publish","type":"page","link":"https:\/\/phrase.com\/fr\/partners\/become-a-partner\/","title":{"rendered":"Devenez partenaire"},"content":{"rendered":"\n<div class=\"wp-block-group alignwide is-style-header-hero has-black-color has-white-color has-light-grey-background-color has-text-color has-background has-link-color has-background-images wp-elements-a100394fd38a294093529fce99a2f75c is-layout-flow wp-block-group-is-layout-flow\" style=\"padding-bottom:0;background-image:url(https:\/\/phrase.com\/wp-content\/uploads\/2025\/05\/phrase-partners-main.jpg.webp);background-position:0% 0%;background-attachment:scroll;background-repeat:no-repeat;background-size:cover\"><div class=\"yoast-breadcrumbs\"><span><span><a href=\"https:\/\/phrase.com\/fr\/\">Home<\/a><\/span> | <span><a href=\"https:\/\/phrase.com\/fr\/partners\/\">Programme de partenariat Phrase<\/a><\/span> | <span class=\"breadcrumb_last\" aria-current=\"page\">Devenez partenaire<\/span><\/span><\/div>\n\n\n<div class=\"wp-block-columns is-layout-flex wp-container-core-columns-is-layout-28f84493 wp-block-columns-is-layout-flex\">\n<div class=\"wp-block-column is-layout-flow wp-block-column-is-layout-flow\">\n<h1 class=\"wp-block-heading has-white-color has-text-color has-link-color wp-elements-29f8da6d893bd60b18b573ba1522ca80\" id=\"h-devenez-partenaire\">Devenez partenaire<\/h1>\n\n\n\n<p class=\"has-white-color has-text-color has-link-color wp-elements-4b312083bea119cf119e667eb172e484\"><br>Nous nous associons \u00e0 des entreprises technologiques de premier plan, des fournisseurs de services, <br>des int\u00e9grateurs de syst\u00e8mes et des consultants pour fournir <br>des solutions collaboratives sur mesure pour des clients communs.<\/p>\n\n\n\n<p><br><\/p>\n<\/div>\n<\/div>\n<\/div>\n\n\n\n<div class=\"wp-block-group has-global-padding is-layout-constrained wp-block-group-is-layout-constrained\" style=\"margin-top:var(--wp--preset--spacing--70);margin-bottom:var(--wp--preset--spacing--70)\">\n<h2 class=\"wp-block-heading has-text-align-center\" id=\"h-une-collaboration-fructueuse\">Une collaboration fructueuse<\/h2>\n\n\n\n<p class=\"has-text-align-center\">Avec la plateforme Phrase, ouvrez-vous \u00e0 d\u2019autres march\u00e9s en toute confiance en rationalisant votre processus de localisation.<br>Notre puissante plateforme vous garantit des traductions coh\u00e9rentes et de haute qualit\u00e9, et s&rsquo;adapte de mani\u00e8re fluide \u00e0 vos nouveaux besoins.<\/p>\n<\/div>\n\n\n\n<div class=\"wp-block-group alignfull has-background-images has-global-padding is-layout-constrained wp-block-group-is-layout-constrained\" style=\"background-image:url(https:\/\/phrase.com\/wp-content\/uploads\/2024\/03\/svgexport-1-16.svg),url(https:\/\/phrase.com\/wp-content\/uploads\/2024\/03\/svgexport-1-10.svg),url(https:\/\/phrase.com\/wp-content\/uploads\/2024\/03\/svgexport-1-17.svg);background-position:100% 0%,0% 70%,100% 100%;background-attachment:scroll,scroll,scroll;background-repeat:no-repeat,no-repeat,no-repeat;background-size:auto,auto,auto\">\n<div class=\"wp-block-group alignwide is-style-feature-grid is-layout-grid wp-container-core-group-is-layout-7f02655c wp-block-group-is-layout-grid\">\n<div class=\"wp-block-group is-vertical is-layout-flex wp-container-core-group-is-layout-fe9cc265 wp-block-group-is-layout-flex\">\n<figure class=\"wp-block-image size-full is-resized is-style-not-rounded\"><img loading=\"lazy\" decoding=\"async\" width=\"72\" height=\"72\" src=\"https:\/\/phrase.com\/wp-content\/uploads\/2025\/07\/marketing-icon.png\" alt=\"\" class=\"wp-image-111267\" style=\"width:80px\"\/><\/figure>\n\n\n\n<h3 class=\"wp-block-heading has-large-font-size\" id=\"h-ressources-commerciales-et-marketing\">Ressources commerciales et marketing<\/h3>\n\n\n\n<p>Nous veillons \u00e0 ce que le message du partenaire et la proposition partag\u00e9e, qui permettent une introduction en toute facilit\u00e9 aux technologies Phrase, soient transmis au public cible.<\/p>\n<\/div>\n\n\n\n<div class=\"wp-block-group is-vertical is-layout-flex wp-container-core-group-is-layout-fe9cc265 wp-block-group-is-layout-flex\">\n<figure class=\"wp-block-image size-full is-resized is-style-not-rounded\"><img loading=\"lazy\" decoding=\"async\" width=\"72\" height=\"72\" src=\"https:\/\/phrase.com\/wp-content\/uploads\/2025\/07\/search.png\" alt=\"\" class=\"wp-image-111022\" style=\"width:80px\"\/><\/figure>\n\n\n\n<h3 class=\"wp-block-heading has-large-font-size\" id=\"h-presence-sur-le-site-web\">Pr\u00e9sence sur le site web<\/h3>\n\n\n\n<p>Les clients de Phrase b\u00e9n\u00e9ficient d\u2019une visibilit\u00e9 totale sur notre r\u00e9seau de partenaires approuv\u00e9s via notre site web.<\/p>\n<\/div>\n\n\n\n<div class=\"wp-block-group is-vertical is-layout-flex wp-container-core-group-is-layout-fe9cc265 wp-block-group-is-layout-flex\">\n<figure class=\"wp-block-image size-full is-resized\"><img loading=\"lazy\" decoding=\"async\" width=\"73\" height=\"73\" src=\"https:\/\/phrase.com\/wp-content\/uploads\/2025\/07\/media.png\" alt=\"\" class=\"wp-image-111054\" style=\"width:80px\"\/><\/figure>\n\n\n\n<h3 class=\"wp-block-heading has-large-font-size\" id=\"h-evenements-et-webinaires-conjoints\">\u00c9v\u00e9nements et webinaires conjoints<\/h3>\n\n\n\n<p>Planifiez des webinaires, des rencontres ou des collaborations lors d&rsquo;\u00e9v\u00e9nements sectoriels, ainsi que des partages de connaissances.<\/p>\n<\/div>\n\n\n\n<div class=\"wp-block-group is-vertical is-layout-flex wp-container-core-group-is-layout-fe9cc265 wp-block-group-is-layout-flex\">\n<figure class=\"wp-block-image size-large is-resized is-style-not-rounded\"><img loading=\"lazy\" decoding=\"async\" width=\"72\" height=\"72\" src=\"https:\/\/phrase.com\/wp-content\/uploads\/2025\/07\/favorites.svg\" alt=\"\" class=\"wp-image-110326\" style=\"width:80px\"\/><\/figure>\n\n\n\n<h3 class=\"wp-block-heading has-large-font-size\" id=\"h-planification-de-la-reussite-pour-les-partenaires\">Planification de la r\u00e9ussite pour les partenaires<\/h3>\n\n\n\n<p>Les partenaires ont acc\u00e8s \u00e0 un responsable de partenariat d\u00e9di\u00e9 dans le but de les aider \u00e0 attirer de nouveaux clients et \u00e0 percevoir de la valeur d\u00e8s le premier jour.<\/p>\n<\/div>\n\n\n\n<div class=\"wp-block-group is-vertical is-layout-flex wp-container-core-group-is-layout-fe9cc265 wp-block-group-is-layout-flex\">\n<figure class=\"wp-block-image size-large is-resized is-style-not-rounded\"><img loading=\"lazy\" decoding=\"async\" width=\"72\" height=\"72\" src=\"https:\/\/phrase.com\/wp-content\/uploads\/2025\/07\/puzzle-piece.svg\" alt=\"\" class=\"wp-image-110301\" style=\"width:80px\"\/><\/figure>\n\n\n\n<h3 class=\"wp-block-heading has-large-font-size\" id=\"h-mappage-des-comptes\">Mappage des comptes<\/h3>\n\n\n\n<p>Nous activons le mappage pour comprendre les valeurs existantes gr\u00e2ce au chevauchement des comptes et aux nouvelles opportunit\u00e9s business partag\u00e9es.<\/p>\n<\/div>\n\n\n\n<div class=\"wp-block-group is-vertical is-layout-flex wp-container-core-group-is-layout-fe9cc265 wp-block-group-is-layout-flex\">\n<figure class=\"wp-block-image size-full is-resized is-style-not-rounded\"><img loading=\"lazy\" decoding=\"async\" width=\"72\" height=\"72\" src=\"https:\/\/phrase.com\/wp-content\/uploads\/2025\/07\/arrow-synch.svg\" alt=\"\" class=\"wp-image-110314\" style=\"width:80px\"\/><\/figure>\n\n\n\n<h3 class=\"wp-block-heading has-large-font-size\" id=\"h-frequence-reguliere\">Fr\u00e9quence r\u00e9guli\u00e8re<\/h3>\n\n\n\n<p>Nous nous engageons \u00e0 ce que les objectifs de notre partenariat soient constamment atteints. Pour cette raison, nous organisons r\u00e9guli\u00e8rement des r\u00e9unions sur une cadence convenue d&rsquo;un commun accord.<\/p>\n<\/div>\n\n\n\n<div class=\"wp-block-group is-vertical is-layout-flex wp-container-core-group-is-layout-fe9cc265 wp-block-group-is-layout-flex\">\n<figure class=\"wp-block-image size-full is-resized is-style-not-rounded\"><img loading=\"lazy\" decoding=\"async\" width=\"72\" height=\"72\" src=\"https:\/\/phrase.com\/wp-content\/uploads\/2025\/07\/partner.png\" alt=\"\" class=\"wp-image-111048\" style=\"width:80px\"\/><\/figure>\n\n\n\n<h3 class=\"wp-block-heading has-large-font-size\" id=\"h-retour-des-clients\">Retour des clients<\/h3>\n\n\n\n<p>L&rsquo;int\u00e9gration d&rsquo;une boucle de retour client partag\u00e9e peut contribuer \u00e0 optimiser le traitement des escalades de support et \u00e0 augmenter la satisfaction, la traction et la fid\u00e9lisation des clients.<\/p>\n<\/div>\n\n\n\n<div class=\"wp-block-group is-vertical is-layout-flex wp-container-core-group-is-layout-fe9cc265 wp-block-group-is-layout-flex\">\n<figure class=\"wp-block-image size-full is-resized is-style-not-rounded\"><img loading=\"lazy\" decoding=\"async\" width=\"49\" height=\"48\" src=\"https:\/\/phrase.com\/wp-content\/uploads\/2025\/07\/table.svg\" alt=\"\" class=\"wp-image-110477\" style=\"width:80px\"\/><\/figure>\n\n\n\n<h3 class=\"wp-block-heading has-large-font-size\" id=\"h-rapports-statistiques\">Rapports statistiques<\/h3>\n\n\n\n<p>B\u00e9n\u00e9ficiez d&rsquo;une compr\u00e9hension plus fine gr\u00e2ce aux engagements partag\u00e9s tels que le taux de closing, les impacts sur le cycle de vente et bien plus encore.<\/p>\n<\/div>\n\n\n\n<div class=\"wp-block-group is-vertical is-layout-flex wp-container-core-group-is-layout-fe9cc265 wp-block-group-is-layout-flex\">\n<figure class=\"wp-block-image size-full is-resized is-style-not-rounded\"><img loading=\"lazy\" decoding=\"async\" width=\"72\" height=\"72\" src=\"https:\/\/phrase.com\/wp-content\/uploads\/2025\/07\/technical.png\" alt=\"\" class=\"wp-image-111042\" style=\"width:80px\"\/><\/figure>\n\n\n\n<h3 class=\"wp-block-heading has-large-font-size\" id=\"h-api-et-support-de-documentation-technique\">API et support de documentation technique<\/h3>\n\n\n\n<p>Tirez parti de notre API ouverte et puissante avec le support technique dont vous avez besoin pour une expansion r\u00e9ussie.<\/p>\n<\/div>\n<\/div>\n\n\n\n<div class=\"wp-block-buttons is-content-justification-center is-layout-flex wp-container-core-buttons-is-layout-31558199 wp-block-buttons-is-layout-flex\" style=\"margin-top:var(--wp--preset--spacing--70);margin-bottom:var(--wp--preset--spacing--70)\">\n<div class=\"wp-block-button is-style-grey-filled\"><a class=\"wp-block-button__link wp-element-button\" href=\"https:\/\/phrase.com\/fr\/partners-inquiries\/\">Devenez partenaire<\/a><\/div>\n<\/div>\n<\/div>\n\n\n\n<div class=\"wp-block-group alignwide has-phrase-green-background-color has-background has-background-images has-global-padding is-content-justification-left is-layout-constrained wp-container-core-group-is-layout-12dd3699 wp-block-group-is-layout-constrained\" style=\"background-image:url(https:\/\/phrase.com\/wp-content\/uploads\/2024\/02\/b73d2cc70754ac3f815cbb0c99a61057-1.jpeg.webp);background-position:0% 0%;background-attachment:scroll;background-repeat:no-repeat;background-size:cover\"><div class=\"glide wp-block-phrase-com-testimonials\"><div class=\"glide__track\" data-glide-el=\"track\"><div class=\"glide__slides\">\t<div class=\"wp-block-phrase-com-testimonial glide__slide\">\n\t\t<div class=\"wp-block-phrase-com-testimonial__text \">\n\t\t\tNous sommes ravis de nous associer \u00e0 Phrase. \u00c9tant donn\u00e9 les r\u00e9centes avanc\u00e9es technologiques, la place prise par l&rsquo;IA et l&rsquo;augmentation de la cr\u00e9ation de contenu, la localisation devient de plus en plus strat\u00e9gique. En nous associant \u00e0 Phrase nous r\u00e9unissons le meilleur des technologies de localisation avec notre offre in\u00e9gal\u00e9e de solutions linguistiques et de contenu mondial.\t\t<\/div>\n\t\t<div class=\"wp-block-phrase-com-testimonial__author\">\n\t\t\t\n\t\t\t<div class=\"wp-block-phrase-com-testimonial__author-info\">\n\t\t\t\t<img loading=\"lazy\" decoding=\"async\" width=\"300\" height=\"190\" src=\"https:\/\/phrase.com\/wp-content\/uploads\/2023\/11\/Vistatec_40.png\" class=\"wp-block-phrase-com-testimonial__author-company-logo\" alt=\"Logo of Vistatec &#8211; Partenaire\" srcset=\"https:\/\/phrase.com\/wp-content\/uploads\/2023\/11\/Vistatec_40.png 400w, https:\/\/phrase.com\/wp-content\/uploads\/2023\/11\/Vistatec_40-300x190.png 300w\" sizes=\"auto, (max-width: 300px) 100vw, 300px\" \/>\n\t\t\t\t<p class=\"wp-block-phrase-com-testimonial__author-name\">\n\t\t\t\t\tPhil Ritchie\t\t\t\t<\/p>\n\n\t\t\t\t<p class=\"wp-block-phrase-com-testimonial__author-title\">\n\t\t\t\t\tCTO\t\t\t\t<\/p>\n\t\t\t<\/div>\n\t\t<\/div>\n\t<\/div>\n\t\t<div class=\"wp-block-phrase-com-testimonial glide__slide\">\n\t\t<div class=\"wp-block-phrase-com-testimonial__text \">\n\t\t\t<p>Phrase est l\u2019un des TMS destin\u00e9s aux linguistes et aux \u00e9quipes de localisation les mieux class\u00e9s au monde, et nous sommes ravis de consolider notre partenariat. Nous sommes fiers des liens professionnels forts que nous avons nou\u00e9s, ainsi que de notre vision commune pour le march\u00e9 de la localisation. Nous avons h\u00e2te d\u2019entamer un nouveau chapitre avec Phrase.<\/p>\n\t\t<\/div>\n\t\t<div class=\"wp-block-phrase-com-testimonial__author\">\n\t\t\t\n\t\t\t<div class=\"wp-block-phrase-com-testimonial__author-info\">\n\t\t\t\t<img loading=\"lazy\" decoding=\"async\" width=\"290\" height=\"139\" src=\"https:\/\/phrase.com\/wp-content\/uploads\/2022\/08\/CaptionHub_Testimonial_Logo.png\" class=\"wp-block-phrase-com-testimonial__author-company-logo\" alt=\"Logo of CaptionHub\" \/>\n\t\t\t\t<p class=\"wp-block-phrase-com-testimonial__author-name\">\n\t\t\t\t\tTom Bridges\t\t\t\t<\/p>\n\n\t\t\t\t<p class=\"wp-block-phrase-com-testimonial__author-title\">\n\t\t\t\t\tPDG\t\t\t\t<\/p>\n\t\t\t<\/div>\n\t\t<\/div>\n\t<\/div>\n\t\t<div class=\"wp-block-phrase-com-testimonial glide__slide\">\n\t\t<div class=\"wp-block-phrase-com-testimonial__text \">\n\t\t\tLes acheteurs de traductions importants et matures ont besoin de plus que de simples traductions. Ils sont \u00e0 la recherche de solutions innovantes et efficaces. Ces solutions peuvent prendre la forme de plug-ins ou de connecteurs pour leurs divers syst\u00e8mes de gestion de contenu. C&rsquo;est l\u00e0 que Phrase nous a aid\u00e9s \u00e0 gagner de nouveaux clients et \u00e0 fid\u00e9liser nos clients existants. Gr\u00e2ce \u00e0 l&rsquo;API de Phrase, nous avons d\u00e9velopp\u00e9 des int\u00e9grations puissantes et attrayantes pour aider nos clients \u00e0 am\u00e9liorer et \u00e0 automatiser leurs flux de travaux.\t\t<\/div>\n\t\t<div class=\"wp-block-phrase-com-testimonial__author\">\n\t\t\t\n\t\t\t<div class=\"wp-block-phrase-com-testimonial__author-info\">\n\t\t\t\t<img loading=\"lazy\" decoding=\"async\" width=\"277\" height=\"131\" src=\"https:\/\/phrase.com\/wp-content\/uploads\/2022\/08\/Acolad_Testimonial_Logo.png\" class=\"wp-block-phrase-com-testimonial__author-company-logo\" alt=\"Logo of Acolad\" \/>\n\t\t\t\t<p class=\"wp-block-phrase-com-testimonial__author-name\">\n\t\t\t\t\tFr\u00e9d\u00e9ric Queudret\t\t\t\t<\/p>\n\n\t\t\t\t<p class=\"wp-block-phrase-com-testimonial__author-title\">\n\t\t\t\t\tDirecteur principal de l&#039;IA et de la technologie\t\t\t\t<\/p>\n\t\t\t<\/div>\n\t\t<\/div>\n\t<\/div>\n\t<\/div><\/div>\t<div class=\"wp-block-phrase-com-testimonials__carousel-controls\">\n\t\t<div class=\"wp-block-phrase-com-testimonials__carousel-progress-bar\"><\/div>\n\t\t<div class=\"glide__arrows wp-block-phrase-com-testimonials__carousel-arrows\" data-glide-el=\"controls\">\n\t\t\t<button type=\"button\" class=\"glide__arrow wp-block-phrase-com-testimonials__carousel-arrow\" data-glide-dir=\"<\">\n\t\t\t\t<svg aria-hidden=\"true\" xmlns=\"http:\/\/www.w3.org\/2000\/svg\" width=\"22\" height=\"22\" fill=\"none\" viewBox=\"0 0 22 22\"><path fill=\"currentColor\" d=\"m10.191 11 3.01 3.036-.917.924L8.36 11l3.925-3.96.915.924L10.192 11Z\"\/><\/svg>\n\t\t\t\t<span class=\"screen-reader-text\">Previous<\/span>\n\t\t\t<\/button>\n\t\t\t<button type=\"button\" class=\"glide__arrow wp-block-phrase-com-testimonials__carousel-arrow\" data-glide-dir=\"&gt;\">\n\t\t\t\t<svg xmlns=\"http:\/\/www.w3.org\/2000\/svg\" width=\"22\" height=\"22\" fill=\"none\" viewBox=\"0 0 22 22\"><path fill=\"currentColor\" d=\"m11.809 11-3.01-3.036.916-.924L13.64 11l-3.925 3.96-.915-.924L11.808 11Z\"\/><\/svg>\n\t\t\t\t<span class=\"screen-reader-text\">Next<\/span>\n\t\t\t<\/button>\n\t\t<\/div>\n\t<\/div>\n\n\t<div class=\"glide__bullets wp-block-phrase-com-testimonials__company-logos\" data-glide-el=\"controls[nav]\">\n\t\t\t\t\t\t\t\t\t<button type=\"button\" class=\"glide__bullet wp-block-phrase-com-testimonials__company-logo\" data-glide-dir=\"=0\">\n\t\t\t\t\t<img loading=\"lazy\" decoding=\"async\" width=\"300\" height=\"190\" src=\"https:\/\/phrase.com\/wp-content\/uploads\/2023\/11\/Vistatec_40.png\" class=\"attachment-300x300 size-300x300\" alt=\"\" srcset=\"https:\/\/phrase.com\/wp-content\/uploads\/2023\/11\/Vistatec_40.png 400w, https:\/\/phrase.com\/wp-content\/uploads\/2023\/11\/Vistatec_40-300x190.png 300w\" sizes=\"auto, (max-width: 300px) 100vw, 300px\" \/>\t\t\t\t<\/button>\n\t\t\t\t\t\t\t\t\t\t\t\t<button type=\"button\" class=\"glide__bullet wp-block-phrase-com-testimonials__company-logo\" data-glide-dir=\"=1\">\n\t\t\t\t\t<img loading=\"lazy\" decoding=\"async\" width=\"290\" height=\"139\" src=\"https:\/\/phrase.com\/wp-content\/uploads\/2022\/08\/CaptionHub_Testimonial_Logo.png\" class=\"attachment-300x300 size-300x300\" alt=\"\" \/>\t\t\t\t<\/button>\n\t\t\t\t\t\t\t\t\t\t\t\t<button type=\"button\" class=\"glide__bullet wp-block-phrase-com-testimonials__company-logo\" data-glide-dir=\"=2\">\n\t\t\t\t\t<img loading=\"lazy\" decoding=\"async\" width=\"277\" height=\"131\" src=\"https:\/\/phrase.com\/wp-content\/uploads\/2022\/08\/Acolad_Testimonial_Logo.png\" class=\"attachment-300x300 size-300x300\" alt=\"\" \/>\t\t\t\t<\/button>\n\t\t\t\t\t\t<\/div>\n\t<\/div><\/div>\n","protected":false},"excerpt":{"rendered":"<p>Devenez partenaire Nous nous associons \u00e0 des entreprises technologiques de premier plan, des fournisseurs de services, des int\u00e9grateurs de syst\u00e8mes et des consultants pour fournir des solutions collaboratives sur mesure pour des clients communs. Une collaboration fructueuse Avec la plateforme Phrase, ouvrez-vous \u00e0 d\u2019autres march\u00e9s en toute confiance en rationalisant votre processus de localisation.Notre puissante [&hellip;]<\/p>\n","protected":false},"author":4,"featured_media":0,"parent":58156,"menu_order":0,"comment_status":"closed","ping_status":"closed","template":"page-refresh","meta":{"_acf_changed":false,"_stopmodifiedupdate":false,"_modified_date":"","_searchwp_excluded":"","episode_type":"","audio_file":"","podmotor_file_id":"","podmotor_episode_id":"","cover_image":"","cover_image_id":"","duration":"","filesize":"","filesize_raw":"","date_recorded":"","explicit":"","block":"","itunes_episode_number":"","itunes_title":"","itunes_season_number":"","itunes_episode_type":"","footnotes":""},"class_list":["post-92534","page","type-page","status-publish","hentry"],"acf":[],"_links":{"self":[{"href":"https:\/\/phrase.com\/fr\/wp-json\/wp\/v2\/pages\/92534","targetHints":{"allow":["GET"]}}],"collection":[{"href":"https:\/\/phrase.com\/fr\/wp-json\/wp\/v2\/pages"}],"about":[{"href":"https:\/\/phrase.com\/fr\/wp-json\/wp\/v2\/types\/page"}],"author":[{"embeddable":true,"href":"https:\/\/phrase.com\/fr\/wp-json\/wp\/v2\/users\/4"}],"replies":[{"embeddable":true,"href":"https:\/\/phrase.com\/fr\/wp-json\/wp\/v2\/comments?post=92534"}],"version-history":[{"count":9,"href":"https:\/\/phrase.com\/fr\/wp-json\/wp\/v2\/pages\/92534\/revisions"}],"predecessor-version":[{"id":135847,"href":"https:\/\/phrase.com\/fr\/wp-json\/wp\/v2\/pages\/92534\/revisions\/135847"}],"up":[{"embeddable":true,"href":"https:\/\/phrase.com\/fr\/wp-json\/wp\/v2\/pages\/58156"}],"wp:attachment":[{"href":"https:\/\/phrase.com\/fr\/wp-json\/wp\/v2\/media?parent=92534"}],"curies":[{"name":"wp","href":"https:\/\/api.w.org\/{rel}","templated":true}]}}