{"id":98088,"date":"2025-01-09T09:36:45","date_gmt":"2025-01-09T08:36:45","guid":{"rendered":"https:\/\/phrase.com\/sinapi\/"},"modified":"2026-03-13T15:23:04","modified_gmt":"2026-03-13T14:23:04","slug":"sinapi","status":"publish","type":"page","link":"https:\/\/phrase.com\/fr\/partners\/sinapi\/","title":{"rendered":"Sinapi"},"content":{"rendered":"\n<div style=\"height:25px\" aria-hidden=\"true\" class=\"wp-block-spacer\"><\/div>\n\n\n\n<div class=\"wp-block-group alignfull has-global-padding is-layout-constrained wp-block-group-is-layout-constrained\">\n<p class=\"has-text-align-center has-blue-color has-text-color has-link-color has-medium-font-size wp-elements-ce2828f64380d5efee1355d919024bac\">PARTENAIRE PHRASE<br><\/p>\n\n\n\n<figure class=\"wp-block-image aligncenter size-full is-resized is-style-not-rounded\"><img loading=\"lazy\" decoding=\"async\" width=\"870\" height=\"435\" src=\"https:\/\/phrase.com\/wp-content\/uploads\/2025\/01\/Logo-Sinapi.webp\" alt=\"\" class=\"wp-image-97467\" style=\"width:298px;height:auto\" srcset=\"https:\/\/phrase.com\/wp-content\/uploads\/2025\/01\/Logo-Sinapi.webp 870w, https:\/\/phrase.com\/wp-content\/uploads\/2025\/01\/Logo-Sinapi-300x150.webp 300w, https:\/\/phrase.com\/wp-content\/uploads\/2025\/01\/Logo-Sinapi-768x384.webp 768w\" sizes=\"auto, (max-width: 870px) 100vw, 870px\" \/><\/figure>\n\n\n\n<h2 class=\"wp-block-heading has-text-align-center has-medium-font-size\" id=\"h-we-re-different-so-your-brand-stands-out-thesinapiteam-com\">Nous sommes diff\u00e9rents. Pour que votre marque se d\u00e9marque.<br><br><a href=\"https:\/\/www.thesinapiteam.com\/\" target=\"_blank\" rel=\"noreferrer noopener\">thesinapiteam.com<\/a><\/h2>\n<\/div>\n\n\n\n<div class=\"wp-block-group alignfull is-style-copy has-transparent-background-color has-background has-global-padding is-layout-constrained wp-block-group-is-layout-constrained\" style=\"padding-top:var(--wp--preset--spacing--8);padding-bottom:var(--wp--preset--spacing--8)\">\n<div class=\"wp-block-group alignwide has-global-padding is-layout-constrained wp-container-core-group-is-layout-f6a58a2d wp-block-group-is-layout-constrained\" style=\"padding-left:var(--wp--preset--spacing--56)\">\n<p class=\"has-text-align-center\">Fond\u00e9e en 2015, avec la conviction profonde que travailler aux c\u00f4t\u00e9s de nos clients garantirait leur succ\u00e8s \u2014 et contribuerait \u00e0 notre propre croissance. Notre mission est de fournir des solutions personnalis\u00e9es qui aident nos clients \u00e0 se mondialiser efficacement et avec succ\u00e8s. Pour ce faire, nous traitons nos collaborateurs, vos clients, la qualit\u00e9 de notre service et le succ\u00e8s de votre entreprise comme si notre soci\u00e9t\u00e9 en d\u00e9pendait. Car c&rsquo;est le cas.<\/p>\n\n\n\n<p class=\"has-text-align-center\">Dans chaque service fourni, nous visons \u00e0 agir en tant que partenaire strat\u00e9gique, en nous concentrant sur la fourniture de solutions personnalis\u00e9es pour garantir l\u2019atteinte de vos objectifs. Nous vous aidons \u00e0 garder une vision d\u2019ensemble, afin que vous puissiez donner la priorit\u00e9 \u00e0 votre objectif principal et obtenir des r\u00e9sultats percutants. Nos ing\u00e9nieurs certifi\u00e9s en technologie et en localisation vous accompagneront tout au long du processus de mondialisation. Notre \u00e9quipe est form\u00e9e pour vous aider \u00e0 d\u00e9velopper, installer, int\u00e9grer et d\u00e9ployer une gamme d&rsquo;outils et de syst\u00e8mes logiciels, selon vos besoins.<\/p>\n\n\n\n<p class=\"has-text-align-center\">L\u2019\u00e9quipe de localisation peut livrer des solutions intelligentes, efficaces et de haute qualit\u00e9 pour la localisation, la publication assist\u00e9e par ordinateur et la gestion de projet afin de garantir que votre message de marque soit transmis clairement.<\/p>\n\n\n\n<p class=\"has-text-align-center\">Dans le domaine du marketing digital, nous g\u00e9rons des strat\u00e9gies marketing omnicanal complexes, pour cr\u00e9er une exp\u00e9rience de marque holistique qui place vos clients au premier plan. De l\u2019acquisition de leads au renforcement des relations clients, nous vous aidons \u00e0 tirer le meilleur parti de votre investissement MarTech.<\/p>\n\n\n\n<p class=\"has-text-align-center\">Sinapi est l&rsquo;une des rares entreprises de services \u00e0 avoir obtenu une certification B Corp, ce qui t\u00e9moigne de notre engagement \u00e0 respecter des normes strictes en mati\u00e8re de responsabilit\u00e9 sociale et environnementale. Ce r\u00e9sultat vient r\u00e9affirmer notre mission\u00a0: exploiter la technologie pour le bien de la soci\u00e9t\u00e9, sans jamais perdre de vue les d\u00e9fis du changement climatique et les in\u00e9galit\u00e9s sociales.<br><br><strong>Nos bureaux<\/strong><\/p>\n\n\n\n<p class=\"has-text-align-center\">\u00c9tats-Unis d&rsquo;Am\u00e9rique, Argentine<\/p>\n\n\n\n<div style=\"height:19px\" aria-hidden=\"true\" class=\"wp-block-spacer\"><\/div>\n\n\n\n<div class=\"wp-block-buttons is-content-justification-center is-layout-flex wp-container-core-buttons-is-layout-a89b3969 wp-block-buttons-is-layout-flex\">\n<div class=\"wp-block-button\"><a class=\"wp-block-button__link wp-element-button\" href=\"https:\/\/phrase.com\/fr\/demo\/\" target=\"_blank\" rel=\"noreferrer noopener\">Nous contacter<\/a><\/div>\n\n\n\n<div class=\"wp-block-button is-style-black-outline\"><a class=\"wp-block-button__link has-text-align-center wp-element-button\" href=\"https:\/\/www.thesinapiteam.com\/\" target=\"_blank\" rel=\"noreferrer noopener\">Visiter le site web<\/a><\/div>\n<\/div>\n<\/div>\n<\/div>\n\n\n\n<div class=\"wp-block-columns alignwide are-vertically-aligned-center is-style-default is-layout-flex wp-container-core-columns-is-layout-28f84493 wp-block-columns-is-layout-flex\">\n<div class=\"wp-block-column is-vertically-aligned-center is-layout-flow wp-container-core-column-is-layout-6220b9e6 wp-block-column-is-layout-flow\" style=\"flex-basis:100%\">\n<h2 class=\"wp-block-heading has-text-align-center has-extra-large-font-size\" id=\"h-services-offered\"><strong>Services propos\u00e9s<\/strong><\/h2>\n\n\n\n<div style=\"height:10px\" aria-hidden=\"true\" class=\"wp-block-spacer\"><\/div>\n\n\n\n<div class=\"wp-block-group is-content-justification-center is-nowrap is-layout-flex wp-container-core-group-is-layout-a68142b0 wp-block-group-is-layout-flex\">\n<div class=\"wp-block-group is-vertical is-layout-flex wp-container-core-group-is-layout-d572cf77 wp-block-group-is-layout-flex\">\n<p>Assistance technique\u00a0:<\/p>\n\n\n\n<ul class=\"wp-block-list\">\n<li>Experts Jira<\/li>\n\n\n\n<li>Automatisation<\/li>\n\n\n\n<li>Sharepoint<\/li>\n\n\n\n<li>Windows Server<\/li>\n\n\n\n<li>D\u00e9veloppement d&rsquo;applications<\/li>\n\n\n\n<li>Gestion de traduction<\/li>\n\n\n\n<li>Partenaire de d\u00e9veloppement<\/li>\n\n\n\n<li>Administrateurs sys.<\/li>\n\n\n\n<li>Solutions d&rsquo;int\u00e9gration<\/li>\n<\/ul>\n<\/div>\n\n\n\n<div class=\"wp-block-group is-vertical is-layout-flex wp-container-core-group-is-layout-d572cf77 wp-block-group-is-layout-flex\">\n<p>Localisation\u00a0:<\/p>\n\n\n\n<ul class=\"wp-block-list\">\n<li>Solutions de localisation<\/li>\n\n\n\n<li>Traduction<\/li>\n\n\n\n<li>Relecture<\/li>\n\n\n\n<li>PAO<\/li>\n\n\n\n<li>Gestion de projet<\/li>\n\n\n\n<li>Partenaire de localisation<\/li>\n\n\n\n<li>Optimisation de la qualit\u00e9<\/li>\n<\/ul>\n<\/div>\n\n\n\n<div class=\"wp-block-group is-vertical is-layout-flex wp-container-core-group-is-layout-d572cf77 wp-block-group-is-layout-flex\">\n<p>Marketing digital\u00a0:<\/p>\n\n\n\n<ul class=\"wp-block-list\">\n<li>Automatisation marketing<\/li>\n\n\n\n<li>Gestion des ressources digitales<\/li>\n\n\n\n<li>Campagnes email<\/li>\n\n\n\n<li>Optimisation des conversions<\/li>\n\n\n\n<li>Maximisation du ROI<\/li>\n\n\n\n<li>D\u00e9veloppement Web<\/li>\n\n\n\n<li>Analyses des donn\u00e9es<\/li>\n\n\n\n<li>Adobe Marketo<\/li>\n\n\n\n<li>Abobe Analytics<\/li>\n\n\n\n<li>HubSpot<\/li>\n\n\n\n<li>Salesforce<\/li>\n<\/ul>\n<\/div>\n<\/div>\n\n\n\n<h2 class=\"wp-block-heading has-text-align-center has-extra-large-font-size\" id=\"h-credentials\"><strong>Informations d\u2019identification<\/strong><\/h2>\n\n\n\n<ul class=\"wp-block-list\">\n<li>ISO 9001:2015<\/li>\n\n\n\n<li>ISO 17100:2015<\/li>\n\n\n\n<li>Certifi\u00e9 Great Place To Work<\/li>\n\n\n\n<li>Certifi\u00e9 B Corp<\/li>\n<\/ul>\n<\/div>\n<\/div>\n\n\n\n<div style=\"height:20px\" aria-hidden=\"true\" class=\"wp-block-spacer\"><\/div>\n\n\n\n<div class=\"wp-block-group alignwide has-yellow-background-color has-background has-global-padding is-layout-constrained wp-block-group-is-layout-constrained\" style=\"margin-top:var(--wp--preset--spacing--56)\">\n<div class=\"wp-block-group is-vertical is-content-justification-center is-layout-flex wp-container-core-group-is-layout-ce155fab wp-block-group-is-layout-flex\">\n<h2 class=\"wp-block-heading has-text-align-center\" id=\"h-discover-more-partners\">D\u00e9couvrir d&rsquo;autres partenaires<\/h2>\n\n\n\n<p class=\"has-text-align-center\">Nous nous associons \u00e0 des entreprises technologiques de premier plan afin que votre \u00e9quipe retire<br>un maximum de valeur de Phrase au quotidien.<\/p>\n<\/div>\n\n\n\n<div class=\"wp-block-buttons is-content-justification-center is-layout-flex wp-container-core-buttons-is-layout-a89b3969 wp-block-buttons-is-layout-flex\">\n<div class=\"wp-block-button\"><a class=\"wp-block-button__link wp-element-button\" href=\"https:\/\/phrase.com\/fr\/partners\/\" target=\"_blank\" rel=\"noreferrer noopener\">Programme de partenariat Phrase<\/a><\/div>\n\n\n\n<div class=\"wp-block-button is-style-black-outline\"><a class=\"wp-block-button__link wp-element-button\" href=\"https:\/\/phrase.com\/partner-referrals\/\" target=\"_blank\" rel=\"noreferrer noopener\">Recommandation de partenaire<\/a><\/div>\n<\/div>\n<\/div>\n\n","protected":false},"excerpt":{"rendered":"<p>PARTENAIRE PHRASE Nous sommes diff\u00e9rents. Pour que votre marque se d\u00e9marque. thesinapiteam.com Fond\u00e9e en 2015, avec la conviction profonde que travailler aux c\u00f4t\u00e9s de nos clients garantirait leur succ\u00e8s \u2014 et contribuerait \u00e0 notre propre croissance. Notre mission est de fournir des solutions personnalis\u00e9es qui aident nos clients \u00e0 se mondialiser efficacement et avec succ\u00e8s. [&hellip;]<\/p>\n","protected":false},"author":77,"featured_media":0,"parent":58156,"menu_order":1,"comment_status":"closed","ping_status":"closed","template":"page-refresh","meta":{"_acf_changed":false,"_stopmodifiedupdate":false,"_modified_date":"","_searchwp_excluded":"","episode_type":"","audio_file":"","podmotor_file_id":"","podmotor_episode_id":"","cover_image":"","cover_image_id":"","duration":"","filesize":"","filesize_raw":"","date_recorded":"","explicit":"","block":"","itunes_episode_number":"","itunes_title":"","itunes_season_number":"","itunes_episode_type":"","footnotes":""},"class_list":["post-98088","page","type-page","status-publish","hentry"],"acf":[],"_links":{"self":[{"href":"https:\/\/phrase.com\/fr\/wp-json\/wp\/v2\/pages\/98088","targetHints":{"allow":["GET"]}}],"collection":[{"href":"https:\/\/phrase.com\/fr\/wp-json\/wp\/v2\/pages"}],"about":[{"href":"https:\/\/phrase.com\/fr\/wp-json\/wp\/v2\/types\/page"}],"author":[{"embeddable":true,"href":"https:\/\/phrase.com\/fr\/wp-json\/wp\/v2\/users\/77"}],"replies":[{"embeddable":true,"href":"https:\/\/phrase.com\/fr\/wp-json\/wp\/v2\/comments?post=98088"}],"version-history":[{"count":5,"href":"https:\/\/phrase.com\/fr\/wp-json\/wp\/v2\/pages\/98088\/revisions"}],"predecessor-version":[{"id":137801,"href":"https:\/\/phrase.com\/fr\/wp-json\/wp\/v2\/pages\/98088\/revisions\/137801"}],"up":[{"embeddable":true,"href":"https:\/\/phrase.com\/fr\/wp-json\/wp\/v2\/pages\/58156"}],"wp:attachment":[{"href":"https:\/\/phrase.com\/fr\/wp-json\/wp\/v2\/media?parent=98088"}],"curies":[{"name":"wp","href":"https:\/\/api.w.org\/{rel}","templated":true}]}}