{"id":124950,"date":"2023-04-06T14:32:21","date_gmt":"2023-04-06T12:32:21","guid":{"rendered":"https:\/\/phrase.com\/actum-digital\/"},"modified":"2025-10-19T15:17:13","modified_gmt":"2025-10-19T13:17:13","slug":"actum-digital","status":"publish","type":"page","link":"https:\/\/phrase.com\/ja\/partners\/actum-digital\/","title":{"rendered":"ACTUM Digital"},"content":{"rendered":"\n<div class=\"wp-block-group alignfull is-style-copy has-transparent-background-color has-background has-global-padding is-content-justification-center is-layout-constrained wp-block-group-is-layout-constrained\" style=\"padding-top:var(--wp--preset--spacing--45);padding-bottom:var(--wp--preset--spacing--45)\">\n<div class=\"wp-block-group alignwide has-global-padding is-content-justification-center is-layout-constrained wp-container-core-group-is-layout-cefc1864 wp-block-group-is-layout-constrained\" style=\"padding-left:var(--wp--preset--spacing--56)\">\n<p class=\"has-text-align-center has-blue-color has-text-color has-link-color wp-elements-fc2b5b3d65fa7d9eb620e9928d26bdfb\">Phrase\u30d1\u30fc\u30c8\u30ca\u30fc<\/p>\n\n\n\n<figure class=\"wp-block-image aligncenter size-full is-resized is-style-not-rounded\"><img loading=\"lazy\" decoding=\"async\" width=\"486\" height=\"75\" src=\"https:\/\/phrase.com\/wp-content\/uploads\/2022\/08\/Actum_Digital_logo.png\" alt=\"Actum Digital logo | Phrase\" class=\"wp-image-4125\" style=\"width:280px;height:auto\" srcset=\"https:\/\/phrase.com\/wp-content\/uploads\/2022\/08\/Actum_Digital_logo.png 486w, https:\/\/phrase.com\/wp-content\/uploads\/2022\/08\/Actum_Digital_logo-300x46.png 300w\" sizes=\"auto, (max-width: 486px) 100vw, 486px\" \/><\/figure>\n\n\n\n<div style=\"height:20px\" aria-hidden=\"true\" class=\"wp-block-spacer\"><\/div>\n\n\n\n<h3 class=\"wp-block-heading has-text-align-center has-medium-font-size\" id=\"h-full-digital-control-guided-by-an-expert-hand\" style=\"margin-bottom:var(--wp--preset--spacing--8);font-style:normal;font-weight:400\"><strong>\u719f\u7df4\u306e\u624b\u306b\u3088\u308b\u5b8c\u5168\u306a\u30c7\u30b8\u30bf\u30eb\u5236\u5fa1<\/strong><\/h3>\n\n\n\n<p class=\"has-text-align-center\"><a href=\"https:\/\/www.acclaro.com\/?utm_campaign=Partner%20Marketing&amp;utm_source=Phrase%20partner%20listing&amp;utm_medium=Main%20link&amp;utm_term=Acclaro\" target=\"_blank\" rel=\"noreferrer noopener\"><\/a><a href=\"https:\/\/www.actumdigital.com\/\" target=\"_blank\" rel=\"noreferrer noopener\">www.actumdigital.com<\/a><\/p>\n\n\n\n<div style=\"height:60px\" aria-hidden=\"true\" class=\"wp-block-spacer\"><\/div>\n\n\n\n<p class=\"has-text-align-center\" style=\"margin-top:0;margin-bottom:var(--wp--preset--spacing--40)\"><strong><br><\/strong>ACTUM Digital\u306f\u3001\u30c1\u30a7\u30b3\u5171\u548c\u56fd\u306b\u672c\u793e\u3092\u7f6e\u304d\u3001\u30aa\u30e9\u30f3\u30c0\u3068\u30c9\u30a4\u30c4\u306b\u3082\u30aa\u30d5\u30a3\u30b9\u3092\u69cb\u3048\u308b\u5927\u624b\u30c7\u30b8\u30bf\u30eb\u30a8\u30fc\u30b8\u30a7\u30f3\u30b7\u30fc\u3067\u3059\u3002\u30a8\u30af\u30b9\u30da\u30ea\u30a8\u30f3\u30b9\u7ba1\u7406\u3001\u30b3\u30de\u30fc\u30b9\u3001\u30d3\u30b8\u30cd\u30b9\u30d7\u30ed\u30bb\u30b9\u3001\u30b3\u30f3\u30c6\u30f3\u30c4\u3001\u305d\u3057\u3066\u30c7\u30fc\u30bf\u6d3b\u7528\u306b\u304a\u3051\u308b\u30a8\u30f3\u30c9\u30c4\u30fc\u30a8\u30f3\u30c9\u306e\u30b5\u30fc\u30d3\u30b9\u3092\u5927\u898f\u6a21\u306b\u63d0\u4f9b\u3059\u308b\u3053\u3068\u3067\u3001\u4f01\u696d\u306e\u7af6\u4e89\u512a\u4f4d\u6027\u3092\u9ad8\u3081\u308b\u3053\u3068\u3092\u4f7f\u547d\u3068\u3057\u3066\u3044\u307e\u3059\u3002\u696d\u754c\u306726\u5e74\u306e\u7d4c\u9a13\u3068300\u4eba\u306e\u719f\u7df4\u3057\u305f\u5c02\u9580\u5bb6\u3067\u69cb\u6210\u3055\u308c\u308b\u30c1\u30fc\u30e0\u3092\u64c1\u3059\u308bACTUM Digital\u306f\u3001\u897f\u30e8\u30fc\u30ed\u30c3\u30d1\u3001\u82f1\u56fd\u3001\u7c73\u56fd\u3067\u30b0\u30ed\u30fc\u30d0\u30eb\u5e02\u5834\u3092\u30ea\u30fc\u30c9\u3059\u308b\u4f01\u696d\u306b\u9ad8\u54c1\u8cea\u306a\u30bd\u30ea\u30e5\u30fc\u30b7\u30e7\u30f3\u3092\u63d0\u4f9b\u3057\u3066\u304d\u305f\u5b9f\u7e3e\u304c\u3042\u308a\u307e\u3059\u3002<br><br>\u30af\u30e9\u30a4\u30a2\u30f3\u30c8\u306b\u306f\u3001Christie\u2019s\u3001Conrad Electronic\u3001Schott\u3001Uponor\u3001Allianz Global Investors\u3001Soci\u00e9t\u00e9 G\u00e9n\u00e9rale\u306a\u3069\u304c\u540d\u3092\u9023\u306d\u3066\u3044\u307e\u3059\u3002Phrase\u3068\u306e\u30d1\u30fc\u30c8\u30ca\u30fc\u30b7\u30c3\u30d7\u306b\u52a0\u3048\u3001Microsoft\u3001SAP\u3001Salesforce\u3001Sitecore\u3001Kentico\u3001Kontent.ai\u3001BigCommerce\u3001Inriver\u3001Bloomreach\u3068\u3044\u3063\u305f\u30c8\u30c3\u30d7\u30c6\u30af\u30ce\u30ed\u30b8\u30fc\u30d7\u30ed\u30d0\u30a4\u30c0\u3068\u3082\u9023\u643a\u3057\u3001\u30af\u30e9\u30a4\u30a2\u30f3\u30c8\u306b\u6700\u9069\u306a\u30bd\u30ea\u30e5\u30fc\u30b7\u30e7\u30f3\u3092\u63d0\u4f9b\u3057\u3066\u3044\u307e\u3059\u3002ACTUM Digital\u3067\u306f\u3001\u54c1\u8cea\u3068\u30bb\u30ad\u30e5\u30ea\u30c6\u30a3\u3092\u6700\u512a\u5148\u306b\u8003\u3048\u3066\u3044\u307e\u3059\u3002ISO 9001\u3001ISO 20000\u3001ISO 27001\u306e\u8a8d\u8a3c\u3092\u53d6\u5f97\u3057\u3066\u304a\u308a\u3001\u6700\u9ad8\u6c34\u6e96\u306e\u30b5\u30fc\u30d3\u30b9\u3092\u3054\u63d0\u4f9b\u3057\u3066\u3044\u307e\u3059\u3002\u3055\u3089\u306b\u3001TISAX\u8a8d\u8a3c\u3092\u53d6\u5f97\u3057\u3066\u3044\u308b\u305f\u3081\u3001\u81ea\u52d5\u8eca\u696d\u754c\u306e\u304a\u5ba2\u69d8\u306e\u6a5f\u5bc6\u60c5\u5831\u3092\u5b89\u5168\u306b\u7ba1\u7406\u3059\u308b\u3053\u3068\u304c\u3067\u304d\u307e\u3059\u3002<\/p>\n\n\n\n<p class=\"has-text-align-center\"><strong>\u30ed\u30b1\u30fc\u30b7\u30e7\u30f3<\/strong><\/p>\n\n\n\n<p class=\"has-text-align-center\">\u30aa\u30e9\u30f3\u30c0\u3001\u30c9\u30a4\u30c4\u3001\u30c1\u30a7\u30b3\u5171\u548c\u56fd<\/p>\n\n\n\n<div style=\"height:19px\" aria-hidden=\"true\" class=\"wp-block-spacer\"><\/div>\n\n\n\n<div class=\"wp-block-buttons is-content-justification-center is-layout-flex wp-container-core-buttons-is-layout-a89b3969 wp-block-buttons-is-layout-flex\">\n<div class=\"wp-block-button\"><a class=\"wp-block-button__link wp-element-button\" href=\"https:\/\/phrase.com\/ja\/demo\/\" target=\"_blank\" rel=\"noreferrer noopener\">\u304a\u554f\u3044\u5408\u308f\u305b<\/a><\/div>\n\n\n\n<div class=\"wp-block-button is-style-black-outline\"><a class=\"wp-block-button__link has-text-align-center wp-element-button\" href=\"https:\/\/www.actumdigital.com\/\" target=\"_blank\" rel=\"noreferrer noopener\">\u516c\u5f0f\u30a6\u30a7\u30d6\u30b5\u30a4\u30c8<\/a><\/div>\n<\/div>\n<\/div>\n<\/div>\n\n\n\n<div class=\"wp-block-columns alignwide are-vertically-aligned-center is-style-default is-layout-flex wp-container-core-columns-is-layout-28f84493 wp-block-columns-is-layout-flex\">\n<div class=\"wp-block-column is-vertically-aligned-center is-layout-flow wp-container-core-column-is-layout-6220b9e6 wp-block-column-is-layout-flow\" style=\"flex-basis:100%\">\n<h2 class=\"wp-block-heading has-text-align-center has-extra-large-font-size\" id=\"h-services-offered\"><strong>\u63d0\u4f9b\u30b5\u30fc\u30d3\u30b9<\/strong><\/h2>\n\n\n\n<div style=\"height:10px\" aria-hidden=\"true\" class=\"wp-block-spacer\"><\/div>\n\n\n\n<div class=\"wp-block-group is-content-justification-center is-nowrap is-layout-flex wp-container-core-group-is-layout-f52be266 wp-block-group-is-layout-flex\">\n<div class=\"wp-block-group is-vertical is-layout-flex wp-container-core-group-is-layout-9f8eab21 wp-block-group-is-layout-flex\">\n<ul class=\"wp-block-list\">\n<li>\u30a8\u30f3\u30c9\u30c4\u30fc\u30a8\u30f3\u30c9\u306e\u30de\u30fc\u30b1\u30c6\u30a3\u30f3\u30b0\u30a6\u30a7\u30d6\u30b5\u30a4\u30c8\u304a\u3088\u3073e\u30b3\u30de\u30fc\u30b9\u30bd\u30ea\u30e5\u30fc\u30b7\u30e7\u30f3<br><\/li>\n\n\n\n<li>\u30b3\u30f3\u30c6\u30f3\u30c4\u904b\u7528<\/li>\n<\/ul>\n<\/div>\n\n\n\n<div class=\"wp-block-group is-vertical is-layout-flex wp-container-core-group-is-layout-9f8eab21 wp-block-group-is-layout-flex\">\n<ul class=\"wp-block-list\">\n<li>\u30d3\u30b8\u30cd\u30b9\u30d7\u30ed\u30bb\u30b9\u81ea\u52d5\u5316<br><\/li>\n\n\n\n<li>CRM\u3001ERP\u3001PIM<\/li>\n<\/ul>\n<\/div>\n\n\n\n<div class=\"wp-block-group is-vertical is-layout-flex wp-container-core-group-is-layout-7a7a8c96 wp-block-group-is-layout-flex\">\n<ul class=\"wp-block-list\">\n<li>\u30b7\u30b9\u30c6\u30e0\u7d71\u5408<br><\/li>\n\n\n\n<li>\u30b5\u30d7\u30e9\u30a4\u30c1\u30a7\u30fc\u30f3\u7ba1\u7406<\/li>\n<\/ul>\n<\/div>\n<\/div>\n<\/div>\n<\/div>\n\n\n\n<div class=\"wp-block-columns alignwide are-vertically-aligned-center is-style-default is-layout-flex wp-container-core-columns-is-layout-28f84493 wp-block-columns-is-layout-flex\">\n<div class=\"wp-block-column is-vertically-aligned-center is-layout-flow wp-container-core-column-is-layout-6220b9e6 wp-block-column-is-layout-flow\" style=\"flex-basis:100%\">\n<h2 class=\"wp-block-heading has-text-align-center has-extra-large-font-size\" id=\"h-credentials\"><strong>\u8cc7\u683c\u60c5\u5831<\/strong><\/h2>\n\n\n\n<div style=\"height:10px\" aria-hidden=\"true\" class=\"wp-block-spacer\"><\/div>\n\n\n\n<div class=\"wp-block-group is-content-justification-center is-nowrap is-layout-flex wp-container-core-group-is-layout-f52be266 wp-block-group-is-layout-flex\">\n<div class=\"wp-block-group is-vertical is-layout-flex wp-container-core-group-is-layout-9f8eab21 wp-block-group-is-layout-flex\">\n<ul class=\"wp-block-list\">\n<li>Kentico<br><\/li>\n\n\n\n<li>Kontent.ai<\/li>\n<\/ul>\n<\/div>\n\n\n\n<div class=\"wp-block-group is-vertical is-layout-flex wp-container-core-group-is-layout-9f8eab21 wp-block-group-is-layout-flex\">\n<ul class=\"wp-block-list\">\n<li>Sitecore<br><\/li>\n\n\n\n<li>Microsoft<\/li>\n<\/ul>\n<\/div>\n\n\n\n<div class=\"wp-block-group is-vertical is-layout-flex wp-container-core-group-is-layout-7a7a8c96 wp-block-group-is-layout-flex\">\n<ul class=\"wp-block-list\">\n<li>Google<br><\/li>\n\n\n\n<li>AWS<br><\/li>\n<\/ul>\n<\/div>\n\n\n\n<div class=\"wp-block-group is-vertical is-layout-flex wp-container-core-group-is-layout-7a7a8c96 wp-block-group-is-layout-flex\">\n<ul class=\"wp-block-list\">\n<li>Salesforce<\/li>\n<\/ul>\n<\/div>\n<\/div>\n<\/div>\n<\/div>\n\n\n\n<div class=\"wp-block-group alignwide has-yellow-background-color has-background has-global-padding is-layout-constrained wp-block-group-is-layout-constrained\" style=\"margin-top:var(--wp--preset--spacing--56)\">\n<div class=\"wp-block-group is-vertical is-content-justification-center is-layout-flex wp-container-core-group-is-layout-ce155fab wp-block-group-is-layout-flex\">\n<h2 class=\"wp-block-heading has-text-align-center\" id=\"h-discover-more-partners\">\u79c1\u305f\u3061\u306e\u30d1\u30fc\u30c8\u30ca\u30fc<\/h2>\n\n\n\n<p class=\"has-text-align-center\">\u79c1\u305f\u3061\u306f\u3001\u30c8\u30c3\u30d7\u30af\u30e9\u30b9\u306e\u30c6\u30af\u30ce\u30ed\u30b8\u30fc\u30d1\u30fc\u30c8\u30ca\u30fc\u3068\u9023\u643a\u3057\u3001<br>\u304a\u5ba2\u69d8\u306e\u30c1\u30fc\u30e0\u304c\u6bce\u65e5Phrase\u3092\u6700\u5927\u9650\u306b\u6d3b\u7528\u3067\u304d\u308b\u3088\u3046\u652f\u63f4\u3057\u3066\u3044\u307e\u3059\u3002<\/p>\n<\/div>\n\n\n\n<div class=\"wp-block-buttons is-content-justification-center is-layout-flex wp-container-core-buttons-is-layout-a89b3969 wp-block-buttons-is-layout-flex\">\n<div class=\"wp-block-button\"><a class=\"wp-block-button__link wp-element-button\" href=\"https:\/\/phrase.com\/ja\/partners\/\" target=\"_blank\" rel=\"noreferrer noopener\">Phrase\u30d1\u30fc\u30c8\u30ca\u30fc\u30d7\u30ed\u30b0\u30e9\u30e0<\/a><\/div>\n\n\n\n<div class=\"wp-block-button is-style-black-outline\"><a class=\"wp-block-button__link wp-element-button\" href=\"https:\/\/phrase.com\/ja\/partners-inquiries\/\" target=\"_blank\" rel=\"noreferrer noopener\">\u30d1\u30fc\u30c8\u30ca\u30fc\u7d39\u4ecb<\/a><\/div>\n<\/div>\n<\/div>\n\n","protected":false},"excerpt":{"rendered":"<p>Phrase\u30d1\u30fc\u30c8\u30ca\u30fc \u719f\u7df4\u306e\u624b\u306b\u3088\u308b\u5b8c\u5168\u306a\u30c7\u30b8\u30bf\u30eb\u5236\u5fa1 www.actumdigital.com ACTUM Digital\u306f\u3001\u30c1\u30a7\u30b3\u5171\u548c\u56fd\u306b\u672c\u793e\u3092\u7f6e\u304d\u3001\u30aa\u30e9\u30f3\u30c0\u3068\u30c9\u30a4\u30c4\u306b\u3082\u30aa\u30d5\u30a3\u30b9\u3092\u69cb\u3048\u308b\u5927\u624b\u30c7\u30b8\u30bf\u30eb\u30a8\u30fc\u30b8\u30a7\u30f3\u30b7\u30fc\u3067 [&hellip;]<\/p>\n","protected":false},"author":4,"featured_media":0,"parent":60491,"menu_order":1,"comment_status":"closed","ping_status":"closed","template":"page-refresh","meta":{"_acf_changed":false,"_stopmodifiedupdate":false,"_modified_date":"","_searchwp_excluded":"","episode_type":"","audio_file":"","podmotor_file_id":"","podmotor_episode_id":"","cover_image":"","cover_image_id":"","duration":"","filesize":"","filesize_raw":"","date_recorded":"","explicit":"","block":"","itunes_episode_number":"","itunes_title":"","itunes_season_number":"","itunes_episode_type":"","footnotes":""},"class_list":["post-124950","page","type-page","status-publish","hentry"],"acf":[],"_links":{"self":[{"href":"https:\/\/phrase.com\/ja\/wp-json\/wp\/v2\/pages\/124950","targetHints":{"allow":["GET"]}}],"collection":[{"href":"https:\/\/phrase.com\/ja\/wp-json\/wp\/v2\/pages"}],"about":[{"href":"https:\/\/phrase.com\/ja\/wp-json\/wp\/v2\/types\/page"}],"author":[{"embeddable":true,"href":"https:\/\/phrase.com\/ja\/wp-json\/wp\/v2\/users\/4"}],"replies":[{"embeddable":true,"href":"https:\/\/phrase.com\/ja\/wp-json\/wp\/v2\/comments?post=124950"}],"version-history":[{"count":1,"href":"https:\/\/phrase.com\/ja\/wp-json\/wp\/v2\/pages\/124950\/revisions"}],"predecessor-version":[{"id":124951,"href":"https:\/\/phrase.com\/ja\/wp-json\/wp\/v2\/pages\/124950\/revisions\/124951"}],"up":[{"embeddable":true,"href":"https:\/\/phrase.com\/ja\/wp-json\/wp\/v2\/pages\/60491"}],"wp:attachment":[{"href":"https:\/\/phrase.com\/ja\/wp-json\/wp\/v2\/media?parent=124950"}],"curies":[{"name":"wp","href":"https:\/\/api.w.org\/{rel}","templated":true}]}}