{"id":28830,"date":"2022-08-13T20:25:25","date_gmt":"2022-08-13T18:25:25","guid":{"rendered":"https:\/\/phrase.com\/%e3%81%8a%e5%95%8f%e3%81%84%e5%90%88%e3%82%8f%e3%81%9b\/"},"modified":"2025-12-18T16:33:25","modified_gmt":"2025-12-18T15:33:25","slug":"contact","status":"publish","type":"page","link":"https:\/\/phrase.com\/ja\/contact\/","title":{"rendered":"\u304a\u554f\u3044\u5408\u308f\u305b"},"content":{"rendered":"\n<div class=\"wp-block-group alignwide is-style-header-hero has-white-color has-white-background-color has-text-color has-background has-link-color has-background-images wp-elements-79369283937a35bcbaf27b6d0f76587a is-layout-flow wp-block-group-is-layout-flow\" style=\"padding-top:var(--wp--preset--spacing--110);padding-bottom:var(--wp--preset--spacing--110);background-image:url(https:\/\/phrase.com\/wp-content\/uploads\/2025\/07\/phrase-header-blue.jpg.webp);background-position:0% 100%;background-attachment:scroll;background-repeat:no-repeat;background-size:cover\">\n<div class=\"wp-block-group has-global-padding is-content-justification-left is-layout-constrained wp-container-core-group-is-layout-4513c74a wp-block-group-is-layout-constrained\"><div class=\"yoast-breadcrumbs\"><span><span><a href=\"https:\/\/phrase.com\/ja\/\">Home<\/a><\/span> | <span class=\"breadcrumb_last\" aria-current=\"page\">\u304a\u554f\u3044\u5408\u308f\u305b<\/span><\/span><\/div>\n\n\n<h2 class=\"wp-block-heading has-text-align-left has-gigantic-font-size\" id=\"h-\u304a\u554f\u3044\u5408\u308f\u305b-\u3054\u76f8\u8ac7\u304f\u3060\u3055\u3044\" style=\"font-style:normal;font-weight:400\">\u304a\u554f\u3044\u5408\u308f\u305b<br>\u3054\u76f8\u8ac7\u304f\u3060\u3055\u3044<\/h2>\n\n\n\n<div class=\"wp-block-group has-global-padding is-content-justification-left is-layout-constrained wp-container-core-group-is-layout-12dd3699 wp-block-group-is-layout-constrained\">\n<p class=\"has-text-align-left\">\u5c0e\u5165\u306e\u3054\u76f8\u8ac7\u3084\u30c6\u30af\u30cb\u30ab\u30eb\u30b5\u30dd\u30fc\u30c8\u306a\u3069\u3001\n\u304a\u554f\u3044\u5408\u308f\u305b\u5185\u5bb9\u306b\u5fdc\u3058\u305f\u30ea\u30f3\u30af\u3092\u3054\u5229\u7528\u304f\u3060\u3055\u3044\u3002<\/p>\n<\/div>\n\n\n\n<div class=\"wp-block-buttons is-content-justification-left is-layout-flex wp-container-core-buttons-is-layout-fc4fd283 wp-block-buttons-is-layout-flex\">\n<div class=\"wp-block-button is-style-blue-filled\"><a class=\"wp-block-button__link wp-element-button\" href=\"https:\/\/phrase.com\/ja\/demo\/\">\u30c7\u30e2\u3092\u4f9d\u983c\u3059\u308b<\/a><\/div>\n<\/div>\n<\/div>\n<\/div>\n\n\n\n<div class=\"wp-block-group alignwide is-style-feature-grid is-layout-grid wp-container-core-group-is-layout-49b543a3 wp-block-group-is-layout-grid\" style=\"padding-right:var(--wp--preset--spacing--70);padding-left:var(--wp--preset--spacing--70)\">\n<div class=\"wp-block-group is-vertical is-layout-flex wp-container-core-group-is-layout-fe9cc265 wp-block-group-is-layout-flex\">\n<figure class=\"wp-block-image size-full is-resized\"><img loading=\"lazy\" decoding=\"async\" width=\"72\" height=\"72\" src=\"https:\/\/phrase.com\/wp-content\/uploads\/2025\/07\/search.png\" alt=\"\" class=\"wp-image-111022\" style=\"width:80px\"\/><\/figure>\n\n\n\n<h2 class=\"wp-block-heading has-large-font-size\" id=\"h-\u88fd\u54c1-\u4fa1\u683c-\u30d7\u30e9\u30f3\">\u88fd\u54c1\u3001\u4fa1\u683c\u3001\u30d7\u30e9\u30f3<\/h2>\n\n\n\n<p class=\"is-style-default\">\u88fd\u54c1\u3092\u3054\u691c\u8a0e\u4e2d\u306e\u65b9\u3084\u3001Phrase\u306b\u3064\u3044\u3066\u8a73\u3057\u304f\u77e5\u308a\u305f\u3044\u65b9\u306f\u3001\u3053\u3061\u3089\u304b\u3089\u304a\u554f\u3044\u5408\u308f\u305b\u304f\u3060\u3055\u3044\u3002<\/p>\n\n\n\n<div class=\"wp-block-buttons is-layout-flex wp-block-buttons-is-layout-flex\">\n<div class=\"wp-block-button is-style-plain\"><a class=\"wp-block-button__link wp-element-button\" href=\"https:\/\/phrase.com\/ja\/demo\/\">\u304a\u554f\u3044\u5408\u308f\u305b<\/a><\/div>\n<\/div>\n<\/div>\n\n\n\n<div class=\"wp-block-group is-vertical is-layout-flex wp-container-core-group-is-layout-fe9cc265 wp-block-group-is-layout-flex\">\n<figure class=\"wp-block-image size-full is-resized is-style-not-rounded\"><img loading=\"lazy\" decoding=\"async\" width=\"72\" height=\"72\" src=\"https:\/\/phrase.com\/wp-content\/uploads\/2025\/07\/technical.png\" alt=\"\" class=\"wp-image-111042\" style=\"width:80px\"\/><\/figure>\n\n\n\n<h2 class=\"wp-block-heading has-large-font-size\" id=\"h-\u30c6\u30af\u30cb\u30ab\u30eb\u30b5\u30dd\u30fc\u30c8\">\u30c6\u30af\u30cb\u30ab\u30eb\u30b5\u30dd\u30fc\u30c8<\/h2>\n\n\n\n<p>Phrase\u3092\u3054\u5229\u7528\u4e2d\u3067\u30c6\u30af\u30cb\u30ab\u30eb\u30b5\u30dd\u30fc\u30c8\u304c\u5fc5\u8981\u306a\u65b9\u306f\u3001\u4ee5\u4e0b\u306e\u30ea\u30f3\u30af\u304b\u3089\u304a\u554f\u3044\u5408\u308f\u305b\u304f\u3060\u3055\u3044\u3002\uff08\u30ea\u30f3\u30af\u5185\u306e\u300c\u30ea\u30af\u30a8\u30b9\u30c8\u3092\u9001\u4fe1\u300d\u3088\u308a\u3054\u9023\u7d61\u3044\u305f\u3060\u3051\u307e\u3059\u3002\uff09<\/p>\n\n\n\n<div class=\"wp-block-buttons is-layout-flex wp-block-buttons-is-layout-flex\">\n<div class=\"wp-block-button is-style-plain\"><a class=\"wp-block-button__link wp-element-button\" href=\"https:\/\/support.phrase.com\/hc\/ja\/requests\/new\">\u30b5\u30dd\u30fc\u30c8\u3078\u9023\u7d61<\/a><\/div>\n<\/div>\n<\/div>\n\n\n\n<div class=\"wp-block-group is-vertical is-layout-flex wp-container-core-group-is-layout-fe9cc265 wp-block-group-is-layout-flex\">\n<figure class=\"wp-block-image size-full is-resized is-style-not-rounded\"><img loading=\"lazy\" decoding=\"async\" width=\"72\" height=\"72\" src=\"https:\/\/phrase.com\/wp-content\/uploads\/2025\/07\/partner.png\" alt=\"\" class=\"wp-image-111048\" style=\"width:80px\"\/><\/figure>\n\n\n\n<h2 class=\"wp-block-heading has-large-font-size\" id=\"h-\u30d1\u30fc\u30c8\u30ca\u30fc\">\u30d1\u30fc\u30c8\u30ca\u30fc<\/h2>\n\n\n\n<p>Phrase\u306e\u30d1\u30fc\u30c8\u30ca\u30fc\u3068\u3057\u3066\u3001\u30d3\u30b8\u30cd\u30b9\u3092\u6210\u9577\u3055\u305b\u305f\u3044\u65b9\u306f\u3053\u3061\u3089\u304b\u3089\u304a\u554f\u3044\u5408\u308f\u305b\u304f\u3060\u3055\u3044\u3002<\/p>\n\n\n\n<div class=\"wp-block-buttons is-layout-flex wp-block-buttons-is-layout-flex\">\n<div class=\"wp-block-button is-style-plain\"><a class=\"wp-block-button__link wp-element-button\" href=\"https:\/\/phrase.com\/ja\/partners\/\">\u30d1\u30fc\u30c8\u30ca\u30fc\u30d7\u30ed\u30b0\u30e9\u30e0<\/a><\/div>\n<\/div>\n<\/div>\n\n\n\n<div class=\"wp-block-group is-vertical is-layout-flex wp-container-core-group-is-layout-fe9cc265 wp-block-group-is-layout-flex\">\n<figure class=\"wp-block-image size-full is-resized is-style-not-rounded\"><img loading=\"lazy\" decoding=\"async\" width=\"73\" height=\"73\" src=\"https:\/\/phrase.com\/wp-content\/uploads\/2025\/07\/media.png\" alt=\"\" class=\"wp-image-111054\" style=\"width:80px\"\/><\/figure>\n\n\n\n<h2 class=\"wp-block-heading has-large-font-size\" id=\"h-\u30e1\u30c7\u30a3\u30a2\u95a2\u9023\u306e\u304a\u554f\u3044\u5408\u308f\u305b\">\u30e1\u30c7\u30a3\u30a2\u95a2\u9023\u306e\u304a\u554f\u3044\u5408\u308f\u305b<\/h2>\n\n\n\n<p>\u30e1\u30c7\u30a3\u30a2\u306b\u95a2\u3059\u308b\u304a\u554f\u3044\u5408\u308f\u305b\u306f\u3001\u30e1\u30c7\u30a3\u30a2\u30ea\u30ec\u30fc\u30b7\u30e7\u30f3\u30ba\u30c1\u30fc\u30e0\u307e\u3067\u304a\u96fb\u8a71\u307e\u305f\u306f\u30e1\u30fc\u30eb\u3067\u3054\u9023\u7d61\u304f\u3060\u3055\u3044\u3002<\/p>\n\n\n\n<p>\u30e1\u30fc\u30eb\uff1a pr@phrase.com<br>\u96fb\u8a71\u756a\u53f7\uff1a00442071506886 <br><strong>\u30e1\u30c7\u30a3\u30a2\u95a2\u9023\u306e\u304a\u554f\u3044\u5408\u308f\u305b\u306e\u307f<\/strong><\/p>\n<\/div>\n\n\n\n<div class=\"wp-block-group is-vertical is-layout-flex wp-container-core-group-is-layout-fe9cc265 wp-block-group-is-layout-flex\">\n<figure class=\"wp-block-image size-full is-resized is-style-not-rounded\"><img loading=\"lazy\" decoding=\"async\" width=\"72\" height=\"72\" src=\"https:\/\/phrase.com\/wp-content\/uploads\/2025\/07\/career.png\" alt=\"\" class=\"wp-image-111060\" style=\"width:80px\"\/><\/figure>\n\n\n\n<h2 class=\"wp-block-heading has-large-font-size\" id=\"h-\u63a1\u7528\u60c5\u5831\">\u63a1\u7528\u60c5\u5831<\/h2>\n\n\n\n<p>\u30aa\u30fc\u30d7\u30f3\u30dd\u30b8\u30b7\u30e7\u30f3\u3084\u63a1\u7528\u30d7\u30ed\u30bb\u30b9\u306b\u3064\u3044\u3066\u3054\u95a2\u5fc3\u306e\u3042\u308b\u65b9\u306f\u3001\u3053\u3061\u3089\u304b\u3089\u304a\u554f\u3044\u5408\u308f\u305b\u304f\u3060\u3055\u3044\u3002<\/p>\n\n\n\n<div class=\"wp-block-buttons is-layout-flex wp-block-buttons-is-layout-flex\">\n<div class=\"wp-block-button is-style-plain\"><a class=\"wp-block-button__link wp-element-button\" href=\"https:\/\/phrase.com\/ja\/careers\/\">\u304a\u554f\u3044\u5408\u308f\u305b<\/a><\/div>\n<\/div>\n<\/div>\n\n\n\n<div class=\"wp-block-group is-vertical is-layout-flex wp-container-core-group-is-layout-fe9cc265 wp-block-group-is-layout-flex\">\n<figure class=\"wp-block-image size-full is-resized is-style-not-rounded\"><img loading=\"lazy\" decoding=\"async\" width=\"72\" height=\"72\" src=\"https:\/\/phrase.com\/wp-content\/uploads\/2025\/07\/General-inquiries.png\" alt=\"\" class=\"wp-image-111066\" style=\"width:80px\"\/><\/figure>\n\n\n\n<h2 class=\"wp-block-heading has-large-font-size\" id=\"h-\u4e00\u822c\u7684\u306a\u304a\u554f\u3044\u5408\u308f\u305b\">\u4e00\u822c\u7684\u306a\u304a\u554f\u3044\u5408\u308f\u305b<\/h2>\n\n\n\n<p>\u3054\u8cea\u554f\u3084\u3054\u76f8\u8ac7\u304c\u3054\u3056\u3044\u307e\u3057\u305f\u3089\u3001\u3053\u3061\u3089\u304b\u3089\u304a\u554f\u3044\u5408\u308f\u305b\u304f\u3060\u3055\u3044\u3002<\/p>\n\n\n\n<div class=\"wp-block-buttons is-layout-flex wp-block-buttons-is-layout-flex\">\n<div class=\"wp-block-button is-style-plain\"><a class=\"wp-block-button__link wp-element-button\" href=\"https:\/\/phrase.com\/ja\/general-inquiries\/\">\u304a\u554f\u3044\u5408\u308f\u305b<\/a><\/div>\n<\/div>\n<\/div>\n<\/div>\n\n\n\n<div class=\"wp-block-group alignfull has-global-padding is-layout-constrained wp-block-group-is-layout-constrained\">\n<h2 class=\"wp-block-heading alignwide has-text-align-center\" id=\"h-\u5171\u901a\u306e\u30d3\u30b8\u30e7\u30f3\u3067\u3064\u306a\u304c\u308b\u30b0\u30ed\u30fc\u30d0\u30eb\u30c1\u30fc\u30e0\"><strong>\u5171\u901a\u306e\u30d3\u30b8\u30e7\u30f3\u3067\u3064\u306a\u304c\u308b\u30b0\u30ed\u30fc\u30d0\u30eb\u30c1\u30fc\u30e0<\/strong><\/h2>\n\n\n\n<div class=\"wp-block-group alignfull has-transparent-background-color has-background has-global-padding is-layout-constrained wp-block-group-is-layout-constrained\">\n<div class=\"wp-block-group alignwide is-layout-flow wp-block-group-is-layout-flow\">\n<h2 class=\"wp-block-heading alignwide has-extra-large-font-size\" id=\"h-\u30aa\u30d5\u30a3\u30b9\" style=\"margin-bottom:0;font-style:normal;font-weight:600\">\u30aa\u30d5\u30a3\u30b9<\/h2>\n<\/div>\n\n\n<div class=\"tabs overflow-default alignwide is-style-shadow wp-block-wearerequired-tabs\"><div class=\"wp-block-wearerequired-tabs__tablist tablist\" role=\"tablist\"><button class=\"wp-block-wearerequired-tabs__tab tab is-active\" role=\"tab\" aria-selected=\"true\" aria-controls=\"tab-czech-republic-5eda960a-79ce-4d52-b945-a870f4688dd5\" id=\"tab-button-czech-republic-5eda960a-79ce-4d52-b945-a870f4688dd5\"><span class=\"wp-block-wearerequired-tabs__tab-label\">Czech Republic<\/span><\/button><button class=\"wp-block-wearerequired-tabs__tab tab\" role=\"tab\" aria-selected=\"false\" aria-controls=\"tab-germany-825e932f-f429-4b33-b69a-8bdf556c5442\" id=\"tab-button-germany-825e932f-f429-4b33-b69a-8bdf556c5442\" tabindex=\"-1\"><span class=\"wp-block-wearerequired-tabs__tab-label\">Germany<\/span><\/button><button class=\"wp-block-wearerequired-tabs__tab tab\" role=\"tab\" aria-selected=\"false\" aria-controls=\"tab-united-kingdom-11f529c3-4ed9-4cf2-8cca-710552468300\" id=\"tab-button-united-kingdom-11f529c3-4ed9-4cf2-8cca-710552468300\" tabindex=\"-1\"><span class=\"wp-block-wearerequired-tabs__tab-label\">United Kingdom<\/span><\/button><button class=\"wp-block-wearerequired-tabs__tab tab\" role=\"tab\" aria-selected=\"false\" aria-controls=\"tab-united-states-6350aca2-824f-4b9b-9eac-6d1ae29376a2\" id=\"tab-button-united-states-6350aca2-824f-4b9b-9eac-6d1ae29376a2\" tabindex=\"-1\"><span class=\"wp-block-wearerequired-tabs__tab-label\">United States<\/span><\/button><\/div> <div class=\"wp-block-wearerequired-tabs__tabpanels tabpanels\">\n<div class=\"tabpanel wp-block-wearerequired-tab-panel is-visible is-layout-flow wp-block-wearerequired-tab-panel-is-layout-flow\" id=\"tab-czech-republic-5eda960a-79ce-4d52-b945-a870f4688dd5\" role=\"tabpanel\" tabindex=\"0\" aria-labelledby=\"tab-button-czech-republic-5eda960a-79ce-4d52-b945-a870f4688dd5\" data-tab-title=\"Czech Republic\">\n\n<div class=\"wp-block-columns is-layout-flex wp-container-core-columns-is-layout-28f84493 wp-block-columns-is-layout-flex\">\n<div class=\"wp-block-column is-vertically-aligned-center is-layout-flow wp-block-column-is-layout-flow\" style=\"flex-basis:55%\">\n<p class=\"has-large-font-size\"><strong>Czech Republic<\/strong><\/p>\n\n\n\n<p>V\u00e1clavsk\u00e9 n\u00e1m\u011bst\u00ed 2132\/47<\/p>\n\n\n\n<p>110 00 Praha 1<\/p>\n\n\n\n<p>Czech Republic<\/p>\n\n\n\n<div class=\"wp-block-buttons is-layout-flex wp-block-buttons-is-layout-flex\"><\/div>\n<\/div>\n\n\n\n<div class=\"wp-block-column is-vertically-aligned-center is-layout-flow wp-block-column-is-layout-flow\" style=\"flex-basis:45%\">\n<figure class=\"wp-block-image size-large\"><img loading=\"lazy\" decoding=\"async\" width=\"1024\" height=\"580\" src=\"https:\/\/phrase.com\/wp-content\/uploads\/2022\/08\/Prague_location-1024x580.png\" alt=\"\" class=\"wp-image-46061\" srcset=\"https:\/\/phrase.com\/wp-content\/uploads\/2022\/08\/Prague_location-1024x580.png 1024w, https:\/\/phrase.com\/wp-content\/uploads\/2022\/08\/Prague_location-300x170.png 300w, https:\/\/phrase.com\/wp-content\/uploads\/2022\/08\/Prague_location-768x435.png 768w, https:\/\/phrase.com\/wp-content\/uploads\/2022\/08\/Prague_location.png 1260w\" sizes=\"auto, (max-width: 1024px) 100vw, 1024px\" \/><\/figure>\n<\/div>\n<\/div>\n\n<\/div>\n\n<div class=\"tabpanel wp-block-wearerequired-tab-panel is-layout-flow wp-block-wearerequired-tab-panel-is-layout-flow\" id=\"tab-germany-825e932f-f429-4b33-b69a-8bdf556c5442\" role=\"tabpanel\" tabindex=\"0\" aria-labelledby=\"tab-button-germany-825e932f-f429-4b33-b69a-8bdf556c5442\" data-tab-title=\"Germany\">\n\n<div class=\"wp-block-columns is-layout-flex wp-container-core-columns-is-layout-28f84493 wp-block-columns-is-layout-flex\">\n<div class=\"wp-block-column is-vertically-aligned-center is-layout-flow wp-block-column-is-layout-flow\" style=\"flex-basis:55%\">\n<p class=\"has-large-font-size\"><strong>Germany<\/strong><\/p>\n\n\n\n<p>ABC-Stra\u00dfe 4<\/p>\n\n\n\n<p>20354 Hamburg<\/p>\n\n\n\n<p>Germany<\/p>\n\n\n\n<div class=\"wp-block-buttons is-layout-flex wp-block-buttons-is-layout-flex\"><\/div>\n<\/div>\n\n\n\n<div class=\"wp-block-column is-vertically-aligned-center is-layout-flow wp-block-column-is-layout-flow\" style=\"flex-basis:45%\">\n<figure class=\"wp-block-image size-large\"><img loading=\"lazy\" decoding=\"async\" width=\"1024\" height=\"580\" src=\"https:\/\/phrase.com\/wp-content\/uploads\/2022\/08\/Hamburg_location-1024x580.png\" alt=\"\" class=\"wp-image-46057\" srcset=\"https:\/\/phrase.com\/wp-content\/uploads\/2022\/08\/Hamburg_location-1024x580.png 1024w, https:\/\/phrase.com\/wp-content\/uploads\/2022\/08\/Hamburg_location-300x170.png 300w, https:\/\/phrase.com\/wp-content\/uploads\/2022\/08\/Hamburg_location-768x435.png 768w, https:\/\/phrase.com\/wp-content\/uploads\/2022\/08\/Hamburg_location.png 1260w\" sizes=\"auto, (max-width: 1024px) 100vw, 1024px\" \/><\/figure>\n<\/div>\n<\/div>\n\n<\/div>\n\n<div class=\"tabpanel wp-block-wearerequired-tab-panel is-layout-flow wp-block-wearerequired-tab-panel-is-layout-flow\" id=\"tab-united-kingdom-11f529c3-4ed9-4cf2-8cca-710552468300\" role=\"tabpanel\" tabindex=\"0\" aria-labelledby=\"tab-button-united-kingdom-11f529c3-4ed9-4cf2-8cca-710552468300\" data-tab-title=\"United Kingdom\">\n\n<div class=\"wp-block-columns is-layout-flex wp-container-core-columns-is-layout-28f84493 wp-block-columns-is-layout-flex\">\n<div class=\"wp-block-column is-vertically-aligned-center is-layout-flow wp-block-column-is-layout-flow\" style=\"flex-basis:55%\">\n<p class=\"has-large-font-size\"><strong>United Kingdom<\/strong><\/p>\n\n\n\n<p>27 Old Gloucester Street <br>London <br>United Kingdom<\/p>\n\n\n\n<div class=\"wp-block-buttons is-layout-flex wp-block-buttons-is-layout-flex\"><\/div>\n<\/div>\n\n\n\n<div class=\"wp-block-column is-vertically-aligned-center is-layout-flow wp-block-column-is-layout-flow\" style=\"flex-basis:45%\">\n<figure class=\"wp-block-image size-large is-style-rounded\"><img loading=\"lazy\" decoding=\"async\" width=\"1024\" height=\"580\" src=\"https:\/\/phrase.com\/wp-content\/uploads\/2022\/09\/London-1024x580.jpg\" alt=\"London | Phrase\" class=\"wp-image-26704\" srcset=\"https:\/\/phrase.com\/wp-content\/uploads\/2022\/09\/London-1024x580.jpg 1024w, https:\/\/phrase.com\/wp-content\/uploads\/2022\/09\/London-300x170.jpg 300w, https:\/\/phrase.com\/wp-content\/uploads\/2022\/09\/London-768x435.jpg 768w, https:\/\/phrase.com\/wp-content\/uploads\/2022\/09\/London.jpg 1260w\" sizes=\"auto, (max-width: 1024px) 100vw, 1024px\" \/><\/figure>\n<\/div>\n<\/div>\n\n<\/div>\n\n<div class=\"tabpanel wp-block-wearerequired-tab-panel is-layout-flow wp-block-wearerequired-tab-panel-is-layout-flow\" id=\"tab-united-states-6350aca2-824f-4b9b-9eac-6d1ae29376a2\" role=\"tabpanel\" tabindex=\"0\" aria-labelledby=\"tab-button-united-states-6350aca2-824f-4b9b-9eac-6d1ae29376a2\" data-tab-title=\"United States\">\n\n<p><\/p>\n\n\n\n<div class=\"wp-block-columns is-layout-flex wp-container-core-columns-is-layout-28f84493 wp-block-columns-is-layout-flex\">\n<div class=\"wp-block-column is-vertically-aligned-center is-layout-flow wp-block-column-is-layout-flow\" style=\"flex-basis:55%\">\n<p class=\"has-large-font-size\"><strong>United States<\/strong><\/p>\n\n\n\n<p>350 East Avenue, Suite 203<\/p>\n\n\n\n<p>Rochester, NY 14604<\/p>\n\n\n\n<p>United States<\/p>\n\n\n\n<div class=\"wp-block-buttons is-layout-flex wp-block-buttons-is-layout-flex\"><\/div>\n<\/div>\n\n\n\n<div class=\"wp-block-column is-vertically-aligned-center is-layout-flow wp-block-column-is-layout-flow\" style=\"flex-basis:45%\">\n<figure class=\"wp-block-image size-full is-style-rounded\"><img loading=\"lazy\" decoding=\"async\" width=\"637\" height=\"358\" src=\"https:\/\/phrase.com\/wp-content\/uploads\/2024\/10\/NY_Rochester.jpg\" alt=\"\" class=\"wp-image-92560\" srcset=\"https:\/\/phrase.com\/wp-content\/uploads\/2024\/10\/NY_Rochester.jpg 637w, https:\/\/phrase.com\/wp-content\/uploads\/2024\/10\/NY_Rochester-300x169.jpg 300w\" sizes=\"auto, (max-width: 637px) 100vw, 637px\" \/><\/figure>\n<\/div>\n<\/div>\n\n<\/div>\n<\/div><\/div><\/div>\n<\/div>\n","protected":false},"excerpt":{"rendered":"<p>\u304a\u554f\u3044\u5408\u308f\u305b\u3054\u76f8\u8ac7\u304f\u3060\u3055\u3044 \u5c0e\u5165\u306e\u3054\u76f8\u8ac7\u3084\u30c6\u30af\u30cb\u30ab\u30eb\u30b5\u30dd\u30fc\u30c8\u306a\u3069\u3001 \u304a\u554f\u3044\u5408\u308f\u305b\u5185\u5bb9\u306b\u5fdc\u3058\u305f\u30ea\u30f3\u30af\u3092\u3054\u5229\u7528\u304f\u3060\u3055\u3044\u3002 \u88fd\u54c1\u3001\u4fa1\u683c\u3001\u30d7\u30e9\u30f3 \u88fd\u54c1\u3092\u3054\u691c\u8a0e\u4e2d\u306e\u65b9\u3084\u3001Phrase\u306b\u3064\u3044\u3066\u8a73\u3057\u304f\u77e5\u308a\u305f\u3044\u65b9\u306f\u3001\u3053\u3061\u3089\u304b\u3089\u304a\u554f\u3044\u5408\u308f [&hellip;]<\/p>\n","protected":false},"author":6,"featured_media":7474,"parent":0,"menu_order":0,"comment_status":"closed","ping_status":"closed","template":"page-refresh","meta":{"_acf_changed":false,"_stopmodifiedupdate":false,"_modified_date":"","_searchwp_excluded":"","episode_type":"","audio_file":"","podmotor_file_id":"","podmotor_episode_id":"","cover_image":"","cover_image_id":"","duration":"","filesize":"","filesize_raw":"","date_recorded":"","explicit":"","block":"","itunes_episode_number":"","itunes_title":"","itunes_season_number":"","itunes_episode_type":"","footnotes":""},"class_list":["post-28830","page","type-page","status-publish","has-post-thumbnail","hentry"],"acf":[],"_links":{"self":[{"href":"https:\/\/phrase.com\/ja\/wp-json\/wp\/v2\/pages\/28830","targetHints":{"allow":["GET"]}}],"collection":[{"href":"https:\/\/phrase.com\/ja\/wp-json\/wp\/v2\/pages"}],"about":[{"href":"https:\/\/phrase.com\/ja\/wp-json\/wp\/v2\/types\/page"}],"author":[{"embeddable":true,"href":"https:\/\/phrase.com\/ja\/wp-json\/wp\/v2\/users\/6"}],"replies":[{"embeddable":true,"href":"https:\/\/phrase.com\/ja\/wp-json\/wp\/v2\/comments?post=28830"}],"version-history":[{"count":40,"href":"https:\/\/phrase.com\/ja\/wp-json\/wp\/v2\/pages\/28830\/revisions"}],"predecessor-version":[{"id":131094,"href":"https:\/\/phrase.com\/ja\/wp-json\/wp\/v2\/pages\/28830\/revisions\/131094"}],"wp:featuredmedia":[{"embeddable":true,"href":"https:\/\/phrase.com\/ja\/wp-json\/wp\/v2\/media\/7474"}],"wp:attachment":[{"href":"https:\/\/phrase.com\/ja\/wp-json\/wp\/v2\/media?parent=28830"}],"curies":[{"name":"wp","href":"https:\/\/api.w.org\/{rel}","templated":true}]}}